{"id":1520,"date":"2025-07-17T10:09:50","date_gmt":"2025-07-17T10:09:50","guid":{"rendered":"https:\/\/roscar.ma\/?page_id=1520"},"modified":"2025-07-23T18:24:49","modified_gmt":"2025-07-23T18:24:49","slug":"a-propos-de-nous","status":"publish","type":"page","link":"https:\/\/roscar.ma\/fr\/a-propos-de-nous\/","title":{"rendered":"\u00c0 propos de nous"},"content":{"rendered":"<p>RosCar Morocco est un service moderne de location de voitures au Maroc qui existe depuis 2022. Nous ne sommes pas une agence de location de voitures, mais plut\u00f4t un agr\u00e9gateur en ligne pratique qui rassemble les meilleures offres de partenaires locaux \u00e0 travers le pays.<\/p>\n<p>Sur notre site web roscar.ma, vous trouverez plus de 200 voitures \u00e9prouv\u00e9es de diff\u00e9rentes cat\u00e9gories, des mod\u00e8les compacts urbains aux SUV confortables. Nous rendons le processus de r\u00e9servation aussi simple et abordable que possible : vous pouvez louer une voiture sans caution et sans carte de cr\u00e9dit.<\/p>\n<p>Notre objectif est d&rsquo;offrir aux voyageurs un moyen flexible et \u00e9conomique de se d\u00e9placer au Maroc, en nous appuyant sur l&rsquo;exp\u00e9rience et la fiabilit\u00e9 des entreprises locales. Choisissez RosCar Morocco et partez en voyage en tout confort !<\/p>\n","protected":false},"excerpt":{"rendered":"<p>RosCar Morocco est un service moderne de location de voitures au Maroc qui existe depuis 2022. Nous ne sommes pas une agence de location de voitures, mais plut\u00f4t un agr\u00e9gateur en ligne pratique qui rassemble les meilleures offres de partenaires locaux \u00e0 travers le pays. Sur notre site web roscar.ma, vous trouverez plus de 200 [&hellip;]<\/p>\n","protected":false},"author":2,"featured_media":0,"parent":0,"menu_order":0,"comment_status":"closed","ping_status":"closed","template":"","meta":{"footnotes":""},"class_list":["post-1520","page","type-page","status-publish",""],"_links":{"self":[{"href":"https:\/\/roscar.ma\/fr\/wp-json\/wp\/v2\/pages\/1520","targetHints":{"allow":["GET"]}}],"collection":[{"href":"https:\/\/roscar.ma\/fr\/wp-json\/wp\/v2\/pages"}],"about":[{"href":"https:\/\/roscar.ma\/fr\/wp-json\/wp\/v2\/types\/page"}],"author":[{"embeddable":true,"href":"https:\/\/roscar.ma\/fr\/wp-json\/wp\/v2\/users\/2"}],"replies":[{"embeddable":true,"href":"https:\/\/roscar.ma\/fr\/wp-json\/wp\/v2\/comments?post=1520"}],"version-history":[{"count":0,"href":"https:\/\/roscar.ma\/fr\/wp-json\/wp\/v2\/pages\/1520\/revisions"}],"wp:attachment":[{"href":"https:\/\/roscar.ma\/fr\/wp-json\/wp\/v2\/media?parent=1520"}],"curies":[{"name":"wp","href":"https:\/\/api.w.org\/{rel}","templated":true}]}}