{"id":1350,"date":"2025-07-23T08:46:35","date_gmt":"2025-07-23T08:46:35","guid":{"rendered":"https:\/\/roscar.ma\/?page_id=1350"},"modified":"2025-07-23T13:40:00","modified_gmt":"2025-07-23T13:40:00","slug":"location-de-voiture-maroc-sans-depot","status":"publish","type":"page","link":"https:\/\/roscar.ma\/fr\/location-de-voiture-maroc-sans-depot\/","title":{"rendered":"Location De Voiture Maroc Sans D\u00e9p\u00f4t"},"content":{"rendered":"<h2>Location De Voiture Maroc Sans D\u00e9p\u00f4t De Garantie avec RosCar<\/h2>\n<p>Contrairement \u00e0 la location traditionnelle, la location de voiture sans caution au Maroc offre une liste impressionnante d&rsquo;avantages qui ne peuvent \u00eatre ignor\u00e9s :<\/p>\n<ul>\n<li>Aucun risque de litige \u00e0 l&rsquo;avenir (certaines entreprises tentent de vous soutirer de l&rsquo;argent pour des rayures mineures, de l&rsquo;essence ou d&rsquo;autres d\u00e9tails)<\/li>\n<li>Beaucoup plus facile (et rapide) \u00e0 r\u00e9cup\u00e9rer ou \u00e0 restituer<\/li>\n<li>N\u00e9cessite moins d&rsquo;argent<\/li>\n<li>N&rsquo;entra\u00eene aucun blocage de caution sur les cartes de cr\u00e9dit<\/li>\n<li>Une exp\u00e9rience sans stress.<\/li>\n<\/ul>\n<p>Ce n&rsquo;est l\u00e0 qu&rsquo;une des nombreuses fonctionnalit\u00e9s que vous pouvez trouver dans les filtres RosCar. Essayez-le et trouvez votre v\u00e9hicule id\u00e9al en quelques minutes. R\u00e9servez d\u00e8s maintenant.<\/p>\n<blockquote class=\"check\">\n<h2>Comment louer une voiture au Maroc sans caution ?<\/h2>\n<p>Tout conducteur \u00e2g\u00e9 de 21 \u00e0 25 ans et disposant des documents requis (passeport et permis de conduire) peut louer une voiture au Maroc sans caution comme suit :<\/p>\n<ol>\n<li>Cliquez sur le filtre \u00ab Sans D\u00e9p\u00f4t De Garantie \u00bb pour obtenir une liste.<\/li>\n<li>Parcourez plusieurs offres, trouvez la meilleure et cliquez sur \u00ab R\u00e9server maintenant \u00bb.<\/li>\n<li>V\u00e9rifiez les conditions requises et s\u00e9lectionnez le type d&rsquo;assurance.<\/li>\n<li>S\u00e9lectionnez les services suppl\u00e9mentaires et cliquez sur \u00ab Continuer \u00bb.<\/li>\n<li>Ajoutez les informations du conducteur.<\/li>\n<li>Confirmez.<\/li>\n<\/ol>\n<p>Aucune caution, ni aucun autre type de location, ne doit \u00eatre confirm\u00e9 par votre carte bancaire. Un montant maximal de 20 % sera d\u00e9bit\u00e9 \u00e0 titre d&rsquo;acompte.<\/p><\/blockquote>\n<h3>Tableau des prix de location de voiture au Maroc sans d\u00e9p\u00f4t<\/h3>\n<table>\n<thead>\n<tr>\n<th>Mod\u00e8le de voiture<\/th>\n<th>Type de carrosserie<\/th>\n<th>Prix par jour (basse saison)<\/th>\n<th>Prix par jour (haute saison)<\/th>\n<th>Passagers<\/th>\n<th>Capacit\u00e9 du coffre<\/th>\n<\/tr>\n<\/thead>\n<tbody>\n<tr>\n<td>Chevrolet Spark<\/td>\n<td>Citadine<\/td>\n<td>19 \u20ac<\/td>\n<td>26 \u20ac<\/td>\n<td>4<\/td>\n<td>1<\/td>\n<\/tr>\n<tr>\n<td>Hyundai Grand i10<\/td>\n<td>Citadine<\/td>\n<td>21 \u20ac<\/td>\n<td>28 \u20ac<\/td>\n<td>4<\/td>\n<td>1<\/td>\n<\/tr>\n<tr>\n<td>Skoda Fabia<\/td>\n<td>Citadine<\/td>\n<td>23 \u20ac<\/td>\n<td>31 \u20ac<\/td>\n<td>5<\/td>\n<td>2<\/td>\n<\/tr>\n<tr>\n<td>Peugeot 2008<\/td>\n<td>Crossover<\/td>\n<td>26 \u20ac<\/td>\n<td>35 \u20ac<\/td>\n<td>5<\/td>\n<td>2<\/td>\n<\/tr>\n<tr>\n<td>Volkswagen Golf<\/td>\n<td>Citadine<\/td>\n<td>27 \u20ac<\/td>\n<td>36 \u20ac<\/td>\n<td>5<\/td>\n<td>2<\/td>\n<\/tr>\n<tr>\n<td>Toyota Yaris Berline<\/td>\n<td>Berline<\/td>\n<td>28 \u20ac<\/td>\n<td>37 \u20ac<\/td>\n<td>5<\/td>\n<td>3<\/td>\n<\/tr>\n<tr>\n<td>Nissan Sunny<\/td>\n<td>Berline<\/td>\n<td>29 \u20ac<\/td>\n<td>38 \u20ac<\/td>\n<td>5<\/td>\n<td>3<\/td>\n<\/tr>\n<tr>\n<td>Renault Arkana<\/td>\n<td>Crossover<\/td>\n<td>35 \u20ac<\/td>\n<td>45 \u20ac<\/td>\n<td>5<\/td>\n<td>3<\/td>\n<\/tr>\n<tr>\n<td>MG ZS<\/td>\n<td>SUV<\/td>\n<td>39 \u20ac<\/td>\n<td>49 \u20ac<\/td>\n<td>5<\/td>\n<td>3<\/td>\n<\/tr>\n<tr>\n<td>Volkswagen Tiguan<\/td>\n<td>SUV<\/td>\n<td>55 \u20ac<\/td>\n<td>69 \u20ac<\/td>\n<td>5<\/td>\n<td>4<\/td>\n<\/tr>\n<\/tbody>\n<\/table>\n","protected":false},"excerpt":{"rendered":"<p>Location De Voiture Maroc Sans D\u00e9p\u00f4t De Garantie avec RosCar Contrairement \u00e0 la location traditionnelle, la location de voiture sans caution au Maroc offre une liste impressionnante d&rsquo;avantages qui ne peuvent \u00eatre ignor\u00e9s : Aucun risque de litige \u00e0 l&rsquo;avenir (certaines entreprises tentent de vous soutirer de l&rsquo;argent pour des rayures mineures, de l&rsquo;essence ou [&hellip;]<\/p>\n","protected":false},"author":1,"featured_media":1277,"parent":0,"menu_order":0,"comment_status":"closed","ping_status":"closed","template":"","meta":{"footnotes":""},"class_list":["post-1350","page","type-page","status-publish","has-post-thumbnail",""],"_links":{"self":[{"href":"https:\/\/roscar.ma\/fr\/wp-json\/wp\/v2\/pages\/1350","targetHints":{"allow":["GET"]}}],"collection":[{"href":"https:\/\/roscar.ma\/fr\/wp-json\/wp\/v2\/pages"}],"about":[{"href":"https:\/\/roscar.ma\/fr\/wp-json\/wp\/v2\/types\/page"}],"author":[{"embeddable":true,"href":"https:\/\/roscar.ma\/fr\/wp-json\/wp\/v2\/users\/1"}],"replies":[{"embeddable":true,"href":"https:\/\/roscar.ma\/fr\/wp-json\/wp\/v2\/comments?post=1350"}],"version-history":[{"count":0,"href":"https:\/\/roscar.ma\/fr\/wp-json\/wp\/v2\/pages\/1350\/revisions"}],"wp:featuredmedia":[{"embeddable":true,"href":"https:\/\/roscar.ma\/fr\/wp-json\/wp\/v2\/media\/1277"}],"wp:attachment":[{"href":"https:\/\/roscar.ma\/fr\/wp-json\/wp\/v2\/media?parent=1350"}],"curies":[{"name":"wp","href":"https:\/\/api.w.org\/{rel}","templated":true}]}}