{"id":1096,"date":"2025-07-17T10:56:33","date_gmt":"2025-07-17T10:56:33","guid":{"rendered":"https:\/\/roscar.ma\/?page_id=1096"},"modified":"2025-07-23T06:49:07","modified_gmt":"2025-07-23T06:49:07","slug":"location-de-voiture-casablanca","status":"publish","type":"page","link":"https:\/\/roscar.ma\/fr\/location-de-voiture-casablanca\/","title":{"rendered":"Location De Voiture Casablanca"},"content":{"rendered":"<h2>Location De Voiture Casablanca avec RosCar<\/h2>\n<p>La principale ville \u00e9conomique et culturelle du Maroc est toujours un bon point de d\u00e9part pour un voyage en Afrique du Nord. Une culture arabe unique, des milliers d&rsquo;ann\u00e9es d&rsquo;histoire dans l&rsquo;architecture moderne, des traditions et une cuisine d\u00e9licieuse sont votre plan d&rsquo;action. Mais vous devez d&rsquo;abord louer une voiture \u00e0 Casablanca, car il y a plusieurs raisons d&rsquo;opter pour ce mode de transport :<\/p>\n<ul>\n<li>C&rsquo;est beaucoup plus confortable que les transports publics<\/li>\n<li>R\u00e9ductions, prix bon march\u00e9 et nombreuses options (certaines sont gratuites).<\/li>\n<li>Il est facile de trouver la bonne voiture<\/li>\n<li>Une libert\u00e9 de mouvement totale.<\/li>\n<\/ul>\n<p>La proc\u00e9dure de r\u00e9servation de RosCar est \u00e9tonnamment simple. Il vous suffit de r\u00e9server maintenant, d&rsquo;ajouter votre carte de paiement et le tour est jou\u00e9.<\/p>\n<h2>Location de voiture \u00e0 Casablanca : le guide<\/h2>\n<p>La location de voiture pas ch\u00e8re \u00e0 Casablanca n&rsquo;est pas une fiction, mais la r\u00e9alit\u00e9 de toute personne qui conna\u00eet quelques r\u00e8gles. Suivez-les et vous arriverez au r\u00e9sultat souhait\u00e9 sans d\u00e9ception.<\/p>\n<h3>1. Choisissez le bon type de voiture<\/h3>\n<p>En activant les filtres, vous pouvez facilement former une liste d&rsquo;offres par type :<\/p>\n<ul>\n<li>SUV ou Crossover<\/li>\n<li>Voiture standard<\/li>\n<li>Voiture \u00e9conomique<\/li>\n<li>Voiture compacte<\/li>\n<li>Mini voiture<\/li>\n<li>D\u00e9capotable<\/li>\n<li>Minivan, Van, et autres.<\/li>\n<\/ul>\n<h3>2. Utiliser des options suppl\u00e9mentaires<\/h3>\n<p>La location de voiture \u00e0 Casablanca peut s&rsquo;accompagner d&rsquo;un ou plusieurs services suppl\u00e9mentaires (payants ou gratuits) :<\/p>\n<ul>\n<li>Mod\u00e8le garanti : Pas de mauvaise surprise lors de la prise en charge du v\u00e9hicule.<\/li>\n<li>Transmission : Ne r\u00e9fl\u00e9chissez pas \u00e0 deux fois, prenez une bo\u00eete automatique.<\/li>\n<li>Assurance compl\u00e9mentaire : Une fonction payante qui \u00e9limine les risques financiers avec la couverture compl\u00e8te ou la SuperCDW.<\/li>\n<li>Conducteur suppl\u00e9mentaire : Saviez-vous que vous pouvez ajouter une personne au contrat ?<\/li>\n<li>Si\u00e8ge pour enfant : Il existe jusqu&rsquo;\u00e0 quatre types de dispositifs de retenue pour les enfants de tout \u00e2ge.<\/li>\n<li>Annulation gratuite : Vous disposez d&rsquo;au moins 48 heures pour annuler votre commande.<\/li>\n<li>Kilom\u00e9trage illimit\u00e9 : Une fonction gratuite avec des miles gratuits.<\/li>\n<li>Pas de d\u00e9p\u00f4t : Tout le monde l&rsquo;aime quand il s&rsquo;agit de ne pas bloquer les d\u00e9p\u00f4ts sur les cartes de cr\u00e9dit.<\/li>\n<li>Pas de carte de cr\u00e9dit : Peut s&rsquo;accompagner d&rsquo;exigences suppl\u00e9mentaires pour les contr\u00f4les de s\u00e9curit\u00e9.<\/li>\n<li>Carte SIM : Internet mobile \u00e0 haut d\u00e9bit toujours \u00e0 port\u00e9e de main.<\/li>\n<\/ul>\n<blockquote class=\"info\">\n<h2>Location de voitures \u00e0 Casablanca : R\u00e9servation via RosCar<\/h2>\n<p>La location de voitures \u00e0 Casablanca peut sembler l&rsquo;un des services de voyage les plus simples que vous ayez jamais pris :<\/p>\n<ol>\n<li>D\u00e9finissez les lieux et les dates.<\/li>\n<li>D\u00e9finissez les filtres de recherche (Type, options, et plus)<\/li>\n<li>R\u00e9servez maintenant n&rsquo;importe quel v\u00e9hicule de la liste.<\/li>\n<li>Remplissez le formulaire avec les d\u00e9tails.<\/li>\n<li>Confirmez.<\/li>\n<\/ol>\n<p>La demande ne sera consid\u00e9r\u00e9e comme confirm\u00e9e qu&rsquo;apr\u00e8s le pr\u00e9paiement (14-20% du montant) via Pay Now. Les cartes de d\u00e9bit ou de cr\u00e9dit sont accept\u00e9es sur RosCar.<\/p><\/blockquote>\n<h2>Prix de la location de voiture \u00e0 Casablanca<\/h2>\n<p>Voici les prix approximatifs que vous pouvez trouver dans cette ville :<\/p>\n<ul>\n<li>15-25 $ pour une Mini-Economy<\/li>\n<li>30-40 $ pour Compact-Standard<\/li>\n<li>40-60 $ pour Minivan, Convertible, Crossover, ou SUV<\/li>\n<li>70$+ pour les voitures de luxe.<\/li>\n<\/ul>\n<p>La location de voiture \u00e0 Casablanca peut \u00eatre plus ou moins ch\u00e8re jusqu&rsquo;\u00e0 40% en fonction des facteurs suivants :<\/p>\n<ul>\n<li>Nombre de jours r\u00e9serv\u00e9s (il est pr\u00e9f\u00e9rable de prendre une location de voiture \u00e0 long terme)<\/li>\n<li>Lieu de prise en charge (a\u00e9roport, ville ou livraison)<\/li>\n<li>Saison et charge de travail de l&rsquo;entreprise<\/li>\n<li>les services suppl\u00e9mentaires inclus.<\/li>\n<\/ul>\n<p>Voici comment comparer les prix :<\/p>\n<h3>Tableau des prix de location de voiture \u00e0 Casablanca, Maroc<\/h3>\n<table border=\"1\">\n<thead>\n<tr>\n<th>Mod\u00e8le de voiture<\/th>\n<th>Type de carrosserie<\/th>\n<th>Prix par jour (basse saison)<\/th>\n<th>Prix par jour (haute saison)<\/th>\n<th>Nombre de passagers<\/th>\n<th>Capacit\u00e9 de bagages<\/th>\n<\/tr>\n<\/thead>\n<tbody>\n<tr>\n<td>Kia Picanto<\/td>\n<td>Berline<\/td>\n<td>20 \u20ac<\/td>\n<td>27 \u20ac<\/td>\n<td>4<\/td>\n<td>1<\/td>\n<\/tr>\n<tr>\n<td>Dacia Logan<\/td>\n<td>Berline<\/td>\n<td>22 \u20ac<\/td>\n<td>30 \u20ac<\/td>\n<td>5<\/td>\n<td>2<\/td>\n<\/tr>\n<tr>\n<td>Renault Clio<\/td>\n<td>Hatchback<\/td>\n<td>25 \u20ac<\/td>\n<td>34 \u20ac<\/td>\n<td>5<\/td>\n<td>2<\/td>\n<\/tr>\n<tr>\n<td>Hyundai i20<\/td>\n<td>Hatchback<\/td>\n<td>24 \u20ac<\/td>\n<td>33 \u20ac<\/td>\n<td>5<\/td>\n<td>2<\/td>\n<\/tr>\n<tr>\n<td>Volkswagen Polo<\/td>\n<td>Hatchback<\/td>\n<td>26 \u20ac<\/td>\n<td>36 \u20ac<\/td>\n<td>5<\/td>\n<td>2<\/td>\n<\/tr>\n<tr>\n<td>Citro\u00ebn C-Elys\u00e9e<\/td>\n<td>Berline<\/td>\n<td>27 \u20ac<\/td>\n<td>37 \u20ac<\/td>\n<td>5<\/td>\n<td>3<\/td>\n<\/tr>\n<tr>\n<td>Peugeot 301<\/td>\n<td>Berline<\/td>\n<td>28 \u20ac<\/td>\n<td>38 \u20ac<\/td>\n<td>5<\/td>\n<td>3<\/td>\n<\/tr>\n<tr>\n<td>Dacia Duster<\/td>\n<td>SUV<\/td>\n<td>35 \u20ac<\/td>\n<td>46 \u20ac<\/td>\n<td>5<\/td>\n<td>3<\/td>\n<\/tr>\n<tr>\n<td>Renault Kadjar<\/td>\n<td>SUV<\/td>\n<td>48 \u20ac<\/td>\n<td>60 \u20ac<\/td>\n<td>5<\/td>\n<td>4<\/td>\n<\/tr>\n<tr>\n<td>Peugeot 3008<\/td>\n<td>SUV<\/td>\n<td>54 \u20ac<\/td>\n<td>68 \u20ac<\/td>\n<td>5<\/td>\n<td>4<\/td>\n<\/tr>\n<\/tbody>\n<\/table>\n        <div class=\"rpc-chart\">\n            <h3>Variations saisonni\u00e8res des prix de location de voiture \u00e0 Casablanca : aper\u00e7u bas\u00e9 sur les r\u00e9servations confirm\u00e9es<\/h3>\n            <div><p>Au cours des trois derni\u00e8res ann\u00e9es, les experts de roscar.ma ont syst\u00e9matiquement analys\u00e9 les changements dans le co\u00fbt moyen de la location de voiture \u00e0 Casablanca. Les donn\u00e9es sont bas\u00e9es exclusivement sur des commandes r\u00e9elles pass\u00e9es par le biais de notre plateforme, qui coop\u00e8re avec des soci\u00e9t\u00e9s de location de voitures locales fiables.<\/p>\n<p>Le suivi couvre toutes les cat\u00e9gories de v\u00e9hicules : des mod\u00e8les urbains compacts aux SUV, cabriolets et voitures de fonction. Cela nous permet de suivre avec pr\u00e9cision les tendances saisonni\u00e8res et de pr\u00e9voir les fluctuations de prix en fonction de la demande et des p\u00e9riodes touristiques.<\/p>\n<p>Avec de nombreuses ann\u00e9es d'exp\u00e9rience dans le domaine de la location de voitures au Maroc, nous mettons r\u00e9guli\u00e8rement \u00e0 jour les informations afin de fournir aux utilisateurs des donn\u00e9es actualis\u00e9es et fiables. Ceci est particuli\u00e8rement important pour ceux qui planifient un voyage \u00e0 Casablanca et qui recherchent des conditions favorables pour le transport.<\/p>\n<\/div>\n            <div class=\"rpc-chart-bars\">\n                                    <div class=\"rpc-chart-column\">\n                        <div class=\"rpc-chart-inner\" style=\"height: 30.188679245283%\">\n                            <div class=\"rpc-chart-column-value\">16 \u20ac<\/div>\n                            <div class=\"rpc-chart-month\">JAN<\/div>\n                        <\/div>\n                    <\/div>\n                                    <div class=\"rpc-chart-column\">\n                        <div class=\"rpc-chart-inner\" style=\"height: 28.301886792453%\">\n                            <div class=\"rpc-chart-column-value\">15 \u20ac<\/div>\n                            <div class=\"rpc-chart-month\">FEB<\/div>\n                        <\/div>\n                    <\/div>\n                                    <div class=\"rpc-chart-column\">\n                        <div class=\"rpc-chart-inner\" style=\"height: 30.188679245283%\">\n                            <div class=\"rpc-chart-column-value\">16 \u20ac<\/div>\n                            <div class=\"rpc-chart-month\">MAR<\/div>\n                        <\/div>\n                    <\/div>\n                                    <div class=\"rpc-chart-column\">\n                        <div class=\"rpc-chart-inner\" style=\"height: 39.622641509434%\">\n                            <div class=\"rpc-chart-column-value\">21 \u20ac<\/div>\n                            <div class=\"rpc-chart-month\">APR<\/div>\n                        <\/div>\n                    <\/div>\n                                    <div class=\"rpc-chart-column\">\n                        <div class=\"rpc-chart-inner\" style=\"height: 32.075471698113%\">\n                            <div class=\"rpc-chart-column-value\">17 \u20ac<\/div>\n                            <div class=\"rpc-chart-month\">MAY<\/div>\n                        <\/div>\n                    <\/div>\n                                    <div class=\"rpc-chart-column\">\n                        <div class=\"rpc-chart-inner\" style=\"height: 33.962264150943%\">\n                            <div class=\"rpc-chart-column-value\">18 \u20ac<\/div>\n                            <div class=\"rpc-chart-month\">JUN<\/div>\n                        <\/div>\n                    <\/div>\n                                    <div class=\"rpc-chart-column\">\n                        <div class=\"rpc-chart-inner\" style=\"height: 54.716981132075%\">\n                            <div class=\"rpc-chart-column-value\">29 \u20ac<\/div>\n                            <div class=\"rpc-chart-month\">JUL<\/div>\n                        <\/div>\n                    <\/div>\n                                    <div class=\"rpc-chart-column\">\n                        <div class=\"rpc-chart-inner\" style=\"height: 62.264150943396%\">\n                            <div class=\"rpc-chart-column-value\">33 \u20ac<\/div>\n                            <div class=\"rpc-chart-month\">AUG<\/div>\n                        <\/div>\n                    <\/div>\n                                    <div class=\"rpc-chart-column\">\n                        <div class=\"rpc-chart-inner\" style=\"height: 43.396226415094%\">\n                            <div class=\"rpc-chart-column-value\">23 \u20ac<\/div>\n                            <div class=\"rpc-chart-month\">SEP<\/div>\n                        <\/div>\n                    <\/div>\n                                    <div class=\"rpc-chart-column\">\n                        <div class=\"rpc-chart-inner\" style=\"height: 39.622641509434%\">\n                            <div class=\"rpc-chart-column-value\">21 \u20ac<\/div>\n                            <div class=\"rpc-chart-month\">OCT<\/div>\n                        <\/div>\n                    <\/div>\n                                    <div class=\"rpc-chart-column\">\n                        <div class=\"rpc-chart-inner\" style=\"height: 33.962264150943%\">\n                            <div class=\"rpc-chart-column-value\">18 \u20ac<\/div>\n                            <div class=\"rpc-chart-month\">NOV<\/div>\n                        <\/div>\n                    <\/div>\n                                    <div class=\"rpc-chart-column\">\n                        <div class=\"rpc-chart-inner\" style=\"height: 41.509433962264%\">\n                            <div class=\"rpc-chart-column-value\">22 \u20ac<\/div>\n                            <div class=\"rpc-chart-month\">DEC<\/div>\n                        <\/div>\n                    <\/div>\n                            <\/div>\n        <\/div>\n        \n<h2>Louer une voiture \u00e0 Casablanca : Documents<\/h2>\n<p>Quelques documents seulement que le conducteur doit avoir pour r\u00e9cup\u00e9rer sa voiture de location :<\/p>\n<ol>\n<li>Permis de conduire<\/li>\n<li>le passeport<\/li>\n<li>Carte de cr\u00e9dit (d\u00e9p\u00f4t, cr\u00e9dit ou v\u00e9rification d&rsquo;identit\u00e9)<\/li>\n<li>Voucher (nous vous en enverrons un avec votre confirmation de r\u00e9servation).<\/li>\n<\/ol>\n","protected":false},"excerpt":{"rendered":"<p>Location De Voiture Casablanca avec RosCar La principale ville \u00e9conomique et culturelle du Maroc est toujours un bon point de d\u00e9part pour un voyage en Afrique du Nord. Une culture arabe unique, des milliers d&rsquo;ann\u00e9es d&rsquo;histoire dans l&rsquo;architecture moderne, des traditions et une cuisine d\u00e9licieuse sont votre plan d&rsquo;action. Mais vous devez d&rsquo;abord louer une [&hellip;]<\/p>\n","protected":false},"author":1,"featured_media":149,"parent":0,"menu_order":0,"comment_status":"closed","ping_status":"closed","template":"","meta":{"footnotes":""},"class_list":["post-1096","page","type-page","status-publish","has-post-thumbnail",""],"_links":{"self":[{"href":"https:\/\/roscar.ma\/fr\/wp-json\/wp\/v2\/pages\/1096","targetHints":{"allow":["GET"]}}],"collection":[{"href":"https:\/\/roscar.ma\/fr\/wp-json\/wp\/v2\/pages"}],"about":[{"href":"https:\/\/roscar.ma\/fr\/wp-json\/wp\/v2\/types\/page"}],"author":[{"embeddable":true,"href":"https:\/\/roscar.ma\/fr\/wp-json\/wp\/v2\/users\/1"}],"replies":[{"embeddable":true,"href":"https:\/\/roscar.ma\/fr\/wp-json\/wp\/v2\/comments?post=1096"}],"version-history":[{"count":1,"href":"https:\/\/roscar.ma\/fr\/wp-json\/wp\/v2\/pages\/1096\/revisions"}],"predecessor-version":[{"id":1099,"href":"https:\/\/roscar.ma\/fr\/wp-json\/wp\/v2\/pages\/1096\/revisions\/1099"}],"wp:featuredmedia":[{"embeddable":true,"href":"https:\/\/roscar.ma\/fr\/wp-json\/wp\/v2\/media\/149"}],"wp:attachment":[{"href":"https:\/\/roscar.ma\/fr\/wp-json\/wp\/v2\/media?parent=1096"}],"curies":[{"name":"wp","href":"https:\/\/api.w.org\/{rel}","templated":true}]}}