{"id":705,"date":"2025-07-17T09:45:33","date_gmt":"2025-07-17T09:45:33","guid":{"rendered":"https:\/\/roscar.ma\/?page_id=705"},"modified":"2025-07-21T12:42:39","modified_gmt":"2025-07-21T12:42:39","slug":"autonvuokraus-marokko","status":"publish","type":"page","link":"https:\/\/roscar.ma\/fi\/","title":{"rendered":"Autonvuokraus Marokko"},"content":{"rendered":"<h2>Autonvuokraus Marokko alkaen RosCar<\/h2>\n<p>Tuhansien vuosien historia ja muinaiset arabiperinteet vet\u00e4v\u00e4t miljoonia turisteja puoleensa kuin magneetti. T\u00e4\u00e4lt\u00e4 l\u00f6yd\u00e4t suuren Saharan ja Atlantin valtameren \u00e4\u00e4ni\u00e4 sek\u00e4 moderneja ja esihistoriallisia kulttuureja sek\u00e4 erinomaiset olosuhteet kaikenlaiseen matkailuun. Mutta onko minun pakko vuokrata auto Marokossa? T\u00e4m\u00e4 ei ehk\u00e4 ole ainoa k\u00e4ytett\u00e4viss\u00e4 oleva vaihtoehto, mutta sill\u00e4 on selvi\u00e4 etuja:<\/p>\n<ul>\n<li>Vapaa liikkuminen minne haluat<\/li>\n<li>Korkea mukavuus ja vertaansa vailla oleva mukavuus<\/li>\n<li>Suuri valikoima ajoneuvoja<\/li>\n<li>Saatavilla on lyhytaikaisia tai pitk\u00e4aikaisia autonvuokrauksia.<\/li>\n<\/ul>\n<p>Haluatko l\u00e4hte\u00e4 tien p\u00e4\u00e4lle mahdollisimman pian? Varaa nyt haluamasi auto RosCarista: muutama klikkaus, t\u00e4yt\u00e4 vakiolomake ja tee ennakkomaksu vahvistusta varten.<\/p>\n<h2>Matkalla autonvuokraus Marokko<\/h2>\n<p>T\u00e4m\u00e4 on teht\u00e4v\u00e4, jota ei pid\u00e4 kiirehti\u00e4, mutta jota ei my\u00f6sk\u00e4\u00e4n pid\u00e4 lyk\u00e4t\u00e4 huomiseen. Lue siksi pieni valmisteluopas matkalla autonvuokraukseen Marokossa.<\/p>\n<h3>1. L\u00f6yd\u00e4 oikea tyyppi<\/h3>\n<p>Huonosti valittu ajoneuvo ei tuo sinulle toivottua iloa tai mukavuutta. Tutustu listaan ja mieti, mik\u00e4 n\u00e4ist\u00e4 tyypeist\u00e4 kuulostaa sinun ratkaisultasi:<\/p>\n<ul>\n<li>Economy tai Mini (Halpa autonvuokraus Marokossa).<\/li>\n<li>Standard<\/li>\n<li>SUV tai Crossover<\/li>\n<li>Ylellinen<\/li>\n<li>Avoauto<\/li>\n<li>Pakettiauto tai tila-auto.<\/li>\n<\/ul>\n<h3>2. Lis\u00e4palvelut<\/h3>\n<p>Kaikki n\u00e4m\u00e4 lis\u00e4ominaisuudet eiv\u00e4t ole maksullisia, mutta jokainen niist\u00e4 on loistava valinta:<\/p>\n<ul>\n<li>Ilmainen peruutus: T\u00e4m\u00e4 vaihtoehto on k\u00e4ytett\u00e4v\u00e4 ajoissa (enint\u00e4\u00e4n 48 tuntia ennen l\u00e4ht\u00f6\u00e4).<\/li>\n<li>Ei talletusta: Paras ominaisuus budjettimatkailijoille on se, ett\u00e4 luottokortteja ei ole talletuskieltoja.<\/li>\n<li>Taattu malli: Saat v\u00e4hint\u00e4\u00e4n sen, mit\u00e4 varasit.<\/li>\n<li>Lastenistuin: Lakis\u00e4\u00e4teinen vaatimus, jos matkustat 10-vuotiaiden tai sit\u00e4 nuorempien lasten kanssa koneessa.<\/li>\n<li>Lis\u00e4vakuutus: Mielenrauhan takaamiseksi maksa vain lis\u00e4maksusta Super CDW ja Full Coverage.<\/li>\n<li>SIM-kortti: Ota sellainen, jotta voit nauttia nopeasta internetist\u00e4.<\/li>\n<li>Lis\u00e4kuljettaja: Lis\u00e4\u00e4 iloisia kilometrej\u00e4, kun yst\u00e4v\u00e4 on ratissa.<\/li>\n<li>Vaihteisto: Vaihteisto: Vaihteisto: Vaihteisto: Vaihteisto: Vaihteisto: Etsi automaattivaihteisto rentoa ajelua varten.<\/li>\n<li>Rajoittamaton kilometrim\u00e4\u00e4r\u00e4: Aavikkojen ja merimaisemien taakse k\u00e4tkeytyv\u00e4t rajattomat n\u00e4kym\u00e4t.<\/li>\n<\/ul>\n<blockquote class=\"check\">\n<h3>RosCar Marokko autonvuokraus yksityiskohdissa<\/h3>\n<p>Etsi itsellesi muutama minuutti aikaa ottaa Marokko autonvuokraus:<\/p>\n<ol>\n<li>Aseta nouto- ja j\u00e4tt\u00f6paikat.<\/li>\n<li>M\u00e4\u00e4rit\u00e4 alkamis- ja p\u00e4\u00e4ttymisp\u00e4iv\u00e4m\u00e4\u00e4r\u00e4t.<\/li>\n<li>Valitse haluamasi lis\u00e4osat klikkaamalla &#8221;Suodattimet&#8221;.<\/li>\n<li>Klikkaa &#8221;N\u00e4yt\u00e4&#8221; saadaksesi listan.<\/li>\n<li>Varaa nyt.<\/li>\n<li>T\u00e4yt\u00e4 lomake ja maksa nyt.<\/li>\n<\/ol>\n<p>Kun olet kassasivulla, sinun t\u00e4ytyy sy\u00f6tt\u00e4\u00e4 kortti 20 %:n ennakkomaksua varten. \u00c4l\u00e4 huoli, pankkitietosi ovat turvassa.<\/p><\/blockquote>\n<h2>Autonvuokrauksen kustannukset Marokossa<\/h2>\n<p>Seuraavassa on muutamia esimerkkej\u00e4, jotka auttavat sinua ymm\u00e4rt\u00e4m\u00e4\u00e4n autonvuokrauksen hintaa Marokossa:<\/p>\n<ul>\n<li>20-30 dollaria Mini tai Economy<\/li>\n<li>45-55 dollaria Standard tai Minivan<\/li>\n<li>50-70 dollaria SUV tai Crossover<\/li>\n<li>80 dollarista alkaen Luxury tai Cabrio.<\/li>\n<\/ul>\n<p>Mutta voit yritt\u00e4\u00e4 saada sen halvemmalla:<\/p>\n<ul>\n<li>Ota pitk\u00e4aikainen autonvuokraus (5 p\u00e4iv\u00e4\u00e4 tai enemm\u00e4n).<\/li>\n<li>Aseta alkamisajankohta keskelle viikkoa.<\/li>\n<li>Vertaile paitsi hinnan my\u00f6s varusteiden mukaan.<\/li>\n<li>Varaa verkossa hyviss\u00e4 ajoin etuk\u00e4teen.<\/li>\n<\/ul>\n<p>Lis\u00e4\u00e4 hintavertailusta:<\/p>\n<h3>Taulukko autonvuokrauksen hinnoista Marokossa<\/h3>\n<table border=\"1\" cellspacing=\"0\" cellpadding=\"8\">\n<thead>\n<tr>\n<th>Auton malli<\/th>\n<th>Korityyppi<\/th>\n<th>Hinta per p\u00e4iv\u00e4 (hiljainen sesonki)<\/th>\n<th>Hinta per p\u00e4iv\u00e4 (sesonkiaika)<\/th>\n<th>Matkustajat<\/th>\n<th>Matkatavaroiden m\u00e4\u00e4r\u00e4<\/th>\n<\/tr>\n<\/thead>\n<tbody>\n<tr>\n<td>Dacia Logan<\/td>\n<td>Sedan<\/td>\n<td>23 \u20ac<\/td>\n<td>30 \u20ac<\/td>\n<td>5<\/td>\n<td>2<\/td>\n<\/tr>\n<tr>\n<td>Kia Picanto<\/td>\n<td>Viistoper\u00e4<\/td>\n<td>20 \u20ac<\/td>\n<td>28 \u20ac<\/td>\n<td>4<\/td>\n<td>1<\/td>\n<\/tr>\n<tr>\n<td>Renault Clio<\/td>\n<td>Viistoper\u00e4<\/td>\n<td>25 \u20ac<\/td>\n<td>35 \u20ac<\/td>\n<td>5<\/td>\n<td>2<\/td>\n<\/tr>\n<tr>\n<td>Dacia Duster<\/td>\n<td>SUV<\/td>\n<td>35 \u20ac<\/td>\n<td>45 \u20ac<\/td>\n<td>5<\/td>\n<td>3<\/td>\n<\/tr>\n<tr>\n<td>Hyundai Tucson<\/td>\n<td>SUV<\/td>\n<td>50 \u20ac<\/td>\n<td>65 \u20ac<\/td>\n<td>5<\/td>\n<td>4<\/td>\n<\/tr>\n<tr>\n<td>Peugeot 208<\/td>\n<td>Viistoper\u00e4<\/td>\n<td>22 \u20ac<\/td>\n<td>32 \u20ac<\/td>\n<td>5<\/td>\n<td>2<\/td>\n<\/tr>\n<tr>\n<td>Volkswagen Polo<\/td>\n<td>Viistoper\u00e4<\/td>\n<td>26 \u20ac<\/td>\n<td>36 \u20ac<\/td>\n<td>5<\/td>\n<td>2<\/td>\n<\/tr>\n<tr>\n<td>Citro\u00ebn C-Elys\u00e9e<\/td>\n<td>Sedan<\/td>\n<td>24 \u20ac<\/td>\n<td>34 \u20ac<\/td>\n<td>5<\/td>\n<td>3<\/td>\n<\/tr>\n<tr>\n<td>Fiat Tipo<\/td>\n<td>Sedan<\/td>\n<td>27 \u20ac<\/td>\n<td>37 \u20ac<\/td>\n<td>5<\/td>\n<td>3<\/td>\n<\/tr>\n<tr>\n<td>Renault Captur<\/td>\n<td>Crossover<\/td>\n<td>33 \u20ac<\/td>\n<td>43 \u20ac<\/td>\n<td>5<\/td>\n<td>3<\/td>\n<\/tr>\n<\/tbody>\n<\/table>\n        <div class=\"rpc-chart\">\n            <h3>Kausittaiset autonvuokrauksen hinnat Marokossa<\/h3>\n            <div><p>Alla olevassa taulukossa on analyysi keskim\u00e4\u00e4r\u00e4isten autonvuokraushintojen muutoksista Marokossa viimeisten kolmen vuoden aikana. Tiedot perustuvat todellisiin varauksiin, jotka on tehty ilman v\u00e4litt\u00e4ji\u00e4 tapahtuvaan autonvuokraukseen erikoistuneen roscar.ma-sivuston kautta. Tiedot kattavat kaikki autoluokat (edullisista kaupunkimalleista maastureihin, avoautoihin ja premium-segmenttiin).<\/p>\n<p>Monivuotisen kokemuksemme matkailijoiden kanssa ty\u00f6skentelyst\u00e4 ja s\u00e4\u00e4nn\u00f6llisen markkinaseurannan ansiosta olemme muodostaneet objektiivisen n\u00e4kemyksen vuokraushintojen kausivaihteluista. Analyysist\u00e4mme on hy\u00f6ty\u00e4 kaikille Marokon matkaa suunnitteleville: voit valita etuk\u00e4teen ajanjakson, jolloin autonvuokraus on edullisinta.<\/p>\n<p>Suosittelemme k\u00e4ytt\u00e4m\u00e4\u00e4n RosCar Marokon tarkistettuja tietoja ja k\u00e4yt\u00e4nn\u00f6n neuvoja, jotta matkastasi tulisi mukava, turvallinen ja taloudellinen.<\/p>\n<\/div>\n            <div class=\"rpc-chart-bars\">\n                                    <div class=\"rpc-chart-column\">\n                        <div class=\"rpc-chart-inner\" style=\"height: 28.846153846154%\">\n                            <div class=\"rpc-chart-column-value\">15 \u20ac<\/div>\n                            <div class=\"rpc-chart-month\">JAN<\/div>\n                        <\/div>\n                    <\/div>\n                                    <div class=\"rpc-chart-column\">\n                        <div class=\"rpc-chart-inner\" style=\"height: 28.846153846154%\">\n                            <div class=\"rpc-chart-column-value\">15 \u20ac<\/div>\n                            <div class=\"rpc-chart-month\">FEB<\/div>\n                        <\/div>\n                    <\/div>\n                                    <div class=\"rpc-chart-column\">\n                        <div class=\"rpc-chart-inner\" style=\"height: 32.692307692308%\">\n                            <div class=\"rpc-chart-column-value\">17 \u20ac<\/div>\n                            <div class=\"rpc-chart-month\">MAR<\/div>\n                        <\/div>\n                    <\/div>\n                                    <div class=\"rpc-chart-column\">\n                        <div class=\"rpc-chart-inner\" style=\"height: 42.307692307692%\">\n                            <div class=\"rpc-chart-column-value\">22 \u20ac<\/div>\n                            <div class=\"rpc-chart-month\">APR<\/div>\n                        <\/div>\n                    <\/div>\n                                    <div class=\"rpc-chart-column\">\n                        <div class=\"rpc-chart-inner\" style=\"height: 32.692307692308%\">\n                            <div class=\"rpc-chart-column-value\">17 \u20ac<\/div>\n                            <div class=\"rpc-chart-month\">MAY<\/div>\n                        <\/div>\n                    <\/div>\n                                    <div class=\"rpc-chart-column\">\n                        <div class=\"rpc-chart-inner\" style=\"height: 30.769230769231%\">\n                            <div class=\"rpc-chart-column-value\">16 \u20ac<\/div>\n                            <div class=\"rpc-chart-month\">JUN<\/div>\n                        <\/div>\n                    <\/div>\n                                    <div class=\"rpc-chart-column\">\n                        <div class=\"rpc-chart-inner\" style=\"height: 55.769230769231%\">\n                            <div class=\"rpc-chart-column-value\">29 \u20ac<\/div>\n                            <div class=\"rpc-chart-month\">JUL<\/div>\n                        <\/div>\n                    <\/div>\n                                    <div class=\"rpc-chart-column\">\n                        <div class=\"rpc-chart-inner\" style=\"height: 61.538461538462%\">\n                            <div class=\"rpc-chart-column-value\">32 \u20ac<\/div>\n                            <div class=\"rpc-chart-month\">AUG<\/div>\n                        <\/div>\n                    <\/div>\n                                    <div class=\"rpc-chart-column\">\n                        <div class=\"rpc-chart-inner\" style=\"height: 38.461538461538%\">\n                            <div class=\"rpc-chart-column-value\">20 \u20ac<\/div>\n                            <div class=\"rpc-chart-month\">SEP<\/div>\n                        <\/div>\n                    <\/div>\n                                    <div class=\"rpc-chart-column\">\n                        <div class=\"rpc-chart-inner\" style=\"height: 36.538461538462%\">\n                            <div class=\"rpc-chart-column-value\">19 \u20ac<\/div>\n                            <div class=\"rpc-chart-month\">OCT<\/div>\n                        <\/div>\n                    <\/div>\n                                    <div class=\"rpc-chart-column\">\n                        <div class=\"rpc-chart-inner\" style=\"height: 32.692307692308%\">\n                            <div class=\"rpc-chart-column-value\">17 \u20ac<\/div>\n                            <div class=\"rpc-chart-month\">NOV<\/div>\n                        <\/div>\n                    <\/div>\n                                    <div class=\"rpc-chart-column\">\n                        <div class=\"rpc-chart-inner\" style=\"height: 44.230769230769%\">\n                            <div class=\"rpc-chart-column-value\">23 \u20ac<\/div>\n                            <div class=\"rpc-chart-month\">DEC<\/div>\n                        <\/div>\n                    <\/div>\n                            <\/div>\n        <\/div>\n        \n<h2>Autonvuokraus Marokossa: Asiakirjat<\/h2>\n<p>Oletko yli 21 (tai 25)-vuotias ja sinulla on ajokokemusta? Sitten tarvitset vain kolme asiakirjaa auton vuokraamiseen Marokossa:<\/p>\n<ol>\n<li>Passi<\/li>\n<li>ajokortti<\/li>\n<li>Luottokortti (vapaaehtoinen).<\/li>\n<\/ol>\n<p>Tarvitset my\u00f6s voucherin (varaustodistus), mutta saat sen heti varauksen vahvistamisen j\u00e4lkeen.<\/p>\n","protected":false},"excerpt":{"rendered":"<p>Autonvuokraus Marokko alkaen RosCar Tuhansien vuosien historia ja muinaiset arabiperinteet vet\u00e4v\u00e4t miljoonia turisteja puoleensa kuin magneetti. T\u00e4\u00e4lt\u00e4 l\u00f6yd\u00e4t suuren Saharan ja Atlantin valtameren \u00e4\u00e4ni\u00e4 sek\u00e4 moderneja ja esihistoriallisia kulttuureja sek\u00e4 erinomaiset olosuhteet kaikenlaiseen matkailuun. Mutta onko minun pakko vuokrata auto Marokossa? T\u00e4m\u00e4 ei ehk\u00e4 ole ainoa k\u00e4ytett\u00e4viss\u00e4 oleva vaihtoehto, mutta sill\u00e4 on selvi\u00e4 etuja: Vapaa [&hellip;]<\/p>\n","protected":false},"author":1,"featured_media":118,"parent":0,"menu_order":0,"comment_status":"closed","ping_status":"closed","template":"","meta":{"footnotes":""},"class_list":["post-705","page","type-page","status-publish","has-post-thumbnail",""],"_links":{"self":[{"href":"https:\/\/roscar.ma\/fi\/wp-json\/wp\/v2\/pages\/705","targetHints":{"allow":["GET"]}}],"collection":[{"href":"https:\/\/roscar.ma\/fi\/wp-json\/wp\/v2\/pages"}],"about":[{"href":"https:\/\/roscar.ma\/fi\/wp-json\/wp\/v2\/types\/page"}],"author":[{"embeddable":true,"href":"https:\/\/roscar.ma\/fi\/wp-json\/wp\/v2\/users\/1"}],"replies":[{"embeddable":true,"href":"https:\/\/roscar.ma\/fi\/wp-json\/wp\/v2\/comments?post=705"}],"version-history":[{"count":0,"href":"https:\/\/roscar.ma\/fi\/wp-json\/wp\/v2\/pages\/705\/revisions"}],"wp:featuredmedia":[{"embeddable":true,"href":"https:\/\/roscar.ma\/fi\/wp-json\/wp\/v2\/media\/118"}],"wp:attachment":[{"href":"https:\/\/roscar.ma\/fi\/wp-json\/wp\/v2\/media?parent=705"}],"curies":[{"name":"wp","href":"https:\/\/api.w.org\/{rel}","templated":true}]}}