{"id":2512,"date":"2025-07-17T11:33:38","date_gmt":"2025-07-17T11:33:38","guid":{"rendered":"https:\/\/roscar.ma\/?page_id=2512"},"modified":"2025-07-26T17:58:20","modified_gmt":"2025-07-26T17:58:20","slug":"autonvuokraus-tangier","status":"publish","type":"page","link":"https:\/\/roscar.ma\/fi\/autonvuokraus-tangier\/","title":{"rendered":"Autonvuokraus Tangier"},"content":{"rendered":"<h2>Autonvuokraus Tangier RosCarilta<\/h2>\n<p>Pohjois-Marokko on kahden mantereen (Eurooppa ja Afrikka) kohtaamispaikka, jossa ilmasto on l\u00e4mmin 365 p\u00e4iv\u00e4\u00e4 vuodessa ja aina valoisia muistoja. T\u00e4\u00e4lt\u00e4 voit vuokrata auton Tangerissa ja vied\u00e4 matkasi aivan uudelle tasolle:<\/p>\n<ul>\n<li>V\u00e4hemm\u00e4n kuluja julkiseen liikenteeseen tai takseihin<\/li>\n<li>Vapaus liikkua milloin haluat<\/li>\n<li>Helppo nouto ja varaus 24\/7<\/li>\n<li>Edulliset hinnat korkealla laadulla.<\/li>\n<\/ul>\n<p>Etsitk\u00f6 yh\u00e4 parasta vastinetta jokaiselle k\u00e4ytetylle dollarille? Etsi sitten ajoneuvosi RosCarista, tee varaus ja k\u00e4yt\u00e4 korttia vahvistukseen (jopa 20 % summasta). Kyll\u00e4, se on niin helppoa.<\/p>\n<h2>Autonvuokraus Tangier: Opas<\/h2>\n<p>Oikean autonvuokraus Tangier ei ehk\u00e4 tunnu helpolta teht\u00e4v\u00e4lt\u00e4, kun otetaan huomioon budjetti, matkustustyyli ja tarpeet. Mutta kaksi vaihetta riitt\u00e4\u00e4, jotta p\u00e4\u00e4set sinne, minne haluat.<\/p>\n<h3>1. Ajoneuvon tyyppi<\/h3>\n<p>Pit\u00e4isik\u00f6 sen olla tilava vai kompakti, halpa vai kallis? Valitse omasi suodattimien avulla:<\/p>\n<ul>\n<li>Taloudellinen auto<\/li>\n<li>Kompakti auto<\/li>\n<li>Maasturi tai crossover<\/li>\n<li>Miniauto<\/li>\n<li>Tavallinen auto<\/li>\n<li>Luksusauto<\/li>\n<li>Avoauto<\/li>\n<li>Pakettiauto, tila-auto ja muut.<\/li>\n<\/ul>\n<h3>2. Lis\u00e4palvelut<\/h3>\n<p>T\u00e4m\u00e4 saattaa olla helpoin ja edullisin tapa parantaa matkojesi laatua seuraavilla ominaisuuksilla:<\/p>\n<ul>\n<li>Ilmainen peruutus: T\u00e4m\u00e4 vaihtoehto voidaan k\u00e4ytt\u00e4\u00e4 vain 48 tuntia ennen matkan alkamisp\u00e4iv\u00e4\u00e4.<\/li>\n<li>Ei luottokorttia: Valittavana on aina runsaasti ajoneuvoja.<\/li>\n<li>SIM-kortti: Kaikki tarvitsevat nopeaa interneti\u00e4 tai puheluita matkustaessaan.<\/li>\n<li>Lis\u00e4kuljettaja: Aina on hyv\u00e4, ett\u00e4 joku on valmiina ajamaan puolestasi.<\/li>\n<li>Rajoittamaton kilometrim\u00e4\u00e4r\u00e4: Hyv\u00e4 lis\u00e4 halpaan autonvuokraukseen Tangerissa.<\/li>\n<li>Ei takuumaksua: Voi olla 10-15 % kalliimpi, mutta ei sis\u00e4ll\u00e4 luottokorttien talletuskieltoja.<\/li>\n<li>Lastenistuin: Alle 10-vuotiaat lapset voidaan siirt\u00e4\u00e4 vain lastenistuimessa (takariviss\u00e4).<\/li>\n<li>Lis\u00e4vakuutus: Ei tarvitse huolehtia taloudellisesta vapaudesta SuperCDW:n tai Full Coveragen kanssa.<\/li>\n<li>Taattu malli: Varasitko Toyota Corollan? Saat t\u00e4sm\u00e4lleen Toyota Corollan.<\/li>\n<li>Vaihteisto: Vaihteisto: Vaihteisto: Vaihteisto: Vaihteisto: Vaihteisto: Vaihteisto: Vaihteisto: Vaihteisto: Ei ole: Manuaalinen vs. Automaattinen. Halpa vs. Mukava.<\/li>\n<\/ul>\n<blockquote class=\"info\">\n<h2>Autonvuokraus Tangier: Varaukset<\/h2>\n<p>Onko sinulla viisi minuuttia aikaa? Silloin voit vuokrata mink\u00e4 tahansa ajoneuvon RosCarista n\u00e4in:<\/p>\n<ol>\n<li>M\u00e4\u00e4rit\u00e4 alkamis- ja p\u00e4\u00e4ttymisp\u00e4iv\u00e4m\u00e4\u00e4r\u00e4t sek\u00e4 sijainnit.<\/li>\n<li>Siirry suodattimiin ja napsauta haluamiasi. Saat listan.<\/li>\n<li>Valitse auto kautta Varaa nyt.<\/li>\n<li>Valitse maksutapa, vakuutus ja lis\u00e4ominaisuudet lomakkeella.<\/li>\n<li>Lis\u00e4\u00e4 muut tiedot ja Vahvista.<\/li>\n<li>Maksa nyt.<\/li>\n<\/ol>\n<p>Tangerin autonvuokrauksen voi varata kuka tahansa, jolla on ajokortti (yli 21-vuotias) ja pankkikortti (enint\u00e4\u00e4n 20 % vahvistusmaksusta). Loput 80 % maksetaan paikan p\u00e4\u00e4ll\u00e4, mill\u00e4 tahansa lomakkeessa ilmoittamallasi tavalla.<\/p><\/blockquote>\n<h2>Autonvuokraus Tangerin hinta<\/h2>\n<p>T\u00e4ss\u00e4 osassa Marokkoa voit l\u00f6yt\u00e4\u00e4 melko alhaiset hinnat autonvuokraus Tangerissa:<\/p>\n<ul>\n<li>$15-20 Economy tai Mini<\/li>\n<li>25-30 dollaria Standard<\/li>\n<li>35-50 dollaria tila-auto, katumaasturi, maasturi tai crossover.<\/li>\n<li>$60+ Luxury tai avoauto.<\/li>\n<\/ul>\n<p>Keskell\u00e4 turistisesonkia hinnat voivat nousta jopa 60 % tai jopa korkeammiksi. Siksi sinun kannattaa ottaa huomioon seuraavat life hackit kustannusten alentamiseksi:<\/p>\n<ul>\n<li>Varaa mahdollisimman aikaisin<\/li>\n<li>Valitse ajoneuvotyyppi, joka ei uhkaa budjettiasi<\/li>\n<li>Etsi ilmaisia ominaisuuksia (ei talletusta, ei luottokorttia, rajoittamaton kilometrim\u00e4\u00e4r\u00e4 jne.).<\/li>\n<li>M\u00e4\u00e4rit\u00e4 l\u00e4ht\u00f6p\u00e4iv\u00e4 keskelle viikkoa.<\/li>\n<\/ul>\n<p>Kannattaa my\u00f6s vertailla hintaa:<\/p>\n<h3>Tangier, Marokko, autonvuokrauksen hintataulukko.<\/h3>\n<table>\n<thead>\n<tr>\n<th>Auton malli<\/th>\n<th>Korityyppi<\/th>\n<th>Hinta per p\u00e4iv\u00e4 (hiljainen sesonki)<\/th>\n<th>Hinta per p\u00e4iv\u00e4 (sesonkiaika)<\/th>\n<th>Matkustajat<\/th>\n<th>Matkatavaroiden m\u00e4\u00e4r\u00e4<\/th>\n<\/tr>\n<\/thead>\n<tbody>\n<tr>\n<td>Fiat Panda<\/td>\n<td>Viistoper\u00e4<\/td>\n<td>20 \u20ac<\/td>\n<td>27 \u20ac<\/td>\n<td>4<\/td>\n<td>1<\/td>\n<\/tr>\n<tr>\n<td>Kia Picanto<\/td>\n<td>Viistoper\u00e4<\/td>\n<td>22 \u20ac<\/td>\n<td>29 \u20ac<\/td>\n<td>4<\/td>\n<td>1<\/td>\n<\/tr>\n<tr>\n<td>Dacia Logan<\/td>\n<td>Sedan<\/td>\n<td>24 \u20ac<\/td>\n<td>32 \u20ac<\/td>\n<td>5<\/td>\n<td>2<\/td>\n<\/tr>\n<tr>\n<td>Peugeot 208<\/td>\n<td>Viistoper\u00e4<\/td>\n<td>26 \u20ac<\/td>\n<td>35 \u20ac<\/td>\n<td>5<\/td>\n<td>2<\/td>\n<\/tr>\n<tr>\n<td>Renault Clio<\/td>\n<td>Viistoper\u00e4<\/td>\n<td>27 \u20ac<\/td>\n<td>36 \u20ac<\/td>\n<td>5<\/td>\n<td>2<\/td>\n<\/tr>\n<tr>\n<td>Citro\u00ebn C-Elys\u00e9e<\/td>\n<td>Sedan<\/td>\n<td>29 \u20ac<\/td>\n<td>39 \u20ac<\/td>\n<td>5<\/td>\n<td>3<\/td>\n<\/tr>\n<tr>\n<td>Hyundai i20<\/td>\n<td>Viistoper\u00e4<\/td>\n<td>28 \u20ac<\/td>\n<td>38 \u20ac<\/td>\n<td>5<\/td>\n<td>2<\/td>\n<\/tr>\n<tr>\n<td>Dacia Duster<\/td>\n<td>SUV<\/td>\n<td>38 \u20ac<\/td>\n<td>49 \u20ac<\/td>\n<td>5<\/td>\n<td>3<\/td>\n<\/tr>\n<tr>\n<td>Renault Kadjar<\/td>\n<td>SUV<\/td>\n<td>50 \u20ac<\/td>\n<td>62 \u20ac<\/td>\n<td>5<\/td>\n<td>4<\/td>\n<\/tr>\n<tr>\n<td>Peugeot 3008<\/td>\n<td>SUV<\/td>\n<td>55 \u20ac<\/td>\n<td>70 \u20ac<\/td>\n<td>5<\/td>\n<td>4<\/td>\n<\/tr>\n<\/tbody>\n<\/table>\n        <div class=\"rpc-chart\">\n            <h3>Miten autonvuokrauksen hinnat muuttuvat Tangierissa: yleiskatsaus todellisiin varauksiin perustuen<\/h3>\n            <div><p>Viimeisten kolmen vuoden aikana roscar.ma on seurannut autonvuokrauksen hintoja kohteessa Tangier. Kaikki t\u00e4ss\u00e4 esitetyt tiedot perustuvat todellisiin varauksiin, mink\u00e4 ansiosta voimme muodostaa luotettavan kuvan vuokraushintojen kausivaihteluista.<\/p>\n<p>Analyysi sis\u00e4lt\u00e4\u00e4 eri autoluokkia - pienist\u00e4 malleista maastureihin, avoautoihin ja premium-autoihin. N\u00e4in voimme n\u00e4hd\u00e4, miten matkailuaktiviteetti ja vuodenaika vaikuttavat hinnoitteluun.<\/p>\n<p>RosCar Marokon asiantuntijoilla on laaja kokemus asiakaspalvelusta Marokossa, ja he tarjoavat todennettua tietoa, josta on hy\u00f6ty\u00e4 kaikille, jotka suunnittelevat matkaa Tangeriin ja haluavat suunnitella kuljetuskustannuksiaan tehokkaasti.<\/p>\n<\/div>\n            <div class=\"rpc-chart-bars\">\n                                    <div class=\"rpc-chart-column\">\n                        <div class=\"rpc-chart-inner\" style=\"height: 24.528301886792%\">\n                            <div class=\"rpc-chart-column-value\">13 \u20ac<\/div>\n                            <div class=\"rpc-chart-month\">JAN<\/div>\n                        <\/div>\n                    <\/div>\n                                    <div class=\"rpc-chart-column\">\n                        <div class=\"rpc-chart-inner\" style=\"height: 26.415094339623%\">\n                            <div class=\"rpc-chart-column-value\">14 \u20ac<\/div>\n                            <div class=\"rpc-chart-month\">FEB<\/div>\n                        <\/div>\n                    <\/div>\n                                    <div class=\"rpc-chart-column\">\n                        <div class=\"rpc-chart-inner\" style=\"height: 28.301886792453%\">\n                            <div class=\"rpc-chart-column-value\">15 \u20ac<\/div>\n                            <div class=\"rpc-chart-month\">MAR<\/div>\n                        <\/div>\n                    <\/div>\n                                    <div class=\"rpc-chart-column\">\n                        <div class=\"rpc-chart-inner\" style=\"height: 45.283018867925%\">\n                            <div class=\"rpc-chart-column-value\">24 \u20ac<\/div>\n                            <div class=\"rpc-chart-month\">APR<\/div>\n                        <\/div>\n                    <\/div>\n                                    <div class=\"rpc-chart-column\">\n                        <div class=\"rpc-chart-inner\" style=\"height: 32.075471698113%\">\n                            <div class=\"rpc-chart-column-value\">17 \u20ac<\/div>\n                            <div class=\"rpc-chart-month\">MAY<\/div>\n                        <\/div>\n                    <\/div>\n                                    <div class=\"rpc-chart-column\">\n                        <div class=\"rpc-chart-inner\" style=\"height: 30.188679245283%\">\n                            <div class=\"rpc-chart-column-value\">16 \u20ac<\/div>\n                            <div class=\"rpc-chart-month\">JUN<\/div>\n                        <\/div>\n                    <\/div>\n                                    <div class=\"rpc-chart-column\">\n                        <div class=\"rpc-chart-inner\" style=\"height: 52.830188679245%\">\n                            <div class=\"rpc-chart-column-value\">28 \u20ac<\/div>\n                            <div class=\"rpc-chart-month\">JUL<\/div>\n                        <\/div>\n                    <\/div>\n                                    <div class=\"rpc-chart-column\">\n                        <div class=\"rpc-chart-inner\" style=\"height: 62.264150943396%\">\n                            <div class=\"rpc-chart-column-value\">33 \u20ac<\/div>\n                            <div class=\"rpc-chart-month\">AUG<\/div>\n                        <\/div>\n                    <\/div>\n                                    <div class=\"rpc-chart-column\">\n                        <div class=\"rpc-chart-inner\" style=\"height: 39.622641509434%\">\n                            <div class=\"rpc-chart-column-value\">21 \u20ac<\/div>\n                            <div class=\"rpc-chart-month\">SEP<\/div>\n                        <\/div>\n                    <\/div>\n                                    <div class=\"rpc-chart-column\">\n                        <div class=\"rpc-chart-inner\" style=\"height: 35.849056603774%\">\n                            <div class=\"rpc-chart-column-value\">19 \u20ac<\/div>\n                            <div class=\"rpc-chart-month\">OCT<\/div>\n                        <\/div>\n                    <\/div>\n                                    <div class=\"rpc-chart-column\">\n                        <div class=\"rpc-chart-inner\" style=\"height: 32.075471698113%\">\n                            <div class=\"rpc-chart-column-value\">17 \u20ac<\/div>\n                            <div class=\"rpc-chart-month\">NOV<\/div>\n                        <\/div>\n                    <\/div>\n                                    <div class=\"rpc-chart-column\">\n                        <div class=\"rpc-chart-inner\" style=\"height: 41.509433962264%\">\n                            <div class=\"rpc-chart-column-value\">22 \u20ac<\/div>\n                            <div class=\"rpc-chart-month\">DEC<\/div>\n                        <\/div>\n                    <\/div>\n                            <\/div>\n        <\/div>\n        \n<h2>Autonvuokraus Tangier: Asiakirjat<\/h2>\n<p>Marokko on avoin maa, joka on matkailijoiden saavutettavissa kaikkialta maailmasta. Siksi vuokraamiseen vaaditaan vain tavanomaisia asiakirjoja:<\/p>\n<ol>\n<li>Ajokortti (vaaditaan 2 vuoden kokemus).<\/li>\n<li>Passi tai henkil\u00f6kortti<\/li>\n<li>Voucher tai varaustodistus<\/li>\n<li>Luottokortti (valinnainen).<\/li>\n<\/ol>\n","protected":false},"excerpt":{"rendered":"<p>Autonvuokraus Tangier RosCarilta Pohjois-Marokko on kahden mantereen (Eurooppa ja Afrikka) kohtaamispaikka, jossa ilmasto on l\u00e4mmin 365 p\u00e4iv\u00e4\u00e4 vuodessa ja aina valoisia muistoja. T\u00e4\u00e4lt\u00e4 voit vuokrata auton Tangerissa ja vied\u00e4 matkasi aivan uudelle tasolle: V\u00e4hemm\u00e4n kuluja julkiseen liikenteeseen tai takseihin Vapaus liikkua milloin haluat Helppo nouto ja varaus 24\/7 Edulliset hinnat korkealla laadulla. Etsitk\u00f6 yh\u00e4 parasta [&hellip;]<\/p>\n","protected":false},"author":1,"featured_media":282,"parent":0,"menu_order":0,"comment_status":"closed","ping_status":"closed","template":"","meta":{"footnotes":""},"class_list":["post-2512","page","type-page","status-publish","has-post-thumbnail",""],"_links":{"self":[{"href":"https:\/\/roscar.ma\/fi\/wp-json\/wp\/v2\/pages\/2512","targetHints":{"allow":["GET"]}}],"collection":[{"href":"https:\/\/roscar.ma\/fi\/wp-json\/wp\/v2\/pages"}],"about":[{"href":"https:\/\/roscar.ma\/fi\/wp-json\/wp\/v2\/types\/page"}],"author":[{"embeddable":true,"href":"https:\/\/roscar.ma\/fi\/wp-json\/wp\/v2\/users\/1"}],"replies":[{"embeddable":true,"href":"https:\/\/roscar.ma\/fi\/wp-json\/wp\/v2\/comments?post=2512"}],"version-history":[{"count":1,"href":"https:\/\/roscar.ma\/fi\/wp-json\/wp\/v2\/pages\/2512\/revisions"}],"predecessor-version":[{"id":2513,"href":"https:\/\/roscar.ma\/fi\/wp-json\/wp\/v2\/pages\/2512\/revisions\/2513"}],"wp:featuredmedia":[{"embeddable":true,"href":"https:\/\/roscar.ma\/fi\/wp-json\/wp\/v2\/media\/282"}],"wp:attachment":[{"href":"https:\/\/roscar.ma\/fi\/wp-json\/wp\/v2\/media?parent=2512"}],"curies":[{"name":"wp","href":"https:\/\/api.w.org\/{rel}","templated":true}]}}