{"id":2141,"date":"2025-07-17T11:30:24","date_gmt":"2025-07-17T11:30:24","guid":{"rendered":"https:\/\/roscar.ma\/?page_id=2141"},"modified":"2025-07-26T11:04:45","modified_gmt":"2025-07-26T11:04:45","slug":"autonvuokraus-agadir","status":"publish","type":"page","link":"https:\/\/roscar.ma\/fi\/autonvuokraus-agadir\/","title":{"rendered":"Autonvuokraus Agadir"},"content":{"rendered":"<h2>Autonvuokraus Agadir RosCarilta<\/h2>\n<p>Marokko on maa, jossa on ainutlaatuinen tunnelma, eloisat maisemat ja kymmeni\u00e4 hienoja rannikon lomakohteita. Se on t\u00e4ydellinen paikka niille, jotka etsiv\u00e4t jotain muutakin kuin vain rentoutumista rannalla. Ja on vain yksi keino, jos haluat ottaa matkastasi kaiken irti ja saada eloisat tuntemukset t\u00e4yteen: autonvuokraus Agadirissa. Oletko valmis hankkimaan omasi? Varaa sitten nyt RosCarilta, niin p\u00e4\u00e4set:<\/p>\n<ul>\n<li>Valitse parhaat tarjoukset win-win -ehdoilla.<\/li>\n<li>Varustaa lis\u00e4varusteita, jotka tekev\u00e4t el\u00e4m\u00e4st\u00e4 parempaa ja helpompaa<\/li>\n<li>Liikkua ainutlaatuista polkuasi pitkin ilman, ett\u00e4 olet sidottu jonkun muun aikatauluun<\/li>\n<li>Ottaa alhaiset hinnat pitk\u00e4aikaisesta autonvuokrauksesta.<\/li>\n<\/ul>\n<h2>Autonvuokraus Agadir: Opas<\/h2>\n<p>Ennen kuin painat &#8221;Varaa nyt&#8221; -painiketta, suosittelemme lukemaan lyhyen esittelyn. T\u00e4m\u00e4 on tuhansien aktiivisten matkailijoiden polku eri puolilta maailmaa, jonka avulla voit ottaa mit\u00e4 et tule katumaan.<\/p>\n<h3>1. Valitse ajoneuvotyyppi, joka sopii budjettiisi ja tavoitteisiisi<\/h3>\n<p>Halpa autonvuokraus Agadirissa on saatavilla vain niille, jotka valitsevat oikean tyypin:<\/p>\n<ul>\n<li>Standard auto (Bestseller Marokossa)<\/li>\n<li>Crossover tai SUV<\/li>\n<li>Miniauto tai Economy-auto<\/li>\n<li>Pienoisauto tai pakettiauto<\/li>\n<li>Cabrio, Luxury tai muut.<\/li>\n<\/ul>\n<h3>2. Ent\u00e4 lis\u00e4palvelut?<\/h3>\n<p>T\u00e4m\u00e4 on varauksen osa, jonka monet matkailijat usein ohittavat, mutta sitten katuvat, etteiv\u00e4t ole kiinnitt\u00e4neet siihen enemm\u00e4n huomiota. Ehk\u00e4 t\u00e4ss\u00e4 on jotain, joka tekee autonvuokrauksestasi Agadirissa paremman:<\/p>\n<ul>\n<li>Lis\u00e4vakuutus: Taloudelliset riskit ovat pienemm\u00e4t, jos olet maksanut p\u00e4ivityksen Full Coverage- tai SuperCDW-korvaukseen.<\/li>\n<li>Ilmainen peruutus: Jos et ole 100-prosenttisen varma suunnitelmistasi.<\/li>\n<li>Rajoittamaton kilometrim\u00e4\u00e4r\u00e4: Nollamaksut loputtomiin matkustusmahdollisuuksiin.<\/li>\n<li>Ei talletusta: Ei tarvitse leikata budjettia, kokeile luottokorttien talletuskieltoja.<\/li>\n<li>Taattu malli: Sama auto varataan, ei poikkeuksia.<\/li>\n<li>Voimansiirto: Automaattivaihteisto: Et tule yll\u00e4ttym\u00e4\u00e4n, kun kuulet, ett\u00e4 suosittelemme automaattivaihteistoa.<\/li>\n<li>Ei luottokorttia: Monet hyv\u00e4t ajoneuvot ovat saatavilla t\u00e4ll\u00e4 ilmaisella ominaisuudella.<\/li>\n<li>SIM-kortti: Matkustaminen vuonna 2025 on mahdotonta ilman vakaata ja halpaa internet-yhteytt\u00e4.<\/li>\n<li>Lis\u00e4kuljettaja: Valitse t\u00e4m\u00e4 vaihtoehto, jos haluat antaa yst\u00e4v\u00e4si ajaa tien p\u00e4\u00e4ll\u00e4.<\/li>\n<li>Lastenistuin: Alle 10-vuotiaiden lasten on oltava Marokossa lastenistuimessa.<\/li>\n<\/ul>\n<blockquote class=\"check\">\n<h2>Agadirin autonvuokraus:<\/h2>\n<p>Onko sinulla ajokortti ja oletko yli 21-vuotias? Hae sitten Agadirin autonvuokraus mahdollisimman pian:<\/p>\n<ol>\n<li>M\u00e4\u00e4rit\u00e4 sijainnit ja p\u00e4iv\u00e4m\u00e4\u00e4r\u00e4t.<\/li>\n<li>Mene suodattimiin muokkaamaan hakua.<\/li>\n<li>L\u00f6ysitk\u00f6 haluamasi ajoneuvon listalta? Varaa nyt.<\/li>\n<li>Lis\u00e4\u00e4 lis\u00e4palvelut tai vakuutustyyppi (jos tarvitset p\u00e4ivityksen).<\/li>\n<li>T\u00e4yt\u00e4 kuljettajan tiedot.<\/li>\n<li>Vahvista.<\/li>\n<\/ol>\n<p>Varauksen vahvistaminen RosCarissa tapahtuu pankkikortilla, joka vaatii noin viidenneksen vuokranmaksusta. Voucher (varausvahvistus) l\u00e4hetet\u00e4\u00e4n heti, kun maksu on hyvitetty.<\/p><\/blockquote>\n<h2>Autonvuokraus Agadir hinta<\/h2>\n<p>Yhden p\u00e4iv\u00e4n ajo vuokra-autolla maksaa:<\/p>\n<ul>\n<li>15-20 dollaria Economy\/Mini<\/li>\n<li>25-35 dollaria Standard\/Compact<\/li>\n<li>40-60 dollaria Crossover\/SUV\/Minivan.<\/li>\n<li>$80+ Luxury\/Convertible.<\/li>\n<\/ul>\n<p>N\u00e4m\u00e4 ovat vain suuntaa-antavia arvoja, jotka on laskettu vuoden keskiarvona. Autonvuokraus Agadirissa tulee halvemmaksi, jos:<\/p>\n<ul>\n<li>Pysyttele poissa viime hetken sesonkiajoista tai lomista<\/li>\n<li>Etsit pitk\u00e4aikaista autonvuokrausta<\/li>\n<li>Nouto kaupungista (lentoasema tai kuljetus on kalliimpi).<\/li>\n<li>teet varauksen ajoissa (10-20 p\u00e4iv\u00e4\u00e4 ennen matkan alkua).<\/li>\n<\/ul>\n<p>Suosittelemme my\u00f6s hintavertailua:<\/p>\n<h3>Taulukko autonvuokrauksen hinnoista kohteessa Agadir, Marokko<\/h3>\n<table border=\"1\" cellspacing=\"0\" cellpadding=\"0\">\n<thead>\n<tr>\n<th>Auton malli<\/th>\n<th>Korityyppi<\/th>\n<th>Hinta per p\u00e4iv\u00e4 (hiljainen sesonki)<\/th>\n<th>Hinta per p\u00e4iv\u00e4 (sesonkiaika)<\/th>\n<th>Matkustajat<\/th>\n<th>Matkatavaroiden m\u00e4\u00e4r\u00e4<\/th>\n<\/tr>\n<\/thead>\n<tbody>\n<tr>\n<td>Fiat Panda<\/td>\n<td>Viistoper\u00e4<\/td>\n<td>19 \u20ac<\/td>\n<td>25 \u20ac<\/td>\n<td>4<\/td>\n<td>1<\/td>\n<\/tr>\n<tr>\n<td>Kia Picanto<\/td>\n<td>Viistoper\u00e4<\/td>\n<td>21 \u20ac<\/td>\n<td>28 \u20ac<\/td>\n<td>4<\/td>\n<td>1<\/td>\n<\/tr>\n<tr>\n<td>Dacia Logan<\/td>\n<td>Sedan<\/td>\n<td>23 \u20ac<\/td>\n<td>31 \u20ac<\/td>\n<td>5<\/td>\n<td>2<\/td>\n<\/tr>\n<tr>\n<td>Hyundai i20<\/td>\n<td>Viistoper\u00e4<\/td>\n<td>25 \u20ac<\/td>\n<td>34 \u20ac<\/td>\n<td>5<\/td>\n<td>2<\/td>\n<\/tr>\n<tr>\n<td>Peugeot 208<\/td>\n<td>Viistoper\u00e4<\/td>\n<td>26 \u20ac<\/td>\n<td>35 \u20ac<\/td>\n<td>5<\/td>\n<td>2<\/td>\n<\/tr>\n<tr>\n<td>Renault Clio<\/td>\n<td>Viistoper\u00e4<\/td>\n<td>27 \u20ac<\/td>\n<td>37 \u20ac<\/td>\n<td>5<\/td>\n<td>2<\/td>\n<\/tr>\n<tr>\n<td>Citro\u00ebn C-Elys\u00e9e<\/td>\n<td>Sedan<\/td>\n<td>28 \u20ac<\/td>\n<td>38 \u20ac<\/td>\n<td>5<\/td>\n<td>3<\/td>\n<\/tr>\n<tr>\n<td>Renault Captur<\/td>\n<td>Crossover<\/td>\n<td>33 \u20ac<\/td>\n<td>44 \u20ac<\/td>\n<td>5<\/td>\n<td>3<\/td>\n<\/tr>\n<tr>\n<td>Dacia Duster<\/td>\n<td>SUV<\/td>\n<td>37 \u20ac<\/td>\n<td>48 \u20ac<\/td>\n<td>5<\/td>\n<td>3<\/td>\n<\/tr>\n<tr>\n<td>Peugeot 3008<\/td>\n<td>SUV<\/td>\n<td>54 \u20ac<\/td>\n<td>68 \u20ac<\/td>\n<td>5<\/td>\n<td>4<\/td>\n<\/tr>\n<\/tbody>\n<\/table>\n        <div class=\"rpc-chart\">\n            <h3>Autonvuokrauksen hintojen kausivaihtelut kohteessa Agadir: todellinen analyysi perustuu varauksiin.<\/h3>\n            <div><p>Viimeisten kolmen vuoden aikana roscar.ma-tiimi on ker\u00e4nnyt ja analysoinut tietoja autonvuokrauksen keskim\u00e4\u00e4r\u00e4isist\u00e4 hinnoista Agadirissa. Kaikki tulokset perustuvat todellisiin varauksiin, jotka on tehty alustan kautta, joka toimii yksinomaan luotettavien paikallisten kumppaneiden kanssa.<\/p>\n<p>Tutkimuksessa on otettu huomioon kaikki autoluokat - pienikokoisista kaupunkimalleista tilaviin katumaastureihin, avoautoihin ja business-luokan autoihin. T\u00e4m\u00e4n l\u00e4hestymistavan avulla voidaan tunnistaa tarkat kausittaiset hintatrendit ja tarjota asiakkaille hy\u00f6dyllisimm\u00e4t tiedot matkan suunnittelua varten.<\/p>\n<p>RosCar Marokon asiantuntijat tuntevat Marokon autonvuokrausmarkkinat syv\u00e4llisesti ja ty\u00f6skentelev\u00e4t p\u00e4ivitt\u00e4in p\u00e4ivitt\u00e4\u00e4kseen ajantasaiset tilastot. N\u00e4in varmistetaan, ett\u00e4 k\u00e4ytt\u00e4j\u00e4t eiv\u00e4t saa vain keskiarvoja vaan luotettavaa, k\u00e4yt\u00e4nn\u00f6llist\u00e4 ja todellisia olosuhteita vastaavaa tietoa.<\/p>\n<\/div>\n            <div class=\"rpc-chart-bars\">\n                                    <div class=\"rpc-chart-column\">\n                        <div class=\"rpc-chart-inner\" style=\"height: 27.659574468085%\">\n                            <div class=\"rpc-chart-column-value\">13 \u20ac<\/div>\n                            <div class=\"rpc-chart-month\">JAN<\/div>\n                        <\/div>\n                    <\/div>\n                                    <div class=\"rpc-chart-column\">\n                        <div class=\"rpc-chart-inner\" style=\"height: 29.787234042553%\">\n                            <div class=\"rpc-chart-column-value\">14 \u20ac<\/div>\n                            <div class=\"rpc-chart-month\">FEB<\/div>\n                        <\/div>\n                    <\/div>\n                                    <div class=\"rpc-chart-column\">\n                        <div class=\"rpc-chart-inner\" style=\"height: 27.659574468085%\">\n                            <div class=\"rpc-chart-column-value\">13 \u20ac<\/div>\n                            <div class=\"rpc-chart-month\">MAR<\/div>\n                        <\/div>\n                    <\/div>\n                                    <div class=\"rpc-chart-column\">\n                        <div class=\"rpc-chart-inner\" style=\"height: 38.297872340426%\">\n                            <div class=\"rpc-chart-column-value\">18 \u20ac<\/div>\n                            <div class=\"rpc-chart-month\">APR<\/div>\n                        <\/div>\n                    <\/div>\n                                    <div class=\"rpc-chart-column\">\n                        <div class=\"rpc-chart-inner\" style=\"height: 29.787234042553%\">\n                            <div class=\"rpc-chart-column-value\">14 \u20ac<\/div>\n                            <div class=\"rpc-chart-month\">MAY<\/div>\n                        <\/div>\n                    <\/div>\n                                    <div class=\"rpc-chart-column\">\n                        <div class=\"rpc-chart-inner\" style=\"height: 27.659574468085%\">\n                            <div class=\"rpc-chart-column-value\">13 \u20ac<\/div>\n                            <div class=\"rpc-chart-month\">JUN<\/div>\n                        <\/div>\n                    <\/div>\n                                    <div class=\"rpc-chart-column\">\n                        <div class=\"rpc-chart-inner\" style=\"height: 46.808510638298%\">\n                            <div class=\"rpc-chart-column-value\">22 \u20ac<\/div>\n                            <div class=\"rpc-chart-month\">JUL<\/div>\n                        <\/div>\n                    <\/div>\n                                    <div class=\"rpc-chart-column\">\n                        <div class=\"rpc-chart-inner\" style=\"height: 57.446808510638%\">\n                            <div class=\"rpc-chart-column-value\">27 \u20ac<\/div>\n                            <div class=\"rpc-chart-month\">AUG<\/div>\n                        <\/div>\n                    <\/div>\n                                    <div class=\"rpc-chart-column\">\n                        <div class=\"rpc-chart-inner\" style=\"height: 31.914893617021%\">\n                            <div class=\"rpc-chart-column-value\">15 \u20ac<\/div>\n                            <div class=\"rpc-chart-month\">SEP<\/div>\n                        <\/div>\n                    <\/div>\n                                    <div class=\"rpc-chart-column\">\n                        <div class=\"rpc-chart-inner\" style=\"height: 38.297872340426%\">\n                            <div class=\"rpc-chart-column-value\">18 \u20ac<\/div>\n                            <div class=\"rpc-chart-month\">OCT<\/div>\n                        <\/div>\n                    <\/div>\n                                    <div class=\"rpc-chart-column\">\n                        <div class=\"rpc-chart-inner\" style=\"height: 31.914893617021%\">\n                            <div class=\"rpc-chart-column-value\">15 \u20ac<\/div>\n                            <div class=\"rpc-chart-month\">NOV<\/div>\n                        <\/div>\n                    <\/div>\n                                    <div class=\"rpc-chart-column\">\n                        <div class=\"rpc-chart-inner\" style=\"height: 40.425531914894%\">\n                            <div class=\"rpc-chart-column-value\">19 \u20ac<\/div>\n                            <div class=\"rpc-chart-month\">DEC<\/div>\n                        <\/div>\n                    <\/div>\n                            <\/div>\n        <\/div>\n        \n<h2>Autonvuokraus Agadirissa: Asiakirjat<\/h2>\n<p>Autonvuokraukseen Agadirissa vaaditaan 21-25 vuoden ik\u00e4, jonkin verran ajokokemusta ja seuraavat asiakirjat:<\/p>\n<ol>\n<li>Luottokortti (vapaaehtoinen)<\/li>\n<li>Passi<\/li>\n<li>Tosite\/varauskirja<\/li>\n<li>Ajokortti (tai IDP).<\/li>\n<\/ol>\n<p>Autonvuokraus Agadir on v\u00e4ltt\u00e4m\u00e4t\u00f6n palvelu matkailijoille, jotka haluavat n\u00e4hd\u00e4 paitsi Agadirin, my\u00f6s koko Marokon.<\/p>\n","protected":false},"excerpt":{"rendered":"<p>Autonvuokraus Agadir RosCarilta Marokko on maa, jossa on ainutlaatuinen tunnelma, eloisat maisemat ja kymmeni\u00e4 hienoja rannikon lomakohteita. Se on t\u00e4ydellinen paikka niille, jotka etsiv\u00e4t jotain muutakin kuin vain rentoutumista rannalla. Ja on vain yksi keino, jos haluat ottaa matkastasi kaiken irti ja saada eloisat tuntemukset t\u00e4yteen: autonvuokraus Agadirissa. Oletko valmis hankkimaan omasi? Varaa sitten nyt [&hellip;]<\/p>\n","protected":false},"author":1,"featured_media":792,"parent":0,"menu_order":0,"comment_status":"closed","ping_status":"closed","template":"","meta":{"footnotes":""},"class_list":["post-2141","page","type-page","status-publish","has-post-thumbnail",""],"_links":{"self":[{"href":"https:\/\/roscar.ma\/fi\/wp-json\/wp\/v2\/pages\/2141","targetHints":{"allow":["GET"]}}],"collection":[{"href":"https:\/\/roscar.ma\/fi\/wp-json\/wp\/v2\/pages"}],"about":[{"href":"https:\/\/roscar.ma\/fi\/wp-json\/wp\/v2\/types\/page"}],"author":[{"embeddable":true,"href":"https:\/\/roscar.ma\/fi\/wp-json\/wp\/v2\/users\/1"}],"replies":[{"embeddable":true,"href":"https:\/\/roscar.ma\/fi\/wp-json\/wp\/v2\/comments?post=2141"}],"version-history":[{"count":1,"href":"https:\/\/roscar.ma\/fi\/wp-json\/wp\/v2\/pages\/2141\/revisions"}],"predecessor-version":[{"id":2142,"href":"https:\/\/roscar.ma\/fi\/wp-json\/wp\/v2\/pages\/2141\/revisions\/2142"}],"wp:featuredmedia":[{"embeddable":true,"href":"https:\/\/roscar.ma\/fi\/wp-json\/wp\/v2\/media\/792"}],"wp:attachment":[{"href":"https:\/\/roscar.ma\/fi\/wp-json\/wp\/v2\/media?parent=2141"}],"curies":[{"name":"wp","href":"https:\/\/api.w.org\/{rel}","templated":true}]}}