{"id":2092,"date":"2025-07-17T11:14:56","date_gmt":"2025-07-17T11:14:56","guid":{"rendered":"https:\/\/roscar.ma\/?page_id=2092"},"modified":"2025-07-25T15:28:16","modified_gmt":"2025-07-25T15:28:16","slug":"autonvuokraus-fes","status":"publish","type":"page","link":"https:\/\/roscar.ma\/fi\/autonvuokraus-fes\/","title":{"rendered":"Autonvuokraus F\u00e8s"},"content":{"rendered":"<h2>Autonvuokraus F\u00e8s RosCarilta.<\/h2>\n<p>L\u00e4hes jokaisella maalla on ep\u00e4virallinen p\u00e4\u00e4kaupunki, joka on koko valtion kulttuuriel\u00e4m\u00e4n keskus. Haluatko l\u00f6yt\u00e4\u00e4 t\u00e4m\u00e4n kauniin kaupungin Marokosta? Silloin sinun t\u00e4ytyy vuokrata auto Fesiss\u00e4, jotta:<\/p>\n<ul>\n<li>Saat parhaan ajokokemuksen edulliseen hintaan<\/li>\n<li>Valitse paras ajoneuvo, jossa on ihanteelliset lis\u00e4laitteet<\/li>\n<li>vied\u00e4 matkasi mukavuuden toiselle tasolle<\/li>\n<li>\u00c4l\u00e4 ole rajoitettu matkavaihtoehdoissasi.<\/li>\n<\/ul>\n<p>Vuokraa auto Fesiss\u00e4 RosCarin kautta ja voit paljastaa kaikki t\u00e4m\u00e4n h\u00e4mm\u00e4stytt\u00e4v\u00e4n arabimaailman salaisuudet. Valmistele kuitenkin ensin korttisi varauksen vahvistamista varten, sill\u00e4 muuta tapaa ei ole saada ajoneuvoasi. Varaa nyt.<\/p>\n<h2>Autonvuokraus F\u00e8s: Opas<\/h2>\n<p>Joskus kokeneetkin matkailijat tarvitsevat hyvi\u00e4 neuvoja. T\u00e4llaisten vinkkien avulla voit maksaa v\u00e4hemm\u00e4n ja saada parhaan mahdollisen vastineen lyhyess\u00e4 ajassa.<\/p>\n<h3>Vinkki yksi: K\u00e4yt\u00e4 suodattimia tyypin mukaan<\/h3>\n<p>\u00c4l\u00e4 tuhlaa aikaa etsim\u00e4ll\u00e4 ajoneuvoja, joista et ole kiinnostunut. Valitse vain yksi:<\/p>\n<ul>\n<li>Economy<\/li>\n<li>Standard<\/li>\n<li>Mini<\/li>\n<li>Cabrio<\/li>\n<li>SUV tai Crossover<\/li>\n<li>Pienoisauto tai pakettiauto<\/li>\n<li>Muu.<\/li>\n<\/ul>\n<h3>Vinkki kaksi: Etsi lis\u00e4varusteita<\/h3>\n<p>Et yht\u00e4, vaan tusinan verran lis\u00e4varusteita voit saada halvalla autonvuokrauksesta Fesiss\u00e4:<\/p>\n<ul>\n<li>Ei luottokorttia: Mik\u00e4 tahansa muu luottokortti tai k\u00e4teinen k\u00e4y.<\/li>\n<li>SIM-kortti: Tarvitset sellaisen, jotta voit liikkua Fesin monissa n\u00e4ht\u00e4vyyksiss\u00e4.<\/li>\n<li>Lis\u00e4kuljettaja: Kuka tahansa, joka t\u00e4ytt\u00e4\u00e4 vuokrauksen ik\u00e4vaatimukset.<\/li>\n<li>Lastenistuin: Lasten kanssa matkustamisen pit\u00e4isi olla turvallista.<\/li>\n<li>Ilmainen peruutus: Jos peruutat varauksen 48 tuntia etuk\u00e4teen, varausmaksut palautetaan.<\/li>\n<li>Rajoittamaton kilometrim\u00e4\u00e4r\u00e4: Loputon m\u00e4\u00e4r\u00e4 uskomatonta arabialaista kauneutta.<\/li>\n<li>Ei talletusta: V\u00e4hemm\u00e4n stressi\u00e4 mukana, kun kyseess\u00e4 on talletukseton esto luottokortilla.<\/li>\n<li>Taattu malli: Nouto on sama ajoneuvo kuin mit\u00e4 pyysit.<\/li>\n<li>Voimansiirto: Kumman haluat, manuaalivai automaattivaihteiston?<\/li>\n<li>Lis\u00e4vakuutus: Super CDW tai Full Coverage ovat parhaat p\u00e4ivitysvaihtoehdot.<\/li>\n<\/ul>\n<blockquote class=\"info\">\n<h2>Fesin autonvuokraus yksityiskohtaisesti<\/h2>\n<p>RosCarilla on yksinkertainen varausmenettely, jonka kuka tahansa aikuinen (21 vuotta t\u00e4ytt\u00e4nyt) voi hoitaa:<\/p>\n<ol>\n<li>M\u00e4\u00e4rit\u00e4 p\u00e4iv\u00e4m\u00e4\u00e4r\u00e4t ja paikat<\/li>\n<li>Siirry suodattimiin, napsauta haluamasi.<\/li>\n<li>Selaa listaa ja Varaa nyt, kun n\u00e4et parhaan.<\/li>\n<li>Valitse vakuutustyyppi (vakio- tai p\u00e4ivitysvakuutus) sek\u00e4 lis\u00e4vaihtoehdot.<\/li>\n<li>T\u00e4yt\u00e4 kuljettajan t\u00e4rkeimm\u00e4t tiedot.<\/li>\n<li>Vahvista.<\/li>\n<\/ol>\n<p>Fesin autonvuokraus vaatii mink\u00e4 tahansa pankkikortin automaattisen vahvistuksen. Maksun m\u00e4\u00e4r\u00e4 voi vaihdella viidenneksest\u00e4 koko vuokrasummaan.<\/p><\/blockquote>\n<h2>Autonvuokraus F\u00e8s Hinta<\/h2>\n<p>Afrikan Ateena tuskin on halpa paikka matkustaa, mutta aina l\u00f6ytyy ajoneuvo mihin tahansa budjettiin:<\/p>\n<ul>\n<li>20-30 dollaria Mini tai Economy<\/li>\n<li>30-40 dollaria Standard<\/li>\n<li>40-55 dollaria tila-auto, katumaasturi tai crossover.<\/li>\n<li>70 dollaria tai enemm\u00e4n luksusautolle tai avoautolle.<\/li>\n<\/ul>\n<p>Huomioithan, ett\u00e4 hinnat eiv\u00e4t v\u00e4ltt\u00e4m\u00e4tt\u00e4 ole aina sellaiset kuin ne ovat. Keskim\u00e4\u00e4r\u00e4inen p\u00e4iv\u00e4hinta voi vaihdella huomattavasti useista tekij\u00f6ist\u00e4 riippuen:<\/p>\n<ul>\n<li>Vuokrauksen kesto<\/li>\n<li>Noutotapa (Fezin kaupunki tai lentokentt\u00e4).<\/li>\n<li>Lis\u00e4vaihtoehtojen m\u00e4\u00e4r\u00e4<\/li>\n<li>Operaattorin ty\u00f6m\u00e4\u00e4r\u00e4.<\/li>\n<\/ul>\n<p>N\u00e4in voit vertailla autonvuokrauksen hintaa Feziss\u00e4:<\/p>\n<h3>Fes, Marokko: Hintataulukko autonvuokrauksen hinnoista kohteessa Fes, Marokko.<\/h3>\n<table border=\"1\">\n<thead>\n<tr>\n<th>Auton malli<\/th>\n<th>Korityyppi<\/th>\n<th>Hinta per p\u00e4iv\u00e4 (hiljainen sesonki)<\/th>\n<th>Hinta per p\u00e4iv\u00e4 (sesonkiaika)<\/th>\n<th>Matkustajat<\/th>\n<th>Matkatavaroiden m\u00e4\u00e4r\u00e4<\/th>\n<\/tr>\n<\/thead>\n<tbody>\n<tr>\n<td>Fiat Panda<\/td>\n<td>Viistoper\u00e4<\/td>\n<td>19 \u20ac<\/td>\n<td>26 \u20ac<\/td>\n<td>4<\/td>\n<td>1<\/td>\n<\/tr>\n<tr>\n<td>Hyundai i10<\/td>\n<td>Viistoper\u00e4<\/td>\n<td>21 \u20ac<\/td>\n<td>28 \u20ac<\/td>\n<td>4<\/td>\n<td>1<\/td>\n<\/tr>\n<tr>\n<td>Kia Picanto<\/td>\n<td>Viistoper\u00e4<\/td>\n<td>22 \u20ac<\/td>\n<td>30 \u20ac<\/td>\n<td>4<\/td>\n<td>1<\/td>\n<\/tr>\n<tr>\n<td>Peugeot 208<\/td>\n<td>Viistoper\u00e4<\/td>\n<td>24 \u20ac<\/td>\n<td>33 \u20ac<\/td>\n<td>5<\/td>\n<td>2<\/td>\n<\/tr>\n<tr>\n<td>Dacia Logan<\/td>\n<td>Sedan<\/td>\n<td>25 \u20ac<\/td>\n<td>34 \u20ac<\/td>\n<td>5<\/td>\n<td>2<\/td>\n<\/tr>\n<tr>\n<td>Renault Clio<\/td>\n<td>Viistoper\u00e4<\/td>\n<td>27 \u20ac<\/td>\n<td>36 \u20ac<\/td>\n<td>5<\/td>\n<td>2<\/td>\n<\/tr>\n<tr>\n<td>Citro\u00ebn C-Elys\u00e9e<\/td>\n<td>Sedan<\/td>\n<td>28 \u20ac<\/td>\n<td>38 \u20ac<\/td>\n<td>5<\/td>\n<td>3<\/td>\n<\/tr>\n<tr>\n<td>Renault Captur<\/td>\n<td>Crossover<\/td>\n<td>32 \u20ac<\/td>\n<td>43 \u20ac<\/td>\n<td>5<\/td>\n<td>3<\/td>\n<\/tr>\n<tr>\n<td>Dacia Duster<\/td>\n<td>SUV<\/td>\n<td>36 \u20ac<\/td>\n<td>47 \u20ac<\/td>\n<td>5<\/td>\n<td>3<\/td>\n<\/tr>\n<tr>\n<td>Peugeot 3008<\/td>\n<td>SUV<\/td>\n<td>52 \u20ac<\/td>\n<td>66 \u20ac<\/td>\n<td>5<\/td>\n<td>4<\/td>\n<\/tr>\n<\/tbody>\n<\/table>\n        <div class=\"rpc-chart\">\n            <h3>Kuinka autonvuokrauksen hinnat Feziss\u00e4 muuttuvat vuodenajan mukaan: analyysi perustuu todellisiin varauksiin<\/h3>\n            <div><p>Kolmen vuoden aikana olemme kirjanneet muutokset Fezin, Vikorystin ja roscar.ma-alustan kautta tehtyjen todellisten varauksien keskim\u00e4\u00e4r\u00e4isiss\u00e4 hinnoissa. Ty\u00f6skentelemme vain vahvistettujen paikallisten vuokrausyritysten kanssa, mik\u00e4 takaa vuokrausalan tuntemuksen ja luotettavuuden.<\/p>\n<p>Analyysi kattaa kaikki kuljetusajoneuvot: edullisista paikallisliikenteeseen tarkoitetuista viistoper\u00e4autoista hy\u00f6tyajoneuvoihin, avoautoihin ja premium-luokan autoihin. T\u00e4m\u00e4 l\u00e4hestymistapa mahdollistaa tyypillisten kausittaisten hintavaihteluiden tunnistamisen ja v\u00e4litt\u00f6m\u00e4n reagoimisen hintamuutoksiin.<\/p>\n<p>Tutustu tietoihimme ja selvit\u00e4 paras aika vuokrata auto. RosCar on luotettava apulaisesi, kun suunnittelet manuaalista ja tehokasta kuljetusta Marokossa.<\/p>\n<\/div>\n            <div class=\"rpc-chart-bars\">\n                                    <div class=\"rpc-chart-column\">\n                        <div class=\"rpc-chart-inner\" style=\"height: 25%\">\n                            <div class=\"rpc-chart-column-value\">12 \u20ac<\/div>\n                            <div class=\"rpc-chart-month\">JAN<\/div>\n                        <\/div>\n                    <\/div>\n                                    <div class=\"rpc-chart-column\">\n                        <div class=\"rpc-chart-inner\" style=\"height: 27.083333333333%\">\n                            <div class=\"rpc-chart-column-value\">13 \u20ac<\/div>\n                            <div class=\"rpc-chart-month\">FEB<\/div>\n                        <\/div>\n                    <\/div>\n                                    <div class=\"rpc-chart-column\">\n                        <div class=\"rpc-chart-inner\" style=\"height: 29.166666666667%\">\n                            <div class=\"rpc-chart-column-value\">14 \u20ac<\/div>\n                            <div class=\"rpc-chart-month\">MAR<\/div>\n                        <\/div>\n                    <\/div>\n                                    <div class=\"rpc-chart-column\">\n                        <div class=\"rpc-chart-inner\" style=\"height: 35.416666666667%\">\n                            <div class=\"rpc-chart-column-value\">17 \u20ac<\/div>\n                            <div class=\"rpc-chart-month\">APR<\/div>\n                        <\/div>\n                    <\/div>\n                                    <div class=\"rpc-chart-column\">\n                        <div class=\"rpc-chart-inner\" style=\"height: 37.5%\">\n                            <div class=\"rpc-chart-column-value\">18 \u20ac<\/div>\n                            <div class=\"rpc-chart-month\">MAY<\/div>\n                        <\/div>\n                    <\/div>\n                                    <div class=\"rpc-chart-column\">\n                        <div class=\"rpc-chart-inner\" style=\"height: 43.75%\">\n                            <div class=\"rpc-chart-column-value\">21 \u20ac<\/div>\n                            <div class=\"rpc-chart-month\">JUN<\/div>\n                        <\/div>\n                    <\/div>\n                                    <div class=\"rpc-chart-column\">\n                        <div class=\"rpc-chart-inner\" style=\"height: 52.083333333333%\">\n                            <div class=\"rpc-chart-column-value\">25 \u20ac<\/div>\n                            <div class=\"rpc-chart-month\">JUL<\/div>\n                        <\/div>\n                    <\/div>\n                                    <div class=\"rpc-chart-column\">\n                        <div class=\"rpc-chart-inner\" style=\"height: 58.333333333333%\">\n                            <div class=\"rpc-chart-column-value\">28 \u20ac<\/div>\n                            <div class=\"rpc-chart-month\">AUG<\/div>\n                        <\/div>\n                    <\/div>\n                                    <div class=\"rpc-chart-column\">\n                        <div class=\"rpc-chart-inner\" style=\"height: 39.583333333333%\">\n                            <div class=\"rpc-chart-column-value\">19 \u20ac<\/div>\n                            <div class=\"rpc-chart-month\">SEP<\/div>\n                        <\/div>\n                    <\/div>\n                                    <div class=\"rpc-chart-column\">\n                        <div class=\"rpc-chart-inner\" style=\"height: 35.416666666667%\">\n                            <div class=\"rpc-chart-column-value\">17 \u20ac<\/div>\n                            <div class=\"rpc-chart-month\">OCT<\/div>\n                        <\/div>\n                    <\/div>\n                                    <div class=\"rpc-chart-column\">\n                        <div class=\"rpc-chart-inner\" style=\"height: 27.083333333333%\">\n                            <div class=\"rpc-chart-column-value\">13 \u20ac<\/div>\n                            <div class=\"rpc-chart-month\">NOV<\/div>\n                        <\/div>\n                    <\/div>\n                                    <div class=\"rpc-chart-column\">\n                        <div class=\"rpc-chart-inner\" style=\"height: 39.583333333333%\">\n                            <div class=\"rpc-chart-column-value\">19 \u20ac<\/div>\n                            <div class=\"rpc-chart-month\">DEC<\/div>\n                        <\/div>\n                    <\/div>\n                            <\/div>\n        <\/div>\n        \n<h2>Autonvuokraus F\u00e8s: Asiakirjat<\/h2>\n<p>Kullakin vuokraamolla voi olla omat ik\u00e4- (21-25) tai asiakirjavaatimuksensa. Tarvitset kuitenkin aina:<\/p>\n<ol>\n<li>Passi<\/li>\n<li>Luottokortti (talletus tai vakuustarkastus)<\/li>\n<li>Ajokortti.<\/li>\n<\/ol>\n<p>Voucher (varausvahvistus) ei ole pakollinen, mutta se l\u00e4hetet\u00e4\u00e4n s\u00e4hk\u00f6postiisi RosCarilla tehdyn varauksen j\u00e4lkeen. Autonvuokraus Fez on porttisi kaupungin rikkaan kulttuurin ja piilotettujen helmien tutkimiseen &#8211; varaa autosi jo t\u00e4n\u00e4\u00e4n sujuvan ja joustavan matkakokemuksen takaamiseksi.<\/p>\n","protected":false},"excerpt":{"rendered":"<p>Autonvuokraus F\u00e8s RosCarilta. L\u00e4hes jokaisella maalla on ep\u00e4virallinen p\u00e4\u00e4kaupunki, joka on koko valtion kulttuuriel\u00e4m\u00e4n keskus. Haluatko l\u00f6yt\u00e4\u00e4 t\u00e4m\u00e4n kauniin kaupungin Marokosta? Silloin sinun t\u00e4ytyy vuokrata auto Fesiss\u00e4, jotta: Saat parhaan ajokokemuksen edulliseen hintaan Valitse paras ajoneuvo, jossa on ihanteelliset lis\u00e4laitteet vied\u00e4 matkasi mukavuuden toiselle tasolle \u00c4l\u00e4 ole rajoitettu matkavaihtoehdoissasi. Vuokraa auto Fesiss\u00e4 RosCarin kautta ja [&hellip;]<\/p>\n","protected":false},"author":1,"featured_media":239,"parent":0,"menu_order":0,"comment_status":"closed","ping_status":"closed","template":"","meta":{"footnotes":""},"class_list":["post-2092","page","type-page","status-publish","has-post-thumbnail",""],"_links":{"self":[{"href":"https:\/\/roscar.ma\/fi\/wp-json\/wp\/v2\/pages\/2092","targetHints":{"allow":["GET"]}}],"collection":[{"href":"https:\/\/roscar.ma\/fi\/wp-json\/wp\/v2\/pages"}],"about":[{"href":"https:\/\/roscar.ma\/fi\/wp-json\/wp\/v2\/types\/page"}],"author":[{"embeddable":true,"href":"https:\/\/roscar.ma\/fi\/wp-json\/wp\/v2\/users\/1"}],"replies":[{"embeddable":true,"href":"https:\/\/roscar.ma\/fi\/wp-json\/wp\/v2\/comments?post=2092"}],"version-history":[{"count":1,"href":"https:\/\/roscar.ma\/fi\/wp-json\/wp\/v2\/pages\/2092\/revisions"}],"predecessor-version":[{"id":2093,"href":"https:\/\/roscar.ma\/fi\/wp-json\/wp\/v2\/pages\/2092\/revisions\/2093"}],"wp:featuredmedia":[{"embeddable":true,"href":"https:\/\/roscar.ma\/fi\/wp-json\/wp\/v2\/media\/239"}],"wp:attachment":[{"href":"https:\/\/roscar.ma\/fi\/wp-json\/wp\/v2\/media?parent=2092"}],"curies":[{"name":"wp","href":"https:\/\/api.w.org\/{rel}","templated":true}]}}