{"id":1893,"date":"2025-07-17T11:07:41","date_gmt":"2025-07-17T11:07:41","guid":{"rendered":"https:\/\/roscar.ma\/?page_id=1893"},"modified":"2025-07-24T15:58:38","modified_gmt":"2025-07-24T15:58:38","slug":"autonvuokraus-rabat","status":"publish","type":"page","link":"https:\/\/roscar.ma\/fi\/autonvuokraus-rabat\/","title":{"rendered":"Autonvuokraus Rabat"},"content":{"rendered":"<h2>Autonvuokraus Rabat RosCarilta<\/h2>\n<p>Marokko on maa, jossa on h\u00e4mm\u00e4stytt\u00e4v\u00e4 yhdistelm\u00e4 aavikkokauneutta, merimaisemia ja upeaa arkkitehtuuria, jota et l\u00f6yd\u00e4 mist\u00e4\u00e4n muualta. Kun siis suunnittelet matkaa Pohjois-Afrikkaan, sinun kannattaa k\u00e4ytt\u00e4\u00e4 aikaa uppoutuaksesi t\u00e4ysin muslimien paratiisiin. Mutta sinun on my\u00f6s vuokrattava auto Rabatissa, jotta seikkailustasi tulee mukavampi kanssa:<\/p>\n<ul>\n<li>Suuri valikoima ajoneuvoja (mik\u00e4 tahansa tyyppi, hinta tai v\u00e4ri).<\/li>\n<li>L\u00f6ytyy monia ekstroja ja ominaisuuksia<\/li>\n<li>Lyhytaikaiset ja pitk\u00e4aikaiset autonvuokraukset<\/li>\n<li>24 tunnin varaukset k\u00e4ytt\u00e4j\u00e4yst\u00e4v\u00e4llisell\u00e4 k\u00e4ytt\u00f6liittym\u00e4ll\u00e4.<\/li>\n<\/ul>\n<p>Mik\u00e4 on RosCar? Se on sivusto, jossa on loistavat ominaisuudet hintojen vertailuun, lajitteluun haluttujen kriteerien mukaan ja nopeaan varaamiseen. Varaa nyt ja vahvista varauksesi kortilla (enint\u00e4\u00e4n 20 % tilaussummasta vaaditaan).<\/p>\n<h2>RosCar-opas autonvuokraukseen Rabatissa<\/h2>\n<p>Vaikka t\u00e4m\u00e4 maa ei n\u00e4yt\u00e4 mill\u00e4\u00e4n tavoin Euroopan tai Yhdysvaltojen kaduilta, joihin olemme tottuneet, tuleva matkakokemus on melko samanlainen. Sama p\u00e4tee my\u00f6s autonvuokraukseen Rabatissa, lukuun ottamatta kahta vivahdeasiaa, jotka selvitet\u00e4\u00e4n nopeasti.<\/p>\n<h3>1. Mik\u00e4 on sinun tyyppisi?<\/h3>\n<p>\u00c4l\u00e4 varaa ensimm\u00e4ist\u00e4 l\u00f6yt\u00e4m\u00e4\u00e4si ajoneuvoa. Lajittele lista hakusuodattimien kautta k\u00e4ytett\u00e4viss\u00e4 olevien tyyppien mukaan:<\/p>\n<ul>\n<li>Standard tai Compact<\/li>\n<li>SUV tai Crossover<\/li>\n<li>Pakettiauto tai tila-auto<\/li>\n<li>Mini tai Economy (Oikea halpa autonvuokraus Rabatissa)<\/li>\n<li>Cabrio tai Luxury.<\/li>\n<\/ul>\n<h3>2. Lis\u00e4varusteet<\/h3>\n<p>Lis\u00e4palvelut ovat hyv\u00e4 tapa r\u00e4\u00e4t\u00e4l\u00f6id\u00e4 ajokokemuksesi yksil\u00f6llisten tarpeidesi mukaan. T\u00e4ss\u00e4 on muutamia, joista voit valita:<\/p>\n<ul>\n<li>Vaihteisto: Haluatko rennon ajon? Valitse automaattivaihteisto.<\/li>\n<li>SIM-kortti: \u00c4lypuhelimesi tarvitsee sellaisen v\u00e4ltty\u00e4ksesi kohtuuttomilta verkkovierailumaksuilta.<\/li>\n<li>Lastenistuin: Alaik\u00e4iset tai enint\u00e4\u00e4n 10-vuotiaat lapset tarvitsevat turvaj\u00e4rjestelm\u00e4n.<\/li>\n<li>Rajoittamaton kilometrim\u00e4\u00e4r\u00e4: T\u00e4m\u00e4n ominaisuuden ansiosta koko Marokko on avoinna sinulle.<\/li>\n<li>Ei luottokorttia: Aivan kuten perinteinen menetelm\u00e4, mutta ilman luottokorttia.<\/li>\n<li>Taattu malli: Pakollinen vaihtoehto niille, joilla on ollut huonoja kokemuksia.<\/li>\n<li>Ilmainen peruutus: On k\u00e4ytett\u00e4v\u00e4 ajoissa (v\u00e4hint\u00e4\u00e4n 48 tuntia ennen alkamisp\u00e4iv\u00e4\u00e4).<\/li>\n<li>Lis\u00e4kuljettaja: Anna yst\u00e4v\u00e4si ajaa.<\/li>\n<li>Ei talletusta: V\u00e4lt\u00e4 tarpeettomat pankkimaksut, kun luottokortilla ei ole talletuksen estoa.<\/li>\n<li>Lis\u00e4vakuutus: Ominaisuus, jota kaikki poikkeuksetta tarvitsevat. P\u00e4ivit\u00e4 Super CDW:hen tai Full Coverageen ja viilaa.<\/li>\n<\/ul>\n<blockquote class=\"check\">\n<h2>Rabatin autonvuokraus:<\/h2>\n<h2>Guide<\/h2>\n<p>RosCar ty\u00f6skentelee antaakseen sinulle upeita matkakokemuksia noutamisesta pudottamiseen. Siksi varaaminen kanssamme on niin helppoa kuin vain voi olla:<\/p>\n<ol>\n<li>Anna tiedot: Pick-up, Drop-off ja p\u00e4iv\u00e4m\u00e4\u00e4r\u00e4t.<\/li>\n<li>Siirry suodattimiin ja valitse muutama sinua houkutteleva, ja saat listan.<\/li>\n<li>Varaa nyt.<\/li>\n<li>Lis\u00e4\u00e4 tiedot.<\/li>\n<li>Maksa nyt.<\/li>\n<\/ol>\n<p>Rabatin autonvuokrausta ei voi vahvistaa ilman pankkikorttia. Kun olet suorittanut vakuusmaksun (enint\u00e4\u00e4n 20 % summasta), sinut palkitaan varausvahvistustodistuksella.<\/p><\/blockquote>\n<h2>Autonvuokraus Rabat Hinta<\/h2>\n<p>Hinnat Marokon p\u00e4\u00e4kaupungissa eiv\u00e4t vaikuta sinusta liian kalliilta, mutta ne ovat silti korkeammat kuin Euroopassa keskim\u00e4\u00e4rin:<\/p>\n<ul>\n<li>$20-30 \/ vrk<\/li>\n<li>Standard 35-50 dollaria\/p\u00e4iv\u00e4<\/li>\n<li>SUV 50-70 dollaria\/p\u00e4iv\u00e4<\/li>\n<li>Luksusluokka 80 dollaria\/p\u00e4iv\u00e4.<\/li>\n<\/ul>\n<p>Autonvuokraus Rabatissa tulee halvemmaksi, jos:<\/p>\n<ul>\n<li>V\u00e4lt\u00e4 auton lyhytaikaista vuokrausta<\/li>\n<li>Aseta alkamisajankohta keskelle viikkoa.<\/li>\n<li>Varaa etuk\u00e4teen<\/li>\n<li>valitset oikean ajoneuvotyypin.<\/li>\n<\/ul>\n<p>Vertaile hintoja l\u00f6yt\u00e4\u00e4ksesi parhaan hinnan:<\/p>\n<h3>Taulukko autonvuokrauksen hinnoilla kohteessa Rabat, Marokko<\/h3>\n<table border=\"1\">\n<thead>\n<tr>\n<th>Auton malli<\/th>\n<th>Korityyppi<\/th>\n<th>Hinta per p\u00e4iv\u00e4 (hiljainen sesonki)<\/th>\n<th>Hinta per p\u00e4iv\u00e4 (sesonkiaika)<\/th>\n<th>Matkustajat<\/th>\n<th>Matkatavaroiden m\u00e4\u00e4r\u00e4<\/th>\n<\/tr>\n<\/thead>\n<tbody>\n<tr>\n<td>Hyundai i10<\/td>\n<td>Hatchback<\/td>\n<td>21 \u20ac<\/td>\n<td>29 \u20ac<\/td>\n<td>4<\/td>\n<td>1<\/td>\n<\/tr>\n<tr>\n<td>Dacia Logan<\/td>\n<td>Sedan<\/td>\n<td>23 \u20ac<\/td>\n<td>32 \u20ac<\/td>\n<td>5<\/td>\n<td>2<\/td>\n<\/tr>\n<tr>\n<td>Peugeot 208<\/td>\n<td>Viistoper\u00e4<\/td>\n<td>24 \u20ac<\/td>\n<td>34 \u20ac<\/td>\n<td>5<\/td>\n<td>2<\/td>\n<\/tr>\n<tr>\n<td>Renault Clio<\/td>\n<td>Viistoper\u00e4<\/td>\n<td>26 \u20ac<\/td>\n<td>36 \u20ac<\/td>\n<td>5<\/td>\n<td>2<\/td>\n<\/tr>\n<tr>\n<td>Volkswagen Golf<\/td>\n<td>Viistoper\u00e4<\/td>\n<td>30 \u20ac<\/td>\n<td>42 \u20ac<\/td>\n<td>5<\/td>\n<td>3<\/td>\n<\/tr>\n<tr>\n<td>Citro\u00ebn C-Elys\u00e9e<\/td>\n<td>Sedan<\/td>\n<td>25 \u20ac<\/td>\n<td>35 \u20ac<\/td>\n<td>5<\/td>\n<td>3<\/td>\n<\/tr>\n<tr>\n<td>Renault Captur<\/td>\n<td>Crossover<\/td>\n<td>32 \u20ac<\/td>\n<td>44 \u20ac<\/td>\n<td>5<\/td>\n<td>3<\/td>\n<\/tr>\n<tr>\n<td>Dacia Duster<\/td>\n<td>SUV<\/td>\n<td>36 \u20ac<\/td>\n<td>48 \u20ac<\/td>\n<td>5<\/td>\n<td>3<\/td>\n<\/tr>\n<tr>\n<td>Hyundai Tucson<\/td>\n<td>SUV<\/td>\n<td>52 \u20ac<\/td>\n<td>66 \u20ac<\/td>\n<td>5<\/td>\n<td>4<\/td>\n<\/tr>\n<tr>\n<td>Peugeot 3008<\/td>\n<td>SUV<\/td>\n<td>55 \u20ac<\/td>\n<td>70 \u20ac<\/td>\n<td>5<\/td>\n<td>4<\/td>\n<\/tr>\n<\/tbody>\n<\/table>\n        <div class=\"rpc-chart\">\n            <h3>Autonvuokraushintojen kausivaihtelut Rabatissa: analyysi perustuu todellisiin varauksiin<\/h3>\n            <div><p>Alla oleva taulukko n\u00e4ytt\u00e4\u00e4 keskim\u00e4\u00e4r\u00e4isten autonvuokraushintojen muutosten dynamiikan Rabatissa viimeisen kolmen vuoden aikana. Tietol\u00e4hteen\u00e4 ovat todelliset tilaukset, jotka on tehty roscar.ma-alustan kautta. Alusta kokoaa yhteen paikallisten, tarkistettujen vuokrausyritysten tarjoukset ilman v\u00e4litt\u00e4ji\u00e4.<\/p>\n<p>Analyysi kattaa laajan valikoiman ajoneuvoja: kompakteista kaupunkimalleista mukaviin maastoautoihin, avoautoihin ja premium-autoihin. T\u00e4m\u00e4 l\u00e4hestymistapa antaa objektiivisen kuvan hintojen muutoksista vuodenajan ja matkailutoiminnan mukaan.<\/p>\n<p>Hy\u00f6dynn\u00e4mme monien vuosien kokemusta matkailijoiden kanssa ty\u00f6skentelyst\u00e4 ja p\u00e4ivit\u00e4mme tietojamme jatkuvasti markkinatrendien perusteella. T\u00e4m\u00e4 tarjoaa k\u00e4ytt\u00e4jille k\u00e4yt\u00e4nn\u00f6llist\u00e4 ja luotettavaa tietoa, jonka avulla he voivat suunnitella budjettinsa ja valita edullisimman ajankohdan autonvuokraukseen Marokon p\u00e4\u00e4kaupungissa.<\/p>\n<\/div>\n            <div class=\"rpc-chart-bars\">\n                                    <div class=\"rpc-chart-column\">\n                        <div class=\"rpc-chart-inner\" style=\"height: 28.301886792453%\">\n                            <div class=\"rpc-chart-column-value\">15 \u20ac<\/div>\n                            <div class=\"rpc-chart-month\">JAN<\/div>\n                        <\/div>\n                    <\/div>\n                                    <div class=\"rpc-chart-column\">\n                        <div class=\"rpc-chart-inner\" style=\"height: 26.415094339623%\">\n                            <div class=\"rpc-chart-column-value\">14 \u20ac<\/div>\n                            <div class=\"rpc-chart-month\">FEB<\/div>\n                        <\/div>\n                    <\/div>\n                                    <div class=\"rpc-chart-column\">\n                        <div class=\"rpc-chart-inner\" style=\"height: 24.528301886792%\">\n                            <div class=\"rpc-chart-column-value\">13 \u20ac<\/div>\n                            <div class=\"rpc-chart-month\">MAR<\/div>\n                        <\/div>\n                    <\/div>\n                                    <div class=\"rpc-chart-column\">\n                        <div class=\"rpc-chart-inner\" style=\"height: 39.622641509434%\">\n                            <div class=\"rpc-chart-column-value\">21 \u20ac<\/div>\n                            <div class=\"rpc-chart-month\">APR<\/div>\n                        <\/div>\n                    <\/div>\n                                    <div class=\"rpc-chart-column\">\n                        <div class=\"rpc-chart-inner\" style=\"height: 32.075471698113%\">\n                            <div class=\"rpc-chart-column-value\">17 \u20ac<\/div>\n                            <div class=\"rpc-chart-month\">MAY<\/div>\n                        <\/div>\n                    <\/div>\n                                    <div class=\"rpc-chart-column\">\n                        <div class=\"rpc-chart-inner\" style=\"height: 32.075471698113%\">\n                            <div class=\"rpc-chart-column-value\">17 \u20ac<\/div>\n                            <div class=\"rpc-chart-month\">JUN<\/div>\n                        <\/div>\n                    <\/div>\n                                    <div class=\"rpc-chart-column\">\n                        <div class=\"rpc-chart-inner\" style=\"height: 49.056603773585%\">\n                            <div class=\"rpc-chart-column-value\">26 \u20ac<\/div>\n                            <div class=\"rpc-chart-month\">JUL<\/div>\n                        <\/div>\n                    <\/div>\n                                    <div class=\"rpc-chart-column\">\n                        <div class=\"rpc-chart-inner\" style=\"height: 62.264150943396%\">\n                            <div class=\"rpc-chart-column-value\">33 \u20ac<\/div>\n                            <div class=\"rpc-chart-month\">AUG<\/div>\n                        <\/div>\n                    <\/div>\n                                    <div class=\"rpc-chart-column\">\n                        <div class=\"rpc-chart-inner\" style=\"height: 47.169811320755%\">\n                            <div class=\"rpc-chart-column-value\">25 \u20ac<\/div>\n                            <div class=\"rpc-chart-month\">SEP<\/div>\n                        <\/div>\n                    <\/div>\n                                    <div class=\"rpc-chart-column\">\n                        <div class=\"rpc-chart-inner\" style=\"height: 37.735849056604%\">\n                            <div class=\"rpc-chart-column-value\">20 \u20ac<\/div>\n                            <div class=\"rpc-chart-month\">OCT<\/div>\n                        <\/div>\n                    <\/div>\n                                    <div class=\"rpc-chart-column\">\n                        <div class=\"rpc-chart-inner\" style=\"height: 45.283018867925%\">\n                            <div class=\"rpc-chart-column-value\">24 \u20ac<\/div>\n                            <div class=\"rpc-chart-month\">NOV<\/div>\n                        <\/div>\n                    <\/div>\n                                    <div class=\"rpc-chart-column\">\n                        <div class=\"rpc-chart-inner\" style=\"height: 37.735849056604%\">\n                            <div class=\"rpc-chart-column-value\">20 \u20ac<\/div>\n                            <div class=\"rpc-chart-month\">DEC<\/div>\n                        <\/div>\n                    <\/div>\n                            <\/div>\n        <\/div>\n        \n<h2>Autonvuokraus Rabatissa: Asiakirjat<\/h2>\n<p>Sopimuksen allekirjoittamista ja ajoneuvon noutamista varten tarvitset useita asiakirjoja (englanninkielisi\u00e4 ja 100-prosenttisesti voimassa olevia):<\/p>\n<ol>\n<li>Ajokortti<\/li>\n<li>Passi<\/li>\n<li>Luottokortti (valinnainen).<\/li>\n<\/ol>\n<p>Autonvuokraus Rabat on ihanteellinen valinta mukavaan ja huolettomaan matkaan Marokossa.<\/p>\n","protected":false},"excerpt":{"rendered":"<p>Autonvuokraus Rabat RosCarilta Marokko on maa, jossa on h\u00e4mm\u00e4stytt\u00e4v\u00e4 yhdistelm\u00e4 aavikkokauneutta, merimaisemia ja upeaa arkkitehtuuria, jota et l\u00f6yd\u00e4 mist\u00e4\u00e4n muualta. Kun siis suunnittelet matkaa Pohjois-Afrikkaan, sinun kannattaa k\u00e4ytt\u00e4\u00e4 aikaa uppoutuaksesi t\u00e4ysin muslimien paratiisiin. Mutta sinun on my\u00f6s vuokrattava auto Rabatissa, jotta seikkailustasi tulee mukavampi kanssa: Suuri valikoima ajoneuvoja (mik\u00e4 tahansa tyyppi, hinta tai v\u00e4ri). L\u00f6ytyy [&hellip;]<\/p>\n","protected":false},"author":1,"featured_media":210,"parent":0,"menu_order":0,"comment_status":"closed","ping_status":"closed","template":"","meta":{"footnotes":""},"class_list":["post-1893","page","type-page","status-publish","has-post-thumbnail",""],"_links":{"self":[{"href":"https:\/\/roscar.ma\/fi\/wp-json\/wp\/v2\/pages\/1893","targetHints":{"allow":["GET"]}}],"collection":[{"href":"https:\/\/roscar.ma\/fi\/wp-json\/wp\/v2\/pages"}],"about":[{"href":"https:\/\/roscar.ma\/fi\/wp-json\/wp\/v2\/types\/page"}],"author":[{"embeddable":true,"href":"https:\/\/roscar.ma\/fi\/wp-json\/wp\/v2\/users\/1"}],"replies":[{"embeddable":true,"href":"https:\/\/roscar.ma\/fi\/wp-json\/wp\/v2\/comments?post=1893"}],"version-history":[{"count":2,"href":"https:\/\/roscar.ma\/fi\/wp-json\/wp\/v2\/pages\/1893\/revisions"}],"predecessor-version":[{"id":1895,"href":"https:\/\/roscar.ma\/fi\/wp-json\/wp\/v2\/pages\/1893\/revisions\/1895"}],"wp:featuredmedia":[{"embeddable":true,"href":"https:\/\/roscar.ma\/fi\/wp-json\/wp\/v2\/media\/210"}],"wp:attachment":[{"href":"https:\/\/roscar.ma\/fi\/wp-json\/wp\/v2\/media?parent=1893"}],"curies":[{"name":"wp","href":"https:\/\/api.w.org\/{rel}","templated":true}]}}