{"id":1654,"date":"2025-07-23T08:46:35","date_gmt":"2025-07-23T08:46:35","guid":{"rendered":"https:\/\/roscar.ma\/?page_id=1654"},"modified":"2025-07-23T21:30:13","modified_gmt":"2025-07-23T21:30:13","slug":"autonvuokraus-marokko-ei-talletusta","status":"publish","type":"page","link":"https:\/\/roscar.ma\/fi\/autonvuokraus-marokko-ei-talletusta\/","title":{"rendered":"Autonvuokraus Marokko Ei Talletusta"},"content":{"rendered":"<h2>Autonvuokraus Marokko Ei Talletusta RosCarilta<\/h2>\n<p>Toisin kuin perinteinen vuokraus, autonvuokraus Marokossa ilman takuuta tarjoaa useita etuja, joita ei kannata sivuuttaa:<\/p>\n<ul>\n<li>Ei riski\u00e4 riidoista my\u00f6hemmin (jotkut yritykset yritt\u00e4v\u00e4t veloittaa rahaa pienist\u00e4 naarmuista, polttoaineesta tai muista yksityiskohdista)<\/li>\n<li>Paljon helpompi (ja nopeampi) noutaa ja palauttaa<\/li>\n<li>Vaatii v\u00e4hemm\u00e4n rahaa<\/li>\n<li>Ei luottokortille teht\u00e4vi\u00e4 takuublokkauksia<\/li>\n<li>Stressit\u00f6n kokemus<\/li>\n<\/ul>\n<p>T\u00e4m\u00e4 on vain yksi monista ominaisuuksista, jotka l\u00f6yd\u00e4t RosCarin suodattimista. Kokeile ja l\u00f6yd\u00e4 ihanteellinen ajoneuvosi muutamassa minuutissa. Varaa nyt.<\/p>\n<blockquote class=\"check\">\n<h2>Kuinka vuokrata auto Marokossa ilman takuuta?<\/h2>\n<p>Jokainen 21\u201325-vuotias kuljettaja, jolla on tarvittavat asiakirjat (passi ja ajokortti), voi vuokrata auton Marokossa ilman takuuta seuraavasti:<\/p>\n<ol>\n<li>Klikkaa &#8221;Ei Talletusta&#8221; -suodatinta n\u00e4hd\u00e4ksesi tarjonnan.<\/li>\n<li>Selailu tarjouksia, valitse paras ja klikkaa Varaa nyt.<\/li>\n<li>Tarkista vaatimukset ja valitse vakuutustyyppi.<\/li>\n<li>Valitse lis\u00e4palvelut ja klikkaa &#8221;Jatka&#8221;.<\/li>\n<li>Sy\u00f6t\u00e4 kuljettajan tiedot.<\/li>\n<li>Vahvista varaus.<\/li>\n<\/ol>\n<p>Vuokraus ilman takuuta tai muu vuokraustyyppi on vahvistettava pankkikortilla. Enint\u00e4\u00e4n 20 % veloitetaan etumaksuna.<\/p><\/blockquote>\n<h3>Taulukko autonvuokrahinnoista Marokossa ilman takuuta<\/h3>\n<table>\n<thead>\n<tr>\n<th>Auton malli<\/th>\n<th>Kori<\/th>\n<th>Hinta per p\u00e4iv\u00e4 (matala sesonki)<\/th>\n<th>Hinta per p\u00e4iv\u00e4 (korkea sesonki)<\/th>\n<th>Matkustajia<\/th>\n<th>Matkatavaratila<\/th>\n<\/tr>\n<\/thead>\n<tbody>\n<tr>\n<td>Chevrolet Spark<\/td>\n<td>Hatchback<\/td>\n<td>19 \u20ac<\/td>\n<td>26 \u20ac<\/td>\n<td>4<\/td>\n<td>1<\/td>\n<\/tr>\n<tr>\n<td>Hyundai Grand i10<\/td>\n<td>Hatchback<\/td>\n<td>21 \u20ac<\/td>\n<td>28 \u20ac<\/td>\n<td>4<\/td>\n<td>1<\/td>\n<\/tr>\n<tr>\n<td>Skoda Fabia<\/td>\n<td>Hatchback<\/td>\n<td>23 \u20ac<\/td>\n<td>31 \u20ac<\/td>\n<td>5<\/td>\n<td>2<\/td>\n<\/tr>\n<tr>\n<td>Peugeot 2008<\/td>\n<td>Crossover<\/td>\n<td>26 \u20ac<\/td>\n<td>35 \u20ac<\/td>\n<td>5<\/td>\n<td>2<\/td>\n<\/tr>\n<tr>\n<td>Volkswagen Golf<\/td>\n<td>Hatchback<\/td>\n<td>27 \u20ac<\/td>\n<td>36 \u20ac<\/td>\n<td>5<\/td>\n<td>2<\/td>\n<\/tr>\n<tr>\n<td>Toyota Yaris Sedan<\/td>\n<td>Sedan<\/td>\n<td>28 \u20ac<\/td>\n<td>37 \u20ac<\/td>\n<td>5<\/td>\n<td>3<\/td>\n<\/tr>\n<tr>\n<td>Nissan Sunny<\/td>\n<td>Sedan<\/td>\n<td>29 \u20ac<\/td>\n<td>38 \u20ac<\/td>\n<td>5<\/td>\n<td>3<\/td>\n<\/tr>\n<tr>\n<td>Renault Arkana<\/td>\n<td>Crossover<\/td>\n<td>35 \u20ac<\/td>\n<td>45 \u20ac<\/td>\n<td>5<\/td>\n<td>3<\/td>\n<\/tr>\n<tr>\n<td>MG ZS<\/td>\n<td>SUV<\/td>\n<td>39 \u20ac<\/td>\n<td>49 \u20ac<\/td>\n<td>5<\/td>\n<td>3<\/td>\n<\/tr>\n<tr>\n<td>Volkswagen Tiguan<\/td>\n<td>SUV<\/td>\n<td>55 \u20ac<\/td>\n<td>69 \u20ac<\/td>\n<td>5<\/td>\n<td>4<\/td>\n<\/tr>\n<\/tbody>\n<\/table>\n","protected":false},"excerpt":{"rendered":"<p>Autonvuokraus Marokko Ei Talletusta RosCarilta Toisin kuin perinteinen vuokraus, autonvuokraus Marokossa ilman takuuta tarjoaa useita etuja, joita ei kannata sivuuttaa: Ei riski\u00e4 riidoista my\u00f6hemmin (jotkut yritykset yritt\u00e4v\u00e4t veloittaa rahaa pienist\u00e4 naarmuista, polttoaineesta tai muista yksityiskohdista) Paljon helpompi (ja nopeampi) noutaa ja palauttaa Vaatii v\u00e4hemm\u00e4n rahaa Ei luottokortille teht\u00e4vi\u00e4 takuublokkauksia Stressit\u00f6n kokemus T\u00e4m\u00e4 on vain yksi [&hellip;]<\/p>\n","protected":false},"author":1,"featured_media":1276,"parent":0,"menu_order":0,"comment_status":"closed","ping_status":"closed","template":"","meta":{"footnotes":""},"class_list":["post-1654","page","type-page","status-publish","has-post-thumbnail",""],"_links":{"self":[{"href":"https:\/\/roscar.ma\/fi\/wp-json\/wp\/v2\/pages\/1654","targetHints":{"allow":["GET"]}}],"collection":[{"href":"https:\/\/roscar.ma\/fi\/wp-json\/wp\/v2\/pages"}],"about":[{"href":"https:\/\/roscar.ma\/fi\/wp-json\/wp\/v2\/types\/page"}],"author":[{"embeddable":true,"href":"https:\/\/roscar.ma\/fi\/wp-json\/wp\/v2\/users\/1"}],"replies":[{"embeddable":true,"href":"https:\/\/roscar.ma\/fi\/wp-json\/wp\/v2\/comments?post=1654"}],"version-history":[{"count":3,"href":"https:\/\/roscar.ma\/fi\/wp-json\/wp\/v2\/pages\/1654\/revisions"}],"predecessor-version":[{"id":1663,"href":"https:\/\/roscar.ma\/fi\/wp-json\/wp\/v2\/pages\/1654\/revisions\/1663"}],"wp:featuredmedia":[{"embeddable":true,"href":"https:\/\/roscar.ma\/fi\/wp-json\/wp\/v2\/media\/1276"}],"wp:attachment":[{"href":"https:\/\/roscar.ma\/fi\/wp-json\/wp\/v2\/media?parent=1654"}],"curies":[{"name":"wp","href":"https:\/\/api.w.org\/{rel}","templated":true}]}}