{"id":1622,"date":"2025-07-17T11:01:21","date_gmt":"2025-07-17T11:01:21","guid":{"rendered":"https:\/\/roscar.ma\/?page_id=1622"},"modified":"2025-07-23T19:01:35","modified_gmt":"2025-07-23T19:01:35","slug":"autonvuokraus-marrakech","status":"publish","type":"page","link":"https:\/\/roscar.ma\/fi\/autonvuokraus-marrakech\/","title":{"rendered":"Autonvuokraus Marrakech"},"content":{"rendered":"<h2>Autonvuokraus Marrakech RosCarilta<\/h2>\n<p>Pohjois-Afrikan mailla on h\u00e4mm\u00e4stytt\u00e4v\u00e4 kyky lumota matkailijoita kaikkialta maailmasta tavoillaan ja v\u00e4rikk\u00e4ill\u00e4 maisemillaan. Ehk\u00e4 se on kulttuuri, ainutlaatuinen paikallinen keitti\u00f6 tai arjen kauneus. Tied\u00e4mme kuitenkin varmasti, ett\u00e4 sinun on vuokrattava auto Marrakechista, jotta p\u00e4\u00e4set l\u00e4hemm\u00e4s t\u00e4ydellist\u00e4 uppoutumista Marokkoon. Miksi sinun kannattaa varata ajoneuvo RosCarin kautta? Siihen on nelj\u00e4 vastausta:<\/p>\n<ul>\n<li>Pitk\u00e4aikainen tai lyhytaikainen autonvuokraus<\/li>\n<li>Jokainen sopimus on paras mahdollinen arvo<\/li>\n<li>Se on ainoa tapa matkustaa mukavasti<\/li>\n<li>Edulliset hinnat ja monet vaihtoehdot, joista valita.<\/li>\n<\/ul>\n<p>Haluatko hankkia sellaisen itsellesi? Varaa sitten nyt ja saat valmiin varauksen muutamassa minuutissa.<\/p>\n<h2>Autonvuokraus Marrakech: Opas<\/h2>\n<p>Saatat virheellisesti ajatella, ett\u00e4 autonvuokraus Marrakechissa on t\u00e4ysin erityyppinen palvelu, jolla on ainutlaatuinen menettely, joka vaatii tiettyj\u00e4 tietoja. Tarvitset kuitenkin vain kaksi minuuttia valmistautumiseen.<\/p>\n<h3>Ensimm\u00e4inen minuutti: Valitse ajoneuvotyyppi<\/h3>\n<p>Monien tyyppien joukosta tarvitset vain yhden, joka ratkaisee kaikki ongelmat tulevassa seikkailussa:<\/p>\n<ul>\n<li>Tavallinen auto<\/li>\n<li>Avoauto<\/li>\n<li>Luksusauto<\/li>\n<li>Maasturi tai crossover<\/li>\n<li>Mini\/Economy (Halpa autonvuokraus Marrakeshissa)<\/li>\n<li>Minibussi tai pakettiauto.<\/li>\n<\/ul>\n<h3>Toinen minuutti: Valitse lis\u00e4palvelut<\/h3>\n<p>T\u00e4\u00e4ll\u00e4 on monia vaihtoehtoja, joista valita, mutta tarvitset vain yhden (tai useita):<\/p>\n<ul>\n<li>Rajoittamaton kilometrim\u00e4\u00e4r\u00e4: Jopa Marokon syrj\u00e4isimpiin kaupunkeihin voi tutustua.<\/li>\n<li>Ei talletusta: Budjettisi on vapaampi, kun luottokorttien talletuskielto on vapaa.<\/li>\n<li>Taattu malli: Varasitko Volkswagen Passatin? Saat Passatin!<\/li>\n<li>Vaihteisto: Vaihda vaihteisto: Ei manuaalivaihteistoa, mutta automaattivaihteistoa suositellaan joka tilanteessa.<\/li>\n<li>Lis\u00e4vakuutus: T\u00e4m\u00e4 on sellainen p\u00e4ivitys, jota et tule katumaan. Kokeile Full Coverage\/Super CDW, jos saatavilla.<\/li>\n<li>Ei luottokorttia: K\u00e4yt\u00e4 k\u00e4teist\u00e4 tai mit\u00e4 tahansa muuta pankkikorttia.<\/li>\n<li>SIM-kortti: Vakaa yhteys edulliseen hintaan on t\u00e4rkein prioriteetti matkustettaessa vuonna 2025.<\/li>\n<li>Lis\u00e4kuljettaja: Toivottavasti yst\u00e4v\u00e4ll\u00e4si on ajokortti.<\/li>\n<li>Lastenistuin: Jokaisella alle 10-vuotiaalla on oltava sellainen.<\/li>\n<li>Ilmainen peruutus: Etuk\u00e4teen maksettu summa palautetaan tilillesi. Toimii vain 48 tuntia ennen p\u00e4iv\u00e4m\u00e4\u00e4r\u00e4\u00e4<\/li>\n<\/ul>\n<blockquote class=\"info\">\n<h2>Marrakechin autonvuokraus tarkemmin<\/h2>\n<p>Oletko jo p\u00e4\u00e4tt\u00e4nyt ajoneuvotyypin ja lis\u00e4palvelut? Marrakeshin autonvuokraus on nyt varattavissa:<\/p>\n<ol>\n<li>Aseta p\u00e4iv\u00e4m\u00e4\u00e4r\u00e4t ja sijainnit p\u00e4\u00e4sivulla.<\/li>\n<li>Klikkaa Suodattimet, valitse haluamasi.<\/li>\n<li>Hae lista ja l\u00f6yd\u00e4 paras. Varaa nyt.<\/li>\n<li>Ponnahdusikkunan lomake on t\u00e4ytett\u00e4v\u00e4.<\/li>\n<li>Maksa nyt.<\/li>\n<\/ol>\n<p>Jokainen RosCar-varaus voidaan vahvistaa vain ennakkomaksulla. Yleens\u00e4 t\u00e4m\u00e4 on vain pieni osa summasta ja se on helppo tehd\u00e4 mill\u00e4 tahansa kortilla.<\/p><\/blockquote>\n<h2>Autonvuokraus Marrakesh Hinta<\/h2>\n<p>Keskim\u00e4\u00e4r\u00e4iset hinnat, jotka l\u00f6yd\u00e4t netist\u00e4, ovat:<\/p>\n<ul>\n<li>$15-25\/p\u00e4iv\u00e4 Economy tai Mini<\/li>\n<li>30-40 dollaria\/p\u00e4iv\u00e4 Standard<\/li>\n<li>40-60 $\/p\u00e4iv\u00e4 SUV, Crossover, tila-auto tai 4&#215;4.<\/li>\n<li>$80+\/p\u00e4iv\u00e4 avoauto tai luksusauto<\/li>\n<\/ul>\n<p>Autonvuokraus Marrakechissa tulee halvemmaksi, jos:<\/p>\n<ul>\n<li>Onnistuit tekem\u00e4\u00e4n varauksen ajoissa<\/li>\n<li>Seuraa RosCarin tarjouksia<\/li>\n<li>Varaa keskell\u00e4 viikkoa<\/li>\n<li>Pid\u00e4t auton pitk\u00e4aikaisesta vuokrauksesta<\/li>\n<li>Valitse tarpeisiisi ja budjettiisi sopiva tyyppi.<\/li>\n<\/ul>\n<p>N\u00e4in voit vertailla hintoja:<\/p>\n<h3>Marrakech, Marokko, autonvuokrauksen hintataulukko.<\/h3>\n<table border=\"1\">\n<thead>\n<tr>\n<th>Auton malli<\/th>\n<th>Korityyppi<\/th>\n<th>Hinta per p\u00e4iv\u00e4 (hiljainen sesonki)<\/th>\n<th>Hinta per p\u00e4iv\u00e4 (sesonkiaika)<\/th>\n<th>Matkustajat<\/th>\n<th>Matkatavaroiden m\u00e4\u00e4r\u00e4<\/th>\n<\/tr>\n<\/thead>\n<tbody>\n<tr>\n<td>Fiat Panda<\/td>\n<td>Viistoper\u00e4<\/td>\n<td>20 \u20ac<\/td>\n<td>28 \u20ac<\/td>\n<td>4<\/td>\n<td>1<\/td>\n<\/tr>\n<tr>\n<td>Kia Picanto<\/td>\n<td>Viistoper\u00e4<\/td>\n<td>22 \u20ac<\/td>\n<td>30 \u20ac<\/td>\n<td>4<\/td>\n<td>1<\/td>\n<\/tr>\n<tr>\n<td>Dacia Logan<\/td>\n<td>Sedan<\/td>\n<td>24 \u20ac<\/td>\n<td>34 \u20ac<\/td>\n<td>5<\/td>\n<td>2<\/td>\n<\/tr>\n<tr>\n<td>Peugeot 208<\/td>\n<td>Viistoper\u00e4<\/td>\n<td>26 \u20ac<\/td>\n<td>36 \u20ac<\/td>\n<td>5<\/td>\n<td>2<\/td>\n<\/tr>\n<tr>\n<td>Renault Clio<\/td>\n<td>Viistoper\u00e4<\/td>\n<td>27 \u20ac<\/td>\n<td>38 \u20ac<\/td>\n<td>5<\/td>\n<td>2<\/td>\n<\/tr>\n<tr>\n<td>Citro\u00ebn C-Elys\u00e9e<\/td>\n<td>Sedan<\/td>\n<td>28 \u20ac<\/td>\n<td>39 \u20ac<\/td>\n<td>5<\/td>\n<td>3<\/td>\n<\/tr>\n<tr>\n<td>Dacia Duster<\/td>\n<td>SUV<\/td>\n<td>37 \u20ac<\/td>\n<td>49 \u20ac<\/td>\n<td>5<\/td>\n<td>3<\/td>\n<\/tr>\n<tr>\n<td>Hyundai Kona<\/td>\n<td>Crossover<\/td>\n<td>40 \u20ac<\/td>\n<td>52 \u20ac<\/td>\n<td>5<\/td>\n<td>3<\/td>\n<\/tr>\n<tr>\n<td>Renault Kadjar<\/td>\n<td>SUV<\/td>\n<td>50 \u20ac<\/td>\n<td>65 \u20ac<\/td>\n<td>5<\/td>\n<td>4<\/td>\n<\/tr>\n<tr>\n<td>Peugeot 3008<\/td>\n<td>SUV<\/td>\n<td>55 \u20ac<\/td>\n<td>70 \u20ac<\/td>\n<td>5<\/td>\n<td>4<\/td>\n<\/tr>\n<\/tbody>\n<\/table>\n        <div class=\"rpc-chart\">\n            <h3>Autonvuokrauksen kausittaiset hinnanmuutokset Marrakechissa: luotettava analyysi perustuu todellisiin varauksiin.<\/h3>\n            <div><p>Alla on analyysitietoja autonvuokrauksen keskim\u00e4\u00e4r\u00e4isen hinnan muutoksesta kohteessa Marrakesh j\u00e4ljell\u00e4 olevien kolmen vuoden aikana. Kaikki tiedot perustuvat todellisiin tapahtumiin, jotka on tehty roscar.ma-alustan kautta.<\/p>\n<p>Tutkimus kattaa kaikki t\u00e4rkeimm\u00e4t autoluokat - taloudellisista malleista maastureihin, avoautoihin ja premium-luokkaan. N\u00e4in laajan kattavuuden ansiosta on mahdollista muodostaa kokonaiskuva varallisuuden muutoksista matkailusesonkien ja juomatapojen aikana.<\/p>\n<p>On selv\u00e4\u00e4, ett\u00e4 suosittelemme auton varaamista ajoissa, kun hinnat ja kustannukset ovat parhaimmillaan. RosCar Marokon luotettavat tiedot ovat oppaasi mukavaan ja turvalliseen kuljetukseen Marrakechissa.<\/p>\n<\/div>\n            <div class=\"rpc-chart-bars\">\n                                    <div class=\"rpc-chart-column\">\n                        <div class=\"rpc-chart-inner\" style=\"height: 30.769230769231%\">\n                            <div class=\"rpc-chart-column-value\">16 \u20ac<\/div>\n                            <div class=\"rpc-chart-month\">JAN<\/div>\n                        <\/div>\n                    <\/div>\n                                    <div class=\"rpc-chart-column\">\n                        <div class=\"rpc-chart-inner\" style=\"height: 28.846153846154%\">\n                            <div class=\"rpc-chart-column-value\">15 \u20ac<\/div>\n                            <div class=\"rpc-chart-month\">FEB<\/div>\n                        <\/div>\n                    <\/div>\n                                    <div class=\"rpc-chart-column\">\n                        <div class=\"rpc-chart-inner\" style=\"height: 26.923076923077%\">\n                            <div class=\"rpc-chart-column-value\">14 \u20ac<\/div>\n                            <div class=\"rpc-chart-month\">MAR<\/div>\n                        <\/div>\n                    <\/div>\n                                    <div class=\"rpc-chart-column\">\n                        <div class=\"rpc-chart-inner\" style=\"height: 42.307692307692%\">\n                            <div class=\"rpc-chart-column-value\">22 \u20ac<\/div>\n                            <div class=\"rpc-chart-month\">APR<\/div>\n                        <\/div>\n                    <\/div>\n                                    <div class=\"rpc-chart-column\">\n                        <div class=\"rpc-chart-inner\" style=\"height: 32.692307692308%\">\n                            <div class=\"rpc-chart-column-value\">17 \u20ac<\/div>\n                            <div class=\"rpc-chart-month\">MAY<\/div>\n                        <\/div>\n                    <\/div>\n                                    <div class=\"rpc-chart-column\">\n                        <div class=\"rpc-chart-inner\" style=\"height: 30.769230769231%\">\n                            <div class=\"rpc-chart-column-value\">16 \u20ac<\/div>\n                            <div class=\"rpc-chart-month\">JUN<\/div>\n                        <\/div>\n                    <\/div>\n                                    <div class=\"rpc-chart-column\">\n                        <div class=\"rpc-chart-inner\" style=\"height: 50%\">\n                            <div class=\"rpc-chart-column-value\">26 \u20ac<\/div>\n                            <div class=\"rpc-chart-month\">JUL<\/div>\n                        <\/div>\n                    <\/div>\n                                    <div class=\"rpc-chart-column\">\n                        <div class=\"rpc-chart-inner\" style=\"height: 61.538461538462%\">\n                            <div class=\"rpc-chart-column-value\">32 \u20ac<\/div>\n                            <div class=\"rpc-chart-month\">AUG<\/div>\n                        <\/div>\n                    <\/div>\n                                    <div class=\"rpc-chart-column\">\n                        <div class=\"rpc-chart-inner\" style=\"height: 42.307692307692%\">\n                            <div class=\"rpc-chart-column-value\">22 \u20ac<\/div>\n                            <div class=\"rpc-chart-month\">SEP<\/div>\n                        <\/div>\n                    <\/div>\n                                    <div class=\"rpc-chart-column\">\n                        <div class=\"rpc-chart-inner\" style=\"height: 36.538461538462%\">\n                            <div class=\"rpc-chart-column-value\">19 \u20ac<\/div>\n                            <div class=\"rpc-chart-month\">OCT<\/div>\n                        <\/div>\n                    <\/div>\n                                    <div class=\"rpc-chart-column\">\n                        <div class=\"rpc-chart-inner\" style=\"height: 32.692307692308%\">\n                            <div class=\"rpc-chart-column-value\">17 \u20ac<\/div>\n                            <div class=\"rpc-chart-month\">NOV<\/div>\n                        <\/div>\n                    <\/div>\n                                    <div class=\"rpc-chart-column\">\n                        <div class=\"rpc-chart-inner\" style=\"height: 44.230769230769%\">\n                            <div class=\"rpc-chart-column-value\">23 \u20ac<\/div>\n                            <div class=\"rpc-chart-month\">DEC<\/div>\n                        <\/div>\n                    <\/div>\n                            <\/div>\n        <\/div>\n        \n<h2>Autonvuokraus Marrakeshissa: Asiakirjat<\/h2>\n<p>Auton noutamista varten sinulta saatetaan pyyt\u00e4\u00e4 seuraavia asiakirjoja:<\/p>\n<ol>\n<li>Passi<\/li>\n<li>ajokortti<\/li>\n<li>varausvahvistus tai voucher (RosCar l\u00e4hett\u00e4\u00e4 sinulle sellaisen).<\/li>\n<li>Luottokortti.<\/li>\n<\/ol>\n<p>Eik\u00f6 sinulla ole luottokorttia? K\u00e4yt\u00e4 sitten suodattimia l\u00f6yt\u00e4\u00e4ksesi tarvitsemasi vuokrausvaihtoehdon. Autonvuokraus Marrakech on v\u00e4ltt\u00e4m\u00e4t\u00f6n palvelu, jonka avulla voit n\u00e4hd\u00e4 paitsi Marrakechin, my\u00f6s koko Marokon.<\/p>\n","protected":false},"excerpt":{"rendered":"<p>Autonvuokraus Marrakech RosCarilta Pohjois-Afrikan mailla on h\u00e4mm\u00e4stytt\u00e4v\u00e4 kyky lumota matkailijoita kaikkialta maailmasta tavoillaan ja v\u00e4rikk\u00e4ill\u00e4 maisemillaan. Ehk\u00e4 se on kulttuuri, ainutlaatuinen paikallinen keitti\u00f6 tai arjen kauneus. Tied\u00e4mme kuitenkin varmasti, ett\u00e4 sinun on vuokrattava auto Marrakechista, jotta p\u00e4\u00e4set l\u00e4hemm\u00e4s t\u00e4ydellist\u00e4 uppoutumista Marokkoon. Miksi sinun kannattaa varata ajoneuvo RosCarin kautta? Siihen on nelj\u00e4 vastausta: Pitk\u00e4aikainen tai lyhytaikainen [&hellip;]<\/p>\n","protected":false},"author":1,"featured_media":179,"parent":0,"menu_order":0,"comment_status":"closed","ping_status":"closed","template":"","meta":{"footnotes":""},"class_list":["post-1622","page","type-page","status-publish","has-post-thumbnail",""],"_links":{"self":[{"href":"https:\/\/roscar.ma\/fi\/wp-json\/wp\/v2\/pages\/1622","targetHints":{"allow":["GET"]}}],"collection":[{"href":"https:\/\/roscar.ma\/fi\/wp-json\/wp\/v2\/pages"}],"about":[{"href":"https:\/\/roscar.ma\/fi\/wp-json\/wp\/v2\/types\/page"}],"author":[{"embeddable":true,"href":"https:\/\/roscar.ma\/fi\/wp-json\/wp\/v2\/users\/1"}],"replies":[{"embeddable":true,"href":"https:\/\/roscar.ma\/fi\/wp-json\/wp\/v2\/comments?post=1622"}],"version-history":[{"count":1,"href":"https:\/\/roscar.ma\/fi\/wp-json\/wp\/v2\/pages\/1622\/revisions"}],"predecessor-version":[{"id":1623,"href":"https:\/\/roscar.ma\/fi\/wp-json\/wp\/v2\/pages\/1622\/revisions\/1623"}],"wp:featuredmedia":[{"embeddable":true,"href":"https:\/\/roscar.ma\/fi\/wp-json\/wp\/v2\/media\/179"}],"wp:attachment":[{"href":"https:\/\/roscar.ma\/fi\/wp-json\/wp\/v2\/media?parent=1622"}],"curies":[{"name":"wp","href":"https:\/\/api.w.org\/{rel}","templated":true}]}}