{"id":1513,"date":"2025-07-17T10:09:50","date_gmt":"2025-07-17T10:09:50","guid":{"rendered":"https:\/\/roscar.ma\/?page_id=1513"},"modified":"2025-07-23T18:24:25","modified_gmt":"2025-07-23T18:24:25","slug":"meista","status":"publish","type":"page","link":"https:\/\/roscar.ma\/fi\/meista\/","title":{"rendered":"Meist\u00e4"},"content":{"rendered":"<p>RosCar Morocco on moderni autonvuokrauspalvelu Marokossa, joka on toiminut vuodesta 2022 l\u00e4htien. Emme ole autonvuokrausyritys, vaan k\u00e4tev\u00e4 online-palvelu, joka kokoaa yhteen parhaat tarjoukset paikallisilta kumppaneilta ymp\u00e4ri maata.<\/p>\n<p>Verkkosivustollamme roscar.ma l\u00f6yd\u00e4t yli 200 luotettavaa autoa eri luokista \u2013 kompakteista kaupunkimalleista mukaviin maastoautoihin. Teemme varausprosessista mahdollisimman yksinkertaisen ja edullisen: voit vuokrata auton ilman takuumaksua ja ilman luottokorttia.<\/p>\n<p>Tavoitteenamme on tarjota matkailijoille joustava ja kustannustehokas tapa liikkua Marokossa, luottaen paikallisten yritysten kokemukseen ja luotettavuuteen. Valitse RosCar Morocco ja l\u00e4hde matkalle mukavasti!<\/p>\n","protected":false},"excerpt":{"rendered":"<p>RosCar Morocco on moderni autonvuokrauspalvelu Marokossa, joka on toiminut vuodesta 2022 l\u00e4htien. Emme ole autonvuokrausyritys, vaan k\u00e4tev\u00e4 online-palvelu, joka kokoaa yhteen parhaat tarjoukset paikallisilta kumppaneilta ymp\u00e4ri maata. Verkkosivustollamme roscar.ma l\u00f6yd\u00e4t yli 200 luotettavaa autoa eri luokista \u2013 kompakteista kaupunkimalleista mukaviin maastoautoihin. Teemme varausprosessista mahdollisimman yksinkertaisen ja edullisen: voit vuokrata auton ilman takuumaksua ja ilman luottokorttia. [&hellip;]<\/p>\n","protected":false},"author":2,"featured_media":0,"parent":0,"menu_order":0,"comment_status":"closed","ping_status":"closed","template":"","meta":{"footnotes":""},"class_list":["post-1513","page","type-page","status-publish",""],"_links":{"self":[{"href":"https:\/\/roscar.ma\/fi\/wp-json\/wp\/v2\/pages\/1513","targetHints":{"allow":["GET"]}}],"collection":[{"href":"https:\/\/roscar.ma\/fi\/wp-json\/wp\/v2\/pages"}],"about":[{"href":"https:\/\/roscar.ma\/fi\/wp-json\/wp\/v2\/types\/page"}],"author":[{"embeddable":true,"href":"https:\/\/roscar.ma\/fi\/wp-json\/wp\/v2\/users\/2"}],"replies":[{"embeddable":true,"href":"https:\/\/roscar.ma\/fi\/wp-json\/wp\/v2\/comments?post=1513"}],"version-history":[{"count":0,"href":"https:\/\/roscar.ma\/fi\/wp-json\/wp\/v2\/pages\/1513\/revisions"}],"wp:attachment":[{"href":"https:\/\/roscar.ma\/fi\/wp-json\/wp\/v2\/media?parent=1513"}],"curies":[{"name":"wp","href":"https:\/\/api.w.org\/{rel}","templated":true}]}}