{"id":1259,"date":"2025-07-17T10:56:33","date_gmt":"2025-07-17T10:56:33","guid":{"rendered":"https:\/\/roscar.ma\/?page_id=1259"},"modified":"2025-07-23T08:36:55","modified_gmt":"2025-07-23T08:36:55","slug":"autonvuokraus-casablanca","status":"publish","type":"page","link":"https:\/\/roscar.ma\/fi\/autonvuokraus-casablanca\/","title":{"rendered":"Autonvuokraus Casablanca"},"content":{"rendered":"<h2>Autonvuokraus Casablanc\u0430 RosCarista<\/h2>\n<p>Marokon t\u00e4rkein talous- ja kulttuurikaupunki on aina hyv\u00e4 alku upealle matkalle Pohjois-Afrikkaan. Ainutlaatuinen arabialainen kulttuuri, tuhansien vuosien historia modernissa arkkitehtuurissa, perinteet ja herkullinen ruoka ovat suunnitelmasi. Mutta ensin sinun on vuokrattava auto Casablancassa. On useita syit\u00e4 valita automatkustaminen t\u00e4\u00e4ll\u00e4:<\/p>\n<ul>\n<li>Se on paljon mukavampaa kuin julkinen liikenne<\/li>\n<li>Alennukset, halvat hinnat ja monet vaihtoehdot (osa niist\u00e4 on ilmaisia).<\/li>\n<li>Helppo l\u00f6yt\u00e4\u00e4 sopiva<\/li>\n<li>T\u00e4ydellinen liikkumisen vapaus.<\/li>\n<\/ul>\n<p>RosCarilla on yll\u00e4tt\u00e4v\u00e4n yksinkertainen varausmenettely. Varaa vain nyt, lis\u00e4\u00e4 korttisi maksua varten, ja olet valmis.<\/p>\n<h2>Autonvuokraus Casablanca: Opas<\/h2>\n<p>Halpa autonvuokraus Casablancassa ei ole fiktiota, vaan todellisuutta jokaiselle, joka tuntee muutaman s\u00e4\u00e4nn\u00f6n. Noudata niit\u00e4 ja p\u00e4\u00e4set haluttuun lopputulokseen ilman pettymyksi\u00e4.<\/p>\n<h3>1. Valitse oikea tyyppi<\/h3>\n<p>Kytkem\u00e4ll\u00e4 suodattimet p\u00e4\u00e4lle, voit helposti muodostaa luettelon tarjouksista jonkin tyypin mukaan:<\/p>\n<ul>\n<li>Maasturi tai Crossover<\/li>\n<li>Vakioauto<\/li>\n<li>Economy-auto<\/li>\n<li>Pienikokoinen auto<\/li>\n<li>Miniauto<\/li>\n<li>Avoauto<\/li>\n<li>tila-auto, pakettiauto ja muut.<\/li>\n<\/ul>\n<h3>2. K\u00e4yt\u00e4 lis\u00e4vaihtoehtoja<\/h3>\n<p>Autonvuokraukseen Casablancassa voi liitty\u00e4 yksi tai useampi lis\u00e4palvelu (maksullinen tai ilmainen):<\/p>\n<ul>\n<li>Taattu malli: Ei ik\u00e4vi\u00e4 yll\u00e4tyksi\u00e4 autoa noudettaessa.<\/li>\n<li>Voimansiirto: Hanki automaattivaihteisto.<\/li>\n<li>Lis\u00e4vakuutus: Maksullinen ominaisuus, joka poistaa taloudelliset riskit Full Coveragen tai SuperCDW:n kanssa.<\/li>\n<li>Lis\u00e4kuljettaja: Tiesitk\u00f6, ett\u00e4 voit lis\u00e4t\u00e4 sopimukseen yhden henkil\u00f6n?<\/li>\n<li>Lastenistuin: Kaikenik\u00e4isille lapsille on tarjolla jopa nelj\u00e4 erilaista turvalaitetyyppi\u00e4.<\/li>\n<li>Ilmainen peruutus: Sinulla on v\u00e4hint\u00e4\u00e4n 48 tuntia aikaa peruuttaa tilauksesi.<\/li>\n<li>Rajoittamaton kilometrim\u00e4\u00e4r\u00e4: Ilmainen ominaisuus, jossa on ilmaisia kilometrej\u00e4.<\/li>\n<li>Ei talletusta: Kaikki rakastavat sit\u00e4, kun se tulee ilman talletuskieltoja luottokortteihin.<\/li>\n<li>Ei luottokorttia: Voi tulla lis\u00e4vaatimuksia turvatarkastuksia varten.<\/li>\n<li>SIM-kortti: Nopea mobiili-internet aina k\u00e4sill\u00e4.<\/li>\n<\/ul>\n<blockquote class=\"info\">\n<h2>Casablancan autonvuokraus: Varaukset RosCarin kautta<\/h2>\n<p>Casablancan autonvuokraus voi tuntua yhdelt\u00e4 yksinkertaisimmista matkapalveluista, joita olet koskaan k\u00e4ytt\u00e4nyt:<\/p>\n<ol>\n<li>Aseta sijainnit ja p\u00e4iv\u00e4m\u00e4\u00e4r\u00e4t.<\/li>\n<li>Aseta hakusuodattimet (Tyyppi, vaihtoehdot ja paljon muuta)<\/li>\n<li>Varaa nyt mik\u00e4 tahansa ajoneuvo luettelosta.<\/li>\n<li>T\u00e4yt\u00e4 lomake yksityiskohdilla.<\/li>\n<li>Vahvista.<\/li>\n<\/ol>\n<p>Hakemus katsotaan vahvistetuksi vasta, kun olet maksanut ennakkomaksun (14-20 % summasta) Pay Now -palvelun kautta. RosCar hyv\u00e4ksyy pankki- tai luottokortin.<\/p><\/blockquote>\n<h2>Autonvuokraus Casablanca hinta<\/h2>\n<p>T\u00e4ss\u00e4 ovat likim\u00e4\u00e4r\u00e4iset hinnat, joita voit l\u00f6yt\u00e4\u00e4 t\u00e4ss\u00e4 kaupungissa:<\/p>\n<ul>\n<li>15-25 dollaria Mini-Economy<\/li>\n<li>30-40 dollaria Compact-Standard<\/li>\n<li>40-60 dollaria tila-auto, avoauto, crossover tai katumaasturi.<\/li>\n<li>70 dollaria+ luksusluokan auto.<\/li>\n<\/ul>\n<p>Autonvuokraus Casablancassa voi olla enemm\u00e4n tai v\u00e4hemm\u00e4n kallista jopa 40 % riippuen seuraavista tekij\u00f6ist\u00e4:<\/p>\n<ul>\n<li>Varattujen p\u00e4ivien m\u00e4\u00e4r\u00e4 (kannattaa ottaa pitk\u00e4aikainen autonvuokraus).<\/li>\n<li>noutopaikka (lentoasema, kaupunki tai toimitus).<\/li>\n<li>Vuodenaika ja yrityksen ty\u00f6m\u00e4\u00e4r\u00e4<\/li>\n<li>Mukana olevat lis\u00e4palvelut.<\/li>\n<\/ul>\n<p>N\u00e4in voit vertailla hintaa:<\/p>\n<h3>Casablancassa, Marokossa, autonvuokrauksen hintataulukko<\/h3>\n<table border=\"1\">\n<thead>\n<tr>\n<th>Auton malli<\/th>\n<th>Korityyppi<\/th>\n<th>Hinta per p\u00e4iv\u00e4 (hiljainen sesonki)<\/th>\n<th>Hinta per p\u00e4iv\u00e4 (sesonkiaika)<\/th>\n<th>Matkustajat<\/th>\n<th>Matkatavaroiden m\u00e4\u00e4r\u00e4<\/th>\n<\/tr>\n<\/thead>\n<tbody>\n<tr>\n<td>Kia Picanto<\/td>\n<td>Hatchback<\/td>\n<td>20 \u20ac<\/td>\n<td>27 \u20ac<\/td>\n<td>4<\/td>\n<td>1<\/td>\n<\/tr>\n<tr>\n<td>Dacia Logan<\/td>\n<td>Sedan<\/td>\n<td>22 \u20ac<\/td>\n<td>30 \u20ac<\/td>\n<td>5<\/td>\n<td>2<\/td>\n<\/tr>\n<tr>\n<td>Renault Clio<\/td>\n<td>Viistoper\u00e4<\/td>\n<td>25 \u20ac<\/td>\n<td>34 \u20ac<\/td>\n<td>5<\/td>\n<td>2<\/td>\n<\/tr>\n<tr>\n<td>Hyundai i20<\/td>\n<td>Viistoper\u00e4<\/td>\n<td>24 \u20ac<\/td>\n<td>33 \u20ac<\/td>\n<td>5<\/td>\n<td>2<\/td>\n<\/tr>\n<tr>\n<td>Volkswagen Polo<\/td>\n<td>Viistoper\u00e4<\/td>\n<td>26 \u20ac<\/td>\n<td>36 \u20ac<\/td>\n<td>5<\/td>\n<td>2<\/td>\n<\/tr>\n<tr>\n<td>Citro\u00ebn C-Elys\u00e9e<\/td>\n<td>Sedan<\/td>\n<td>27 \u20ac<\/td>\n<td>37 \u20ac<\/td>\n<td>5<\/td>\n<td>3<\/td>\n<\/tr>\n<tr>\n<td>Peugeot 301<\/td>\n<td>Sedan<\/td>\n<td>28 \u20ac<\/td>\n<td>38 \u20ac<\/td>\n<td>5<\/td>\n<td>3<\/td>\n<\/tr>\n<tr>\n<td>Dacia Duster<\/td>\n<td>SUV<\/td>\n<td>35 \u20ac<\/td>\n<td>46 \u20ac<\/td>\n<td>5<\/td>\n<td>3<\/td>\n<\/tr>\n<tr>\n<td>Renault Kadjar<\/td>\n<td>SUV<\/td>\n<td>48 \u20ac<\/td>\n<td>60 \u20ac<\/td>\n<td>5<\/td>\n<td>4<\/td>\n<\/tr>\n<tr>\n<td>Peugeot 3008<\/td>\n<td>SUV<\/td>\n<td>54 \u20ac<\/td>\n<td>68 \u20ac<\/td>\n<td>5<\/td>\n<td>4<\/td>\n<\/tr>\n<\/tbody>\n<\/table>\n        <div class=\"rpc-chart\">\n            <h3>Autonvuokrauksen hintojen kausittaiset muutokset kohteessa Casablanca: yleiskatsaus vahvistettujen varausten perusteella<\/h3>\n            <div><p>Viimeisten kolmen vuoden aikana roscar.ma:n asiantuntijat ovat analysoineet systemaattisesti autonvuokrauksen keskim\u00e4\u00e4r\u00e4isten hintojen muutoksia kohteessa Casablanca. Tiedot perustuvat yksinomaan todellisiin tilauksiin, jotka on tehty alustamme kautta, joka tekee yhteisty\u00f6t\u00e4 luotettavien paikallisten autovuokraamojen kanssa.<\/p>\n<p>Seuranta kattaa kaikki ajoneuvoluokat: pienist\u00e4 kaupunkimalleista maastureihin, avoautoihin ja edustusautoihin. N\u00e4in voimme seurata tarkasti kausittaisia suuntauksia ja ennustaa hintavaihteluita kysynn\u00e4n ja matkailuaikojen mukaan.<\/p>\n<p>Koska meill\u00e4 on monen vuoden kokemus autonvuokrauksesta Marokossa, p\u00e4ivit\u00e4mme tietoja s\u00e4\u00e4nn\u00f6llisesti, jotta voimme tarjota k\u00e4ytt\u00e4jille ajantasaisia ja luotettavia tietoja. T\u00e4m\u00e4 on erityisen t\u00e4rke\u00e4\u00e4 niille, jotka suunnittelevat matkaa Casablancaan ja etsiv\u00e4t suotuisia kuljetusolosuhteita.<\/p>\n<\/div>\n            <div class=\"rpc-chart-bars\">\n                                    <div class=\"rpc-chart-column\">\n                        <div class=\"rpc-chart-inner\" style=\"height: 30.188679245283%\">\n                            <div class=\"rpc-chart-column-value\">16 \u20ac<\/div>\n                            <div class=\"rpc-chart-month\">JAN<\/div>\n                        <\/div>\n                    <\/div>\n                                    <div class=\"rpc-chart-column\">\n                        <div class=\"rpc-chart-inner\" style=\"height: 28.301886792453%\">\n                            <div class=\"rpc-chart-column-value\">15 \u20ac<\/div>\n                            <div class=\"rpc-chart-month\">FEB<\/div>\n                        <\/div>\n                    <\/div>\n                                    <div class=\"rpc-chart-column\">\n                        <div class=\"rpc-chart-inner\" style=\"height: 30.188679245283%\">\n                            <div class=\"rpc-chart-column-value\">16 \u20ac<\/div>\n                            <div class=\"rpc-chart-month\">MAR<\/div>\n                        <\/div>\n                    <\/div>\n                                    <div class=\"rpc-chart-column\">\n                        <div class=\"rpc-chart-inner\" style=\"height: 39.622641509434%\">\n                            <div class=\"rpc-chart-column-value\">21 \u20ac<\/div>\n                            <div class=\"rpc-chart-month\">APR<\/div>\n                        <\/div>\n                    <\/div>\n                                    <div class=\"rpc-chart-column\">\n                        <div class=\"rpc-chart-inner\" style=\"height: 32.075471698113%\">\n                            <div class=\"rpc-chart-column-value\">17 \u20ac<\/div>\n                            <div class=\"rpc-chart-month\">MAY<\/div>\n                        <\/div>\n                    <\/div>\n                                    <div class=\"rpc-chart-column\">\n                        <div class=\"rpc-chart-inner\" style=\"height: 33.962264150943%\">\n                            <div class=\"rpc-chart-column-value\">18 \u20ac<\/div>\n                            <div class=\"rpc-chart-month\">JUN<\/div>\n                        <\/div>\n                    <\/div>\n                                    <div class=\"rpc-chart-column\">\n                        <div class=\"rpc-chart-inner\" style=\"height: 54.716981132075%\">\n                            <div class=\"rpc-chart-column-value\">29 \u20ac<\/div>\n                            <div class=\"rpc-chart-month\">JUL<\/div>\n                        <\/div>\n                    <\/div>\n                                    <div class=\"rpc-chart-column\">\n                        <div class=\"rpc-chart-inner\" style=\"height: 62.264150943396%\">\n                            <div class=\"rpc-chart-column-value\">33 \u20ac<\/div>\n                            <div class=\"rpc-chart-month\">AUG<\/div>\n                        <\/div>\n                    <\/div>\n                                    <div class=\"rpc-chart-column\">\n                        <div class=\"rpc-chart-inner\" style=\"height: 43.396226415094%\">\n                            <div class=\"rpc-chart-column-value\">23 \u20ac<\/div>\n                            <div class=\"rpc-chart-month\">SEP<\/div>\n                        <\/div>\n                    <\/div>\n                                    <div class=\"rpc-chart-column\">\n                        <div class=\"rpc-chart-inner\" style=\"height: 39.622641509434%\">\n                            <div class=\"rpc-chart-column-value\">21 \u20ac<\/div>\n                            <div class=\"rpc-chart-month\">OCT<\/div>\n                        <\/div>\n                    <\/div>\n                                    <div class=\"rpc-chart-column\">\n                        <div class=\"rpc-chart-inner\" style=\"height: 33.962264150943%\">\n                            <div class=\"rpc-chart-column-value\">18 \u20ac<\/div>\n                            <div class=\"rpc-chart-month\">NOV<\/div>\n                        <\/div>\n                    <\/div>\n                                    <div class=\"rpc-chart-column\">\n                        <div class=\"rpc-chart-inner\" style=\"height: 41.509433962264%\">\n                            <div class=\"rpc-chart-column-value\">22 \u20ac<\/div>\n                            <div class=\"rpc-chart-month\">DEC<\/div>\n                        <\/div>\n                    <\/div>\n                            <\/div>\n        <\/div>\n        \n<h2>Autonvuokraus Casablanc\u0430: Asiakirjat<\/h2>\n<p>Vain muutama asiakirja, jotka kuljettajalla on oltava noutaakseen autonvuokrauksen:<\/p>\n<ol>\n<li>Ajokortti<\/li>\n<li>Passi<\/li>\n<li>Luottokortti (talletus, luotto- tai henkil\u00f6llisyystarkastus).<\/li>\n<li>Voucher (l\u00e4het\u00e4mme sinulle sellaisen varausvahvistuksen mukana).<\/li>\n<\/ol>\n","protected":false},"excerpt":{"rendered":"<p>Autonvuokraus Casablanc\u0430 RosCarista Marokon t\u00e4rkein talous- ja kulttuurikaupunki on aina hyv\u00e4 alku upealle matkalle Pohjois-Afrikkaan. Ainutlaatuinen arabialainen kulttuuri, tuhansien vuosien historia modernissa arkkitehtuurissa, perinteet ja herkullinen ruoka ovat suunnitelmasi. Mutta ensin sinun on vuokrattava auto Casablancassa. On useita syit\u00e4 valita automatkustaminen t\u00e4\u00e4ll\u00e4: Se on paljon mukavampaa kuin julkinen liikenne Alennukset, halvat hinnat ja monet vaihtoehdot [&hellip;]<\/p>\n","protected":false},"author":1,"featured_media":148,"parent":0,"menu_order":0,"comment_status":"closed","ping_status":"closed","template":"","meta":{"footnotes":""},"class_list":["post-1259","page","type-page","status-publish","has-post-thumbnail",""],"_links":{"self":[{"href":"https:\/\/roscar.ma\/fi\/wp-json\/wp\/v2\/pages\/1259","targetHints":{"allow":["GET"]}}],"collection":[{"href":"https:\/\/roscar.ma\/fi\/wp-json\/wp\/v2\/pages"}],"about":[{"href":"https:\/\/roscar.ma\/fi\/wp-json\/wp\/v2\/types\/page"}],"author":[{"embeddable":true,"href":"https:\/\/roscar.ma\/fi\/wp-json\/wp\/v2\/users\/1"}],"replies":[{"embeddable":true,"href":"https:\/\/roscar.ma\/fi\/wp-json\/wp\/v2\/comments?post=1259"}],"version-history":[{"count":2,"href":"https:\/\/roscar.ma\/fi\/wp-json\/wp\/v2\/pages\/1259\/revisions"}],"predecessor-version":[{"id":1262,"href":"https:\/\/roscar.ma\/fi\/wp-json\/wp\/v2\/pages\/1259\/revisions\/1262"}],"wp:featuredmedia":[{"embeddable":true,"href":"https:\/\/roscar.ma\/fi\/wp-json\/wp\/v2\/media\/148"}],"wp:attachment":[{"href":"https:\/\/roscar.ma\/fi\/wp-json\/wp\/v2\/media?parent=1259"}],"curies":[{"name":"wp","href":"https:\/\/api.w.org\/{rel}","templated":true}]}}