{"id":2536,"date":"2025-07-17T11:33:38","date_gmt":"2025-07-17T11:33:38","guid":{"rendered":"https:\/\/roscar.ma\/?page_id=2536"},"modified":"2025-07-26T19:53:47","modified_gmt":"2025-07-26T19:53:47","slug":"alquiler-de-coches-tanger","status":"publish","type":"page","link":"https:\/\/roscar.ma\/es\/alquiler-de-coches-tanger\/","title":{"rendered":"Alquiler De Coches T\u00e1nger"},"content":{"rendered":"<h2>Alquiler De Coches T\u00e1nger de RosCar<\/h2>\n<p>El norte de Marruecos es donde dos continentes (Europa y \u00c1frica) se encuentran, donde el clima es c\u00e1lido 365 d\u00edas al a\u00f1o, y siempre recuerdos brillantes. Aqu\u00ed puede alquilar un coche en T\u00e1nger y llevar su viaje a otro nivel:<\/p>\n<ul>\n<li>Menos gastos en transporte p\u00fablico o taxis<\/li>\n<li>Libertad para moverte cuando quieras<\/li>\n<li>Facilidad de recogida y reserva 24\/7<\/li>\n<li>Precios baratos con alta calidad.<\/li>\n<\/ul>\n<p>\u00bfSigue buscando la mejor relaci\u00f3n calidad-precio por cada d\u00f3lar gastado? Entonces busque su veh\u00edculo en RosCar, reserve y utilice la tarjeta para la confirmaci\u00f3n (hasta un 20% del importe). S\u00ed, as\u00ed de f\u00e1cil.<\/p>\n<h2>Alquiler De Coches T\u00e1nger: La Gu\u00eda<\/h2>\n<p>Elegir el alquiler de coches T\u00e1nger adecuado puede no parecer una tarea f\u00e1cil, teniendo en cuenta su presupuesto, estilo de viaje y necesidades. Pero dos pasos son suficientes para llegar a donde quiere ir.<\/p>\n<h3>1. Tipo de veh\u00edculo<\/h3>\n<p>\u00bfDebe ser espacioso o compacto, barato o caro? Utilice los filtros para elegir el suyo:<\/p>\n<ul>\n<li>Coche econ\u00f3mico<\/li>\n<li>Coche compacto<\/li>\n<li>SUV o crossover<\/li>\n<li>Minicoche<\/li>\n<li>Coche est\u00e1ndar<\/li>\n<li>Coche de lujo<\/li>\n<li>Descapotable<\/li>\n<li>Furgoneta, monovolumen y m\u00e1s.<\/li>\n<\/ul>\n<h3>2. Servicios adicionales<\/h3>\n<p>Esta puede ser la forma m\u00e1s f\u00e1cil y asequible de mejorar la calidad de sus viajes con las siguientes prestaciones:<\/p>\n<ul>\n<li>Cancelaci\u00f3n gratuita: Esta opci\u00f3n s\u00f3lo puede utilizarse 48 horas antes de la fecha de inicio.<\/li>\n<li>Sin tarjeta de cr\u00e9dito: Siempre hay muchos veh\u00edculos entre los que elegir.<\/li>\n<li>Tarjeta SIM: Todo el mundo necesita internet r\u00e1pido o llamadas cuando viaja.<\/li>\n<li>Conductor adicional: Siempre es bueno tener a alguien preparado para conducir por ti.<\/li>\n<li>Kilometraje ilimitado: Un gran a\u00f1adido a un coche de alquiler barato en T\u00e1nger.<\/li>\n<li>Sin dep\u00f3sito: Puede ser un 10-15% m\u00e1s caro, pero viene sin bloqueos de dep\u00f3sito en tarjetas de cr\u00e9dito.<\/li>\n<li>Asiento para ni\u00f1os: Los ni\u00f1os menores de 10 a\u00f1os s\u00f3lo se pueden mover en un sistema de retenci\u00f3n infantil (fila trasera).<\/li>\n<li>Seguro adicional: No hay que preocuparse por la libertad financiera con SuperCDW o Cobertura Total.<\/li>\n<li>Modelo garantizado: \u00bfHas reservado un Toyota Corolla? Tendr\u00e1s exactamente el Toyota Corolla.<\/li>\n<li>Transmisi\u00f3n: Manual vs. Autom\u00e1tica. Barato vs. C\u00f3modo.<\/li>\n<\/ul>\n<blockquote class=\"info\">\n<h2>Alquiler de coches en T\u00e1nger:Reserva<\/h2>\n<p>\u00bfTienes cinco minutos? Entonces puedes alquilar cualquier veh\u00edculo en RosCar de esta manera:<\/p>\n<ol>\n<li>Especifica las fechas de Inicio-Fin, as\u00ed como las localizaciones.<\/li>\n<li>Ve a los filtros y haz clic en los que te parezcan m\u00e1s convenientes. Obtenga una lista.<\/li>\n<li>Seleccione su coche a trav\u00e9s de Reservar ahora.<\/li>\n<li>Seleccione el tipo de pago, el seguro y las caracter\u00edsticas adicionales en el formulario.<\/li>\n<li>A\u00f1ada otra informaci\u00f3n y Confirme.<\/li>\n<li>Pague ahora.<\/li>\n<\/ol>\n<p>El alquiler de coches en T\u00e1nger puede ser reservado por cualquier persona con un permiso de conducir (mayor de 21 a\u00f1os) y una tarjeta bancaria (hasta el 20% para el pago de confirmaci\u00f3n). El 80% del resto se paga in situ, por cualquier m\u00e9todo que haya especificado en el formulario.<\/p><\/blockquote>\n<h2>Alquiler de coches T\u00e1nger precio<\/h2>\n<p>En esta parte de Marruecos, se pueden encontrar precios bastante bajos para el alquiler de coches en T\u00e1nger:<\/p>\n<ul>\n<li>15-20 $ para Economy o Mini<\/li>\n<li>$25-30 para Standard<\/li>\n<li>$35-50 para Minivan, SUV, 4&#215;4, o Crossover<\/li>\n<li>m\u00e1s de 60 $ para Lujo o Descapotable.<\/li>\n<\/ul>\n<p>Los precios en plena temporada tur\u00edstica pueden aumentar hasta un 60%, o incluso m\u00e1s. Por ello, debe tener en cuenta los siguientes trucos para reducir costes:<\/p>\n<ul>\n<li>Reserve lo antes posible<\/li>\n<li>Elija un tipo de veh\u00edculo que no suponga una amenaza para su presupuesto<\/li>\n<li>Busque prestaciones gratuitas (sin dep\u00f3sito, sin tarjeta de cr\u00e9dito, kilometraje ilimitado, etc.)<\/li>\n<li>Especifique la fecha de inicio a mediados de semana.<\/li>\n<\/ul>\n<p>Tambi\u00e9n debe comparar el precio:<\/p>\n<h3>Tabla de precios para el alquiler de coches en T\u00e1nger, Marruecos<\/h3>\n<table>\n<thead>\n<tr>\n<th>Modelo de coche<\/th>\n<th>Tipo de carrocer\u00eda<\/th>\n<th>Precio por d\u00eda (temporada baja)<\/th>\n<th>Precio por d\u00eda (temporada alta)<\/th>\n<th>Pasajeros<\/th>\n<th>Capacidad de equipaje<\/th>\n<\/tr>\n<\/thead>\n<tbody>\n<tr>\n<td>Fiat Panda<\/td>\n<td>Hatchback<\/td>\n<td>20 \u20ac<\/td>\n<td>27 \u20ac<\/td>\n<td>4<\/td>\n<td>1<\/td>\n<\/tr>\n<tr>\n<td>Kia Picanto<\/td>\n<td>Hatchback<\/td>\n<td>22 \u20ac<\/td>\n<td>29 \u20ac<\/td>\n<td>4<\/td>\n<td>1<\/td>\n<\/tr>\n<tr>\n<td>Dacia Logan<\/td>\n<td>Berlina<\/td>\n<td>24 \u20ac<\/td>\n<td>32 \u20ac<\/td>\n<td>5<\/td>\n<td>2<\/td>\n<\/tr>\n<tr>\n<td>Peugeot 208<\/td>\n<td>Hatchback<\/td>\n<td>26 \u20ac<\/td>\n<td>35 \u20ac<\/td>\n<td>5<\/td>\n<td>2<\/td>\n<\/tr>\n<tr>\n<td>Renault Clio<\/td>\n<td>Hatchback<\/td>\n<td>27 \u20ac<\/td>\n<td>36 \u20ac<\/td>\n<td>5<\/td>\n<td>2<\/td>\n<\/tr>\n<tr>\n<td>Citro\u00ebn C-Elys\u00e9e<\/td>\n<td>Berlina<\/td>\n<td>29 \u20ac<\/td>\n<td>39 \u20ac<\/td>\n<td>5<\/td>\n<td>3<\/td>\n<\/tr>\n<tr>\n<td>Hyundai i20<\/td>\n<td>Hatchback<\/td>\n<td>28 \u20ac<\/td>\n<td>38 \u20ac<\/td>\n<td>5<\/td>\n<td>2<\/td>\n<\/tr>\n<tr>\n<td>Dacia Duster<\/td>\n<td>SUV<\/td>\n<td>38 \u20ac<\/td>\n<td>49 \u20ac<\/td>\n<td>5<\/td>\n<td>3<\/td>\n<\/tr>\n<tr>\n<td>Renault Kadjar<\/td>\n<td>SUV<\/td>\n<td>50 \u20ac<\/td>\n<td>62 \u20ac<\/td>\n<td>5<\/td>\n<td>4<\/td>\n<\/tr>\n<tr>\n<td>Peugeot 3008<\/td>\n<td>SUV<\/td>\n<td>55 \u20ac<\/td>\n<td>70 \u20ac<\/td>\n<td>5<\/td>\n<td>4<\/td>\n<\/tr>\n<\/tbody>\n<\/table>\n        <div class=\"rpc-chart\">\n            <h3>C\u00f3mo cambian los precios de alquiler de coches en T\u00e1nger: una visi\u00f3n general basada en reservas reales<\/h3>\n            <div><p>Durante los \u00faltimos tres a\u00f1os, roscar.ma ha realizado un seguimiento de los precios de alquiler de coches en T\u00e1nger. Todos los datos presentados aqu\u00ed se basan en reservas reales, lo que nos permite formarnos una imagen fiable de las fluctuaciones estacionales de los precios de alquiler.<\/p>\n<p>El an\u00e1lisis incluye varias categor\u00edas de coches, desde modelos compactos hasta todoterrenos, descapotables y coches de gama alta. Esto nos permite ver c\u00f3mo la actividad tur\u00edstica y la \u00e9poca del a\u00f1o afectan a los precios.<\/p>\n<p>Los especialistas de RosCar Marruecos cuentan con una amplia experiencia en atenci\u00f3n al cliente en Marruecos y ofrecen informaci\u00f3n contrastada que resultar\u00e1 \u00fatil a cualquiera que est\u00e9 planeando un viaje a T\u00e1nger y desee planificar eficazmente sus gastos de transporte.<\/p>\n<\/div>\n            <div class=\"rpc-chart-bars\">\n                                    <div class=\"rpc-chart-column\">\n                        <div class=\"rpc-chart-inner\" style=\"height: 24.528301886792%\">\n                            <div class=\"rpc-chart-column-value\">13 \u20ac<\/div>\n                            <div class=\"rpc-chart-month\">JAN<\/div>\n                        <\/div>\n                    <\/div>\n                                    <div class=\"rpc-chart-column\">\n                        <div class=\"rpc-chart-inner\" style=\"height: 26.415094339623%\">\n                            <div class=\"rpc-chart-column-value\">14 \u20ac<\/div>\n                            <div class=\"rpc-chart-month\">FEB<\/div>\n                        <\/div>\n                    <\/div>\n                                    <div class=\"rpc-chart-column\">\n                        <div class=\"rpc-chart-inner\" style=\"height: 28.301886792453%\">\n                            <div class=\"rpc-chart-column-value\">15 \u20ac<\/div>\n                            <div class=\"rpc-chart-month\">MAR<\/div>\n                        <\/div>\n                    <\/div>\n                                    <div class=\"rpc-chart-column\">\n                        <div class=\"rpc-chart-inner\" style=\"height: 45.283018867925%\">\n                            <div class=\"rpc-chart-column-value\">24 \u20ac<\/div>\n                            <div class=\"rpc-chart-month\">APR<\/div>\n                        <\/div>\n                    <\/div>\n                                    <div class=\"rpc-chart-column\">\n                        <div class=\"rpc-chart-inner\" style=\"height: 32.075471698113%\">\n                            <div class=\"rpc-chart-column-value\">17 \u20ac<\/div>\n                            <div class=\"rpc-chart-month\">MAY<\/div>\n                        <\/div>\n                    <\/div>\n                                    <div class=\"rpc-chart-column\">\n                        <div class=\"rpc-chart-inner\" style=\"height: 30.188679245283%\">\n                            <div class=\"rpc-chart-column-value\">16 \u20ac<\/div>\n                            <div class=\"rpc-chart-month\">JUN<\/div>\n                        <\/div>\n                    <\/div>\n                                    <div class=\"rpc-chart-column\">\n                        <div class=\"rpc-chart-inner\" style=\"height: 52.830188679245%\">\n                            <div class=\"rpc-chart-column-value\">28 \u20ac<\/div>\n                            <div class=\"rpc-chart-month\">JUL<\/div>\n                        <\/div>\n                    <\/div>\n                                    <div class=\"rpc-chart-column\">\n                        <div class=\"rpc-chart-inner\" style=\"height: 62.264150943396%\">\n                            <div class=\"rpc-chart-column-value\">33 \u20ac<\/div>\n                            <div class=\"rpc-chart-month\">AUG<\/div>\n                        <\/div>\n                    <\/div>\n                                    <div class=\"rpc-chart-column\">\n                        <div class=\"rpc-chart-inner\" style=\"height: 39.622641509434%\">\n                            <div class=\"rpc-chart-column-value\">21 \u20ac<\/div>\n                            <div class=\"rpc-chart-month\">SEP<\/div>\n                        <\/div>\n                    <\/div>\n                                    <div class=\"rpc-chart-column\">\n                        <div class=\"rpc-chart-inner\" style=\"height: 35.849056603774%\">\n                            <div class=\"rpc-chart-column-value\">19 \u20ac<\/div>\n                            <div class=\"rpc-chart-month\">OCT<\/div>\n                        <\/div>\n                    <\/div>\n                                    <div class=\"rpc-chart-column\">\n                        <div class=\"rpc-chart-inner\" style=\"height: 32.075471698113%\">\n                            <div class=\"rpc-chart-column-value\">17 \u20ac<\/div>\n                            <div class=\"rpc-chart-month\">NOV<\/div>\n                        <\/div>\n                    <\/div>\n                                    <div class=\"rpc-chart-column\">\n                        <div class=\"rpc-chart-inner\" style=\"height: 41.509433962264%\">\n                            <div class=\"rpc-chart-column-value\">22 \u20ac<\/div>\n                            <div class=\"rpc-chart-month\">DEC<\/div>\n                        <\/div>\n                    <\/div>\n                            <\/div>\n        <\/div>\n        \n<h2>Alquiler De Coches T\u00e1nger: Documentos<\/h2>\n<p>Marruecos es un pa\u00eds abierto al que pueden acceder turistas de todo el mundo. Por lo tanto, s\u00f3lo se requieren documentos est\u00e1ndar para alquilar:<\/p>\n<ol>\n<li>Permiso de conducir (se requieren 2 a\u00f1os de experiencia)<\/li>\n<li>Pasaporte o documento de identidad<\/li>\n<li>Vale o certificado de reserva<\/li>\n<li>Tarjeta de cr\u00e9dito (opcional).<\/li>\n<\/ol>\n","protected":false},"excerpt":{"rendered":"<p>Alquiler De Coches T\u00e1nger de RosCar El norte de Marruecos es donde dos continentes (Europa y \u00c1frica) se encuentran, donde el clima es c\u00e1lido 365 d\u00edas al a\u00f1o, y siempre recuerdos brillantes. Aqu\u00ed puede alquilar un coche en T\u00e1nger y llevar su viaje a otro nivel: Menos gastos en transporte p\u00fablico o taxis Libertad para [&hellip;]<\/p>\n","protected":false},"author":1,"featured_media":295,"parent":0,"menu_order":0,"comment_status":"closed","ping_status":"closed","template":"","meta":{"footnotes":""},"class_list":["post-2536","page","type-page","status-publish","has-post-thumbnail",""],"_links":{"self":[{"href":"https:\/\/roscar.ma\/es\/wp-json\/wp\/v2\/pages\/2536","targetHints":{"allow":["GET"]}}],"collection":[{"href":"https:\/\/roscar.ma\/es\/wp-json\/wp\/v2\/pages"}],"about":[{"href":"https:\/\/roscar.ma\/es\/wp-json\/wp\/v2\/types\/page"}],"author":[{"embeddable":true,"href":"https:\/\/roscar.ma\/es\/wp-json\/wp\/v2\/users\/1"}],"replies":[{"embeddable":true,"href":"https:\/\/roscar.ma\/es\/wp-json\/wp\/v2\/comments?post=2536"}],"version-history":[{"count":1,"href":"https:\/\/roscar.ma\/es\/wp-json\/wp\/v2\/pages\/2536\/revisions"}],"predecessor-version":[{"id":2537,"href":"https:\/\/roscar.ma\/es\/wp-json\/wp\/v2\/pages\/2536\/revisions\/2537"}],"wp:featuredmedia":[{"embeddable":true,"href":"https:\/\/roscar.ma\/es\/wp-json\/wp\/v2\/media\/295"}],"wp:attachment":[{"href":"https:\/\/roscar.ma\/es\/wp-json\/wp\/v2\/media?parent=2536"}],"curies":[{"name":"wp","href":"https:\/\/api.w.org\/{rel}","templated":true}]}}