{"id":2176,"date":"2025-07-17T11:30:24","date_gmt":"2025-07-17T11:30:24","guid":{"rendered":"https:\/\/roscar.ma\/?page_id=2176"},"modified":"2025-07-26T13:15:55","modified_gmt":"2025-07-26T13:15:55","slug":"alquiler-de-coches-agadir","status":"publish","type":"page","link":"https:\/\/roscar.ma\/es\/alquiler-de-coches-agadir\/","title":{"rendered":"Alquiler De Coches Agadir"},"content":{"rendered":"<h2>Alquiler De Coches Agadir de RosCar<\/h2>\n<p>Marruecos es un pa\u00eds con un ambiente \u00fanico, paisajes vibrantes y docenas de exquisitas ciudades costeras. Es el lugar perfecto para aquellos que buscan algo m\u00e1s que relajarse en la playa. Y s\u00f3lo hay una manera de ir si usted est\u00e1 buscando sacar el m\u00e1ximo provecho de su viaje y obtener su raci\u00f3n de sensaciones v\u00edvidas: alquiler de coches Agadir. \u00bfListo para conseguir el tuyo? Entonces reserve ahora con RosCar y podr\u00e1:<\/p>\n<ul>\n<li>Elegir las mejores ofertas con las condiciones win-win<\/li>\n<li>Equiparte con opciones extra que te har\u00e1n la vida mejor y m\u00e1s f\u00e1cil<\/li>\n<li>Moverte a lo largo de tu camino \u00fanico sin estar atado al horario de otra persona<\/li>\n<li>Disfrutar de precios bajos para el alquiler de coches a largo plazo.<\/li>\n<\/ul>\n<h2>Alquiler De Coches Agadir: La Gu\u00eda<\/h2>\n<p>Antes de pulsar el bot\u00f3n \u00abReservar ahora\u00bb, le sugerimos que lea una breve introducci\u00f3n. Este es el camino de miles de viajeros activos de todo el mundo, lo que le permite tomar lo que no se arrepentir\u00e1.<\/p>\n<h3>1. Elija el tipo de veh\u00edculo que se adapte a su presupuesto y objetivos<\/h3>\n<p>Alquiler de coches baratos en Agadir est\u00e1 disponible s\u00f3lo para aquellos que eligen el tipo correcto:<\/p>\n<ul>\n<li>Coche est\u00e1ndar (Bestseller en Marruecos)<\/li>\n<li>Crossover o SUV<\/li>\n<li>Mini coche o coche econ\u00f3mico<\/li>\n<li>Minivan o Van<\/li>\n<li>Descapotable, Lujo u otros.<\/li>\n<\/ul>\n<h3>2. \u00bfQu\u00e9 hay de los servicios adicionales?<\/h3>\n<p>Esta es la parte de la reserva que muchos turistas suelen saltarse, pero luego se arrepienten de no haberle prestado m\u00e1s atenci\u00f3n. Tal vez hay algo aqu\u00ed que har\u00e1 que su alquiler de coches en Agadir sea mejor:<\/p>\n<ul>\n<li>Un seguro adicional: Los riesgos financieros ser\u00e1n menores si has pagado por una mejora a Todo Riesgo o SuperCDW.<\/li>\n<li>Cancelaci\u00f3n gratuita: En caso de que no est\u00e9s 100% seguro de tus planes.<\/li>\n<li>Kilometraje ilimitado: Cero gastos de cancelaci\u00f3n para un sinf\u00edn de oportunidades de viaje.<\/li>\n<li>Sin dep\u00f3sito: No hay necesidad de recortar su presupuesto, pruebe los bloqueos sin dep\u00f3sito en tarjetas de cr\u00e9dito.<\/li>\n<li>Modelo garantizado: Se reservar\u00e1 el mismo coche, sin excepciones.<\/li>\n<li>Transmisi\u00f3n: No le sorprender\u00e1 saber que recomendamos una transmisi\u00f3n autom\u00e1tica.<\/li>\n<li>Sin tarjeta de cr\u00e9dito: Muchos buenos veh\u00edculos est\u00e1n disponibles con esta caracter\u00edstica gratuita.<\/li>\n<li>Tarjeta SIM: Viajar en 2025 es imposible sin una conexi\u00f3n a Internet estable y barata.<\/li>\n<li>Conductor adicional: Selecciona esta opci\u00f3n si quieres que un amigo conduzca durante el viaje.<\/li>\n<li>Asiento para ni\u00f1os: Los ni\u00f1os menores de 10 a\u00f1os deben ir en un sistema de retenci\u00f3n infantil en Marruecos.<\/li>\n<\/ul>\n<blockquote class=\"check\">\n<h2>Alquiler de coches en Agadir: Reservas<\/h2>\n<p>\u00bfTienes carn\u00e9 de conducir y eres mayor de 21 a\u00f1os? Entonces obtenga el alquiler de coches en Agadir lo antes posible:<\/p>\n<ol>\n<li>Especifique lugares y fechas.<\/li>\n<li>Vaya a los filtros para personalizar su b\u00fasqueda.<\/li>\n<li>\u00bfHa encontrado el veh\u00edculo deseado en la lista? Reserve ahora.<\/li>\n<li>A\u00f1ada servicios adicionales o el tipo de seguro (si necesita una mejora).<\/li>\n<li>Rellene los datos del conductor.<\/li>\n<li>Confirme.<\/li>\n<\/ol>\n<p>La confirmaci\u00f3n de la reserva en RosCar se realiza a trav\u00e9s de una tarjeta bancaria, que requiere aproximadamente una quinta parte del pago del alquiler. El bono (confirmaci\u00f3n de la reserva) se enviar\u00e1 en cuanto se acredite el pago.<\/p><\/blockquote>\n<h2>Precio del alquiler de coches en Agadir<\/h2>\n<p>El coste de un d\u00eda de conducci\u00f3n de un veh\u00edculo alquilado es de:<\/p>\n<ul>\n<li>15-20 $ para Economy\/Mini<\/li>\n<li>25-35 $ para Est\u00e1ndar\/Compacto<\/li>\n<li>40-60 $ para Crossover\/SUV\/Minivan<\/li>\n<li>M\u00e1s de 80 $ para Lujo\/Convertible.<\/li>\n<\/ul>\n<p>Estos son s\u00f3lo valores aproximados promediados a lo largo del a\u00f1o. Alquilar un coche en Agadir ser\u00e1 m\u00e1s barato si usted:<\/p>\n<ul>\n<li>Se mantiene alejado de las temporadas de \u00faltima hora o de las vacaciones<\/li>\n<li>Busca alquiler de coches a largo plazo<\/li>\n<li>Recoge en la ciudad (Aeropuerto o transfer es m\u00e1s caro)<\/li>\n<li>Realiza la reserva a tiempo (10-20 d\u00edas antes de la salida).<\/li>\n<\/ul>\n<p>Tambi\u00e9n recomendamos comparar el precio:<\/p>\n<h3>Tabla con precios de alquiler de coches en Agadir, Marruecos<\/h3>\n<table border=\"1\" cellspacing=\"0\" cellpadding=\"0\">\n<thead>\n<tr>\n<th>Modelo de coche<\/th>\n<th>Tipo de carrocer\u00eda<\/th>\n<th>Precio por d\u00eda (temporada baja)<\/th>\n<th>Precio por d\u00eda (temporada alta)<\/th>\n<th>Pasajeros<\/th>\n<th>Capacidad de equipaje<\/th>\n<\/tr>\n<\/thead>\n<tbody>\n<tr>\n<td>Fiat Panda<\/td>\n<td>Hatchback<\/td>\n<td>19 \u20ac<\/td>\n<td>25 \u20ac<\/td>\n<td>4<\/td>\n<td>1<\/td>\n<\/tr>\n<tr>\n<td>Kia Picanto<\/td>\n<td>Hatchback<\/td>\n<td>21 \u20ac<\/td>\n<td>28 \u20ac<\/td>\n<td>4<\/td>\n<td>1<\/td>\n<\/tr>\n<tr>\n<td>Dacia Logan<\/td>\n<td>Berlina<\/td>\n<td>23 \u20ac<\/td>\n<td>31 \u20ac<\/td>\n<td>5<\/td>\n<td>2<\/td>\n<\/tr>\n<tr>\n<td>Hyundai i20<\/td>\n<td>Hatchback<\/td>\n<td>25 \u20ac<\/td>\n<td>34 \u20ac<\/td>\n<td>5<\/td>\n<td>2<\/td>\n<\/tr>\n<tr>\n<td>Peugeot 208<\/td>\n<td>Hatchback<\/td>\n<td>26 \u20ac<\/td>\n<td>35 \u20ac<\/td>\n<td>5<\/td>\n<td>2<\/td>\n<\/tr>\n<tr>\n<td>Renault Clio<\/td>\n<td>Hatchback<\/td>\n<td>27 \u20ac<\/td>\n<td>37 \u20ac<\/td>\n<td>5<\/td>\n<td>2<\/td>\n<\/tr>\n<tr>\n<td>Citro\u00ebn C-Elys\u00e9e<\/td>\n<td>Berlina<\/td>\n<td>28 \u20ac<\/td>\n<td>38 \u20ac<\/td>\n<td>5<\/td>\n<td>3<\/td>\n<\/tr>\n<tr>\n<td>Renault Captur<\/td>\n<td>Crossover<\/td>\n<td>33 \u20ac<\/td>\n<td>44 \u20ac<\/td>\n<td>5<\/td>\n<td>3<\/td>\n<\/tr>\n<tr>\n<td>Dacia Duster<\/td>\n<td>SUV<\/td>\n<td>37 \u20ac<\/td>\n<td>48 \u20ac<\/td>\n<td>5<\/td>\n<td>3<\/td>\n<\/tr>\n<tr>\n<td>Peugeot 3008<\/td>\n<td>SUV<\/td>\n<td>54 \u20ac<\/td>\n<td>68 \u20ac<\/td>\n<td>5<\/td>\n<td>4<\/td>\n<\/tr>\n<\/tbody>\n<\/table>\n        <div class=\"rpc-chart\">\n            <h3>Evoluci\u00f3n estacional de los precios de alquiler de coches en Agadir: an\u00e1lisis real basado en reservas<\/h3>\n            <div><p>Durante los \u00faltimos tres a\u00f1os, el equipo de roscar.ma ha estado recopilando y analizando datos sobre el coste medio de alquilar un coche en Agadir. Todos los resultados se basan en reservas reales realizadas a trav\u00e9s de la plataforma, que trabaja exclusivamente con socios locales de confianza.<\/p>\n<p>El estudio tiene en cuenta todas las categor\u00edas de coches: desde modelos urbanos compactos hasta espaciosos todoterrenos, descapotables y coches de clase business. Este enfoque permite identificar con precisi\u00f3n las tendencias estacionales de los precios y ofrecer a los clientes la informaci\u00f3n m\u00e1s \u00fatil para planificar su viaje.<\/p>\n<p>Los especialistas de RosCar Marruecos tienen un profundo conocimiento del mercado de alquiler de coches en Marruecos y trabajan a diario para actualizar las estad\u00edsticas. Esto garantiza que los usuarios reciban no s\u00f3lo promedios, sino informaci\u00f3n fiable y pr\u00e1ctica que responda a las condiciones reales.<\/p>\n<\/div>\n            <div class=\"rpc-chart-bars\">\n                                    <div class=\"rpc-chart-column\">\n                        <div class=\"rpc-chart-inner\" style=\"height: 27.659574468085%\">\n                            <div class=\"rpc-chart-column-value\">13 \u20ac<\/div>\n                            <div class=\"rpc-chart-month\">JAN<\/div>\n                        <\/div>\n                    <\/div>\n                                    <div class=\"rpc-chart-column\">\n                        <div class=\"rpc-chart-inner\" style=\"height: 29.787234042553%\">\n                            <div class=\"rpc-chart-column-value\">14 \u20ac<\/div>\n                            <div class=\"rpc-chart-month\">FEB<\/div>\n                        <\/div>\n                    <\/div>\n                                    <div class=\"rpc-chart-column\">\n                        <div class=\"rpc-chart-inner\" style=\"height: 27.659574468085%\">\n                            <div class=\"rpc-chart-column-value\">13 \u20ac<\/div>\n                            <div class=\"rpc-chart-month\">MAR<\/div>\n                        <\/div>\n                    <\/div>\n                                    <div class=\"rpc-chart-column\">\n                        <div class=\"rpc-chart-inner\" style=\"height: 38.297872340426%\">\n                            <div class=\"rpc-chart-column-value\">18 \u20ac<\/div>\n                            <div class=\"rpc-chart-month\">APR<\/div>\n                        <\/div>\n                    <\/div>\n                                    <div class=\"rpc-chart-column\">\n                        <div class=\"rpc-chart-inner\" style=\"height: 29.787234042553%\">\n                            <div class=\"rpc-chart-column-value\">14 \u20ac<\/div>\n                            <div class=\"rpc-chart-month\">MAY<\/div>\n                        <\/div>\n                    <\/div>\n                                    <div class=\"rpc-chart-column\">\n                        <div class=\"rpc-chart-inner\" style=\"height: 27.659574468085%\">\n                            <div class=\"rpc-chart-column-value\">13 \u20ac<\/div>\n                            <div class=\"rpc-chart-month\">JUN<\/div>\n                        <\/div>\n                    <\/div>\n                                    <div class=\"rpc-chart-column\">\n                        <div class=\"rpc-chart-inner\" style=\"height: 46.808510638298%\">\n                            <div class=\"rpc-chart-column-value\">22 \u20ac<\/div>\n                            <div class=\"rpc-chart-month\">JUL<\/div>\n                        <\/div>\n                    <\/div>\n                                    <div class=\"rpc-chart-column\">\n                        <div class=\"rpc-chart-inner\" style=\"height: 57.446808510638%\">\n                            <div class=\"rpc-chart-column-value\">27 \u20ac<\/div>\n                            <div class=\"rpc-chart-month\">AUG<\/div>\n                        <\/div>\n                    <\/div>\n                                    <div class=\"rpc-chart-column\">\n                        <div class=\"rpc-chart-inner\" style=\"height: 31.914893617021%\">\n                            <div class=\"rpc-chart-column-value\">15 \u20ac<\/div>\n                            <div class=\"rpc-chart-month\">SEP<\/div>\n                        <\/div>\n                    <\/div>\n                                    <div class=\"rpc-chart-column\">\n                        <div class=\"rpc-chart-inner\" style=\"height: 38.297872340426%\">\n                            <div class=\"rpc-chart-column-value\">18 \u20ac<\/div>\n                            <div class=\"rpc-chart-month\">OCT<\/div>\n                        <\/div>\n                    <\/div>\n                                    <div class=\"rpc-chart-column\">\n                        <div class=\"rpc-chart-inner\" style=\"height: 31.914893617021%\">\n                            <div class=\"rpc-chart-column-value\">15 \u20ac<\/div>\n                            <div class=\"rpc-chart-month\">NOV<\/div>\n                        <\/div>\n                    <\/div>\n                                    <div class=\"rpc-chart-column\">\n                        <div class=\"rpc-chart-inner\" style=\"height: 40.425531914894%\">\n                            <div class=\"rpc-chart-column-value\">19 \u20ac<\/div>\n                            <div class=\"rpc-chart-month\">DEC<\/div>\n                        <\/div>\n                    <\/div>\n                            <\/div>\n        <\/div>\n        \n<h2>Alquiler De Coches Agadir: Documentos<\/h2>\n<p>Para alquilar un coche en Agadir es necesario tener entre 21 y 25 a\u00f1os, algo de experiencia al volante y los siguientes documentos:<\/p>\n<ol>\n<li>Tarjeta de cr\u00e9dito (opcional)<\/li>\n<li>Pasaporte<\/li>\n<li>Bono\/Certificado de reserva<\/li>\n<li>Permiso de conducir (o IDP).<\/li>\n<\/ol>\n<p>Alquiler de coches Agadir es un servicio indispensable para los turistas que quieren ver no s\u00f3lo Agadir, sino todo Marruecos.<\/p>\n","protected":false},"excerpt":{"rendered":"<p>Alquiler De Coches Agadir de RosCar Marruecos es un pa\u00eds con un ambiente \u00fanico, paisajes vibrantes y docenas de exquisitas ciudades costeras. Es el lugar perfecto para aquellos que buscan algo m\u00e1s que relajarse en la playa. Y s\u00f3lo hay una manera de ir si usted est\u00e1 buscando sacar el m\u00e1ximo provecho de su viaje [&hellip;]<\/p>\n","protected":false},"author":1,"featured_media":805,"parent":0,"menu_order":0,"comment_status":"closed","ping_status":"closed","template":"","meta":{"footnotes":""},"class_list":["post-2176","page","type-page","status-publish","has-post-thumbnail",""],"_links":{"self":[{"href":"https:\/\/roscar.ma\/es\/wp-json\/wp\/v2\/pages\/2176","targetHints":{"allow":["GET"]}}],"collection":[{"href":"https:\/\/roscar.ma\/es\/wp-json\/wp\/v2\/pages"}],"about":[{"href":"https:\/\/roscar.ma\/es\/wp-json\/wp\/v2\/types\/page"}],"author":[{"embeddable":true,"href":"https:\/\/roscar.ma\/es\/wp-json\/wp\/v2\/users\/1"}],"replies":[{"embeddable":true,"href":"https:\/\/roscar.ma\/es\/wp-json\/wp\/v2\/comments?post=2176"}],"version-history":[{"count":2,"href":"https:\/\/roscar.ma\/es\/wp-json\/wp\/v2\/pages\/2176\/revisions"}],"predecessor-version":[{"id":2178,"href":"https:\/\/roscar.ma\/es\/wp-json\/wp\/v2\/pages\/2176\/revisions\/2178"}],"wp:featuredmedia":[{"embeddable":true,"href":"https:\/\/roscar.ma\/es\/wp-json\/wp\/v2\/media\/805"}],"wp:attachment":[{"href":"https:\/\/roscar.ma\/es\/wp-json\/wp\/v2\/media?parent=2176"}],"curies":[{"name":"wp","href":"https:\/\/api.w.org\/{rel}","templated":true}]}}