{"id":2123,"date":"2025-07-17T11:14:56","date_gmt":"2025-07-17T11:14:56","guid":{"rendered":"https:\/\/roscar.ma\/?page_id=2123"},"modified":"2025-07-25T19:46:19","modified_gmt":"2025-07-25T19:46:19","slug":"alquiler-de-coches-fez","status":"publish","type":"page","link":"https:\/\/roscar.ma\/es\/alquiler-de-coches-fez\/","title":{"rendered":"Alquiler De Coches Fez"},"content":{"rendered":"<h2>Alquiler De Coches Fez de RosCar<\/h2>\n<p>Casi todos los pa\u00edses tienen una capital no oficial, que es el centro de la vida cultural de todo el estado. \u00bfQuiere encontrar esta hermosa ciudad en Marruecos? Entonces necesitas alquilar un coche en Fez para:<\/p>\n<ul>\n<li>Obtener la mejor experiencia de conducci\u00f3n a un precio bajo<\/li>\n<li>Elegir el mejor veh\u00edculo con adiciones ideales<\/li>\n<li>Llevar su viaje a otro nivel de comodidad<\/li>\n<li>No se vea limitado en sus opciones de viaje.<\/li>\n<\/ul>\n<p>Alquila un coche en Fez a trav\u00e9s de RosCar y podr\u00e1s descubrir todos los secretos de este sorprendente mundo \u00e1rabe. Pero antes, prepare su tarjeta para confirmar la reserva, porque no hay otra forma de conseguir su veh\u00edculo. Reserva ya.<\/p>\n<h2>Alquiler de coches en Fez: Gu\u00eda<\/h2>\n<p>A veces, incluso los viajeros m\u00e1s experimentados necesitan un buen consejo. Estos son los tipos de consejos que le permitir\u00e1n pagar menos y obtener la mejor relaci\u00f3n calidad-precio en el menor tiempo posible.<\/p>\n<h3>Consejo 1: Utilice filtros por tipo<\/h3>\n<p>No pierdas tiempo buscando veh\u00edculos que no te interesan. S\u00f3lo elige uno:<\/p>\n<ul>\n<li>Econ\u00f3mico<\/li>\n<li>Est\u00e1ndar<\/li>\n<li>Mini<\/li>\n<li>Descapotable<\/li>\n<li>SUV o Crossover<\/li>\n<li>Monovolumen o furgoneta<\/li>\n<li>Otros.<\/li>\n<\/ul>\n<h3>Segundo consejo: Encuentra extras<\/h3>\n<p>No uno, sino una docena de extras que puedes conseguir con el alquiler de coches baratos en Fez:<\/p>\n<ul>\n<li>Sin tarjeta de cr\u00e9dito: Cualquier otra tarjeta de cr\u00e9dito o dinero en efectivo funcionar\u00e1.<\/li>\n<li>Tarjeta SIM: Necesitar\u00e1s una para navegar por las muchas atracciones de Fez.<\/li>\n<li>Conductor adicional: Cualquiera que cumpla los requisitos de edad del alquiler.<\/li>\n<li>Silla para ni\u00f1os: Viajar con ni\u00f1os debe ser seguro.<\/li>\n<li>Cancelaci\u00f3n gratuita: Los gastos de reserva se reembolsar\u00e1n si cancela con 48 horas de antelaci\u00f3n.<\/li>\n<li>Kilometraje ilimitado: Un sinf\u00edn de incre\u00edbles bellezas \u00e1rabes.<\/li>\n<li>Sin dep\u00f3sito: Menos estr\u00e9s cuando se trata de bloqueos sin dep\u00f3sito en tarjetas de cr\u00e9dito.<\/li>\n<li>Modelo garantizado: La recogida es del mismo veh\u00edculo que usted solicit\u00f3.<\/li>\n<li>Transmisi\u00f3n: \u00bfQu\u00e9 prefiere, manual o autom\u00e1tica?<\/li>\n<li>Seguro adicional: Super CDW o Cobertura Completa son las mejores opciones de mejora.<\/li>\n<\/ul>\n<blockquote class=\"info\">\n<h2>Alquiler de coches en Fez en detalles<\/h2>\n<p>RosCar tiene un sencillo procedimiento de reserva que cualquier adulto (mayor de 21 a\u00f1os) puede manejar:<\/p>\n<ol>\n<li>Especifique las fechas y lugares.<\/li>\n<li>Vaya a los filtros, haga clic en los deseados<\/li>\n<li>. Despl\u00e1cese por la lista y Reserve ahora cuando vea el mejor.<\/li>\n<li>Seleccione el tipo de seguro (Est\u00e1ndar o Upgrade), as\u00ed como las opciones adicionales.<\/li>\n<li>Rellene los datos principales del conductor.<\/li>\n<li>Confirme<\/li>\n<\/ol>\n<p>El alquiler de coches en Fez requiere la confirmaci\u00f3n autom\u00e1tica de cualquier tarjeta bancaria. El importe del pago puede variar desde una quinta parte hasta el importe total del alquiler.<\/p><\/blockquote>\n<h2>Alquiler De Coches Fez Precio<\/h2>\n<p>Atenas de \u00c1frica no es un lugar barato para viajar, pero siempre se puede encontrar un veh\u00edculo para cualquier presupuesto:<\/p>\n<ul>\n<li>20-30 $ para Mini o Economy<\/li>\n<li>30-40 $ para Standard<\/li>\n<li>40-55 $ para Minivan, SUV o Crossover<\/li>\n<li>M\u00e1s de 70 $ para Lujo o Descapotable.<\/li>\n<\/ul>\n<p>Tenga en cuenta que los precios pueden no ser siempre los mismos. El precio medio diario puede variar significativamente en funci\u00f3n de varios factores:<\/p>\n<ul>\n<li>Duraci\u00f3n del alquiler<\/li>\n<li>M\u00e9todo de recogida (ciudad de Fez o Aeropuerto)<\/li>\n<li>N\u00famero de opciones adicionales<\/li>\n<li>Carga de trabajo del operador.<\/li>\n<\/ul>\n<p>A continuaci\u00f3n, le mostramos c\u00f3mo comparar el precio de alquiler de coches en Fez:<\/p>\n<h3>Tabla con precios de alquiler de coches en Fez, Marruecos<\/h3>\n<table border=\"1\">\n<thead>\n<tr>\n<th>Modelo de coche<\/th>\n<th>Tipo de carrocer\u00eda<\/th>\n<th>Precio por d\u00eda (temporada baja)<\/th>\n<th>Precio por d\u00eda (temporada alta)<\/th>\n<th>Pasajeros<\/th>\n<th>Capacidad de equipaje<\/th>\n<\/tr>\n<\/thead>\n<tbody>\n<tr>\n<td>Fiat Panda<\/td>\n<td>Hatchback<\/td>\n<td>19 \u20ac<\/td>\n<td>26 \u20ac<\/td>\n<td>4<\/td>\n<td>1<\/td>\n<\/tr>\n<tr>\n<td>Hyundai i10<\/td>\n<td>Hatchback<\/td>\n<td>21 \u20ac<\/td>\n<td>28 \u20ac<\/td>\n<td>4<\/td>\n<td>1<\/td>\n<\/tr>\n<tr>\n<td>Kia Picanto<\/td>\n<td>Hatchback<\/td>\n<td>22 \u20ac<\/td>\n<td>30 \u20ac<\/td>\n<td>4<\/td>\n<td>1<\/td>\n<\/tr>\n<tr>\n<td>Peugeot 208<\/td>\n<td>Hatchback<\/td>\n<td>24 \u20ac<\/td>\n<td>33 \u20ac<\/td>\n<td>5<\/td>\n<td>2<\/td>\n<\/tr>\n<tr>\n<td>Dacia Logan<\/td>\n<td>Berlina<\/td>\n<td>25 \u20ac<\/td>\n<td>34 \u20ac<\/td>\n<td>5<\/td>\n<td>2<\/td>\n<\/tr>\n<tr>\n<td>Renault Clio<\/td>\n<td>Hatchback<\/td>\n<td>27 \u20ac<\/td>\n<td>36 \u20ac<\/td>\n<td>5<\/td>\n<td>2<\/td>\n<\/tr>\n<tr>\n<td>Citro\u00ebn C-Elys\u00e9e<\/td>\n<td>Berlina<\/td>\n<td>28 \u20ac<\/td>\n<td>38 \u20ac<\/td>\n<td>5<\/td>\n<td>3<\/td>\n<\/tr>\n<tr>\n<td>Renault Captur<\/td>\n<td>Crossover<\/td>\n<td>32 \u20ac<\/td>\n<td>43 \u20ac<\/td>\n<td>5<\/td>\n<td>3<\/td>\n<\/tr>\n<tr>\n<td>Dacia Duster<\/td>\n<td>SUV<\/td>\n<td>36 \u20ac<\/td>\n<td>47 \u20ac<\/td>\n<td>5<\/td>\n<td>3<\/td>\n<\/tr>\n<tr>\n<td>Peugeot 3008<\/td>\n<td>SUV<\/td>\n<td>52 \u20ac<\/td>\n<td>66 \u20ac<\/td>\n<td>5<\/td>\n<td>4<\/td>\n<\/tr>\n<\/tbody>\n<\/table>\n        <div class=\"rpc-chart\">\n            <h3>C\u00f3mo var\u00edan los precios del alquiler de coches en Fez seg\u00fan la temporada: an\u00e1lisis basado en reservas reales<\/h3>\n            <div><p>A lo largo de los tres a\u00f1os restantes, registramos los cambios en los precios medios del alquiler de coches en Fez, vikoryst y los datos de reservas reales realizadas a trav\u00e9s de la plataforma roscar.ma. Solo trabajamos con empresas de alquiler locales verificadas, lo que garantiza la fiabilidad y la precisi\u00f3n de la informaci\u00f3n sobre el alquiler.<\/p>\n<p>El an\u00e1lisis abarca toda la gama de veh\u00edculos de transporte: desde econ\u00f3micos hatchbacks para desplazamientos locales hasta veh\u00edculos utilitarios, descapotables y coches de gama alta. Este enfoque permite identificar las fluctuaciones estacionales caracter\u00edsticas de los precios y responder inmediatamente a los cambios de precios.<\/p>\n<p>Consulte nuestra informaci\u00f3n para saber cu\u00e1l es el mejor momento para alquilar un coche. RosCar es su asistente de confianza para planificar un traslado manual y eficiente en Marruecos.<\/p>\n<\/div>\n            <div class=\"rpc-chart-bars\">\n                                    <div class=\"rpc-chart-column\">\n                        <div class=\"rpc-chart-inner\" style=\"height: 25%\">\n                            <div class=\"rpc-chart-column-value\">12 \u20ac<\/div>\n                            <div class=\"rpc-chart-month\">JAN<\/div>\n                        <\/div>\n                    <\/div>\n                                    <div class=\"rpc-chart-column\">\n                        <div class=\"rpc-chart-inner\" style=\"height: 27.083333333333%\">\n                            <div class=\"rpc-chart-column-value\">13 \u20ac<\/div>\n                            <div class=\"rpc-chart-month\">FEB<\/div>\n                        <\/div>\n                    <\/div>\n                                    <div class=\"rpc-chart-column\">\n                        <div class=\"rpc-chart-inner\" style=\"height: 29.166666666667%\">\n                            <div class=\"rpc-chart-column-value\">14 \u20ac<\/div>\n                            <div class=\"rpc-chart-month\">MAR<\/div>\n                        <\/div>\n                    <\/div>\n                                    <div class=\"rpc-chart-column\">\n                        <div class=\"rpc-chart-inner\" style=\"height: 35.416666666667%\">\n                            <div class=\"rpc-chart-column-value\">17 \u20ac<\/div>\n                            <div class=\"rpc-chart-month\">APR<\/div>\n                        <\/div>\n                    <\/div>\n                                    <div class=\"rpc-chart-column\">\n                        <div class=\"rpc-chart-inner\" style=\"height: 37.5%\">\n                            <div class=\"rpc-chart-column-value\">18 \u20ac<\/div>\n                            <div class=\"rpc-chart-month\">MAY<\/div>\n                        <\/div>\n                    <\/div>\n                                    <div class=\"rpc-chart-column\">\n                        <div class=\"rpc-chart-inner\" style=\"height: 43.75%\">\n                            <div class=\"rpc-chart-column-value\">21 \u20ac<\/div>\n                            <div class=\"rpc-chart-month\">JUN<\/div>\n                        <\/div>\n                    <\/div>\n                                    <div class=\"rpc-chart-column\">\n                        <div class=\"rpc-chart-inner\" style=\"height: 52.083333333333%\">\n                            <div class=\"rpc-chart-column-value\">25 \u20ac<\/div>\n                            <div class=\"rpc-chart-month\">JUL<\/div>\n                        <\/div>\n                    <\/div>\n                                    <div class=\"rpc-chart-column\">\n                        <div class=\"rpc-chart-inner\" style=\"height: 58.333333333333%\">\n                            <div class=\"rpc-chart-column-value\">28 \u20ac<\/div>\n                            <div class=\"rpc-chart-month\">AUG<\/div>\n                        <\/div>\n                    <\/div>\n                                    <div class=\"rpc-chart-column\">\n                        <div class=\"rpc-chart-inner\" style=\"height: 39.583333333333%\">\n                            <div class=\"rpc-chart-column-value\">19 \u20ac<\/div>\n                            <div class=\"rpc-chart-month\">SEP<\/div>\n                        <\/div>\n                    <\/div>\n                                    <div class=\"rpc-chart-column\">\n                        <div class=\"rpc-chart-inner\" style=\"height: 35.416666666667%\">\n                            <div class=\"rpc-chart-column-value\">17 \u20ac<\/div>\n                            <div class=\"rpc-chart-month\">OCT<\/div>\n                        <\/div>\n                    <\/div>\n                                    <div class=\"rpc-chart-column\">\n                        <div class=\"rpc-chart-inner\" style=\"height: 27.083333333333%\">\n                            <div class=\"rpc-chart-column-value\">13 \u20ac<\/div>\n                            <div class=\"rpc-chart-month\">NOV<\/div>\n                        <\/div>\n                    <\/div>\n                                    <div class=\"rpc-chart-column\">\n                        <div class=\"rpc-chart-inner\" style=\"height: 39.583333333333%\">\n                            <div class=\"rpc-chart-column-value\">19 \u20ac<\/div>\n                            <div class=\"rpc-chart-month\">DEC<\/div>\n                        <\/div>\n                    <\/div>\n                            <\/div>\n        <\/div>\n        \n<h2>Alquiler De Coches Fez: Documentos<\/h2>\n<p>Cada compa\u00f1\u00eda de alquiler puede tener sus requisitos de edad (21-25) o documentos. Sin embargo, siempre necesitar\u00e1<\/p>\n<ol>\n<li>Pasaporte<\/li>\n<li>Tarjeta de cr\u00e9dito (dep\u00f3sito o cheque de seguridad)<\/li>\n<li>Permiso de conducir.<\/li>\n<\/ol>\n<p>El bono (confirmaci\u00f3n de la reserva) no es obligatorio, pero se env\u00eda a su correo electr\u00f3nico despu\u00e9s de reservar en RosCar.<\/p>\n<p>Alquiler de coches Fez es su puerta de entrada para explorar la rica cultura y las joyas ocultas de la ciudad &#8211; reserve su coche hoy para una experiencia de viaje flexible y sin problemas.<\/p>\n","protected":false},"excerpt":{"rendered":"<p>Alquiler De Coches Fez de RosCar Casi todos los pa\u00edses tienen una capital no oficial, que es el centro de la vida cultural de todo el estado. \u00bfQuiere encontrar esta hermosa ciudad en Marruecos? Entonces necesitas alquilar un coche en Fez para: Obtener la mejor experiencia de conducci\u00f3n a un precio bajo Elegir el mejor [&hellip;]<\/p>\n","protected":false},"author":1,"featured_media":252,"parent":0,"menu_order":0,"comment_status":"closed","ping_status":"closed","template":"","meta":{"footnotes":""},"class_list":["post-2123","page","type-page","status-publish","has-post-thumbnail",""],"_links":{"self":[{"href":"https:\/\/roscar.ma\/es\/wp-json\/wp\/v2\/pages\/2123","targetHints":{"allow":["GET"]}}],"collection":[{"href":"https:\/\/roscar.ma\/es\/wp-json\/wp\/v2\/pages"}],"about":[{"href":"https:\/\/roscar.ma\/es\/wp-json\/wp\/v2\/types\/page"}],"author":[{"embeddable":true,"href":"https:\/\/roscar.ma\/es\/wp-json\/wp\/v2\/users\/1"}],"replies":[{"embeddable":true,"href":"https:\/\/roscar.ma\/es\/wp-json\/wp\/v2\/comments?post=2123"}],"version-history":[{"count":1,"href":"https:\/\/roscar.ma\/es\/wp-json\/wp\/v2\/pages\/2123\/revisions"}],"predecessor-version":[{"id":2124,"href":"https:\/\/roscar.ma\/es\/wp-json\/wp\/v2\/pages\/2123\/revisions\/2124"}],"wp:featuredmedia":[{"embeddable":true,"href":"https:\/\/roscar.ma\/es\/wp-json\/wp\/v2\/media\/252"}],"wp:attachment":[{"href":"https:\/\/roscar.ma\/es\/wp-json\/wp\/v2\/media?parent=2123"}],"curies":[{"name":"wp","href":"https:\/\/api.w.org\/{rel}","templated":true}]}}