{"id":2064,"date":"2025-07-17T11:07:41","date_gmt":"2025-07-17T11:07:41","guid":{"rendered":"https:\/\/roscar.ma\/?page_id=2064"},"modified":"2025-07-25T08:08:56","modified_gmt":"2025-07-25T08:08:56","slug":"alquiler-de-coches-rabat","status":"publish","type":"page","link":"https:\/\/roscar.ma\/es\/alquiler-de-coches-rabat\/","title":{"rendered":"Alquiler De Coches Rabat"},"content":{"rendered":"<h2>Alquiler De Coches Rabat de RosCar<\/h2>\n<p>Marruecos es un pa\u00eds con una asombrosa combinaci\u00f3n de belleza des\u00e9rtica, paisajes marinos y una magn\u00edfica arquitectura que no podr\u00e1 encontrar en ning\u00fan otro lugar. As\u00ed que cuando planee un viaje al norte de \u00c1frica, es mejor que se tome su tiempo para sumergirse completamente en el para\u00edso musulm\u00e1n. Pero tambi\u00e9n es necesario alquilar un coche en Rabat para hacer su aventura m\u00e1s c\u00f3moda con:<\/p>\n<ul>\n<li>Una gran selecci\u00f3n de veh\u00edculos (de cualquier tipo, precio o color).<\/li>\n<li>Numerosos extras y prestaciones<\/li>\n<li>Alquiler de coches a corto y largo plazo<\/li>\n<li>Reservas en 24 horas con una interfaz f\u00e1cil de usar.<\/li>\n<\/ul>\n<p>\u00bfQu\u00e9 es RosCar? Es un sitio con grandes prestaciones para comparar precios, ordenar por los criterios deseados y reservar r\u00e1pidamente. Reserve ahora y confirme su reserva mediante tarjeta (se requiere hasta un 20% del importe del pedido).<\/p>\n<h2>La gu\u00eda RosCar de alquiler de coches en Rabat<\/h2>\n<p>Aunque este pa\u00eds no se parece en nada a las calles europeas o americanas a las que estamos acostumbrados, la experiencia de viaje que se avecina ser\u00e1 bastante similar. Lo mismo ocurre con el alquiler de coches en Rabat, salvo por dos sutilezas que se solucionan r\u00e1pidamente.<\/p>\n<h3>1. \u00bfCu\u00e1l es su tipo?<\/h3>\n<p>No reserve el primer veh\u00edculo que encuentre. Es mejor que ordene la lista a trav\u00e9s de los filtros de b\u00fasqueda por tipos disponibles:<\/p>\n<ul>\n<li>Est\u00e1ndar o Compacto<\/li>\n<li>SUV o Crossover<\/li>\n<li>Furgoneta o Monovolumen<\/li>\n<li>Mini o Econ\u00f3mico (El adecuado para el alquiler de coches baratos en Rabat)<\/li>\n<li>Descapotable o Lujo.<\/li>\n<\/ul>\n<h3>2. Extras<\/h3>\n<p>Los servicios adicionales son una buena manera de personalizar su experiencia de conducci\u00f3n a sus necesidades \u00fanicas. Aqu\u00ed tienes algunos entre los que elegir:<\/p>\n<ul>\n<li>Transmisi\u00f3n: \u00bfQuiere una conducci\u00f3n relajada? Elija una transmisi\u00f3n autom\u00e1tica.<\/li>\n<li>Tarjeta SIM: Tu smartphone necesita una para evitar pagar tarifas de itinerancia excesivas.<\/li>\n<li>Asiento infantil: Los menores o ni\u00f1os de hasta 10 a\u00f1os necesitan un sistema de retenci\u00f3n.<\/li>\n<li>Kilometraje ilimitado: Con esta funci\u00f3n, todo Marruecos est\u00e1 abierto para ti.<\/li>\n<li>Sin tarjeta de cr\u00e9dito: Igual que el m\u00e9todo tradicional, pero sin tarjeta de cr\u00e9dito.<\/li>\n<li>Modelo garantizado: Una opci\u00f3n imprescindible para los que han tenido una mala experiencia.<\/li>\n<li>Cancelaci\u00f3n gratuita: Debe utilizarse a tiempo (al menos 48 horas antes de la fecha de inicio).<\/li>\n<li>Conductor adicional: Deja que conduzca tu amigo.<\/li>\n<li>Sin dep\u00f3sito: Evite comisiones bancarias innecesarias mediante el bloqueo sin dep\u00f3sito en tarjetas de cr\u00e9dito.<\/li>\n<li>Seguro adicional: Una caracter\u00edstica que todo el mundo necesita sin excepci\u00f3n. Actualice a Super CDW o Cobertura Total y rel\u00e1jese.<\/li>\n<\/ul>\n<blockquote class=\"check\">\n<h2>Alquiler de coches en Rabat: Gu\u00eda<\/h2>\n<p>RosCar trabaja para ofrecerle experiencias de viaje incre\u00edbles desde la recogida hasta la devoluci\u00f3n. Por eso reservar con nosotros es tan f\u00e1cil como puede ser:<\/p>\n<ol>\n<li>Introduzca los detalles: recogida, entrega y fechas.<\/li>\n<li>Ve a los filtros y selecciona las que te parezcan atractivas, y obt\u00e9n una lista.<\/li>\n<li>Reserva ahora.<\/li>\n<li>A\u00f1ade informaci\u00f3n.<\/li>\n<li>Paga ahora.<\/li>\n<\/ol>\n<p>El alquiler de coches en Rabat no puede confirmarse sin una tarjeta bancaria. Despu\u00e9s del pago de seguridad (m\u00e1ximo 20% del importe), se le recompensar\u00e1 con un certificado de confirmaci\u00f3n de la reserva.<\/p><\/blockquote>\n<h2>Alquiler de coches en Rabat Precio<\/h2>\n<p>Los precios en la capital de Marruecos no le pareceran demasiado caros, pero siguen siendo superiores a la media europea:<\/p>\n<ul>\n<li>Econ\u00f3mico por 20-30 $\/d\u00eda<\/li>\n<li>Est\u00e1ndar por 35-50 $\/d\u00eda<\/li>\n<li>SUV por 50-70 $\/d\u00eda<\/li>\n<li>Lujo por 80 $\/d\u00eda.<\/li>\n<\/ul>\n<p>El alquiler de coches en Rabat le saldr\u00e1 m\u00e1s barato si:<\/p>\n<ul>\n<li>Evita el alquiler a corto plazo<\/li>\n<li>Fija la fecha de inicio a mediados de semana<\/li>\n<li>Reserva con antelaci\u00f3n<\/li>\n<li>Elige el tipo de veh\u00edculo adecuado.<\/li>\n<\/ul>\n<p>Compara el precio para encontrar la mejor oferta:<\/p>\n<h3>Tabla con precios de alquiler de coches en Rabat, Marruecos<\/h3>\n<table border=\"1\">\n<thead>\n<tr>\n<th>Modelo de coche<\/th>\n<th>Tipo de carrocer\u00eda<\/th>\n<th>Precio por d\u00eda (temporada baja)<\/th>\n<th>Precio por d\u00eda (temporada alta)<\/th>\n<th>Pasajeros<\/th>\n<th>Capacidad de equipaje<\/th>\n<\/tr>\n<\/thead>\n<tbody>\n<tr>\n<td>Hyundai i10<\/td>\n<td>Hatchback<\/td>\n<td>21 \u20ac<\/td>\n<td>29 \u20ac<\/td>\n<td>4<\/td>\n<td>1<\/td>\n<\/tr>\n<tr>\n<td>Dacia Logan<\/td>\n<td>Berlina<\/td>\n<td>23 \u20ac<\/td>\n<td>32 \u20ac<\/td>\n<td>5<\/td>\n<td>2<\/td>\n<\/tr>\n<tr>\n<td>Peugeot 208<\/td>\n<td>Hatchback<\/td>\n<td>24 \u20ac<\/td>\n<td>34 \u20ac<\/td>\n<td>5<\/td>\n<td>2<\/td>\n<\/tr>\n<tr>\n<td>Renault Clio<\/td>\n<td>Hatchback<\/td>\n<td>26 \u20ac<\/td>\n<td>36 \u20ac<\/td>\n<td>5<\/td>\n<td>2<\/td>\n<\/tr>\n<tr>\n<td>Volkswagen Golf<\/td>\n<td>Hatchback<\/td>\n<td>30 \u20ac<\/td>\n<td>42 \u20ac<\/td>\n<td>5<\/td>\n<td>3<\/td>\n<\/tr>\n<tr>\n<td>Citro\u00ebn C-Elys\u00e9e<\/td>\n<td>Berlina<\/td>\n<td>25 \u20ac<\/td>\n<td>35 \u20ac<\/td>\n<td>5<\/td>\n<td>3<\/td>\n<\/tr>\n<tr>\n<td>Renault Captur<\/td>\n<td>Crossover<\/td>\n<td>32 \u20ac<\/td>\n<td>44 \u20ac<\/td>\n<td>5<\/td>\n<td>3<\/td>\n<\/tr>\n<tr>\n<td>Dacia Duster<\/td>\n<td>SUV<\/td>\n<td>36 \u20ac<\/td>\n<td>48 \u20ac<\/td>\n<td>5<\/td>\n<td>3<\/td>\n<\/tr>\n<tr>\n<td>Hyundai Tucson<\/td>\n<td>SUV<\/td>\n<td>52 \u20ac<\/td>\n<td>66 \u20ac<\/td>\n<td>5<\/td>\n<td>4<\/td>\n<\/tr>\n<tr>\n<td>Peugeot 3008<\/td>\n<td>SUV<\/td>\n<td>55 \u20ac<\/td>\n<td>70 \u20ac<\/td>\n<td>5<\/td>\n<td>4<\/td>\n<\/tr>\n<\/tbody>\n<\/table>\n\n<h2>Alquiler De Coches Rabat: Documentos<\/h2>\n<p>Para firmar el contrato y recoger su veh\u00edculo, necesitar\u00e1 varios documentos (en ingl\u00e9s y 100% v\u00e1lidos):<\/p>\n<ol>\n<li>Permiso de conducir<\/li>\n<li>Pasaporte<\/li>\n<li>Tarjeta de cr\u00e9dito (opcional).<\/li>\n<\/ol>\n<p>Alquiler de coches Rabat es la opci\u00f3n ideal para un viaje c\u00f3modo y sin preocupaciones en Marruecos.<\/p>\n","protected":false},"excerpt":{"rendered":"<p>Alquiler De Coches Rabat de RosCar Marruecos es un pa\u00eds con una asombrosa combinaci\u00f3n de belleza des\u00e9rtica, paisajes marinos y una magn\u00edfica arquitectura que no podr\u00e1 encontrar en ning\u00fan otro lugar. As\u00ed que cuando planee un viaje al norte de \u00c1frica, es mejor que se tome su tiempo para sumergirse completamente en el para\u00edso musulm\u00e1n. [&hellip;]<\/p>\n","protected":false},"author":1,"featured_media":223,"parent":0,"menu_order":0,"comment_status":"closed","ping_status":"closed","template":"","meta":{"footnotes":""},"class_list":["post-2064","page","type-page","status-publish","has-post-thumbnail",""],"_links":{"self":[{"href":"https:\/\/roscar.ma\/es\/wp-json\/wp\/v2\/pages\/2064","targetHints":{"allow":["GET"]}}],"collection":[{"href":"https:\/\/roscar.ma\/es\/wp-json\/wp\/v2\/pages"}],"about":[{"href":"https:\/\/roscar.ma\/es\/wp-json\/wp\/v2\/types\/page"}],"author":[{"embeddable":true,"href":"https:\/\/roscar.ma\/es\/wp-json\/wp\/v2\/users\/1"}],"replies":[{"embeddable":true,"href":"https:\/\/roscar.ma\/es\/wp-json\/wp\/v2\/comments?post=2064"}],"version-history":[{"count":1,"href":"https:\/\/roscar.ma\/es\/wp-json\/wp\/v2\/pages\/2064\/revisions"}],"predecessor-version":[{"id":2068,"href":"https:\/\/roscar.ma\/es\/wp-json\/wp\/v2\/pages\/2064\/revisions\/2068"}],"wp:featuredmedia":[{"embeddable":true,"href":"https:\/\/roscar.ma\/es\/wp-json\/wp\/v2\/media\/223"}],"wp:attachment":[{"href":"https:\/\/roscar.ma\/es\/wp-json\/wp\/v2\/media?parent=2064"}],"curies":[{"name":"wp","href":"https:\/\/api.w.org\/{rel}","templated":true}]}}