{"id":1782,"date":"2025-07-17T11:01:21","date_gmt":"2025-07-17T11:01:21","guid":{"rendered":"https:\/\/roscar.ma\/?page_id=1782"},"modified":"2025-07-24T07:07:52","modified_gmt":"2025-07-24T07:07:52","slug":"alquiler-de-coches-marrakech","status":"publish","type":"page","link":"https:\/\/roscar.ma\/es\/alquiler-de-coches-marrakech\/","title":{"rendered":"Alquiler De Coches Marrakech"},"content":{"rendered":"<h2>Alquiler De Coches Marrakech de RosCar<\/h2>\n<p>Los pa\u00edses del norte de \u00c1frica tienen una capacidad asombrosa para encantar a turistas de todo el mundo con sus costumbres y coloridos paisajes. Tal vez sea la cultura, o la cocina local \u00fanica, o la belleza en la vida cotidiana. Pero sabemos con certeza que necesita alquilar un coche en Marrakech para acercarse a una inmersi\u00f3n total en Marruecos. \u00bfPor qu\u00e9 deber\u00eda reservar un veh\u00edculo a trav\u00e9s de RosCar? Hay cuatro respuestas:<\/p>\n<ul>\n<li>Alquiler de coches a corto o largo plazo<\/li>\n<li>Cada oferta es el mejor valor que puede encontrar<\/li>\n<li>Es la \u00fanica forma de viajar con comodidad<\/li>\n<li>Precios baratos y muchas opciones para elegir.<\/li>\n<\/ul>\n<p>\u00bfQuiere conseguir uno para usted? Entonces Reserve Ahora y recibir\u00e1 una reserva lista en pocos minutos.<\/p>\n<h2>Alquiler De Coches Marrakech: Gu\u00eda<\/h2>\n<p>Usted puede pensar err\u00f3neamente que el alquiler de coches en Marrakech es un tipo de servicio completamente diferente que tiene un procedimiento \u00fanico que requiere ciertos conocimientos. Sin embargo, s\u00f3lo necesita dos minutos para prepararse.<\/p>\n<h3>Primer minuto: Elegir el tipo de veh\u00edculo<\/h3>\n<p>Entre muchos tipos, s\u00f3lo necesita uno que le resuelva todos los problemas en la pr\u00f3xima aventura:<\/p>\n<ul>\n<li>Coche est\u00e1ndar<\/li>\n<li>Descapotable<\/li>\n<li>Coche de lujo<\/li>\n<li>SUV o Crossover<\/li>\n<li>Mini\/Economy (Alquiler de coches baratos en Marrakech)<\/li>\n<li>Monovolumen o Furgoneta<\/li>\n<\/ul>\n<h3>Segundo minuto: Elegir servicios adicionales<\/h3>\n<p>Aqu\u00ed tienes muchas opciones para elegir, pero s\u00f3lo necesitas una (o varias):<\/p>\n<ul>\n<li>Kilometraje ilimitado: Se pueden explorar hasta las ciudades m\u00e1s remotas de Marruecos.<\/li>\n<li>Sin dep\u00f3sito: Su presupuesto es m\u00e1s libre cuando se trata de bloqueos sin dep\u00f3sito en tarjetas de cr\u00e9dito.<\/li>\n<li>Modelo garantizado: \u00bfHa reservado un Volkswagen Passat? \u00a1Consigue el Passat!<\/li>\n<li>Transmisi\u00f3n: No es manual, pero se recomienda una autom\u00e1tica en cualquier situaci\u00f3n.<\/li>\n<li>Seguro adicional: Este es el tipo de mejora de la que no te arrepentir\u00e1s. Prueba la cobertura a todo riesgo\/Super CDW si est\u00e1 disponible.<\/li>\n<li>Sin tarjeta de cr\u00e9dito: Utiliza efectivo o cualquier otra tarjeta bancaria.<\/li>\n<li>Tarjeta SIM: Una conexi\u00f3n estable a un precio barato es la principal prioridad de los viajes en 2025.<\/li>\n<li>Conductor adicional: Con suerte, tu amigo tiene carn\u00e9 de conducir.<\/li>\n<li>Silla para ni\u00f1os: Cada persona menor de 10 a\u00f1os debe tener uno.<\/li>\n<li>Cancelaci\u00f3n gratuita: El importe prepagado ser\u00e1 devuelto a tu cuenta. S\u00f3lo funciona 48 horas antes de la fecha<\/li>\n<\/ul>\n<blockquote class=\"info\">\n<h2>Alquiler De Coches Marrakech en detalles<\/h2>\n<p>\u00bfYa ha decidido el tipo de veh\u00edculo y los servicios adicionales? Ya puede reservar el alquiler de coches en Marrakech:<\/p>\n<ol>\n<li>Establezca las fechas y lugares en la p\u00e1gina principal.<\/li>\n<li>Haga clic en Filtros, seleccione los deseados.<\/li>\n<li>Obtenga la lista y encuentre el mejor. Reserve ahora.<\/li>\n<li>Hay que rellenar el formulario emergente.<\/li>\n<li>Pague ahora.<\/li>\n<\/ol>\n<p>Cada reserva de RosCar s\u00f3lo puede confirmarse mediante pago por adelantado. Por regla general, se trata s\u00f3lo de una peque\u00f1a parte del importe y se realiza f\u00e1cilmente con cualquier tarjeta.<\/p><\/blockquote>\n<h2>Alquiler De Coches Marrakech Precio<\/h2>\n<p>Los precios medios que se pueden encontrar online son<\/p>\n<ul>\n<li>15-25 $\/d\u00eda para Economy o Mini<\/li>\n<li>30-40 $\/d\u00eda para Standard<\/li>\n<li>40-60 $\/d\u00eda para SUV, Crossover, Minivan o 4&#215;4<\/li>\n<li>$80+\/d\u00eda para Descapotable o Lujo<\/li>\n<\/ul>\n<p>El alquiler de coches en Marrakech ser\u00e1 m\u00e1s barato si:<\/p>\n<ul>\n<li>Consigue hacer una reserva con antelaci\u00f3n<\/li>\n<li>Supervisa las ofertas de RosCar<\/li>\n<li>Reserva entre semana<\/li>\n<li>Prefiere el alquiler de coches a largo plazo<\/li>\n<li>Elige el tipo adecuado a sus necesidades y presupuesto.<\/li>\n<\/ul>\n<p>Compara precios:<\/p>\n<h3>Tabla con precios de alquiler de coches en Marrakech, Marruecos<\/h3>\n<table border=\"1\">\n<thead>\n<tr>\n<th>Modelo de coche<\/th>\n<th>Tipo de carrocer\u00eda<\/th>\n<th>Precio por d\u00eda (temporada baja)<\/th>\n<th>Precio por d\u00eda (temporada alta)<\/th>\n<th>Pasajeros<\/th>\n<th>Capacidad de equipaje<\/th>\n<\/tr>\n<\/thead>\n<tbody>\n<tr>\n<td>Fiat Panda<\/td>\n<td>Hatchback<\/td>\n<td>20 \u20ac<\/td>\n<td>28 \u20ac<\/td>\n<td>4<\/td>\n<td>1<\/td>\n<\/tr>\n<tr>\n<td>Kia Picanto<\/td>\n<td>Hatchback<\/td>\n<td>22 \u20ac<\/td>\n<td>30 \u20ac<\/td>\n<td>4<\/td>\n<td>1<\/td>\n<\/tr>\n<tr>\n<td>Dacia Logan<\/td>\n<td>Berlina<\/td>\n<td>24 \u20ac<\/td>\n<td>34 \u20ac<\/td>\n<td>5<\/td>\n<td>2<\/td>\n<\/tr>\n<tr>\n<td>Peugeot 208<\/td>\n<td>Hatchback<\/td>\n<td>26 \u20ac<\/td>\n<td>36 \u20ac<\/td>\n<td>5<\/td>\n<td>2<\/td>\n<\/tr>\n<tr>\n<td>Renault Clio<\/td>\n<td>Hatchback<\/td>\n<td>27 \u20ac<\/td>\n<td>38 \u20ac<\/td>\n<td>5<\/td>\n<td>2<\/td>\n<\/tr>\n<tr>\n<td>Citro\u00ebn C-Elys\u00e9e<\/td>\n<td>Berlina<\/td>\n<td>28 \u20ac<\/td>\n<td>39 \u20ac<\/td>\n<td>5<\/td>\n<td>3<\/td>\n<\/tr>\n<tr>\n<td>Dacia Duster<\/td>\n<td>SUV<\/td>\n<td>37 \u20ac<\/td>\n<td>49 \u20ac<\/td>\n<td>5<\/td>\n<td>3<\/td>\n<\/tr>\n<tr>\n<td>Hyundai Kona<\/td>\n<td>Crossover<\/td>\n<td>40 \u20ac<\/td>\n<td>52 \u20ac<\/td>\n<td>5<\/td>\n<td>3<\/td>\n<\/tr>\n<tr>\n<td>Renault Kadjar<\/td>\n<td>SUV<\/td>\n<td>50 \u20ac<\/td>\n<td>65 \u20ac<\/td>\n<td>5<\/td>\n<td>4<\/td>\n<\/tr>\n<tr>\n<td>Peugeot 3008<\/td>\n<td>SUV<\/td>\n<td>55 \u20ac<\/td>\n<td>70 \u20ac<\/td>\n<td>5<\/td>\n<td>4<\/td>\n<\/tr>\n<\/tbody>\n<\/table>\n        <div class=\"rpc-chart\">\n            <h3>Evoluci\u00f3n estacional de los precios de alquiler de coches en Marrakech: an\u00e1lisis fiables basados en reservas reales<\/h3>\n            <div><p>A continuaci\u00f3n encontrar\u00e1 datos anal\u00edticos sobre la evoluci\u00f3n del coste medio del alquiler de coches en Marrakech durante los tres a\u00f1os restantes. Toda la informaci\u00f3n se basa en transacciones reales realizadas a trav\u00e9s de la plataforma roscar.ma.<\/p>\n<p>La investigaci\u00f3n cubre todas las categor\u00edas principales de coches - desde modelos econ\u00f3micos a SUVs, descapotables y clase premium. Una cobertura tan amplia permite formular una imagen completa de los cambios en la riqueza a lo largo de las temporadas tur\u00edsticas y los h\u00e1bitos de consumo.<\/p>\n<p>Est\u00e1 claro que recomendamos reservar el coche con antelaci\u00f3n, cuando los precios y los costes est\u00e1n en su mejor momento. La informaci\u00f3n fiable de RosCar Marruecos es su gu\u00eda para un traslado c\u00f3modo y seguro en Marrakech.<\/p>\n<\/div>\n            <div class=\"rpc-chart-bars\">\n                                    <div class=\"rpc-chart-column\">\n                        <div class=\"rpc-chart-inner\" style=\"height: 30.769230769231%\">\n                            <div class=\"rpc-chart-column-value\">16 \u20ac<\/div>\n                            <div class=\"rpc-chart-month\">JAN<\/div>\n                        <\/div>\n                    <\/div>\n                                    <div class=\"rpc-chart-column\">\n                        <div class=\"rpc-chart-inner\" style=\"height: 28.846153846154%\">\n                            <div class=\"rpc-chart-column-value\">15 \u20ac<\/div>\n                            <div class=\"rpc-chart-month\">FEB<\/div>\n                        <\/div>\n                    <\/div>\n                                    <div class=\"rpc-chart-column\">\n                        <div class=\"rpc-chart-inner\" style=\"height: 26.923076923077%\">\n                            <div class=\"rpc-chart-column-value\">14 \u20ac<\/div>\n                            <div class=\"rpc-chart-month\">MAR<\/div>\n                        <\/div>\n                    <\/div>\n                                    <div class=\"rpc-chart-column\">\n                        <div class=\"rpc-chart-inner\" style=\"height: 42.307692307692%\">\n                            <div class=\"rpc-chart-column-value\">22 \u20ac<\/div>\n                            <div class=\"rpc-chart-month\">APR<\/div>\n                        <\/div>\n                    <\/div>\n                                    <div class=\"rpc-chart-column\">\n                        <div class=\"rpc-chart-inner\" style=\"height: 32.692307692308%\">\n                            <div class=\"rpc-chart-column-value\">17 \u20ac<\/div>\n                            <div class=\"rpc-chart-month\">MAY<\/div>\n                        <\/div>\n                    <\/div>\n                                    <div class=\"rpc-chart-column\">\n                        <div class=\"rpc-chart-inner\" style=\"height: 30.769230769231%\">\n                            <div class=\"rpc-chart-column-value\">16 \u20ac<\/div>\n                            <div class=\"rpc-chart-month\">JUN<\/div>\n                        <\/div>\n                    <\/div>\n                                    <div class=\"rpc-chart-column\">\n                        <div class=\"rpc-chart-inner\" style=\"height: 50%\">\n                            <div class=\"rpc-chart-column-value\">26 \u20ac<\/div>\n                            <div class=\"rpc-chart-month\">JUL<\/div>\n                        <\/div>\n                    <\/div>\n                                    <div class=\"rpc-chart-column\">\n                        <div class=\"rpc-chart-inner\" style=\"height: 61.538461538462%\">\n                            <div class=\"rpc-chart-column-value\">32 \u20ac<\/div>\n                            <div class=\"rpc-chart-month\">AUG<\/div>\n                        <\/div>\n                    <\/div>\n                                    <div class=\"rpc-chart-column\">\n                        <div class=\"rpc-chart-inner\" style=\"height: 42.307692307692%\">\n                            <div class=\"rpc-chart-column-value\">22 \u20ac<\/div>\n                            <div class=\"rpc-chart-month\">SEP<\/div>\n                        <\/div>\n                    <\/div>\n                                    <div class=\"rpc-chart-column\">\n                        <div class=\"rpc-chart-inner\" style=\"height: 36.538461538462%\">\n                            <div class=\"rpc-chart-column-value\">19 \u20ac<\/div>\n                            <div class=\"rpc-chart-month\">OCT<\/div>\n                        <\/div>\n                    <\/div>\n                                    <div class=\"rpc-chart-column\">\n                        <div class=\"rpc-chart-inner\" style=\"height: 32.692307692308%\">\n                            <div class=\"rpc-chart-column-value\">17 \u20ac<\/div>\n                            <div class=\"rpc-chart-month\">NOV<\/div>\n                        <\/div>\n                    <\/div>\n                                    <div class=\"rpc-chart-column\">\n                        <div class=\"rpc-chart-inner\" style=\"height: 44.230769230769%\">\n                            <div class=\"rpc-chart-column-value\">23 \u20ac<\/div>\n                            <div class=\"rpc-chart-month\">DEC<\/div>\n                        <\/div>\n                    <\/div>\n                            <\/div>\n        <\/div>\n        \n<h2>Alquiler De Coches Marrakech: Documentos<\/h2>\n<p>Para recoger su veh\u00edculo, es posible que le pidan los siguientes documentos:<\/p>\n<ol>\n<li>Pasaporte<\/li>\n<li>Permiso de conducir<\/li>\n<li>Confirmaci\u00f3n de la reserva o bono (RosCar le enviar\u00e1 uno)<\/li>\n<li>Tarjeta de cr\u00e9dito.<\/li>\n<\/ol>\n<p>\u00bfNo tiene tarjeta de cr\u00e9dito? Entonces utilice los filtros para encontrar la opci\u00f3n de alquiler que necesita. El alquiler de coches en Marrakech es un servicio indispensable que le permite ver no s\u00f3lo Marrakech, sino tambi\u00e9n todo Marruecos.<\/p>\n","protected":false},"excerpt":{"rendered":"<p>Alquiler De Coches Marrakech de RosCar Los pa\u00edses del norte de \u00c1frica tienen una capacidad asombrosa para encantar a turistas de todo el mundo con sus costumbres y coloridos paisajes. Tal vez sea la cultura, o la cocina local \u00fanica, o la belleza en la vida cotidiana. Pero sabemos con certeza que necesita alquilar un [&hellip;]<\/p>\n","protected":false},"author":1,"featured_media":192,"parent":0,"menu_order":0,"comment_status":"closed","ping_status":"closed","template":"","meta":{"footnotes":""},"class_list":["post-1782","page","type-page","status-publish","has-post-thumbnail",""],"_links":{"self":[{"href":"https:\/\/roscar.ma\/es\/wp-json\/wp\/v2\/pages\/1782","targetHints":{"allow":["GET"]}}],"collection":[{"href":"https:\/\/roscar.ma\/es\/wp-json\/wp\/v2\/pages"}],"about":[{"href":"https:\/\/roscar.ma\/es\/wp-json\/wp\/v2\/types\/page"}],"author":[{"embeddable":true,"href":"https:\/\/roscar.ma\/es\/wp-json\/wp\/v2\/users\/1"}],"replies":[{"embeddable":true,"href":"https:\/\/roscar.ma\/es\/wp-json\/wp\/v2\/comments?post=1782"}],"version-history":[{"count":2,"href":"https:\/\/roscar.ma\/es\/wp-json\/wp\/v2\/pages\/1782\/revisions"}],"predecessor-version":[{"id":1794,"href":"https:\/\/roscar.ma\/es\/wp-json\/wp\/v2\/pages\/1782\/revisions\/1794"}],"wp:featuredmedia":[{"embeddable":true,"href":"https:\/\/roscar.ma\/es\/wp-json\/wp\/v2\/media\/192"}],"wp:attachment":[{"href":"https:\/\/roscar.ma\/es\/wp-json\/wp\/v2\/media?parent=1782"}],"curies":[{"name":"wp","href":"https:\/\/api.w.org\/{rel}","templated":true}]}}