{"id":1592,"date":"2025-07-17T10:09:50","date_gmt":"2025-07-17T10:09:50","guid":{"rendered":"https:\/\/roscar.ma\/?page_id=1592"},"modified":"2025-07-23T18:31:58","modified_gmt":"2025-07-23T18:31:58","slug":"acerca-de-nosotros","status":"publish","type":"page","link":"https:\/\/roscar.ma\/es\/acerca-de-nosotros\/","title":{"rendered":"Acerca de nosotros"},"content":{"rendered":"<p>RosCar Marruecos es un moderno servicio de alquiler de coches en Marruecos que opera desde 2022. No somos una empresa de alquiler de coches, sino un c\u00f3modo agregador online que re\u00fane las mejores ofertas de socios locales de todo el pa\u00eds.<\/p>\n<p>En nuestra p\u00e1gina web roscar.ma encontrar\u00e1 m\u00e1s de 200 coches de diversas clases, desde modelos compactos urbanos hasta c\u00f3modos SUV. Hacemos que el proceso de reserva sea lo m\u00e1s sencillo y asequible posible: puede alquilar un coche sin dep\u00f3sito y sin tarjeta de cr\u00e9dito.<\/p>\n<p>Nuestro objetivo es proporcionar a los viajeros una forma flexible y econ\u00f3mica de desplazarse por Marruecos, bas\u00e1ndonos en la experiencia y la fiabilidad de las empresas locales. \u00a1Elija RosCar Marruecos y disfrute de un viaje c\u00f3modo!<\/p>\n","protected":false},"excerpt":{"rendered":"<p>RosCar Marruecos es un moderno servicio de alquiler de coches en Marruecos que opera desde 2022. No somos una empresa de alquiler de coches, sino un c\u00f3modo agregador online que re\u00fane las mejores ofertas de socios locales de todo el pa\u00eds. En nuestra p\u00e1gina web roscar.ma encontrar\u00e1 m\u00e1s de 200 coches de diversas clases, desde [&hellip;]<\/p>\n","protected":false},"author":2,"featured_media":0,"parent":0,"menu_order":0,"comment_status":"closed","ping_status":"closed","template":"","meta":{"footnotes":""},"class_list":["post-1592","page","type-page","status-publish",""],"_links":{"self":[{"href":"https:\/\/roscar.ma\/es\/wp-json\/wp\/v2\/pages\/1592","targetHints":{"allow":["GET"]}}],"collection":[{"href":"https:\/\/roscar.ma\/es\/wp-json\/wp\/v2\/pages"}],"about":[{"href":"https:\/\/roscar.ma\/es\/wp-json\/wp\/v2\/types\/page"}],"author":[{"embeddable":true,"href":"https:\/\/roscar.ma\/es\/wp-json\/wp\/v2\/users\/2"}],"replies":[{"embeddable":true,"href":"https:\/\/roscar.ma\/es\/wp-json\/wp\/v2\/comments?post=1592"}],"version-history":[{"count":2,"href":"https:\/\/roscar.ma\/es\/wp-json\/wp\/v2\/pages\/1592\/revisions"}],"predecessor-version":[{"id":1597,"href":"https:\/\/roscar.ma\/es\/wp-json\/wp\/v2\/pages\/1592\/revisions\/1597"}],"wp:attachment":[{"href":"https:\/\/roscar.ma\/es\/wp-json\/wp\/v2\/media?parent=1592"}],"curies":[{"name":"wp","href":"https:\/\/api.w.org\/{rel}","templated":true}]}}