{"id":1419,"date":"2025-07-23T08:46:35","date_gmt":"2025-07-23T08:46:35","guid":{"rendered":"https:\/\/roscar.ma\/?page_id=1419"},"modified":"2025-07-23T13:37:49","modified_gmt":"2025-07-23T13:37:49","slug":"alquiler-de-coches-marruecos-sin-deposito","status":"publish","type":"page","link":"https:\/\/roscar.ma\/es\/alquiler-de-coches-marruecos-sin-deposito\/","title":{"rendered":"Alquiler De Coches Marruecos Sin Dep\u00f3sito"},"content":{"rendered":"<h2>Alquiler De Coches Marruecos Sin Dep\u00f3sito con RosCar<\/h2>\n<p>A diferencia del alquiler tradicional, el alquiler de coches en Marruecos sin dep\u00f3sito ofrece una impresionante lista de ventajas que no se pueden ignorar:<\/p>\n<ul>\n<li>Sin riesgo de disputas en el futuro (algunas empresas intentan cobrarte por peque\u00f1os ara\u00f1azos, gasolina u otros detalles).<\/li>\n<li>Mucho m\u00e1s f\u00e1cil (y r\u00e1pido) de recoger o devolver.<\/li>\n<li>Requiere menos dinero.<\/li>\n<li>No bloquea el dep\u00f3sito en las tarjetas de cr\u00e9dito.<\/li>\n<li>Experiencia sin estr\u00e9s.<\/li>\n<\/ul>\n<p>Esta es solo una de las muchas caracter\u00edsticas que puede encontrar en los filtros de RosCar. Pru\u00e9belo y encuentre su veh\u00edculo ideal en cuesti\u00f3n de minutos. Reserve ahora.<\/p>\n<blockquote class=\"check\">\n<h2>\u00bfC\u00f3mo alquilar un coche en Marruecos sin dep\u00f3sito?<\/h2>\n<p>Todo conductor que haya cumplido entre 21 y 25 a\u00f1os y disponga de los documentos necesarios (pasaporte y permiso de conducir) puede alquilar un coche en Marruecos sin dep\u00f3sito de la siguiente manera:<\/p>\n<ol>\n<li>Haga clic en el filtro \u00abSin dep\u00f3sito\u00bb para obtener una lista.<\/li>\n<li>Explore varias ofertas, encuentre la mejor y haga clic en \u00abReservar ahora\u00bb.<\/li>\n<li>Compruebe los requisitos y seleccione el tipo de seguro.<\/li>\n<li>Seleccione los servicios adicionales y haga clic en \u00abContinuar\u00bb.<\/li>\n<li>A\u00f1ada la informaci\u00f3n del conductor.<\/li>\n<li>Confirme.<\/li>\n<\/ol>\n<p>Ni el alquiler sin dep\u00f3sito ni ning\u00fan otro tipo de alquiler deben confirmarse a trav\u00e9s de su tarjeta bancaria. No se cargar\u00e1 m\u00e1s del 20 % como pago por adelantado.<\/p><\/blockquote>\n<h3>Tabla de precios de alquiler de coches en Marruecos sin dep\u00f3sito<\/h3>\n<table>\n<thead>\n<tr>\n<th>Modelo de coche<\/th>\n<th>Tipo de carrocer\u00eda<\/th>\n<th>Precio por d\u00eda (temporada baja)<\/th>\n<th>Precio por d\u00eda (temporada alta)<\/th>\n<th>Pasajeros<\/th>\n<th>Capacidad del maletero<\/th>\n<\/tr>\n<\/thead>\n<tbody>\n<tr>\n<td>Chevrolet Spark<\/td>\n<td>Hatchback<\/td>\n<td>19 \u20ac<\/td>\n<td>26 \u20ac<\/td>\n<td>4<\/td>\n<td>1<\/td>\n<\/tr>\n<tr>\n<td>Hyundai Grand i10<\/td>\n<td>Hatchback<\/td>\n<td>21 \u20ac<\/td>\n<td>28 \u20ac<\/td>\n<td>4<\/td>\n<td>1<\/td>\n<\/tr>\n<tr>\n<td>Skoda Fabia<\/td>\n<td>Hatchback<\/td>\n<td>23 \u20ac<\/td>\n<td>31 \u20ac<\/td>\n<td>5<\/td>\n<td>2<\/td>\n<\/tr>\n<tr>\n<td>Peugeot 2008<\/td>\n<td>Crossover<\/td>\n<td>26 \u20ac<\/td>\n<td>35 \u20ac<\/td>\n<td>5<\/td>\n<td>2<\/td>\n<\/tr>\n<tr>\n<td>Volkswagen Golf<\/td>\n<td>Hatchback<\/td>\n<td>27 \u20ac<\/td>\n<td>36 \u20ac<\/td>\n<td>5<\/td>\n<td>2<\/td>\n<\/tr>\n<tr>\n<td>Toyota Yaris Sed\u00e1n<\/td>\n<td>Sed\u00e1n<\/td>\n<td>28 \u20ac<\/td>\n<td>37 \u20ac<\/td>\n<td>5<\/td>\n<td>3<\/td>\n<\/tr>\n<tr>\n<td>Nissan Sunny<\/td>\n<td>Sed\u00e1n<\/td>\n<td>29 \u20ac<\/td>\n<td>38 \u20ac<\/td>\n<td>5<\/td>\n<td>3<\/td>\n<\/tr>\n<tr>\n<td>Renault Arkana<\/td>\n<td>Crossover<\/td>\n<td>35 \u20ac<\/td>\n<td>45 \u20ac<\/td>\n<td>5<\/td>\n<td>3<\/td>\n<\/tr>\n<tr>\n<td>MG ZS<\/td>\n<td>SUV<\/td>\n<td>39 \u20ac<\/td>\n<td>49 \u20ac<\/td>\n<td>5<\/td>\n<td>3<\/td>\n<\/tr>\n<tr>\n<td>Volkswagen Tiguan<\/td>\n<td>SUV<\/td>\n<td>55 \u20ac<\/td>\n<td>69 \u20ac<\/td>\n<td>5<\/td>\n<td>4<\/td>\n<\/tr>\n<\/tbody>\n<\/table>\n","protected":false},"excerpt":{"rendered":"<p>Alquiler De Coches Marruecos Sin Dep\u00f3sito con RosCar A diferencia del alquiler tradicional, el alquiler de coches en Marruecos sin dep\u00f3sito ofrece una impresionante lista de ventajas que no se pueden ignorar: Sin riesgo de disputas en el futuro (algunas empresas intentan cobrarte por peque\u00f1os ara\u00f1azos, gasolina u otros detalles). Mucho m\u00e1s f\u00e1cil (y r\u00e1pido) [&hellip;]<\/p>\n","protected":false},"author":1,"featured_media":1289,"parent":0,"menu_order":0,"comment_status":"closed","ping_status":"closed","template":"","meta":{"footnotes":""},"class_list":["post-1419","page","type-page","status-publish","has-post-thumbnail",""],"_links":{"self":[{"href":"https:\/\/roscar.ma\/es\/wp-json\/wp\/v2\/pages\/1419","targetHints":{"allow":["GET"]}}],"collection":[{"href":"https:\/\/roscar.ma\/es\/wp-json\/wp\/v2\/pages"}],"about":[{"href":"https:\/\/roscar.ma\/es\/wp-json\/wp\/v2\/types\/page"}],"author":[{"embeddable":true,"href":"https:\/\/roscar.ma\/es\/wp-json\/wp\/v2\/users\/1"}],"replies":[{"embeddable":true,"href":"https:\/\/roscar.ma\/es\/wp-json\/wp\/v2\/comments?post=1419"}],"version-history":[{"count":0,"href":"https:\/\/roscar.ma\/es\/wp-json\/wp\/v2\/pages\/1419\/revisions"}],"wp:featuredmedia":[{"embeddable":true,"href":"https:\/\/roscar.ma\/es\/wp-json\/wp\/v2\/media\/1289"}],"wp:attachment":[{"href":"https:\/\/roscar.ma\/es\/wp-json\/wp\/v2\/media?parent=1419"}],"curies":[{"name":"wp","href":"https:\/\/api.w.org\/{rel}","templated":true}]}}