{"id":1034,"date":"2025-07-17T09:45:33","date_gmt":"2025-07-17T09:45:33","guid":{"rendered":"https:\/\/roscar.ma\/?page_id=1034"},"modified":"2025-07-22T11:53:09","modified_gmt":"2025-07-22T11:53:09","slug":"alquiler-de-coches-marruecos","status":"publish","type":"page","link":"https:\/\/roscar.ma\/es\/","title":{"rendered":"Alquiler de coches Marruecos"},"content":{"rendered":"<h2>Alquiler de coches Marruecos de RosCar<\/h2>\n<p>Miles de a\u00f1os de historia y antiguas tradiciones \u00e1rabes atraen a millones de turistas como un im\u00e1n. Aqu\u00ed encontrar\u00e1 los sonidos del gran Sahara y del Oc\u00e9ano Atl\u00e1ntico, as\u00ed como culturas modernas y prehist\u00f3ricas, junto a unas condiciones excelentes para cualquier tipo de viaje. Pero, \u00bfes necesario alquilar un coche en Marruecos? Puede que no sea la \u00fanica opci\u00f3n disponible, pero s\u00ed una con algunas ventajas claras:<\/p>\n<ul>\n<li>Libre circulaci\u00f3n por donde quiera<\/li>\n<li>Gran confort y comodidad sin igual<\/li>\n<li>Amplia selecci\u00f3n de veh\u00edculos<\/li>\n<li>Alquiler de coches a corto o largo plazo<\/li>\n<\/ul>\n<p>\u00bfQuiere salir a la carretera cuanto antes? Reserve ahora el coche que desee en RosCar: unos pocos clics, rellene un formulario est\u00e1ndar y realice un pago por adelantado para su confirmaci\u00f3n.<\/p>\n<h2>De camino a un alquiler de coches Marruecos<\/h2>\n<p>Se trata de una tarea que no debe precipitarse, pero que tampoco debe dejarse para ma\u00f1ana. Por lo tanto, lea una peque\u00f1a gu\u00eda preparatoria en su camino hacia el alquiler de coches en Marruecos.<\/p>\n<h3>1. Encontrar el tipo adecuado<\/h3>\n<p>Un veh\u00edculo mal elegido no le aportar\u00e1 el placer ni la comodidad deseados. Eche un vistazo a la lista y piense cu\u00e1l de estos tipos le parece la soluci\u00f3n:<\/p>\n<ul>\n<li>Economy o Mini (Alquiler de coches baratos en Marruecos)<\/li>\n<li>Est\u00e1ndar<\/li>\n<li>SUV o Crossover<\/li>\n<li>Lujo<\/li>\n<li>Descapotable<\/li>\n<li>Furgoneta o Monovolumen<\/li>\n<\/ul>\n<h3>2. Servicios adicionales<\/h3>\n<p>No todos estos servicios adicionales son de pago, pero cada uno de ellos es una gran elecci\u00f3n:<\/p>\n<ul>\n<li>Cancelaci\u00f3n gratuita: Esta opci\u00f3n debe utilizarse a tiempo (hasta 48 horas antes de la salida).<\/li>\n<li>Sin dep\u00f3sito: La mejor caracter\u00edstica para los viajeros con poco presupuesto es que no tiene retenciones de dep\u00f3sito en tarjetas de cr\u00e9dito.<\/li>\n<li>Modelo Garantizado: Consigue al menos lo que has reservado.<\/li>\n<li>Asiento para ni\u00f1os: Un requisito legal para viajar con ni\u00f1os de 10 a\u00f1os o menos a bordo.<\/li>\n<li>Seguro adicional: Paga un extra por el Super CDW y la Cobertura Total para mayor tranquilidad.<\/li>\n<li>Tarjeta SIM: Ll\u00e9vate una para disfrutar de Internet de alta velocidad.<\/li>\n<li>Conductor adicional: M\u00e1s kil\u00f3metros de alegr\u00eda con un amigo al volante.<\/li>\n<li>Transmisi\u00f3n: Busca un autom\u00e1tico para viajes relajados.<\/li>\n<li>Kilometraje ilimitado: Vistas ilimitadas escondidas tras desiertos y paisajes marinos.<\/li>\n<\/ul>\n<blockquote class=\"check\">\n<h3>RosCar Marruecos alquiler de coches en detalles<\/h3>\n<p>Encuentre usted mismo unos minutos para tomar Marruecos alquiler de coches:<\/p>\n<ol>\n<li>Establecer Pick-up y Drop-off lugares.<\/li>\n<li>Especificar las fechas de inicio y fin.<\/li>\n<li>Haga clic en \u00abFiltros\u00bb para seleccionar los complementos deseados.<\/li>\n<li>Haga clic en \u00abVer\u00bb para obtener una lista.<\/li>\n<li>Reserve ahora.<\/li>\n<li>Rellene el formulario y pagar ahora.<\/li>\n<\/ol>\n<p>Una vez que est\u00e9 en la p\u00e1gina de pago, es necesario introducir una tarjeta para un prepago del 20%. No te preocupes, tus datos bancarios est\u00e1n seguros.<\/p><\/blockquote>\n<h2>El coste de un coche de alquiler en Marruecos<\/h2>\n<p>Aqu\u00ed hay algunos ejemplos para ayudarle a entender el precio de alquiler de coches en Marruecos:<\/p>\n<ul>\n<li>20-30 $ para Mini o Economy<\/li>\n<li>45-55 $ para Standard o Minivan<\/li>\n<li>50-70 $ para SUV o Crossover<\/li>\n<li>de 80 $ para Lujo o Descapotable.<\/li>\n<\/ul>\n<p>Pero puedes intentar conseguirlo m\u00e1s barato:<\/p>\n<ul>\n<li>Alquila un coche a largo plazo (5 d\u00edas o m\u00e1s)<\/li>\n<li>Fija la fecha de inicio a mediados de semana<\/li>\n<li>Compara no s\u00f3lo por precio, sino tambi\u00e9n por equipamiento<\/li>\n<li>Reserva online con mucha antelaci\u00f3n.<\/li>\n<\/ul>\n<p>M\u00e1s informaci\u00f3n sobre la comparaci\u00f3n de precios:<\/p>\n<h3>Tabla de precios de alquiler de coches en Marruecos<\/h3>\n<table border=\"1\" cellspacing=\"0\" cellpadding=\"8\">\n<thead>\n<tr>\n<th>Modelo de coche<\/th>\n<th>Tipo de carrocer\u00eda<\/th>\n<th>Precio por d\u00eda (temporada baja)<\/th>\n<th>Precio por d\u00eda (temporada alta)<\/th>\n<th>Pasajeros<\/th>\n<th>Capacidad de equipaje<\/th>\n<\/tr>\n<\/thead>\n<tbody>\n<tr>\n<td>Dacia Logan<\/td>\n<td>Berlina<\/td>\n<td>23 \u20ac<\/td>\n<td>30 \u20ac<\/td>\n<td>5<\/td>\n<td>2<\/td>\n<\/tr>\n<tr>\n<td>Kia Picanto<\/td>\n<td>Hatchback<\/td>\n<td>20 \u20ac<\/td>\n<td>28 \u20ac<\/td>\n<td>4<\/td>\n<td>1<\/td>\n<\/tr>\n<tr>\n<td>Renault Clio<\/td>\n<td>Hatchback<\/td>\n<td>25 \u20ac<\/td>\n<td>35 \u20ac<\/td>\n<td>5<\/td>\n<td>2<\/td>\n<\/tr>\n<tr>\n<td>Dacia Duster<\/td>\n<td>SUV<\/td>\n<td>35 \u20ac<\/td>\n<td>45 \u20ac<\/td>\n<td>5<\/td>\n<td>3<\/td>\n<\/tr>\n<tr>\n<td>Hyundai Tucson<\/td>\n<td>SUV<\/td>\n<td>50 \u20ac<\/td>\n<td>65 \u20ac<\/td>\n<td>5<\/td>\n<td>4<\/td>\n<\/tr>\n<tr>\n<td>Peugeot 208<\/td>\n<td>Hatchback<\/td>\n<td>22 \u20ac<\/td>\n<td>32 \u20ac<\/td>\n<td>5<\/td>\n<td>2<\/td>\n<\/tr>\n<tr>\n<td>Volkswagen Polo<\/td>\n<td>Hatchback<\/td>\n<td>26 \u20ac<\/td>\n<td>36 \u20ac<\/td>\n<td>5<\/td>\n<td>2<\/td>\n<\/tr>\n<tr>\n<td>Citro\u00ebn C-Elys\u00e9e<\/td>\n<td>Berlina<\/td>\n<td>24 \u20ac<\/td>\n<td>34 \u20ac<\/td>\n<td>5<\/td>\n<td>3<\/td>\n<\/tr>\n<tr>\n<td>Fiat Tipo<\/td>\n<td>Berlina<\/td>\n<td>27 \u20ac<\/td>\n<td>37 \u20ac<\/td>\n<td>5<\/td>\n<td>3<\/td>\n<\/tr>\n<tr>\n<td>Renault Captur<\/td>\n<td>Crossover<\/td>\n<td>33 \u20ac<\/td>\n<td>43 \u20ac<\/td>\n<td>5<\/td>\n<td>3<\/td>\n<\/tr>\n<\/tbody>\n<\/table>\n        <div class=\"rpc-chart\">\n            <h3>Precios estacionales de alquiler de coches en Marruecos<\/h3>\n            <div><p>La siguiente tabla muestra un an\u00e1lisis de la evoluci\u00f3n de los precios medios de alquiler de coches en Marruecos en los \u00faltimos tres a\u00f1os. La informaci\u00f3n se basa en reservas reales realizadas a trav\u00e9s de roscar.ma, un sitio web especializado en alquiler de coches sin intermediarios. Los datos abarcan todas las clases de coches (desde modelos urbanos asequibles hasta todoterrenos, descapotables y el segmento premium).<\/p>\n<p>Gracias a nuestros muchos a\u00f1os de experiencia trabajando con viajeros y a un seguimiento regular del mercado, nos hemos formado una opini\u00f3n objetiva de las fluctuaciones estacionales de los precios de alquiler. Nuestro an\u00e1lisis ser\u00e1 \u00fatil para cualquiera que est\u00e9 planeando un viaje a Marruecos: podr\u00e1 elegir con antelaci\u00f3n el periodo en el que el alquiler de coches le resultar\u00e1 m\u00e1s ventajoso.<\/p>\n<p>Le recomendamos que utilice la informaci\u00f3n verificada y los consejos pr\u00e1cticos de RosCar Marruecos para que su viaje sea c\u00f3modo, seguro y econ\u00f3mico.<\/p>\n<\/div>\n            <div class=\"rpc-chart-bars\">\n                                    <div class=\"rpc-chart-column\">\n                        <div class=\"rpc-chart-inner\" style=\"height: 28.846153846154%\">\n                            <div class=\"rpc-chart-column-value\">15 \u20ac<\/div>\n                            <div class=\"rpc-chart-month\">JAN<\/div>\n                        <\/div>\n                    <\/div>\n                                    <div class=\"rpc-chart-column\">\n                        <div class=\"rpc-chart-inner\" style=\"height: 28.846153846154%\">\n                            <div class=\"rpc-chart-column-value\">15 \u20ac<\/div>\n                            <div class=\"rpc-chart-month\">FEB<\/div>\n                        <\/div>\n                    <\/div>\n                                    <div class=\"rpc-chart-column\">\n                        <div class=\"rpc-chart-inner\" style=\"height: 32.692307692308%\">\n                            <div class=\"rpc-chart-column-value\">17 \u20ac<\/div>\n                            <div class=\"rpc-chart-month\">MAR<\/div>\n                        <\/div>\n                    <\/div>\n                                    <div class=\"rpc-chart-column\">\n                        <div class=\"rpc-chart-inner\" style=\"height: 42.307692307692%\">\n                            <div class=\"rpc-chart-column-value\">22 \u20ac<\/div>\n                            <div class=\"rpc-chart-month\">APR<\/div>\n                        <\/div>\n                    <\/div>\n                                    <div class=\"rpc-chart-column\">\n                        <div class=\"rpc-chart-inner\" style=\"height: 32.692307692308%\">\n                            <div class=\"rpc-chart-column-value\">17 \u20ac<\/div>\n                            <div class=\"rpc-chart-month\">MAY<\/div>\n                        <\/div>\n                    <\/div>\n                                    <div class=\"rpc-chart-column\">\n                        <div class=\"rpc-chart-inner\" style=\"height: 30.769230769231%\">\n                            <div class=\"rpc-chart-column-value\">16 \u20ac<\/div>\n                            <div class=\"rpc-chart-month\">JUN<\/div>\n                        <\/div>\n                    <\/div>\n                                    <div class=\"rpc-chart-column\">\n                        <div class=\"rpc-chart-inner\" style=\"height: 55.769230769231%\">\n                            <div class=\"rpc-chart-column-value\">29 \u20ac<\/div>\n                            <div class=\"rpc-chart-month\">JUL<\/div>\n                        <\/div>\n                    <\/div>\n                                    <div class=\"rpc-chart-column\">\n                        <div class=\"rpc-chart-inner\" style=\"height: 61.538461538462%\">\n                            <div class=\"rpc-chart-column-value\">32 \u20ac<\/div>\n                            <div class=\"rpc-chart-month\">AUG<\/div>\n                        <\/div>\n                    <\/div>\n                                    <div class=\"rpc-chart-column\">\n                        <div class=\"rpc-chart-inner\" style=\"height: 38.461538461538%\">\n                            <div class=\"rpc-chart-column-value\">20 \u20ac<\/div>\n                            <div class=\"rpc-chart-month\">SEP<\/div>\n                        <\/div>\n                    <\/div>\n                                    <div class=\"rpc-chart-column\">\n                        <div class=\"rpc-chart-inner\" style=\"height: 36.538461538462%\">\n                            <div class=\"rpc-chart-column-value\">19 \u20ac<\/div>\n                            <div class=\"rpc-chart-month\">OCT<\/div>\n                        <\/div>\n                    <\/div>\n                                    <div class=\"rpc-chart-column\">\n                        <div class=\"rpc-chart-inner\" style=\"height: 32.692307692308%\">\n                            <div class=\"rpc-chart-column-value\">17 \u20ac<\/div>\n                            <div class=\"rpc-chart-month\">NOV<\/div>\n                        <\/div>\n                    <\/div>\n                                    <div class=\"rpc-chart-column\">\n                        <div class=\"rpc-chart-inner\" style=\"height: 44.230769230769%\">\n                            <div class=\"rpc-chart-column-value\">23 \u20ac<\/div>\n                            <div class=\"rpc-chart-month\">DEC<\/div>\n                        <\/div>\n                    <\/div>\n                            <\/div>\n        <\/div>\n        \n<h2>Alquilar un coche en Marruecos: Documentos<\/h2>\n<p>\u00bfTienes m\u00e1s de 21 (o 25) a\u00f1os y algo de experiencia al volante? Entonces s\u00f3lo necesitas tres documentos para alquilar un coche en Marruecos:<\/p>\n<ol>\n<li>Pasaporte<\/li>\n<li>Permiso de conducir<\/li>\n<li>Tarjeta de cr\u00e9dito (opcional).<\/li>\n<\/ol>\n<p>Tambi\u00e9n necesita un bono (certificado de reserva), pero lo recibir\u00e1 inmediatamente despu\u00e9s de que se confirme su reserva.<\/p>\n","protected":false},"excerpt":{"rendered":"<p>Alquiler de coches Marruecos de RosCar Miles de a\u00f1os de historia y antiguas tradiciones \u00e1rabes atraen a millones de turistas como un im\u00e1n. Aqu\u00ed encontrar\u00e1 los sonidos del gran Sahara y del Oc\u00e9ano Atl\u00e1ntico, as\u00ed como culturas modernas y prehist\u00f3ricas, junto a unas condiciones excelentes para cualquier tipo de viaje. Pero, \u00bfes necesario alquilar un [&hellip;]<\/p>\n","protected":false},"author":1,"featured_media":131,"parent":0,"menu_order":0,"comment_status":"closed","ping_status":"closed","template":"","meta":{"footnotes":""},"class_list":["post-1034","page","type-page","status-publish","has-post-thumbnail",""],"_links":{"self":[{"href":"https:\/\/roscar.ma\/es\/wp-json\/wp\/v2\/pages\/1034","targetHints":{"allow":["GET"]}}],"collection":[{"href":"https:\/\/roscar.ma\/es\/wp-json\/wp\/v2\/pages"}],"about":[{"href":"https:\/\/roscar.ma\/es\/wp-json\/wp\/v2\/types\/page"}],"author":[{"embeddable":true,"href":"https:\/\/roscar.ma\/es\/wp-json\/wp\/v2\/users\/1"}],"replies":[{"embeddable":true,"href":"https:\/\/roscar.ma\/es\/wp-json\/wp\/v2\/comments?post=1034"}],"version-history":[{"count":1,"href":"https:\/\/roscar.ma\/es\/wp-json\/wp\/v2\/pages\/1034\/revisions"}],"predecessor-version":[{"id":1035,"href":"https:\/\/roscar.ma\/es\/wp-json\/wp\/v2\/pages\/1034\/revisions\/1035"}],"wp:featuredmedia":[{"embeddable":true,"href":"https:\/\/roscar.ma\/es\/wp-json\/wp\/v2\/media\/131"}],"wp:attachment":[{"href":"https:\/\/roscar.ma\/es\/wp-json\/wp\/v2\/media?parent=1034"}],"curies":[{"name":"wp","href":"https:\/\/api.w.org\/{rel}","templated":true}]}}