{"id":2516,"date":"2025-07-17T11:33:38","date_gmt":"2025-07-17T11:33:38","guid":{"rendered":"https:\/\/roscar.ma\/?page_id=2516"},"modified":"2025-07-26T18:05:44","modified_gmt":"2025-07-26T18:05:44","slug":"mietwagen-tanger","status":"publish","type":"page","link":"https:\/\/roscar.ma\/de\/mietwagen-tanger\/","title":{"rendered":"Mietwagen Tanger"},"content":{"rendered":"<h2>Mietwagen Tanger von RosCar<\/h2>\n<p>Nord-Marokko ist, wo zwei Kontinente (Europa und Afrika) treffen, wo das Klima ist warm 365 Tage im Jahr, und immer helle Erinnerungen. Hier k\u00f6nnen Sie ein Auto in Tanger mieten und Ihre Reise auf eine ganz neue Ebene bringen:<\/p>\n<ul>\n<li>Weniger Ausgaben f\u00fcr \u00f6ffentliche Verkehrsmittel oder Taxis<\/li>\n<li>Freiheit, sich zu bewegen, wann immer Sie wollen<\/li>\n<li>Einfache Abholung und Buchung 24\/7<\/li>\n<li>G\u00fcnstige Preise bei hoher Qualit\u00e4t.<\/li>\n<\/ul>\n<p>Sind Sie immer noch auf der Suche nach dem besten Preis-Leistungs-Verh\u00e4ltnis? Dann suchen Sie Ihr Fahrzeug auf RosCar, buchen Sie und nutzen Sie die Karte zur Best\u00e4tigung (bis zu 20% des Betrags). Ja, so einfach ist es.<\/p>\n<h2>Mietwagen Tanger: Der Leitfaden<\/h2>\n<p>Die Wahl des richtigen Mietwagens in Tanger scheint keine leichte Aufgabe zu sein, wenn man Ihr Budget, Ihren Reisestil und Ihre Bed\u00fcrfnisse ber\u00fccksichtigt. Aber zwei Schritte reichen aus, um Sie an Ihr Ziel zu bringen.<\/p>\n<h3>1. Fahrzeugtyp<\/h3>\n<p>Soll es ger\u00e4umig oder kompakt, g\u00fcnstig oder teuer sein? Verwenden Sie die Filter, um Ihr Fahrzeug auszuw\u00e4hlen:<\/p>\n<ul>\n<li>G\u00fcnstiges Auto<\/li>\n<li>Kompaktwagen<\/li>\n<li>SUV oder Crossover<\/li>\n<li>Kleinwagen<\/li>\n<li>Standard-Auto<\/li>\n<li>Luxusauto<\/li>\n<li>Cabrio<\/li>\n<li>Van, Minivan und mehr.<\/li>\n<\/ul>\n<h3>2. Zus\u00e4tzliche Dienstleistungen<\/h3>\n<p>Dies ist vielleicht die einfachste und g\u00fcnstigste M\u00f6glichkeit, die Qualit\u00e4t Ihrer Reisen mit den folgenden Leistungen zu verbessern:<\/p>\n<ul>\n<li>Kostenlose Stornierung: Diese Option kann nur 48 Stunden vor Reiseantritt genutzt werden.<\/li>\n<li>Keine Kreditkarte: Es stehen immer gen\u00fcgend Fahrzeuge zur Auswahl.<\/li>\n<li>SIM-Karte: Jeder braucht schnelles Internet oder Anrufe, wenn er unterwegs ist.<\/li>\n<li>Zus\u00e4tzlicher Fahrer: Es ist immer gut, jemanden zu haben, der f\u00fcr Sie f\u00e4hrt.<\/li>\n<li>Unbegrenzte Kilometerzahl: Ein gro\u00dfartiger Zusatz zu einer g\u00fcnstigen Autovermietung in Tanger.<\/li>\n<li>Keine Kaution: Kann 10-15% teurer sein, aber es gibt keine Kautionssperre auf Kreditkarten.<\/li>\n<li>Kindersitz: Kinder unter 10 Jahren k\u00f6nnen nur in einem Kindersitz (hintere Reihe) bef\u00f6rdert werden.<\/li>\n<li>Zus\u00e4tzliche Versicherung: Mit SuperCDW oder Full Coverage m\u00fcssen Sie sich keine Sorgen um Ihre finanzielle Freiheit machen.<\/li>\n<li>Garantiertes Modell: Haben Sie einen Toyota Corolla gebucht? Sie bekommen genau den Toyota Corolla.<\/li>\n<li>Getriebe: Manuell vs. Automatik. G\u00fcnstig vs. Komfortabel.<\/li>\n<\/ul>\n<blockquote class=\"info\">\n<h2>Mietwagen Tanger: Buchung<\/h2>\n<p>Haben Sie f\u00fcnf Minuten Zeit? Dann k\u00f6nnen Sie auf RosCar jedes beliebige Fahrzeug mieten:<\/p>\n<ol>\n<li>Geben Sie Start- und Enddatum sowie den Ort an,<\/li>\n<li>Gehen Sie zu den Filtern und klicken Sie auf die, die Ihnen zusagen. Lassen Sie sich eine Liste anzeigen.<\/li>\n<li>W\u00e4hlen Sie Ihr Auto \u00fcber Jetzt buchen aus.<\/li>\n<li>W\u00e4hlen Sie die Zahlungsart, die Versicherung und die zus\u00e4tzlichen Funktionen im Formular aus.<\/li>\n<li>F\u00fcgen Sie weitere Informationen hinzu und best\u00e4tigen Sie.<\/li>\n<li>Jetzt bezahlen.<\/li>\n<\/ol>\n<p>Tanger-Mietwagen k\u00f6nnen von jedem mit einem F\u00fchrerschein (\u00fcber 21 Jahre alt) und einer Bankkarte (bis zu 20 % f\u00fcr die Zahlungsbest\u00e4tigung) gebucht werden. 80% des Restbetrages wird vor Ort bezahlt, mit jeder Methode, die Sie im Formular angegeben haben.<\/p><\/blockquote>\n<h2>Auto mieten Tanger Preis<\/h2>\n<p>In diesem Teil von Marokko, k\u00f6nnen Sie recht niedrige Preise f\u00fcr Mietwagen in Tanger finden:<\/p>\n<ul>\n<li>$15-20 f\u00fcr Economy oder Mini<\/li>\n<li>$25-30 f\u00fcr Standard<\/li>\n<li>$35-50 f\u00fcr Minivan, SUV, 4&#215;4, oder Crossover<\/li>\n<li>$60+ f\u00fcr Luxus oder Cabrio.<\/li>\n<\/ul>\n<p>In der Hochsaison k\u00f6nnen die Preise um bis zu 60 % oder sogar noch mehr steigen. Daher sollten Sie die folgenden Tipps ber\u00fccksichtigen, um die Kosten zu senken:<\/p>\n<ul>\n<li>Buchen Sie so fr\u00fch wie m\u00f6glich<\/li>\n<li>W\u00e4hlen Sie einen Fahrzeugtyp, der Ihr Budget nicht gef\u00e4hrdet<\/li>\n<li>Achten Sie auf kostenlose Angebote (keine Kaution, keine Kreditkarte, unbegrenzte Kilometerzahl usw.)<\/li>\n<li>Legen Sie das Startdatum auf die Mitte der Woche fest.<\/li>\n<\/ul>\n<p>Sie sollten auch den Preis vergleichen:<\/p>\n<h3>Tabelle mit Preisen f\u00fcr Autovermietung in Tanger, Marokko<\/h3>\n<table>\n<thead>\n<tr>\n<th>Auto-Modell<\/th>\n<th>Karosserie-Typ<\/th>\n<th>Preis pro Tag (Nebensaison)<\/th>\n<th>Preis pro Tag (Hochsaison)<\/th>\n<th>Passagiere<\/th>\n<th>Gep\u00e4ckkapazit\u00e4t<\/th>\n<\/tr>\n<\/thead>\n<tbody>\n<tr>\n<td>Fiat Panda<\/td>\n<td>Schr\u00e4gheck<\/td>\n<td>20 \u20ac<\/td>\n<td>27 \u20ac<\/td>\n<td>4<\/td>\n<td>1<\/td>\n<\/tr>\n<tr>\n<td>Kia Picanto<\/td>\n<td>Schr\u00e4gheck<\/td>\n<td>22 \u20ac<\/td>\n<td>29 \u20ac<\/td>\n<td>4<\/td>\n<td>1<\/td>\n<\/tr>\n<tr>\n<td>Dacia Logan<\/td>\n<td>Limousine<\/td>\n<td>24 \u20ac<\/td>\n<td>32 \u20ac<\/td>\n<td>5<\/td>\n<td>2<\/td>\n<\/tr>\n<tr>\n<td>Peugeot 208<\/td>\n<td>Schr\u00e4gheck<\/td>\n<td>26 \u20ac<\/td>\n<td>35 \u20ac<\/td>\n<td>5<\/td>\n<td>2<\/td>\n<\/tr>\n<tr>\n<td>Renault Clio<\/td>\n<td>Schr\u00e4gheck<\/td>\n<td>27 \u20ac<\/td>\n<td>36 \u20ac<\/td>\n<td>5<\/td>\n<td>2<\/td>\n<\/tr>\n<tr>\n<td>Citro\u00ebn C-Elys\u00e9e<\/td>\n<td>Limousine<\/td>\n<td>29 \u20ac<\/td>\n<td>39 \u20ac<\/td>\n<td>5<\/td>\n<td>3<\/td>\n<\/tr>\n<tr>\n<td>Hyundai i20<\/td>\n<td>Schr\u00e4gheck<\/td>\n<td>28 \u20ac<\/td>\n<td>38 \u20ac<\/td>\n<td>5<\/td>\n<td>2<\/td>\n<\/tr>\n<tr>\n<td>Dacia Duster<\/td>\n<td><span data-huuid=\"16277183433061978452\">Gel\u00e4ndewagen<\/span><\/td>\n<td>38 \u20ac<\/td>\n<td>49 \u20ac<\/td>\n<td>5<\/td>\n<td>3<\/td>\n<\/tr>\n<tr>\n<td>Renault Kadjar<\/td>\n<td><span data-huuid=\"16277183433061978452\">Gel\u00e4ndewagen<\/span><\/td>\n<td>50 \u20ac<\/td>\n<td>62 \u20ac<\/td>\n<td>5<\/td>\n<td>4<\/td>\n<\/tr>\n<tr>\n<td>Peugeot 3008<\/td>\n<td><span data-huuid=\"16277183433061978452\">Gel\u00e4ndewagen<\/span><\/td>\n<td>55 \u20ac<\/td>\n<td>70 \u20ac<\/td>\n<td>5<\/td>\n<td>4<\/td>\n<\/tr>\n<\/tbody>\n<\/table>\n        <div class=\"rpc-chart\">\n            <h3>Wie sich die Mietwagenpreise in Tanger \u00e4ndern: ein \u00dcberblick anhand von echten Buchungen<\/h3>\n            <div><p>roscar.ma hat in den letzten drei Jahren die Preise f\u00fcr Mietwagen in Tanger beobachtet. Alle hier pr\u00e4sentierten Daten basieren auf realen Buchungen, wodurch wir uns ein zuverl\u00e4ssiges Bild von den saisonalen Schwankungen der Mietpreise machen k\u00f6nnen.<\/p>\n<p>Die Analyse umfasst verschiedene Fahrzeugkategorien - von Kleinwagen \u00fcber SUVs und Cabrios bis hin zu Premiumfahrzeugen. So k\u00f6nnen wir erkennen, wie sich die Touristenaktivit\u00e4t und die Jahreszeit auf die Preisgestaltung auswirken.<\/p>\n<p>Die Spezialisten von RosCar Marokko verf\u00fcgen \u00fcber umfangreiche Erfahrungen im Kundenservice in Marokko und bieten gepr\u00fcfte Informationen, die f\u00fcr jeden n\u00fctzlich sind, der eine Reise nach Tanger plant und seine Transportkosten effektiv planen m\u00f6chte.<\/p>\n<\/div>\n            <div class=\"rpc-chart-bars\">\n                                    <div class=\"rpc-chart-column\">\n                        <div class=\"rpc-chart-inner\" style=\"height: 24.528301886792%\">\n                            <div class=\"rpc-chart-column-value\">13 \u20ac<\/div>\n                            <div class=\"rpc-chart-month\">JAN<\/div>\n                        <\/div>\n                    <\/div>\n                                    <div class=\"rpc-chart-column\">\n                        <div class=\"rpc-chart-inner\" style=\"height: 26.415094339623%\">\n                            <div class=\"rpc-chart-column-value\">14 \u20ac<\/div>\n                            <div class=\"rpc-chart-month\">FEB<\/div>\n                        <\/div>\n                    <\/div>\n                                    <div class=\"rpc-chart-column\">\n                        <div class=\"rpc-chart-inner\" style=\"height: 28.301886792453%\">\n                            <div class=\"rpc-chart-column-value\">15 \u20ac<\/div>\n                            <div class=\"rpc-chart-month\">MAR<\/div>\n                        <\/div>\n                    <\/div>\n                                    <div class=\"rpc-chart-column\">\n                        <div class=\"rpc-chart-inner\" style=\"height: 45.283018867925%\">\n                            <div class=\"rpc-chart-column-value\">24 \u20ac<\/div>\n                            <div class=\"rpc-chart-month\">APR<\/div>\n                        <\/div>\n                    <\/div>\n                                    <div class=\"rpc-chart-column\">\n                        <div class=\"rpc-chart-inner\" style=\"height: 32.075471698113%\">\n                            <div class=\"rpc-chart-column-value\">17 \u20ac<\/div>\n                            <div class=\"rpc-chart-month\">MAY<\/div>\n                        <\/div>\n                    <\/div>\n                                    <div class=\"rpc-chart-column\">\n                        <div class=\"rpc-chart-inner\" style=\"height: 30.188679245283%\">\n                            <div class=\"rpc-chart-column-value\">16 \u20ac<\/div>\n                            <div class=\"rpc-chart-month\">JUN<\/div>\n                        <\/div>\n                    <\/div>\n                                    <div class=\"rpc-chart-column\">\n                        <div class=\"rpc-chart-inner\" style=\"height: 52.830188679245%\">\n                            <div class=\"rpc-chart-column-value\">28 \u20ac<\/div>\n                            <div class=\"rpc-chart-month\">JUL<\/div>\n                        <\/div>\n                    <\/div>\n                                    <div class=\"rpc-chart-column\">\n                        <div class=\"rpc-chart-inner\" style=\"height: 62.264150943396%\">\n                            <div class=\"rpc-chart-column-value\">33 \u20ac<\/div>\n                            <div class=\"rpc-chart-month\">AUG<\/div>\n                        <\/div>\n                    <\/div>\n                                    <div class=\"rpc-chart-column\">\n                        <div class=\"rpc-chart-inner\" style=\"height: 39.622641509434%\">\n                            <div class=\"rpc-chart-column-value\">21 \u20ac<\/div>\n                            <div class=\"rpc-chart-month\">SEP<\/div>\n                        <\/div>\n                    <\/div>\n                                    <div class=\"rpc-chart-column\">\n                        <div class=\"rpc-chart-inner\" style=\"height: 35.849056603774%\">\n                            <div class=\"rpc-chart-column-value\">19 \u20ac<\/div>\n                            <div class=\"rpc-chart-month\">OCT<\/div>\n                        <\/div>\n                    <\/div>\n                                    <div class=\"rpc-chart-column\">\n                        <div class=\"rpc-chart-inner\" style=\"height: 32.075471698113%\">\n                            <div class=\"rpc-chart-column-value\">17 \u20ac<\/div>\n                            <div class=\"rpc-chart-month\">NOV<\/div>\n                        <\/div>\n                    <\/div>\n                                    <div class=\"rpc-chart-column\">\n                        <div class=\"rpc-chart-inner\" style=\"height: 41.509433962264%\">\n                            <div class=\"rpc-chart-column-value\">22 \u20ac<\/div>\n                            <div class=\"rpc-chart-month\">DEC<\/div>\n                        <\/div>\n                    <\/div>\n                            <\/div>\n        <\/div>\n        \n<h2>Mietwagen Tanger: Dokumente<\/h2>\n<p>Marokko ist ein offenes Land, das f\u00fcr Touristen aus der ganzen Welt zug\u00e4nglich ist. Daher sind f\u00fcr die Anmietung nur Standarddokumente erforderlich:<\/p>\n<ol>\n<li>F\u00fchrerschein (2 Jahre Erfahrung sind erforderlich)<\/li>\n<li>Reisepass oder Personalausweis<\/li>\n<li>Voucher oder Buchungszertifikat<\/li>\n<li>Kreditkarte (optional).<\/li>\n<\/ol>\n","protected":false},"excerpt":{"rendered":"<p>Mietwagen Tanger von RosCar Nord-Marokko ist, wo zwei Kontinente (Europa und Afrika) treffen, wo das Klima ist warm 365 Tage im Jahr, und immer helle Erinnerungen. Hier k\u00f6nnen Sie ein Auto in Tanger mieten und Ihre Reise auf eine ganz neue Ebene bringen: Weniger Ausgaben f\u00fcr \u00f6ffentliche Verkehrsmittel oder Taxis Freiheit, sich zu bewegen, wann [&hellip;]<\/p>\n","protected":false},"author":1,"featured_media":284,"parent":0,"menu_order":0,"comment_status":"closed","ping_status":"closed","template":"","meta":{"footnotes":""},"class_list":["post-2516","page","type-page","status-publish","has-post-thumbnail",""],"_links":{"self":[{"href":"https:\/\/roscar.ma\/de\/wp-json\/wp\/v2\/pages\/2516","targetHints":{"allow":["GET"]}}],"collection":[{"href":"https:\/\/roscar.ma\/de\/wp-json\/wp\/v2\/pages"}],"about":[{"href":"https:\/\/roscar.ma\/de\/wp-json\/wp\/v2\/types\/page"}],"author":[{"embeddable":true,"href":"https:\/\/roscar.ma\/de\/wp-json\/wp\/v2\/users\/1"}],"replies":[{"embeddable":true,"href":"https:\/\/roscar.ma\/de\/wp-json\/wp\/v2\/comments?post=2516"}],"version-history":[{"count":2,"href":"https:\/\/roscar.ma\/de\/wp-json\/wp\/v2\/pages\/2516\/revisions"}],"predecessor-version":[{"id":2518,"href":"https:\/\/roscar.ma\/de\/wp-json\/wp\/v2\/pages\/2516\/revisions\/2518"}],"wp:featuredmedia":[{"embeddable":true,"href":"https:\/\/roscar.ma\/de\/wp-json\/wp\/v2\/media\/284"}],"wp:attachment":[{"href":"https:\/\/roscar.ma\/de\/wp-json\/wp\/v2\/media?parent=2516"}],"curies":[{"name":"wp","href":"https:\/\/api.w.org\/{rel}","templated":true}]}}