{"id":2151,"date":"2025-07-17T11:30:24","date_gmt":"2025-07-17T11:30:24","guid":{"rendered":"https:\/\/roscar.ma\/?page_id=2151"},"modified":"2025-07-26T11:39:43","modified_gmt":"2025-07-26T11:39:43","slug":"mietwagen-agadir","status":"publish","type":"page","link":"https:\/\/roscar.ma\/de\/mietwagen-agadir\/","title":{"rendered":"Mietwagen Agadir"},"content":{"rendered":"<h2>Mietwagen Agadir von RosCar<\/h2>\n<p>Marokko ist ein Land mit einer einzigartigen Atmosph\u00e4re, pulsierenden Landschaften und Dutzenden von exquisiten K\u00fcstenst\u00e4dten. Es ist der perfekte Ort f\u00fcr alle, die mehr als nur am Strand entspannen wollen, und es gibt nur einen Weg, um das Beste aus Ihrer Reise herauszuholen und sich an lebhaften Eindr\u00fccken zu erfreuen: eine Autovermietung in Agadir. Sind Sie bereit, Ihren zu bekommen? Dann buchen Sie jetzt mit RosCar und Sie werden es k\u00f6nnen:<\/p>\n<ul>\n<li>W\u00e4hlen Sie die besten Angebote mit den Win-Win-Konditionen<\/li>\n<li>Zus\u00e4tzliche Optionen ausstatten, die das Leben besser und einfacher machen<\/li>\n<li>Ihren eigenen Weg gehen, ohne an den Zeitplan eines anderen gebunden zu sein<\/li>\n<li>G\u00fcnstige Preise f\u00fcr langfristige Autovermietungen nutzen.<\/li>\n<\/ul>\n<h2>Mietwagen Agadir: Der Leitfaden<\/h2>\n<p>Bevor Sie auf die Schaltfl\u00e4che &#8222;Jetzt buchen&#8220; klicken, empfehlen wir Ihnen, eine kurze Einf\u00fchrung zu lesen. Dies ist der Weg von Tausenden von aktiven Reisenden aus der ganzen Welt, die Sie zu nehmen, was Sie nicht bereuen werden erm\u00f6glicht.<\/p>\n<h3>1. W\u00e4hlen Sie den Fahrzeugtyp, der zu Ihrem Budget und Ihren Zielen passt<\/h3>\n<p>G\u00fcnstige Autovermietung in Agadir ist nur f\u00fcr diejenigen, die den richtigen Typ zu w\u00e4hlen:<\/p>\n<ul>\n<li>Standardwagen (Bestseller in Marokko)<\/li>\n<li>Gel\u00e4ndewagen oder SUV<\/li>\n<li>Kleinwagen oder Sparauto<\/li>\n<li>Minivan oder Van<\/li>\n<li>Cabrio, Luxus oder andere.<\/li>\n<\/ul>\n<h3>2. Was ist mit den Zusatzleistungen?<\/h3>\n<p>Dies ist der Teil der Reservierung, den viele Touristen oft auslassen, aber dann bereuen, dass sie ihm nicht mehr Aufmerksamkeit geschenkt haben. Vielleicht gibt es hier etwas, das Ihre Autovermietung in Agadir besser machen wird:<\/p>\n<ul>\n<li>Eine zus\u00e4tzliche Versicherung: Die finanziellen Risiken werden geringer sein, wenn Sie f\u00fcr ein Upgrade auf Full Coverage oder SuperCDW bezahlt haben.<\/li>\n<li>Kostenlose Stornierung: F\u00fcr den Fall, dass Sie sich Ihrer Pl\u00e4ne nicht 100%ig sicher sind.<\/li>\n<li>Unbegrenzte Kilometerzahl: Null Geb\u00fchren f\u00fcr unbegrenzte Reisem\u00f6glichkeiten.<\/li>\n<li>Keine Kaution: Sie brauchen Ihr Budget nicht einzuschr\u00e4nken, versuchen Sie es ohne Kautionssperre auf Kreditkarten.<\/li>\n<li>Garantiertes Modell: Es wird immer das gleiche Auto reserviert, keine Ausnahmen.<\/li>\n<li>Getriebe: Es wird Sie nicht \u00fcberraschen, dass wir ein Automatikgetriebe empfehlen.<\/li>\n<li>Keine Kreditkarte: Viele gute Fahrzeuge sind mit dieser kostenlosen Funktion verf\u00fcgbar.<\/li>\n<li>SIM-Karte: Reisen im Jahr 2025 ist ohne eine stabile und g\u00fcnstige Internetverbindung unm\u00f6glich.<\/li>\n<li>Zus\u00e4tzlicher Fahrer: W\u00e4hlen Sie diese Option, wenn Sie einen Freund auf der Stra\u00dfe fahren lassen m\u00f6chten.<\/li>\n<li>Kindersitz: Kinder unter 10 Jahren m\u00fcssen in Marokko in einem Kindersitz gesichert werden.<\/li>\n<\/ul>\n<blockquote class=\"check\">\n<h2>Agadir Autovermietung: Buchung<\/h2>\n<p>Haben Sie einen F\u00fchrerschein und sind \u00fcber 21 Jahre alt? Dann holen Sie sich so schnell wie m\u00f6glich einen Mietwagen in Agadir:<\/p>\n<ol>\n<li>Geben Sie Ort und Datum an.<\/li>\n<li>Gehen Sie zu den Filtern, um Ihre Suche anzupassen.<\/li>\n<li>Haben Sie das gew\u00fcnschte Fahrzeug in der Liste gefunden? Buchen Sie jetzt.<\/li>\n<li>F\u00fcgen Sie zus\u00e4tzliche Dienstleistungen oder Versicherungsarten hinzu (falls Sie ein Upgrade ben\u00f6tigen).<\/li>\n<li>Geben Sie die Daten Ihres Fahrers ein.<\/li>\n<li>Best\u00e4tigen Sie.<\/li>\n<\/ol>\n<p>Die Best\u00e4tigung der Buchung auf RosCar erfolgt \u00fcber eine Bankkarte, die etwa ein F\u00fcnftel der Mietsumme erfordert. Der Voucher (Reservierungsbest\u00e4tigung) wird Ihnen zugeschickt, sobald die Zahlung gutgeschrieben ist.<\/p><\/blockquote>\n<h2>Autovermietung Agadir Preis<\/h2>\n<p>Die Kosten f\u00fcr einen Tag mit einem gemieteten Fahrzeug betragen:<\/p>\n<ul>\n<li>$15-20 f\u00fcr Economy\/Mini<\/li>\n<li>$25-35 f\u00fcr Standard\/Kompakt<\/li>\n<li>$40-60 f\u00fcr Crossover\/SUV\/Minivan<\/li>\n<li>$80+ f\u00fcr Luxus\/Cabrio.<\/li>\n<\/ul>\n<p>Dies sind nur ungef\u00e4hre Werte, die \u00fcber das Jahr gemittelt werden. Auto mieten in Agadir wird billiger sein, wenn Sie:<\/p>\n<ul>\n<li>Sie sich von Last-Minute-Saisonen oder Feiertagen fernhalten<\/li>\n<li>eine langfristige Autovermietung anstreben<\/li>\n<li>in der Stadt abholen (Flughafen oder Transfer ist teurer)<\/li>\n<li>Rechtzeitig reservieren (10-20 Tage vor dem Start).<\/li>\n<\/ul>\n<p>Wir empfehlen auch einen Preisvergleich:<\/p>\n<h3>Tabelle mit Preisen f\u00fcr Autovermietung in Agadir, Marokko<\/h3>\n<table border=\"1\" cellspacing=\"0\" cellpadding=\"0\">\n<thead>\n<tr>\n<th>Auto-Modell<\/th>\n<th>Karosserie-Typ<\/th>\n<th>Preis pro Tag (Nebensaison)<\/th>\n<th>Preis pro Tag (Hochsaison)<\/th>\n<th>Passagiere<\/th>\n<th>Gep\u00e4ckkapazit\u00e4t<\/th>\n<\/tr>\n<\/thead>\n<tbody>\n<tr>\n<td>Fiat Panda<\/td>\n<td>Schr\u00e4gheck<\/td>\n<td>19 \u20ac<\/td>\n<td>25 \u20ac<\/td>\n<td>4<\/td>\n<td>1<\/td>\n<\/tr>\n<tr>\n<td>Kia Picanto<\/td>\n<td>Schr\u00e4gheck<\/td>\n<td>21 \u20ac<\/td>\n<td>28 \u20ac<\/td>\n<td>4<\/td>\n<td>1<\/td>\n<\/tr>\n<tr>\n<td>Dacia Logan<\/td>\n<td>Limousine<\/td>\n<td>23 \u20ac<\/td>\n<td>31 \u20ac<\/td>\n<td>5<\/td>\n<td>2<\/td>\n<\/tr>\n<tr>\n<td>Hyundai i20<\/td>\n<td>Schr\u00e4gheck<\/td>\n<td>25 \u20ac<\/td>\n<td>34 \u20ac<\/td>\n<td>5<\/td>\n<td>2<\/td>\n<\/tr>\n<tr>\n<td>Peugeot 208<\/td>\n<td>Schr\u00e4gheck<\/td>\n<td>26 \u20ac<\/td>\n<td>35 \u20ac<\/td>\n<td>5<\/td>\n<td>2<\/td>\n<\/tr>\n<tr>\n<td>Renault Clio<\/td>\n<td>Schr\u00e4gheck<\/td>\n<td>27 \u20ac<\/td>\n<td>37 \u20ac<\/td>\n<td>5<\/td>\n<td>2<\/td>\n<\/tr>\n<tr>\n<td>Citro\u00ebn C-Elys\u00e9e<\/td>\n<td>Limousine<\/td>\n<td>28 \u20ac<\/td>\n<td>38 \u20ac<\/td>\n<td>5<\/td>\n<td>3<\/td>\n<\/tr>\n<tr>\n<td>Renault Captur<\/td>\n<td>Crossover<\/td>\n<td>33 \u20ac<\/td>\n<td>44 \u20ac<\/td>\n<td>5<\/td>\n<td>3<\/td>\n<\/tr>\n<tr>\n<td>Dacia Duster<\/td>\n<td>Gel\u00e4ndewagen<\/td>\n<td>37 \u20ac<\/td>\n<td>48 \u20ac<\/td>\n<td>5<\/td>\n<td>3<\/td>\n<\/tr>\n<tr>\n<td>Peugeot 3008<\/td>\n<td>Gel\u00e4ndewagen<\/td>\n<td>54 \u20ac<\/td>\n<td>68 \u20ac<\/td>\n<td>5<\/td>\n<td>4<\/td>\n<\/tr>\n<\/tbody>\n<\/table>\n        <div class=\"rpc-chart\">\n            <h3>Saisonale Ver\u00e4nderungen der Mietwagenpreise in Agadir: aktuelle Analysen auf Basis von Buchungen<\/h3>\n            <div><p>In den letzten drei Jahren hat das Team von roscar.ma Daten \u00fcber die durchschnittlichen Kosten f\u00fcr Mietwagen in Agadir gesammelt und ausgewertet. Alle Ergebnisse basieren auf realen Buchungen, die \u00fcber die Plattform vorgenommen wurden, die ausschlie\u00dflich mit vertrauensw\u00fcrdigen lokalen Partnern zusammenarbeitet.<\/p>\n<p>Die Studie ber\u00fccksichtigt alle Fahrzeugkategorien - von kompakten Stadtmodellen bis hin zu ger\u00e4umigen SUVs, Cabrios und Business-Class-Fahrzeugen. Auf diese Weise k\u00f6nnen Sie genaue saisonale Preistrends ermitteln und den Kunden die n\u00fctzlichsten Informationen f\u00fcr die Planung ihrer Reise liefern.<\/p>\n<p>Die Spezialisten von RosCar Marokko kennen den Mietwagenmarkt in Marokko sehr gut und arbeiten t\u00e4glich daran, aktuelle Statistiken zu erstellen. So wird sichergestellt, dass die Nutzer nicht nur Durchschnittswerte, sondern zuverl\u00e4ssige und praktische Informationen erhalten, die den realen Bedingungen entsprechen.<\/p>\n<\/div>\n            <div class=\"rpc-chart-bars\">\n                                    <div class=\"rpc-chart-column\">\n                        <div class=\"rpc-chart-inner\" style=\"height: 27.659574468085%\">\n                            <div class=\"rpc-chart-column-value\">13 \u20ac<\/div>\n                            <div class=\"rpc-chart-month\">JAN<\/div>\n                        <\/div>\n                    <\/div>\n                                    <div class=\"rpc-chart-column\">\n                        <div class=\"rpc-chart-inner\" style=\"height: 29.787234042553%\">\n                            <div class=\"rpc-chart-column-value\">14 \u20ac<\/div>\n                            <div class=\"rpc-chart-month\">FEB<\/div>\n                        <\/div>\n                    <\/div>\n                                    <div class=\"rpc-chart-column\">\n                        <div class=\"rpc-chart-inner\" style=\"height: 27.659574468085%\">\n                            <div class=\"rpc-chart-column-value\">13 \u20ac<\/div>\n                            <div class=\"rpc-chart-month\">MAR<\/div>\n                        <\/div>\n                    <\/div>\n                                    <div class=\"rpc-chart-column\">\n                        <div class=\"rpc-chart-inner\" style=\"height: 38.297872340426%\">\n                            <div class=\"rpc-chart-column-value\">18 \u20ac<\/div>\n                            <div class=\"rpc-chart-month\">APR<\/div>\n                        <\/div>\n                    <\/div>\n                                    <div class=\"rpc-chart-column\">\n                        <div class=\"rpc-chart-inner\" style=\"height: 29.787234042553%\">\n                            <div class=\"rpc-chart-column-value\">14 \u20ac<\/div>\n                            <div class=\"rpc-chart-month\">MAY<\/div>\n                        <\/div>\n                    <\/div>\n                                    <div class=\"rpc-chart-column\">\n                        <div class=\"rpc-chart-inner\" style=\"height: 27.659574468085%\">\n                            <div class=\"rpc-chart-column-value\">13 \u20ac<\/div>\n                            <div class=\"rpc-chart-month\">JUN<\/div>\n                        <\/div>\n                    <\/div>\n                                    <div class=\"rpc-chart-column\">\n                        <div class=\"rpc-chart-inner\" style=\"height: 46.808510638298%\">\n                            <div class=\"rpc-chart-column-value\">22 \u20ac<\/div>\n                            <div class=\"rpc-chart-month\">JUL<\/div>\n                        <\/div>\n                    <\/div>\n                                    <div class=\"rpc-chart-column\">\n                        <div class=\"rpc-chart-inner\" style=\"height: 57.446808510638%\">\n                            <div class=\"rpc-chart-column-value\">27 \u20ac<\/div>\n                            <div class=\"rpc-chart-month\">AUG<\/div>\n                        <\/div>\n                    <\/div>\n                                    <div class=\"rpc-chart-column\">\n                        <div class=\"rpc-chart-inner\" style=\"height: 31.914893617021%\">\n                            <div class=\"rpc-chart-column-value\">15 \u20ac<\/div>\n                            <div class=\"rpc-chart-month\">SEP<\/div>\n                        <\/div>\n                    <\/div>\n                                    <div class=\"rpc-chart-column\">\n                        <div class=\"rpc-chart-inner\" style=\"height: 38.297872340426%\">\n                            <div class=\"rpc-chart-column-value\">18 \u20ac<\/div>\n                            <div class=\"rpc-chart-month\">OCT<\/div>\n                        <\/div>\n                    <\/div>\n                                    <div class=\"rpc-chart-column\">\n                        <div class=\"rpc-chart-inner\" style=\"height: 31.914893617021%\">\n                            <div class=\"rpc-chart-column-value\">15 \u20ac<\/div>\n                            <div class=\"rpc-chart-month\">NOV<\/div>\n                        <\/div>\n                    <\/div>\n                                    <div class=\"rpc-chart-column\">\n                        <div class=\"rpc-chart-inner\" style=\"height: 40.425531914894%\">\n                            <div class=\"rpc-chart-column-value\">19 \u20ac<\/div>\n                            <div class=\"rpc-chart-month\">DEC<\/div>\n                        <\/div>\n                    <\/div>\n                            <\/div>\n        <\/div>\n        \n<h2>Mietwagen Agadir: Dokumente<\/h2>\n<p>F\u00fcr eine Autovermietung in Agadir ben\u00f6tigen Sie ein Alter von 21-25 Jahren, etwas Fahrpraxis und die folgenden Dokumente:<\/p>\n<ol>\n<li>Kreditkarte (optional)<\/li>\n<li>Reisepass<\/li>\n<li>Voucher\/Buchungsbest\u00e4tigung<\/li>\n<li>F\u00fchrerschein (oder IDP).<\/li>\n<\/ol>\n<p>Autovermietung Agadir ist ein unverzichtbarer Service f\u00fcr Touristen, die nicht nur Agadir, sondern ganz Marokko sehen wollen.<\/p>\n","protected":false},"excerpt":{"rendered":"<p>Mietwagen Agadir von RosCar Marokko ist ein Land mit einer einzigartigen Atmosph\u00e4re, pulsierenden Landschaften und Dutzenden von exquisiten K\u00fcstenst\u00e4dten. Es ist der perfekte Ort f\u00fcr alle, die mehr als nur am Strand entspannen wollen, und es gibt nur einen Weg, um das Beste aus Ihrer Reise herauszuholen und sich an lebhaften Eindr\u00fccken zu erfreuen: eine [&hellip;]<\/p>\n","protected":false},"author":1,"featured_media":794,"parent":0,"menu_order":0,"comment_status":"closed","ping_status":"closed","template":"","meta":{"footnotes":""},"class_list":["post-2151","page","type-page","status-publish","has-post-thumbnail",""],"_links":{"self":[{"href":"https:\/\/roscar.ma\/de\/wp-json\/wp\/v2\/pages\/2151","targetHints":{"allow":["GET"]}}],"collection":[{"href":"https:\/\/roscar.ma\/de\/wp-json\/wp\/v2\/pages"}],"about":[{"href":"https:\/\/roscar.ma\/de\/wp-json\/wp\/v2\/types\/page"}],"author":[{"embeddable":true,"href":"https:\/\/roscar.ma\/de\/wp-json\/wp\/v2\/users\/1"}],"replies":[{"embeddable":true,"href":"https:\/\/roscar.ma\/de\/wp-json\/wp\/v2\/comments?post=2151"}],"version-history":[{"count":1,"href":"https:\/\/roscar.ma\/de\/wp-json\/wp\/v2\/pages\/2151\/revisions"}],"predecessor-version":[{"id":2152,"href":"https:\/\/roscar.ma\/de\/wp-json\/wp\/v2\/pages\/2151\/revisions\/2152"}],"wp:featuredmedia":[{"embeddable":true,"href":"https:\/\/roscar.ma\/de\/wp-json\/wp\/v2\/media\/794"}],"wp:attachment":[{"href":"https:\/\/roscar.ma\/de\/wp-json\/wp\/v2\/media?parent=2151"}],"curies":[{"name":"wp","href":"https:\/\/api.w.org\/{rel}","templated":true}]}}