{"id":2096,"date":"2025-07-17T11:14:56","date_gmt":"2025-07-17T11:14:56","guid":{"rendered":"https:\/\/roscar.ma\/?page_id=2096"},"modified":"2025-07-25T15:50:07","modified_gmt":"2025-07-25T15:50:07","slug":"mietwagen-fes","status":"publish","type":"page","link":"https:\/\/roscar.ma\/de\/mietwagen-fes\/","title":{"rendered":"Mietwagen Fes (Fez)"},"content":{"rendered":"<h2>Mietwagen Fes (Fez) von RosCar<\/h2>\n<p>Fast jedes Land hat eine inoffizielle Hauptstadt, die das Zentrum des kulturellen Lebens des gesamten Staates ist. M\u00f6chten Sie diese sch\u00f6ne Stadt in Marokko finden? Dann m\u00fcssen Sie ein Auto in Fes zu mieten:<\/p>\n<ul>\n<li>das beste Fahrerlebnis zu einem niedrigen Preis zu bekommen<\/li>\n<li>das beste Fahrzeug mit idealer Ausstattung zu w\u00e4hlen<\/li>\n<li>Ihre Reise auf eine andere Ebene des Komforts zu bringen<\/li>\n<li>Lassen Sie sich in Ihren Reiseoptionen nicht einschr\u00e4nken.<\/li>\n<\/ul>\n<p>Mieten Sie ein Auto in Fes \u00fcber RosCar und Sie werden alle Geheimnisse dieser erstaunlichen arabischen Welt entdecken k\u00f6nnen. Bereiten Sie jedoch zuerst Ihre Karte vor, um die Reservierung zu best\u00e4tigen, denn es gibt keine andere M\u00f6glichkeit, Ihr Fahrzeug zu erhalten. Buchen Sie jetzt.<\/p>\n<h2>Mietwagen Fes (Fez): Reisef\u00fchrer<\/h2>\n<p>Manchmal brauchen selbst erfahrene Reisende einen guten Rat. Mit diesen Tipps zahlen Sie weniger und erhalten in k\u00fcrzester Zeit das beste Preis-Leistungs-Verh\u00e4ltnis.<\/p>\n<h3>Tipp eins: Verwenden Sie Filter nach Typ<\/h3>\n<p>Verschwenden Sie keine Zeit mit der Suche nach Fahrzeugen, an denen Sie nicht interessiert sind. W\u00e4hlen Sie einfach eines aus:<\/p>\n<ul>\n<li>Wirtschaft<\/li>\n<li>Standard<\/li>\n<li>Mini<\/li>\n<li>Cabrio<\/li>\n<li>SUV oder Crossover<\/li>\n<li>Minivan oder Van<\/li>\n<li>Sonstiges.<\/li>\n<\/ul>\n<h3>Tipp zwei: Extras finden<\/h3>\n<p>Nicht eine, sondern ein Dutzend Extras k\u00f6nnen Sie bei einer g\u00fcnstigen Autovermietung in Fes bekommen:<\/p>\n<ul>\n<li>Keine Kreditkarte: Jede andere Kreditkarte oder Bargeld wird funktionieren.<\/li>\n<li>SIM-Karte: Sie brauchen eine, um durch die vielen Sehensw\u00fcrdigkeiten von Fes zu navigieren.<\/li>\n<li>Zus\u00e4tzlicher Fahrer: Jeder, der die Altersanforderungen f\u00fcr die Anmietung erf\u00fcllt.<\/li>\n<li>Kindersitz: Wer mit Kindern reist, sollte sicher sein.<\/li>\n<li>Kostenlose Stornierung: Die Buchungskosten werden erstattet, wenn Sie 48 Stunden im Voraus stornieren.<\/li>\n<li>Unbegrenzte Kilometerzahl: Unendlich viel von der unglaublichen Sch\u00f6nheit Arabiens.<\/li>\n<li>Keine Kaution: Weniger Stress, wenn Sie keine Anzahlung f\u00fcr Ihre Kreditkarte leisten m\u00fcssen.<\/li>\n<li>Garantiertes Modell: Sie erhalten das gleiche Fahrzeug, das Sie angefordert haben.<\/li>\n<li>Getriebe: Was bevorzugen Sie, Handschaltung oder Automatik?<\/li>\n<li>Zus\u00e4tzliche Versicherung: Super CDW oder Vollkasko sind die besten Optionen f\u00fcr ein Upgrade.<\/li>\n<\/ul>\n<blockquote class=\"info\">\n<h2>Mietwagen Fes (Fez) im Detail<\/h2>\n<p>RosCar bietet ein einfaches Buchungsverfahren, das jeder Erwachsene (ab 21 Jahren) durchf\u00fchren kann:<\/p>\n<ol>\n<li>Geben Sie Datum und Ort an.<\/li>\n<li>Gehen Sie zu den Filtern, klicken Sie auf die gew\u00fcnschten.<\/li>\n<li>Scrollen Sie durch die Liste und buchen Sie jetzt, wenn Sie das beste Angebot sehen.<\/li>\n<li>W\u00e4hlen Sie die Art der Versicherung (Standard oder Upgrade) sowie zus\u00e4tzliche Optionen.<\/li>\n<li>Geben Sie die wichtigsten Fahrerdaten ein.<\/li>\n<li>Best\u00e4tigen Sie.<\/li>\n<\/ol>\n<p>Autovermietungen in Fes erfordern die automatische Best\u00e4tigung einer beliebigen Bankkarte. Der Zahlungsbetrag kann zwischen einem F\u00fcnftel und dem gesamten Mietbetrag variieren.<\/p><\/blockquote>\n<h2>Mietwagen Fes (Fez) Preis<\/h2>\n<p>Das Athen Afrikas ist kein billiger Ort zum Reisen, aber Sie k\u00f6nnen immer ein Fahrzeug f\u00fcr jedes Budget finden:<\/p>\n<ul>\n<li>$20-30 f\u00fcr Mini oder Economy<\/li>\n<li>$30-40 f\u00fcr Standard<\/li>\n<li>$40-55 f\u00fcr Minivan, SUV oder Crossover<\/li>\n<li>$70+ f\u00fcr Luxus oder Cabrio.<\/li>\n<\/ul>\n<p>Bitte beachten Sie, dass die Preise nicht immer so sind, wie sie sind. Der durchschnittliche Tagespreis kann in Abh\u00e4ngigkeit von mehreren Faktoren erheblich schwanken:<\/p>\n<ul>\n<li>Dauer der Anmietung<\/li>\n<li>Abholmethode (Fez Stadt oder Flughafen)<\/li>\n<li>Anzahl der zus\u00e4tzlichen Optionen<\/li>\n<li>Arbeitsbelastung des Anbieters.<\/li>\n<\/ul>\n<p>So vergleichen Sie den Preis f\u00fcr eine Autovermietung in Fes:<\/p>\n<h3>Tabelle mit Preisen f\u00fcr Autovermietung in Fes, Marokko<\/h3>\n<table border=\"1\">\n<thead>\n<tr>\n<th>Auto-Modell<\/th>\n<th>Karosserie-Typ<\/th>\n<th>Preis pro Tag (Nebensaison)<\/th>\n<th>Preis pro Tag (Hochsaison)<\/th>\n<th>Passagiere<\/th>\n<th>Gep\u00e4ckkapazit\u00e4t<\/th>\n<\/tr>\n<\/thead>\n<tbody>\n<tr>\n<td>Fiat Panda<\/td>\n<td>Schr\u00e4gheck<\/td>\n<td>19 \u20ac<\/td>\n<td>26 \u20ac<\/td>\n<td>4<\/td>\n<td>1<\/td>\n<\/tr>\n<tr>\n<td>Hyundai i10<\/td>\n<td>Flie\u00dfheck<\/td>\n<td>21 \u20ac<\/td>\n<td>28 \u20ac<\/td>\n<td>4<\/td>\n<td>1<\/td>\n<\/tr>\n<tr>\n<td>Kia Picanto<\/td>\n<td>Schr\u00e4gheck<\/td>\n<td>22 \u20ac<\/td>\n<td>30 \u20ac<\/td>\n<td>4<\/td>\n<td>1<\/td>\n<\/tr>\n<tr>\n<td>Peugeot 208<\/td>\n<td>Schr\u00e4gheck<\/td>\n<td>24 \u20ac<\/td>\n<td>33 \u20ac<\/td>\n<td>5<\/td>\n<td>2<\/td>\n<\/tr>\n<tr>\n<td>Dacia Logan<\/td>\n<td>Limousine<\/td>\n<td>25 \u20ac<\/td>\n<td>34 \u20ac<\/td>\n<td>5<\/td>\n<td>2<\/td>\n<\/tr>\n<tr>\n<td>Renault Clio<\/td>\n<td>Schr\u00e4gheck<\/td>\n<td>27 \u20ac<\/td>\n<td>36 \u20ac<\/td>\n<td>5<\/td>\n<td>2<\/td>\n<\/tr>\n<tr>\n<td>Citro\u00ebn C-Elys\u00e9e<\/td>\n<td>Limousine<\/td>\n<td>28 \u20ac<\/td>\n<td>38 \u20ac<\/td>\n<td>5<\/td>\n<td>3<\/td>\n<\/tr>\n<tr>\n<td>Renault Captur<\/td>\n<td>Crossover<\/td>\n<td>32 \u20ac<\/td>\n<td>43 \u20ac<\/td>\n<td>5<\/td>\n<td>3<\/td>\n<\/tr>\n<tr>\n<td>Dacia Duster<\/td>\n<td>GEL\u00c4NDEWAGEN<\/td>\n<td>36 \u20ac<\/td>\n<td>47 \u20ac<\/td>\n<td>5<\/td>\n<td>3<\/td>\n<\/tr>\n<tr>\n<td>Peugeot 3008<\/td>\n<td>GEL\u00c4NDEWAGEN<\/td>\n<td>52 \u20ac<\/td>\n<td>66 \u20ac<\/td>\n<td>5<\/td>\n<td>4<\/td>\n<\/tr>\n<\/tbody>\n<\/table>\n        <div class=\"rpc-chart\">\n            <h3>Wie sich die Preise f\u00fcr Mietwagen in Fez je nach Saison \u00e4ndern: Analyse auf der Grundlage realer Buchungen<\/h3>\n            <div><p>Im Laufe der letzten drei Jahre haben wir die Entwicklung der Durchschnittspreise f\u00fcr Autovermietungen in Fez, Vikoryst und die tats\u00e4chlichen Buchungsdaten, die \u00fcber die Plattform roscar.ma vorgenommen wurden, aufgezeichnet. Wir arbeiten nur mit gepr\u00fcften lokalen Vermietern zusammen, was den Einblick und die Zuverl\u00e4ssigkeit der Vermieter garantiert.<\/p>\n<p>Die Analyse deckt die gesamte Palette der Transportfahrzeuge ab: von preiswerten Schr\u00e4gheckfahrzeugen f\u00fcr den Nahverkehr bis hin zu Nutzfahrzeugen, Cabrios und Fahrzeugen der Premiumklasse. Dieser Ansatz erm\u00f6glicht es, charakteristische saisonale Preisschwankungen zu erkennen und sofort auf Preis\u00e4nderungen zu reagieren.<\/p>\n<p>Informieren Sie sich \u00fcber den besten Zeitpunkt, um ein Auto zu mieten. RosCar ist Ihr zuverl\u00e4ssiger Assistent bei der Planung eines manuellen und effizienten Transfers in Marokko.<\/p>\n<\/div>\n            <div class=\"rpc-chart-bars\">\n                                    <div class=\"rpc-chart-column\">\n                        <div class=\"rpc-chart-inner\" style=\"height: 25%\">\n                            <div class=\"rpc-chart-column-value\">12 \u20ac<\/div>\n                            <div class=\"rpc-chart-month\">JAN<\/div>\n                        <\/div>\n                    <\/div>\n                                    <div class=\"rpc-chart-column\">\n                        <div class=\"rpc-chart-inner\" style=\"height: 27.083333333333%\">\n                            <div class=\"rpc-chart-column-value\">13 \u20ac<\/div>\n                            <div class=\"rpc-chart-month\">FEB<\/div>\n                        <\/div>\n                    <\/div>\n                                    <div class=\"rpc-chart-column\">\n                        <div class=\"rpc-chart-inner\" style=\"height: 29.166666666667%\">\n                            <div class=\"rpc-chart-column-value\">14 \u20ac<\/div>\n                            <div class=\"rpc-chart-month\">MAR<\/div>\n                        <\/div>\n                    <\/div>\n                                    <div class=\"rpc-chart-column\">\n                        <div class=\"rpc-chart-inner\" style=\"height: 35.416666666667%\">\n                            <div class=\"rpc-chart-column-value\">17 \u20ac<\/div>\n                            <div class=\"rpc-chart-month\">APR<\/div>\n                        <\/div>\n                    <\/div>\n                                    <div class=\"rpc-chart-column\">\n                        <div class=\"rpc-chart-inner\" style=\"height: 37.5%\">\n                            <div class=\"rpc-chart-column-value\">18 \u20ac<\/div>\n                            <div class=\"rpc-chart-month\">MAY<\/div>\n                        <\/div>\n                    <\/div>\n                                    <div class=\"rpc-chart-column\">\n                        <div class=\"rpc-chart-inner\" style=\"height: 43.75%\">\n                            <div class=\"rpc-chart-column-value\">21 \u20ac<\/div>\n                            <div class=\"rpc-chart-month\">JUN<\/div>\n                        <\/div>\n                    <\/div>\n                                    <div class=\"rpc-chart-column\">\n                        <div class=\"rpc-chart-inner\" style=\"height: 52.083333333333%\">\n                            <div class=\"rpc-chart-column-value\">25 \u20ac<\/div>\n                            <div class=\"rpc-chart-month\">JUL<\/div>\n                        <\/div>\n                    <\/div>\n                                    <div class=\"rpc-chart-column\">\n                        <div class=\"rpc-chart-inner\" style=\"height: 58.333333333333%\">\n                            <div class=\"rpc-chart-column-value\">28 \u20ac<\/div>\n                            <div class=\"rpc-chart-month\">AUG<\/div>\n                        <\/div>\n                    <\/div>\n                                    <div class=\"rpc-chart-column\">\n                        <div class=\"rpc-chart-inner\" style=\"height: 39.583333333333%\">\n                            <div class=\"rpc-chart-column-value\">19 \u20ac<\/div>\n                            <div class=\"rpc-chart-month\">SEP<\/div>\n                        <\/div>\n                    <\/div>\n                                    <div class=\"rpc-chart-column\">\n                        <div class=\"rpc-chart-inner\" style=\"height: 35.416666666667%\">\n                            <div class=\"rpc-chart-column-value\">17 \u20ac<\/div>\n                            <div class=\"rpc-chart-month\">OCT<\/div>\n                        <\/div>\n                    <\/div>\n                                    <div class=\"rpc-chart-column\">\n                        <div class=\"rpc-chart-inner\" style=\"height: 27.083333333333%\">\n                            <div class=\"rpc-chart-column-value\">13 \u20ac<\/div>\n                            <div class=\"rpc-chart-month\">NOV<\/div>\n                        <\/div>\n                    <\/div>\n                                    <div class=\"rpc-chart-column\">\n                        <div class=\"rpc-chart-inner\" style=\"height: 39.583333333333%\">\n                            <div class=\"rpc-chart-column-value\">19 \u20ac<\/div>\n                            <div class=\"rpc-chart-month\">DEC<\/div>\n                        <\/div>\n                    <\/div>\n                            <\/div>\n        <\/div>\n        \n<h2>Mietwagen Fes (Fez): Dokumente<\/h2>\n<p>Jede Autovermietung kann ihre eigenen Anforderungen an das Alter (21-25 Jahre) oder die Dokumente stellen. Sie werden jedoch immer ben\u00f6tigt:<\/p>\n<ol>\n<li>Reisepass<\/li>\n<li>Kreditkarte (Kaution oder Kautionsscheck)<\/li>\n<li>F\u00fchrerschein.<\/li>\n<\/ol>\n<p>Voucher (Reservierungsbest\u00e4tigung) ist nicht obligatorisch, aber wird an Ihre E-Mail nach der Buchung auf RosCar gesendet. Autovermietung Fez ist Ihr Tor zur Erkundung der reichen Kultur und versteckten Sch\u00e4tze der Stadt &#8211; reservieren Sie Ihr Auto heute f\u00fcr eine reibungslose und flexible Reise Erfahrung.<\/p>\n","protected":false},"excerpt":{"rendered":"<p>Mietwagen Fes (Fez) von RosCar Fast jedes Land hat eine inoffizielle Hauptstadt, die das Zentrum des kulturellen Lebens des gesamten Staates ist. M\u00f6chten Sie diese sch\u00f6ne Stadt in Marokko finden? Dann m\u00fcssen Sie ein Auto in Fes zu mieten: das beste Fahrerlebnis zu einem niedrigen Preis zu bekommen das beste Fahrzeug mit idealer Ausstattung zu [&hellip;]<\/p>\n","protected":false},"author":1,"featured_media":241,"parent":0,"menu_order":0,"comment_status":"closed","ping_status":"closed","template":"","meta":{"footnotes":""},"class_list":["post-2096","page","type-page","status-publish","has-post-thumbnail",""],"_links":{"self":[{"href":"https:\/\/roscar.ma\/de\/wp-json\/wp\/v2\/pages\/2096","targetHints":{"allow":["GET"]}}],"collection":[{"href":"https:\/\/roscar.ma\/de\/wp-json\/wp\/v2\/pages"}],"about":[{"href":"https:\/\/roscar.ma\/de\/wp-json\/wp\/v2\/types\/page"}],"author":[{"embeddable":true,"href":"https:\/\/roscar.ma\/de\/wp-json\/wp\/v2\/users\/1"}],"replies":[{"embeddable":true,"href":"https:\/\/roscar.ma\/de\/wp-json\/wp\/v2\/comments?post=2096"}],"version-history":[{"count":2,"href":"https:\/\/roscar.ma\/de\/wp-json\/wp\/v2\/pages\/2096\/revisions"}],"predecessor-version":[{"id":2098,"href":"https:\/\/roscar.ma\/de\/wp-json\/wp\/v2\/pages\/2096\/revisions\/2098"}],"wp:featuredmedia":[{"embeddable":true,"href":"https:\/\/roscar.ma\/de\/wp-json\/wp\/v2\/media\/241"}],"wp:attachment":[{"href":"https:\/\/roscar.ma\/de\/wp-json\/wp\/v2\/media?parent=2096"}],"curies":[{"name":"wp","href":"https:\/\/api.w.org\/{rel}","templated":true}]}}