{"id":1899,"date":"2025-07-17T11:07:41","date_gmt":"2025-07-17T11:07:41","guid":{"rendered":"https:\/\/roscar.ma\/?page_id=1899"},"modified":"2025-07-24T16:09:42","modified_gmt":"2025-07-24T16:09:42","slug":"mietwagen-rabat","status":"publish","type":"page","link":"https:\/\/roscar.ma\/de\/mietwagen-rabat\/","title":{"rendered":"Mietwagen Rabat"},"content":{"rendered":"<h2>Mietwagen Rabat von RosCar<\/h2>\n<p>Marokko ist ein Land mit einer erstaunlichen Kombination aus W\u00fcstensch\u00f6nheit, Meereslandschaften und gro\u00dfartiger Architektur, die Sie nirgendwo anders finden k\u00f6nnen. Wenn Sie also eine Reise nach Nordafrika planen, sollten Sie sich die Zeit nehmen, um das muslimische Paradies in vollen Z\u00fcgen zu genie\u00dfen. Aber Sie m\u00fcssen auch ein Auto in Rabat mieten, um Ihr Abenteuer bequemer zu gestalten:<\/p>\n<ul>\n<li>Eine gro\u00dfe Auswahl an Fahrzeugen (jeder Typ, jeder Preis, jede Farbe)<\/li>\n<li>Viele Extras und Ausstattungen sind zu finden<\/li>\n<li>Kurz- und Langzeitmieten<\/li>\n<li>24-Stunden-Reservierung mit einer benutzerfreundlichen Schnittstelle.<\/li>\n<\/ul>\n<p>Was ist RosCar? Es ist eine Website mit gro\u00dfartigen Funktionen f\u00fcr den Preisvergleich, die Sortierung nach den gew\u00fcnschten Kriterien und die schnelle Buchung. Buchen Sie jetzt und best\u00e4tigen Sie Ihre Reservierung per Karte (bis zu 20 % der Bestellsumme sind erforderlich).<\/p>\n<h2>Der RosCar-F\u00fchrer f\u00fcr Autovermietungen in Rabat<\/h2>\n<p>Obwohl dieses Land nicht wie die europ\u00e4ischen oder amerikanischen Stra\u00dfen aussieht, an die wir gew\u00f6hnt sind, wird die kommende Reiseerfahrung ziemlich \u00e4hnlich sein. Das gilt auch f\u00fcr die Autovermietung in Rabat, mit Ausnahme von zwei Feinheiten, die schnell gekl\u00e4rt sind.<\/p>\n<h3>1. Was ist Ihr Typ?<\/h3>\n<p>Buchen Sie nicht das erste Fahrzeug, das Sie finden. Sortieren Sie die Liste besser mit Hilfe der Suchfilter nach den verf\u00fcgbaren Typen:<\/p>\n<ul>\n<li>Standard oder Kompakt<\/li>\n<li>SUV oder Crossover<\/li>\n<li>Van oder Minivan<\/li>\n<li>Mini oder Economy (Das Richtige f\u00fcr eine g\u00fcnstige Autovermietung in Rabat)<\/li>\n<li>Cabrio oder Luxus.<\/li>\n<\/ul>\n<h3>2. Extras<\/h3>\n<p>Zus\u00e4tzliche Dienstleistungen sind eine gute M\u00f6glichkeit, Ihr Fahrerlebnis an Ihre individuellen Bed\u00fcrfnisse anzupassen. Hier sind einige davon zur Auswahl:<\/p>\n<ul>\n<li>Getriebe: Sie wollen eine entspannte Fahrt? W\u00e4hlen Sie ein Automatikgetriebe.<\/li>\n<li>SIM-Karte: Ihr Smartphone braucht eine, um keine \u00fcberh\u00f6hten Roaming-Geb\u00fchren zu zahlen.<\/li>\n<li>Kindersitz: Minderj\u00e4hrige oder Kinder bis zu 10 Jahren brauchen ein R\u00fcckhaltesystem.<\/li>\n<li>Unbegrenzte Kilometerzahl: Mit dieser Funktion steht Ihnen ganz Marokko offen.<\/li>\n<li>Keine Kreditkarte: Wie die traditionelle Methode, aber ohne Kreditkarte.<\/li>\n<li>Garantiertes Modell: Eine unverzichtbare Option f\u00fcr diejenigen, die schlechte Erfahrungen gemacht haben.<\/li>\n<li>Kostenlose Stornierung: Muss rechtzeitig genutzt werden (mindestens 48 Stunden vor dem Starttermin).<\/li>\n<li>Zus\u00e4tzlicher Fahrer: Lassen Sie Ihren Freund fahren.<\/li>\n<li>Keine Kaution: Vermeiden Sie unn\u00f6tige Bankgeb\u00fchren durch keine Kautionssperre bei Kreditkarten.<\/li>\n<li>Zus\u00e4tzliche Versicherung: Eine Funktion, die ausnahmslos jeder braucht. R\u00fcsten Sie auf Super CDW oder Vollkasko auf und entspannen Sie sich.<\/li>\n<\/ul>\n<blockquote class=\"check\">\n<h2>Rabat Autovermietung: Guide<\/h2>\n<p>RosCar arbeitet daran, Ihnen von der Abholung bis zur R\u00fcckgabe ein unvergessliches Reiseerlebnis zu bieten. Deshalb ist die Buchung bei uns so einfach wie nur m\u00f6glich:<\/p>\n<ol>\n<li>Geben Sie die Details ein: Abholung, R\u00fcckgabe und Daten.<\/li>\n<li>Gehen Sie zu den Filtern und w\u00e4hlen Sie einige aus, die Sie attraktiv finden, und erhalten Sie eine Liste.<\/li>\n<li>Buchen Sie jetzt.<\/li>\n<li>F\u00fcgen Sie Informationen hinzu.<\/li>\n<li>Bezahlen Sie jetzt.<\/li>\n<\/ol>\n<p>Mietwagen in Rabat k\u00f6nnen ohne Bankkarte nicht best\u00e4tigt werden. Nach der Sicherheitszahlung (maximal 20% des Betrages), werden Sie mit einer Buchungsbest\u00e4tigung belohnt.<\/p><\/blockquote>\n<h2>Autovermietung in Rabat Preis<\/h2>\n<p>Die Preise in der marokkanischen Hauptstadt werden Ihnen nicht zu teuer vorkommen, aber sie sind immer noch h\u00f6her als der europ\u00e4ische Durchschnitt:<\/p>\n<ul>\n<li>Economy f\u00fcr $20-30\/Tag<\/li>\n<li>Standard f\u00fcr $35-50\/Tag<\/li>\n<li>SUV f\u00fcr $50-70\/Tag<\/li>\n<li>Luxus f\u00fcr $80\/Tag.<\/li>\n<\/ul>\n<p>Autovermietung in Rabat wird billiger sein, wenn Sie:<\/p>\n<ul>\n<li>Kurzfristige Autovermietung vermeiden<\/li>\n<li>das Startdatum auf die Mitte der Woche legen<\/li>\n<li>im Voraus buchen<\/li>\n<li>den richtigen Fahrzeugtyp w\u00e4hlen.<\/li>\n<\/ul>\n<p>Vergleichen Sie den Preis, um das beste Angebot zu finden:<\/p>\n<h3>Tabelle mit Preisen f\u00fcr Autovermietung in Rabat, Marokko<\/h3>\n<table border=\"1\">\n<thead>\n<tr>\n<th>Auto-Modell<\/th>\n<th>Karosserie-Typ<\/th>\n<th>Preis pro Tag (Nebensaison)<\/th>\n<th>Preis pro Tag (Hochsaison)<\/th>\n<th>Passagiere<\/th>\n<th>Gep\u00e4ckkapazit\u00e4t<\/th>\n<\/tr>\n<\/thead>\n<tbody>\n<tr>\n<td>Hyundai i10<\/td>\n<td>Flie\u00dfheck<\/td>\n<td>21 \u20ac<\/td>\n<td>29 \u20ac<\/td>\n<td>4<\/td>\n<td>1<\/td>\n<\/tr>\n<tr>\n<td>Dacia Logan<\/td>\n<td>Limousine<\/td>\n<td>23 \u20ac<\/td>\n<td>32 \u20ac<\/td>\n<td>5<\/td>\n<td>2<\/td>\n<\/tr>\n<tr>\n<td>Peugeot 208<\/td>\n<td>Schr\u00e4gheck<\/td>\n<td>24 \u20ac<\/td>\n<td>34 \u20ac<\/td>\n<td>5<\/td>\n<td>2<\/td>\n<\/tr>\n<tr>\n<td>Renault Clio<\/td>\n<td>Schr\u00e4gheck<\/td>\n<td>26 \u20ac<\/td>\n<td>36 \u20ac<\/td>\n<td>5<\/td>\n<td>2<\/td>\n<\/tr>\n<tr>\n<td>Volkswagen Golf<\/td>\n<td>Schr\u00e4gheck<\/td>\n<td>30 \u20ac<\/td>\n<td>42 \u20ac<\/td>\n<td>5<\/td>\n<td>3<\/td>\n<\/tr>\n<tr>\n<td>Citro\u00ebn C-Elys\u00e9e<\/td>\n<td>Limousine<\/td>\n<td>25 \u20ac<\/td>\n<td>35 \u20ac<\/td>\n<td>5<\/td>\n<td>3<\/td>\n<\/tr>\n<tr>\n<td>Renault Captur<\/td>\n<td>Crossover<\/td>\n<td>32 \u20ac<\/td>\n<td>44 \u20ac<\/td>\n<td>5<\/td>\n<td>3<\/td>\n<\/tr>\n<tr>\n<td>Dacia Duster<\/td>\n<td>GEL\u00c4NDEWAGEN<\/td>\n<td>36 \u20ac<\/td>\n<td>48 \u20ac<\/td>\n<td>5<\/td>\n<td>3<\/td>\n<\/tr>\n<tr>\n<td>Hyundai Tucson<\/td>\n<td>GEL\u00c4NDEWAGEN<\/td>\n<td>52 \u20ac<\/td>\n<td>66 \u20ac<\/td>\n<td>5<\/td>\n<td>4<\/td>\n<\/tr>\n<tr>\n<td>Peugeot 3008<\/td>\n<td>GEL\u00c4NDEWAGEN<\/td>\n<td>55 \u20ac<\/td>\n<td>70 \u20ac<\/td>\n<td>5<\/td>\n<td>4<\/td>\n<\/tr>\n<\/tbody>\n<\/table>\n        <div class=\"rpc-chart\">\n            <h3>Saisonale Schwankungen der Mietwagenpreise in Rabat: Analyse auf Basis von echten Buchungen<\/h3>\n            <div><p>Die nachstehende Tabelle zeigt die Dynamik der Ver\u00e4nderungen der durchschnittlichen Mietwagenpreise in Rabat in den letzten drei Jahren. Die Informationsquelle sind reale Bestellungen, die \u00fcber die Plattform roscar.ma aufgegeben wurden, ein Service, der Angebote von gepr\u00fcften lokalen Autovermietungen ohne Zwischenh\u00e4ndler zusammenf\u00fchrt.<\/p>\n<p>Die Analyse deckt eine breite Palette von Fahrzeugen ab: von kompakten Stadtmodellen bis hin zu komfortablen SUVs, Cabrios und Premiumfahrzeugen. Dieser Ansatz vermittelt ein objektives Bild davon, wie sich die Preise je nach Saison und Touristenaufkommen ver\u00e4ndern.<\/p>\n<p>Wir st\u00fctzen uns auf unsere langj\u00e4hrige Erfahrung in der Zusammenarbeit mit Reisenden und aktualisieren unsere Daten st\u00e4ndig auf der Grundlage von Markttrends. So erhalten die Nutzer praktische und zuverl\u00e4ssige Informationen, die ihnen helfen, ihr Budget zu planen und den g\u00fcnstigsten Zeitpunkt f\u00fcr die Anmietung eines Fahrzeugs in der marokkanischen Hauptstadt zu w\u00e4hlen.<\/p>\n<\/div>\n            <div class=\"rpc-chart-bars\">\n                                    <div class=\"rpc-chart-column\">\n                        <div class=\"rpc-chart-inner\" style=\"height: 28.301886792453%\">\n                            <div class=\"rpc-chart-column-value\">15 \u20ac<\/div>\n                            <div class=\"rpc-chart-month\">JAN<\/div>\n                        <\/div>\n                    <\/div>\n                                    <div class=\"rpc-chart-column\">\n                        <div class=\"rpc-chart-inner\" style=\"height: 26.415094339623%\">\n                            <div class=\"rpc-chart-column-value\">14 \u20ac<\/div>\n                            <div class=\"rpc-chart-month\">FEB<\/div>\n                        <\/div>\n                    <\/div>\n                                    <div class=\"rpc-chart-column\">\n                        <div class=\"rpc-chart-inner\" style=\"height: 24.528301886792%\">\n                            <div class=\"rpc-chart-column-value\">13 \u20ac<\/div>\n                            <div class=\"rpc-chart-month\">MAR<\/div>\n                        <\/div>\n                    <\/div>\n                                    <div class=\"rpc-chart-column\">\n                        <div class=\"rpc-chart-inner\" style=\"height: 39.622641509434%\">\n                            <div class=\"rpc-chart-column-value\">21 \u20ac<\/div>\n                            <div class=\"rpc-chart-month\">APR<\/div>\n                        <\/div>\n                    <\/div>\n                                    <div class=\"rpc-chart-column\">\n                        <div class=\"rpc-chart-inner\" style=\"height: 32.075471698113%\">\n                            <div class=\"rpc-chart-column-value\">17 \u20ac<\/div>\n                            <div class=\"rpc-chart-month\">MAY<\/div>\n                        <\/div>\n                    <\/div>\n                                    <div class=\"rpc-chart-column\">\n                        <div class=\"rpc-chart-inner\" style=\"height: 32.075471698113%\">\n                            <div class=\"rpc-chart-column-value\">17 \u20ac<\/div>\n                            <div class=\"rpc-chart-month\">JUN<\/div>\n                        <\/div>\n                    <\/div>\n                                    <div class=\"rpc-chart-column\">\n                        <div class=\"rpc-chart-inner\" style=\"height: 49.056603773585%\">\n                            <div class=\"rpc-chart-column-value\">26 \u20ac<\/div>\n                            <div class=\"rpc-chart-month\">JUL<\/div>\n                        <\/div>\n                    <\/div>\n                                    <div class=\"rpc-chart-column\">\n                        <div class=\"rpc-chart-inner\" style=\"height: 62.264150943396%\">\n                            <div class=\"rpc-chart-column-value\">33 \u20ac<\/div>\n                            <div class=\"rpc-chart-month\">AUG<\/div>\n                        <\/div>\n                    <\/div>\n                                    <div class=\"rpc-chart-column\">\n                        <div class=\"rpc-chart-inner\" style=\"height: 47.169811320755%\">\n                            <div class=\"rpc-chart-column-value\">25 \u20ac<\/div>\n                            <div class=\"rpc-chart-month\">SEP<\/div>\n                        <\/div>\n                    <\/div>\n                                    <div class=\"rpc-chart-column\">\n                        <div class=\"rpc-chart-inner\" style=\"height: 37.735849056604%\">\n                            <div class=\"rpc-chart-column-value\">20 \u20ac<\/div>\n                            <div class=\"rpc-chart-month\">OCT<\/div>\n                        <\/div>\n                    <\/div>\n                                    <div class=\"rpc-chart-column\">\n                        <div class=\"rpc-chart-inner\" style=\"height: 45.283018867925%\">\n                            <div class=\"rpc-chart-column-value\">24 \u20ac<\/div>\n                            <div class=\"rpc-chart-month\">NOV<\/div>\n                        <\/div>\n                    <\/div>\n                                    <div class=\"rpc-chart-column\">\n                        <div class=\"rpc-chart-inner\" style=\"height: 37.735849056604%\">\n                            <div class=\"rpc-chart-column-value\">20 \u20ac<\/div>\n                            <div class=\"rpc-chart-month\">DEC<\/div>\n                        <\/div>\n                    <\/div>\n                            <\/div>\n        <\/div>\n        \n<h2>Mietwagen Rabat: Dokumente<\/h2>\n<p>Um den Vertrag zu unterzeichnen und Ihr Fahrzeug abzuholen, ben\u00f6tigen Sie mehrere Dokumente (mit englischem Namen und 100% g\u00fcltig):<\/p>\n<ol>\n<li>F\u00fchrerschein<\/li>\n<li>Reisepass<\/li>\n<li>Kreditkarte (optional).<\/li>\n<\/ol>\n<p>Autovermietung Rabat ist die ideale Wahl f\u00fcr eine komfortable und sorgenfreie Reise in Marokko.<\/p>\n","protected":false},"excerpt":{"rendered":"<p>Mietwagen Rabat von RosCar Marokko ist ein Land mit einer erstaunlichen Kombination aus W\u00fcstensch\u00f6nheit, Meereslandschaften und gro\u00dfartiger Architektur, die Sie nirgendwo anders finden k\u00f6nnen. Wenn Sie also eine Reise nach Nordafrika planen, sollten Sie sich die Zeit nehmen, um das muslimische Paradies in vollen Z\u00fcgen zu genie\u00dfen. Aber Sie m\u00fcssen auch ein Auto in Rabat [&hellip;]<\/p>\n","protected":false},"author":1,"featured_media":212,"parent":0,"menu_order":0,"comment_status":"closed","ping_status":"closed","template":"","meta":{"footnotes":""},"class_list":["post-1899","page","type-page","status-publish","has-post-thumbnail",""],"_links":{"self":[{"href":"https:\/\/roscar.ma\/de\/wp-json\/wp\/v2\/pages\/1899","targetHints":{"allow":["GET"]}}],"collection":[{"href":"https:\/\/roscar.ma\/de\/wp-json\/wp\/v2\/pages"}],"about":[{"href":"https:\/\/roscar.ma\/de\/wp-json\/wp\/v2\/types\/page"}],"author":[{"embeddable":true,"href":"https:\/\/roscar.ma\/de\/wp-json\/wp\/v2\/users\/1"}],"replies":[{"embeddable":true,"href":"https:\/\/roscar.ma\/de\/wp-json\/wp\/v2\/comments?post=1899"}],"version-history":[{"count":1,"href":"https:\/\/roscar.ma\/de\/wp-json\/wp\/v2\/pages\/1899\/revisions"}],"predecessor-version":[{"id":1900,"href":"https:\/\/roscar.ma\/de\/wp-json\/wp\/v2\/pages\/1899\/revisions\/1900"}],"wp:featuredmedia":[{"embeddable":true,"href":"https:\/\/roscar.ma\/de\/wp-json\/wp\/v2\/media\/212"}],"wp:attachment":[{"href":"https:\/\/roscar.ma\/de\/wp-json\/wp\/v2\/media?parent=1899"}],"curies":[{"name":"wp","href":"https:\/\/api.w.org\/{rel}","templated":true}]}}