{"id":1626,"date":"2025-07-17T11:01:21","date_gmt":"2025-07-17T11:01:21","guid":{"rendered":"https:\/\/roscar.ma\/?page_id=1626"},"modified":"2025-07-23T19:15:15","modified_gmt":"2025-07-23T19:15:15","slug":"mietwagen-marrakech","status":"publish","type":"page","link":"https:\/\/roscar.ma\/de\/mietwagen-marrakech\/","title":{"rendered":"Mietwagen Marrakech"},"content":{"rendered":"<h2>Mietwagen Marrakech von RosCar<\/h2>\n<p>Die L\u00e4nder Nordafrikas haben eine erstaunliche F\u00e4higkeit, Touristen aus aller Welt mit ihren Br\u00e4uchen und bunten Landschaften zu verzaubern. Vielleicht ist es die Kultur, die einzigartige lokale K\u00fcche oder die Sch\u00f6nheit des t\u00e4glichen Lebens. Aber wir sind uns sicher, dass Sie ein Auto in Marrakesch mieten m\u00fcssen, um Marokko vollst\u00e4ndig kennenzulernen. Warum sollten Sie ein Fahrzeug \u00fcber RosCar buchen? Darauf gibt es vier Antworten:<\/p>\n<ul>\n<li>Langfristige oder kurzfristige Autovermietung<\/li>\n<li>Jedes Angebot ist das beste, was Sie finden k\u00f6nnen<\/li>\n<li>Es ist die einzige M\u00f6glichkeit, bequem zu reisen<\/li>\n<li>G\u00fcnstige Preise und viele Optionen zur Auswahl.<\/li>\n<\/ul>\n<p>M\u00f6chten Sie selbst einen Wagen mieten? Dann buchen Sie jetzt und Sie werden in wenigen Minuten eine fertige Reservierung erhalten.<\/p>\n<h2>Mietwagen Marrakech: Leitfaden<\/h2>\n<p>Sie denken vielleicht f\u00e4lschlicherweise, dass eine Autovermietung in Marrakesch eine v\u00f6llig andere Art von Dienstleistung ist, die ein einzigartiges Verfahren hat, das gewisse Kenntnisse erfordert. Sie brauchen jedoch nur zwei Minuten, um sich vorzubereiten.<\/p>\n<h3>Die erste Minute: W\u00e4hlen Sie den Fahrzeugtyp<\/h3>\n<p>Unter den vielen Fahrzeugtypen brauchen Sie nur einen, der alle Probleme des bevorstehenden Abenteuers l\u00f6sen wird:<\/p>\n<ul>\n<li>Standard-Auto<\/li>\n<li>Cabrio<\/li>\n<li>Luxusauto<\/li>\n<li>SUV oder Crossover<\/li>\n<li>Mini\/Economy (G\u00fcnstige Autovermietung in Marrakesch)<\/li>\n<li>Minivan oder Van.<\/li>\n<\/ul>\n<h3>Zweite Minute: W\u00e4hlen Sie zus\u00e4tzliche Dienstleistungen<\/h3>\n<p>Sie k\u00f6nnen aus vielen Optionen w\u00e4hlen, aber Sie brauchen nur eine (oder mehrere):<\/p>\n<ul>\n<li>Unbegrenzte Kilometerzahl: Selbst die entlegensten St\u00e4dte Marokkos k\u00f6nnen erkundet werden.<\/li>\n<li>Keine Kaution: Ihr Budget ist freier, wenn es um kautionsfreie Sperrungen auf Kreditkarten geht.<\/li>\n<li>Garantiertes Modell: Sie haben einen Volkswagen Passat gebucht? Sie bekommen den Passat!<\/li>\n<li>Getriebe: Kein Schaltgetriebe, aber eine Automatik ist in jedem Fall zu empfehlen.<\/li>\n<li>Zus\u00e4tzliche Versicherung: Diese Art von Upgrade werden Sie nicht bereuen. Versuchen Sie Full Coverage\/Super CDW, falls verf\u00fcgbar.<\/li>\n<li>Keine Kreditkarte: Verwenden Sie Bargeld oder eine andere Bankkarte.<\/li>\n<li>SIM-Karte: Eine stabile Verbindung zu einem g\u00fcnstigen Preis ist das Wichtigste bei Reisen im Jahr 2025.<\/li>\n<li>Zus\u00e4tzlicher Fahrer: Hoffentlich hat Ihr Freund einen F\u00fchrerschein.<\/li>\n<li>Kindersitz: Jede Person unter 10 Jahren muss einen haben.<\/li>\n<li>Kostenlose Stornierung: Der im Voraus bezahlte Betrag wird auf Ihr Konto zur\u00fcckgebucht. Funktioniert nur 48 Stunden vor dem Termin<\/li>\n<\/ul>\n<blockquote class=\"info\">\n<h2>Mietwagen Marrakech im Detail<\/h2>\n<p>Haben Sie sich bereits f\u00fcr den Fahrzeugtyp und die Zusatzleistungen entschieden? Die Autovermietung in Marrakesch kann jetzt gebucht werden:<\/p>\n<ol>\n<li>Geben Sie auf der Hauptseite die Daten und Orte ein.<\/li>\n<li>Klicken Sie auf Filter, w\u00e4hlen Sie die gew\u00fcnschten aus.<\/li>\n<li>Lassen Sie sich die Liste anzeigen und finden Sie das beste Angebot. Jetzt buchen.<\/li>\n<li>Das Pop-up-Formular muss ausgef\u00fcllt werden.<\/li>\n<li>Jetzt bezahlen.<\/li>\n<\/ol>\n<p>Jede RosCar-Reservierung kann nur per Vorauszahlung best\u00e4tigt werden. In der Regel handelt es sich dabei nur um einen kleinen Teil des Betrages, der problemlos mit jeder Karte bezahlt werden kann.<\/p><\/blockquote>\n<h2>Mietwagen Marrakech Preis<\/h2>\n<p>Die durchschnittlichen Preise, die Sie online finden k\u00f6nnen, sind:<\/p>\n<ul>\n<li>$15-25\/Tag f\u00fcr Economy oder Mini<\/li>\n<li>$30-40\/Tag f\u00fcr Standard<\/li>\n<li>$40-60\/Tag f\u00fcr SUV, Crossover, Minivan, oder 4&#215;4<\/li>\n<li>$80+\/Tag f\u00fcr Cabrio oder Luxus<\/li>\n<\/ul>\n<p>Autovermietung in Marrakesch wird billiger sein, wenn Sie:<\/p>\n<ul>\n<li>eine fr\u00fchzeitige Reservierung vorgenommen haben<\/li>\n<li>RosCar-Angebote \u00fcberwachen<\/li>\n<li>Mitte der Woche buchen<\/li>\n<li>eine langfristige Autovermietung bevorzugen<\/li>\n<li>den richtigen Typ f\u00fcr Ihre Bed\u00fcrfnisse und Ihr Budget w\u00e4hlen.<\/li>\n<\/ul>\n<p>Hier k\u00f6nnen Sie die Preise vergleichen:<\/p>\n<h3>Tabelle mit Preisen f\u00fcr Autovermietung in Marrakesch, Marokko<\/h3>\n<table border=\"1\">\n<thead>\n<tr>\n<th>Auto-Modell<\/th>\n<th>Karosserie-Typ<\/th>\n<th>Preis pro Tag (Nebensaison)<\/th>\n<th>Preis pro Tag (Hochsaison)<\/th>\n<th>Passagiere<\/th>\n<th>Gep\u00e4ckkapazit\u00e4t<\/th>\n<\/tr>\n<\/thead>\n<tbody>\n<tr>\n<td>Fiat Panda<\/td>\n<td>Schr\u00e4gheck<\/td>\n<td>20 \u20ac<\/td>\n<td>28 \u20ac<\/td>\n<td>4<\/td>\n<td>1<\/td>\n<\/tr>\n<tr>\n<td>Kia Picanto<\/td>\n<td>Schr\u00e4gheck<\/td>\n<td>22 \u20ac<\/td>\n<td>30 \u20ac<\/td>\n<td>4<\/td>\n<td>1<\/td>\n<\/tr>\n<tr>\n<td>Dacia Logan<\/td>\n<td>Limousine<\/td>\n<td>24 \u20ac<\/td>\n<td>34 \u20ac<\/td>\n<td>5<\/td>\n<td>2<\/td>\n<\/tr>\n<tr>\n<td>Peugeot 208<\/td>\n<td>Schr\u00e4gheck<\/td>\n<td>26 \u20ac<\/td>\n<td>36 \u20ac<\/td>\n<td>5<\/td>\n<td>2<\/td>\n<\/tr>\n<tr>\n<td>Renault Clio<\/td>\n<td>Schr\u00e4gheck<\/td>\n<td>27 \u20ac<\/td>\n<td>38 \u20ac<\/td>\n<td>5<\/td>\n<td>2<\/td>\n<\/tr>\n<tr>\n<td>Citro\u00ebn C-Elys\u00e9e<\/td>\n<td>Limousine<\/td>\n<td>28 \u20ac<\/td>\n<td>39 \u20ac<\/td>\n<td>5<\/td>\n<td>3<\/td>\n<\/tr>\n<tr>\n<td>Dacia Duster<\/td>\n<td>GEL\u00c4NDEWAGEN<\/td>\n<td>37 \u20ac<\/td>\n<td>49 \u20ac<\/td>\n<td>5<\/td>\n<td>3<\/td>\n<\/tr>\n<tr>\n<td>Hyundai Kona<\/td>\n<td>Crossover<\/td>\n<td>40 \u20ac<\/td>\n<td>52 \u20ac<\/td>\n<td>5<\/td>\n<td>3<\/td>\n<\/tr>\n<tr>\n<td>Renault Kadjar<\/td>\n<td>SUV<\/td>\n<td>50 \u20ac<\/td>\n<td>65 \u20ac<\/td>\n<td>5<\/td>\n<td>4<\/td>\n<\/tr>\n<tr>\n<td>Peugeot 3008<\/td>\n<td>GEL\u00c4NDEWAGEN<\/td>\n<td>55 \u20ac<\/td>\n<td>70 \u20ac<\/td>\n<td>5<\/td>\n<td>4<\/td>\n<\/tr>\n<\/tbody>\n<\/table>\n        <div class=\"rpc-chart\">\n            <h3>Saisonale Preis\u00e4nderungen bei Autovermietungen in Marrakesch: zuverl\u00e4ssige Analysen auf der Grundlage von tats\u00e4chlichen Buchungen<\/h3>\n            <div><p>Nachstehend finden Sie analytische Daten \u00fcber die Entwicklung der Durchschnittskosten f\u00fcr Mietwagen in Marrakesch in den letzten drei Jahren. Alle Informationen beruhen auf realen Transaktionen, die \u00fcber die Plattform roscar.ma get\u00e4tigt wurden.<\/p>\n<p>Die Untersuchung deckt alle wichtigen Fahrzeugkategorien ab - von preiswerten Modellen bis hin zu SUVs, Cabrios und der Premiumklasse. Dank dieser breiten Abdeckung ist es m\u00f6glich, ein vollst\u00e4ndiges Bild der Ver\u00e4nderungen des Wohlstands im Laufe der Touristensaison und der Trinkgewohnheiten zu erstellen.<\/p>\n<p>Es liegt auf der Hand, dass wir empfehlen, Ihr Auto fr\u00fchzeitig zu buchen, wenn die Preise und Kosten am g\u00fcnstigsten sind. Die zuverl\u00e4ssigen Informationen von RosCar Marokko sind Ihr Leitfaden f\u00fcr einen komfortablen und sicheren Transfer in Marrakesch.<\/p>\n<\/div>\n            <div class=\"rpc-chart-bars\">\n                                    <div class=\"rpc-chart-column\">\n                        <div class=\"rpc-chart-inner\" style=\"height: 30.769230769231%\">\n                            <div class=\"rpc-chart-column-value\">16 \u20ac<\/div>\n                            <div class=\"rpc-chart-month\">JAN<\/div>\n                        <\/div>\n                    <\/div>\n                                    <div class=\"rpc-chart-column\">\n                        <div class=\"rpc-chart-inner\" style=\"height: 28.846153846154%\">\n                            <div class=\"rpc-chart-column-value\">15 \u20ac<\/div>\n                            <div class=\"rpc-chart-month\">FEB<\/div>\n                        <\/div>\n                    <\/div>\n                                    <div class=\"rpc-chart-column\">\n                        <div class=\"rpc-chart-inner\" style=\"height: 26.923076923077%\">\n                            <div class=\"rpc-chart-column-value\">14 \u20ac<\/div>\n                            <div class=\"rpc-chart-month\">MAR<\/div>\n                        <\/div>\n                    <\/div>\n                                    <div class=\"rpc-chart-column\">\n                        <div class=\"rpc-chart-inner\" style=\"height: 42.307692307692%\">\n                            <div class=\"rpc-chart-column-value\">22 \u20ac<\/div>\n                            <div class=\"rpc-chart-month\">APR<\/div>\n                        <\/div>\n                    <\/div>\n                                    <div class=\"rpc-chart-column\">\n                        <div class=\"rpc-chart-inner\" style=\"height: 32.692307692308%\">\n                            <div class=\"rpc-chart-column-value\">17 \u20ac<\/div>\n                            <div class=\"rpc-chart-month\">MAY<\/div>\n                        <\/div>\n                    <\/div>\n                                    <div class=\"rpc-chart-column\">\n                        <div class=\"rpc-chart-inner\" style=\"height: 30.769230769231%\">\n                            <div class=\"rpc-chart-column-value\">16 \u20ac<\/div>\n                            <div class=\"rpc-chart-month\">JUN<\/div>\n                        <\/div>\n                    <\/div>\n                                    <div class=\"rpc-chart-column\">\n                        <div class=\"rpc-chart-inner\" style=\"height: 50%\">\n                            <div class=\"rpc-chart-column-value\">26 \u20ac<\/div>\n                            <div class=\"rpc-chart-month\">JUL<\/div>\n                        <\/div>\n                    <\/div>\n                                    <div class=\"rpc-chart-column\">\n                        <div class=\"rpc-chart-inner\" style=\"height: 61.538461538462%\">\n                            <div class=\"rpc-chart-column-value\">32 \u20ac<\/div>\n                            <div class=\"rpc-chart-month\">AUG<\/div>\n                        <\/div>\n                    <\/div>\n                                    <div class=\"rpc-chart-column\">\n                        <div class=\"rpc-chart-inner\" style=\"height: 42.307692307692%\">\n                            <div class=\"rpc-chart-column-value\">22 \u20ac<\/div>\n                            <div class=\"rpc-chart-month\">SEP<\/div>\n                        <\/div>\n                    <\/div>\n                                    <div class=\"rpc-chart-column\">\n                        <div class=\"rpc-chart-inner\" style=\"height: 36.538461538462%\">\n                            <div class=\"rpc-chart-column-value\">19 \u20ac<\/div>\n                            <div class=\"rpc-chart-month\">OCT<\/div>\n                        <\/div>\n                    <\/div>\n                                    <div class=\"rpc-chart-column\">\n                        <div class=\"rpc-chart-inner\" style=\"height: 32.692307692308%\">\n                            <div class=\"rpc-chart-column-value\">17 \u20ac<\/div>\n                            <div class=\"rpc-chart-month\">NOV<\/div>\n                        <\/div>\n                    <\/div>\n                                    <div class=\"rpc-chart-column\">\n                        <div class=\"rpc-chart-inner\" style=\"height: 44.230769230769%\">\n                            <div class=\"rpc-chart-column-value\">23 \u20ac<\/div>\n                            <div class=\"rpc-chart-month\">DEC<\/div>\n                        <\/div>\n                    <\/div>\n                            <\/div>\n        <\/div>\n        \n<h2>Mietwagen Marrakech: Dokumente<\/h2>\n<p>Bei der Abholung Ihres Fahrzeugs werden Sie m\u00f6glicherweise um die folgenden Dokumente gebeten:<\/p>\n<ol>\n<li>Reisepass<\/li>\n<li>F\u00fchrerschein<\/li>\n<li>Buchungsbest\u00e4tigung oder Voucher (RosCar schickt Ihnen einen zu)<\/li>\n<li>Kreditkarte.<\/li>\n<\/ol>\n<p>Sie haben keine Kreditkarte? Dann nutzen Sie die Filter, um die gew\u00fcnschte Mietoption zu finden. Die Autovermietung in Marrakesch ist ein unverzichtbarer Service, der es Ihnen erm\u00f6glicht, nicht nur Marrakesch, sondern auch ganz Marokko zu entdecken.<\/p>\n","protected":false},"excerpt":{"rendered":"<p>Mietwagen Marrakech von RosCar Die L\u00e4nder Nordafrikas haben eine erstaunliche F\u00e4higkeit, Touristen aus aller Welt mit ihren Br\u00e4uchen und bunten Landschaften zu verzaubern. Vielleicht ist es die Kultur, die einzigartige lokale K\u00fcche oder die Sch\u00f6nheit des t\u00e4glichen Lebens. Aber wir sind uns sicher, dass Sie ein Auto in Marrakesch mieten m\u00fcssen, um Marokko vollst\u00e4ndig kennenzulernen. [&hellip;]<\/p>\n","protected":false},"author":1,"featured_media":181,"parent":0,"menu_order":0,"comment_status":"closed","ping_status":"closed","template":"","meta":{"footnotes":""},"class_list":["post-1626","page","type-page","status-publish","has-post-thumbnail",""],"_links":{"self":[{"href":"https:\/\/roscar.ma\/de\/wp-json\/wp\/v2\/pages\/1626","targetHints":{"allow":["GET"]}}],"collection":[{"href":"https:\/\/roscar.ma\/de\/wp-json\/wp\/v2\/pages"}],"about":[{"href":"https:\/\/roscar.ma\/de\/wp-json\/wp\/v2\/types\/page"}],"author":[{"embeddable":true,"href":"https:\/\/roscar.ma\/de\/wp-json\/wp\/v2\/users\/1"}],"replies":[{"embeddable":true,"href":"https:\/\/roscar.ma\/de\/wp-json\/wp\/v2\/comments?post=1626"}],"version-history":[{"count":1,"href":"https:\/\/roscar.ma\/de\/wp-json\/wp\/v2\/pages\/1626\/revisions"}],"predecessor-version":[{"id":1627,"href":"https:\/\/roscar.ma\/de\/wp-json\/wp\/v2\/pages\/1626\/revisions\/1627"}],"wp:featuredmedia":[{"embeddable":true,"href":"https:\/\/roscar.ma\/de\/wp-json\/wp\/v2\/media\/181"}],"wp:attachment":[{"href":"https:\/\/roscar.ma\/de\/wp-json\/wp\/v2\/media?parent=1626"}],"curies":[{"name":"wp","href":"https:\/\/api.w.org\/{rel}","templated":true}]}}