{"id":1318,"date":"2025-07-23T08:46:35","date_gmt":"2025-07-23T08:46:35","guid":{"rendered":"https:\/\/roscar.ma\/?page_id=1318"},"modified":"2025-07-23T13:31:11","modified_gmt":"2025-07-23T13:31:11","slug":"mietwagen-marokko-ohne-kaution","status":"publish","type":"page","link":"https:\/\/roscar.ma\/de\/mietwagen-marokko-ohne-kaution\/","title":{"rendered":"Mietwagen Marokko Ohne Kaution"},"content":{"rendered":"<h2>Mietwagen Marokko Ohne Kaution von RosCar<\/h2>\n<p>Im Gegensatz zur herk\u00f6mmlichen Variante bietet die Mietwagen in Marokko ohne Kaution eine beeindruckende Liste von Vorteilen, die nicht zu \u00fcbersehen sind:<\/p>\n<ul>\n<li>Kein Risiko von Streitigkeiten in der Zukunft (Einige Unternehmen versuchen, Ihnen Geld f\u00fcr kleine Kratzer, Benzin oder andere Kleinigkeiten abzuverlangen)<\/li>\n<li>Viel einfacher (und schneller) abzuholen oder zur\u00fcckzugeben<\/li>\n<li>Erfordert weniger Geld<\/li>\n<li>Keine Sperrung der Kreditkarte f\u00fcr die Kaution<\/li>\n<li>Stressfreies Erlebnis.<\/li>\n<\/ul>\n<p>Dies ist nur eine der vielen Funktionen, die Sie in den RosCar-Filtern finden k\u00f6nnen. Probieren Sie es aus und finden Sie in wenigen Minuten Ihr ideales Fahrzeug. Jetzt buchen.<\/p>\n<blockquote class=\"check\">\n<h2>Wie kann man in Marokko ein Auto ohne Kaution mieten?<\/h2>\n<p>Jeder Fahrer, der das Alter von 21 bis 25 Jahren erreicht hat und \u00fcber die erforderlichen Dokumente (Reisepass und F\u00fchrerschein) verf\u00fcgt, kann in Marokko wie folgt ein Auto ohne Kaution mieten:<\/p>\n<ol>\n<li>Klicken Sie auf den Filter &#8222;Ohne Kaution&#8220;, um eine Liste anzuzeigen.<\/li>\n<li>Durchsuchen Sie mehrere Angebote, finden Sie das beste und klicken Sie auf \u201eJetzt buchen\u201d.<\/li>\n<li>\u00dcberpr\u00fcfen Sie die Anforderungen und w\u00e4hlen Sie die Art der Versicherung aus.<\/li>\n<li>W\u00e4hlen Sie zus\u00e4tzliche Dienstleistungen aus und klicken Sie auf \u201eWeiter\u201d.<\/li>\n<li>F\u00fcgen Sie die Fahrerinformationen hinzu.<\/li>\n<li>Best\u00e4tigen Sie.<\/li>\n<\/ol>\n<p>Keine Kaution oder jede andere Art von Anmietung muss \u00fcber Ihre Bankkarte best\u00e4tigt werden. Es werden nicht mehr als 20 % als Vorauszahlung abgebucht.<\/p><\/blockquote>\n<h3>Tabelle mit Mietwagenpreisen in Marokko ohne Kaution<\/h3>\n<table>\n<thead>\n<tr>\n<th>Automodell<\/th>\n<th>Karosserietyp<\/th>\n<th>Preis pro Tag (Nebensaison)<\/th>\n<th>Preis pro Tag (Hochsaison)<\/th>\n<th>Passagiere<\/th>\n<th>Kofferraumvolumen<\/th>\n<\/tr>\n<\/thead>\n<tbody>\n<tr>\n<td>Chevrolet Spark<\/td>\n<td>Schr\u00e4gheck<\/td>\n<td>19 \u20ac<\/td>\n<td>26 \u20ac<\/td>\n<td>4<\/td>\n<td>1<\/td>\n<\/tr>\n<tr>\n<td>Hyundai Grand i10<\/td>\n<td>Schr\u00e4gheck<\/td>\n<td>21 \u20ac<\/td>\n<td>28 \u20ac<\/td>\n<td>4<\/td>\n<td>1<\/td>\n<\/tr>\n<tr>\n<td>Skoda Fabia<\/td>\n<td>Schr\u00e4gheck<\/td>\n<td>23 \u20ac<\/td>\n<td>31 \u20ac<\/td>\n<td>5<\/td>\n<td>2<\/td>\n<\/tr>\n<tr>\n<td>Peugeot 2008<\/td>\n<td>Crossover<\/td>\n<td>26 \u20ac<\/td>\n<td>35 \u20ac<\/td>\n<td>5<\/td>\n<td>2<\/td>\n<\/tr>\n<tr>\n<td>Volkswagen Golf<\/td>\n<td>Schr\u00e4gheck<\/td>\n<td>27 \u20ac<\/td>\n<td>36 \u20ac<\/td>\n<td>5<\/td>\n<td>2<\/td>\n<\/tr>\n<tr>\n<td>Toyota Yaris Limousine<\/td>\n<td>Limousine<\/td>\n<td>28 \u20ac<\/td>\n<td>37 \u20ac<\/td>\n<td>5<\/td>\n<td>3<\/td>\n<\/tr>\n<tr>\n<td>Nissan Sunny<\/td>\n<td>Limousine<\/td>\n<td>29 \u20ac<\/td>\n<td>38 \u20ac<\/td>\n<td>5<\/td>\n<td>3<\/td>\n<\/tr>\n<tr>\n<td>Renault Arkana<\/td>\n<td>Crossover<\/td>\n<td>35 \u20ac<\/td>\n<td>45 \u20ac<\/td>\n<td>5<\/td>\n<td>3<\/td>\n<\/tr>\n<tr>\n<td>MG ZS<\/td>\n<td>SUV<\/td>\n<td>39 \u20ac<\/td>\n<td>49 \u20ac<\/td>\n<td>5<\/td>\n<td>3<\/td>\n<\/tr>\n<tr>\n<td>Volkswagen Tiguan<\/td>\n<td>SUV<\/td>\n<td>55 \u20ac<\/td>\n<td>69 \u20ac<\/td>\n<td>5<\/td>\n<td>4<\/td>\n<\/tr>\n<\/tbody>\n<\/table>\n","protected":false},"excerpt":{"rendered":"<p>Mietwagen Marokko Ohne Kaution von RosCar Im Gegensatz zur herk\u00f6mmlichen Variante bietet die Mietwagen in Marokko ohne Kaution eine beeindruckende Liste von Vorteilen, die nicht zu \u00fcbersehen sind: Kein Risiko von Streitigkeiten in der Zukunft (Einige Unternehmen versuchen, Ihnen Geld f\u00fcr kleine Kratzer, Benzin oder andere Kleinigkeiten abzuverlangen) Viel einfacher (und schneller) abzuholen oder zur\u00fcckzugeben [&hellip;]<\/p>\n","protected":false},"author":1,"featured_media":1278,"parent":0,"menu_order":0,"comment_status":"closed","ping_status":"closed","template":"","meta":{"footnotes":""},"class_list":["post-1318","page","type-page","status-publish","has-post-thumbnail",""],"_links":{"self":[{"href":"https:\/\/roscar.ma\/de\/wp-json\/wp\/v2\/pages\/1318","targetHints":{"allow":["GET"]}}],"collection":[{"href":"https:\/\/roscar.ma\/de\/wp-json\/wp\/v2\/pages"}],"about":[{"href":"https:\/\/roscar.ma\/de\/wp-json\/wp\/v2\/types\/page"}],"author":[{"embeddable":true,"href":"https:\/\/roscar.ma\/de\/wp-json\/wp\/v2\/users\/1"}],"replies":[{"embeddable":true,"href":"https:\/\/roscar.ma\/de\/wp-json\/wp\/v2\/comments?post=1318"}],"version-history":[{"count":0,"href":"https:\/\/roscar.ma\/de\/wp-json\/wp\/v2\/pages\/1318\/revisions"}],"wp:featuredmedia":[{"embeddable":true,"href":"https:\/\/roscar.ma\/de\/wp-json\/wp\/v2\/media\/1278"}],"wp:attachment":[{"href":"https:\/\/roscar.ma\/de\/wp-json\/wp\/v2\/media?parent=1318"}],"curies":[{"name":"wp","href":"https:\/\/api.w.org\/{rel}","templated":true}]}}