{"id":1102,"date":"2025-07-17T10:56:33","date_gmt":"2025-07-17T10:56:33","guid":{"rendered":"https:\/\/roscar.ma\/?page_id=1102"},"modified":"2025-07-23T06:57:05","modified_gmt":"2025-07-23T06:57:05","slug":"mietwagen-casablanca","status":"publish","type":"page","link":"https:\/\/roscar.ma\/de\/mietwagen-casablanca\/","title":{"rendered":"Mietwagen Casablanca"},"content":{"rendered":"<h2>Mietwagen Casablanca von RosCar<\/h2>\n<p>Die wichtigste wirtschaftliche und kulturelle Stadt Marokkos ist immer ein guter Start f\u00fcr eine Reise nach Nordafrika. Einzigartige arabische Kultur, jahrtausendealte Geschichte in moderner Architektur, Traditionen und k\u00f6stliches Essen stehen auf Ihrem Programm. Aber zuerst m\u00fcssen Sie in Casablanca ein Auto mieten, denn es gibt mehrere Gr\u00fcnde, die f\u00fcr eine Reise mit dem Auto sprechen:<\/p>\n<ul>\n<li>Es ist viel bequemer als \u00f6ffentliche Verkehrsmittel<\/li>\n<li>Erm\u00e4\u00dfigungen, g\u00fcnstige Preise und viele M\u00f6glichkeiten (einige davon sind kostenlos)<\/li>\n<li>Es ist leicht, das richtige Auto zu finden<\/li>\n<li>V\u00f6llige Bewegungsfreiheit.<\/li>\n<\/ul>\n<p>RosCar hat ein \u00fcberraschend einfaches Buchungsverfahren. Buchen Sie einfach jetzt, f\u00fcgen Sie Ihre Karte f\u00fcr die Zahlung hinzu, und Sie sind fertig.<\/p>\n<h2>Mietwagen Casablanca: Der F\u00fchrer<\/h2>\n<p>Eine g\u00fcnstige Autovermietung in Casablanca ist keine Fiktion, sondern die Realit\u00e4t eines jeden, der ein paar Regeln kennt. Befolgen Sie diese und Sie werden ohne Entt\u00e4uschung zum gew\u00fcnschten Ergebnis kommen.<\/p>\n<h3>1. W\u00e4hlen Sie den richtigen Typ<\/h3>\n<p>Wenn Sie die Filter einschalten, k\u00f6nnen Sie ganz einfach eine Liste der Angebote nach einem der Typen erstellen:<\/p>\n<ul>\n<li>SUV oder Crossover<\/li>\n<li>Standard-Pkw<\/li>\n<li>Sparauto<\/li>\n<li>Kompaktwagen<\/li>\n<li>Kleinwagen<\/li>\n<li>Cabrio<\/li>\n<li>Minivan, Van, und andere.<\/li>\n<\/ul>\n<h3>2. Zus\u00e4tzliche Optionen nutzen<\/h3>\n<p>Die Autovermietung in Casablanca kann mit einer oder mehreren Zusatzleistungen (kostenpflichtig oder kostenlos) ausgestattet sein:<\/p>\n<ul>\n<li>Garantiertes Modell: Keine b\u00f6sen \u00dcberraschungen bei der Abholung Ihres Fahrzeugs.<\/li>\n<li>Getriebe: \u00dcberlegen Sie nicht lange, nehmen Sie einen Automatikwagen.<\/li>\n<li>Zus\u00e4tzliche Versicherung: Eine kostenpflichtige Funktion, die finanzielle Risiken mit Vollkasko oder SuperCDW ausschlie\u00dft.<\/li>\n<li>Zus\u00e4tzlicher Fahrer: Wussten Sie, dass Sie eine weitere Person in den Vertrag aufnehmen k\u00f6nnen?<\/li>\n<li>Kindersitz: Es gibt bis zu vier Arten von R\u00fcckhaltesystemen f\u00fcr Kinder jeden Alters.<\/li>\n<li>Kostenlose Stornierung: Sie haben mindestens 48 Stunden Zeit, um Ihre Bestellung zu stornieren.<\/li>\n<li>Unbegrenzte Kilometerzahl: Ein kostenloses Feature mit Freimeilen.<\/li>\n<li>Keine Kaution: Jeder liebt es, wenn es keine Kautionssperren auf Kreditkarten gibt.<\/li>\n<li>Keine Kreditkarte: Kann mit zus\u00e4tzlichen Anforderungen f\u00fcr Sicherheits\u00fcberpr\u00fcfungen verbunden sein.<\/li>\n<li>SIM-Karte: Mobiles Hochgeschwindigkeits-Internet immer zur Hand.<\/li>\n<\/ul>\n<blockquote class=\"info\">\n<h2>Mietwagen Casablanca: Die Buchung \u00fcber RosCar<\/h2>\n<p>Casablanca Autovermietung scheint einer der einfachsten Reisedienste zu sein, die Sie je in Anspruch genommen haben:<\/p>\n<ol>\n<li>Legen Sie Ort und Datum fest.<\/li>\n<li>Legen Sie Suchfilter fest (Typ, Optionen usw.)<\/li>\n<li>Buchen Sie jetzt ein beliebiges Fahrzeug aus der Liste.<\/li>\n<li>F\u00fcllen Sie das Formular mit den Details aus.<\/li>\n<li>Best\u00e4tigen Sie.<\/li>\n<\/ol>\n<p>Der Antrag wird erst nach Vorauszahlung (14-20% des Betrags) \u00fcber Pay Now als best\u00e4tigt angesehen. Debit- oder Kreditkarten werden bei RosCar akzeptiert.<\/p><\/blockquote>\n<h2>Autovermietung Casablanca Preis<\/h2>\n<p>Hier sind die ungef\u00e4hren Preise, die Sie in dieser Stadt finden k\u00f6nnen:<\/p>\n<ul>\n<li>$15-25 f\u00fcr Mini-Economy<\/li>\n<li>$30-40 f\u00fcr Kompakt-Standard<\/li>\n<li>$40-60 f\u00fcr Minivan, Cabrio, Crossover oder SUV<\/li>\n<li>$70+ f\u00fcr Luxus.<\/li>\n<\/ul>\n<p>Autovermietung in Casablanca kann mehr oder weniger teuer sein, bis zu 40%, abh\u00e4ngig von den folgenden Faktoren:<\/p>\n<ul>\n<li>Anzahl der reservierten Tage (nehmen Sie besser einen Langzeitmietwagen)<\/li>\n<li>Abholort (Flughafen, Stadt, oder Lieferung)<\/li>\n<li>Saison und Auslastung des Unternehmens<\/li>\n<li>Eingeschlossene Zusatzleistungen.<\/li>\n<\/ul>\n<p>Hier k\u00f6nnen Sie den Preis vergleichen:<\/p>\n<h3>Tabelle mit Preisen f\u00fcr Autovermietung in Casablanca, Marokko<\/h3>\n<table border=\"1\">\n<thead>\n<tr>\n<th>Auto-Modell<\/th>\n<th>Karosserie-Typ<\/th>\n<th>Preis pro Tag (Nebensaison)<\/th>\n<th>Preis pro Tag (Hochsaison)<\/th>\n<th>Passagiere<\/th>\n<th>Kapazit\u00e4t des Gep\u00e4cks<\/th>\n<\/tr>\n<\/thead>\n<tbody>\n<tr>\n<td>Kia Picanto<\/td>\n<td>Flie\u00dfheck<\/td>\n<td>20 \u20ac<\/td>\n<td>27 \u20ac<\/td>\n<td>4<\/td>\n<td>1<\/td>\n<\/tr>\n<tr>\n<td>Dacia Logan<\/td>\n<td>Limousine<\/td>\n<td>22 \u20ac<\/td>\n<td>30 \u20ac<\/td>\n<td>5<\/td>\n<td>2<\/td>\n<\/tr>\n<tr>\n<td>Renault Clio<\/td>\n<td>Schr\u00e4gheck<\/td>\n<td>25 \u20ac<\/td>\n<td>34 \u20ac<\/td>\n<td>5<\/td>\n<td>2<\/td>\n<\/tr>\n<tr>\n<td>Hyundai i20<\/td>\n<td>Schr\u00e4gheck<\/td>\n<td>24 \u20ac<\/td>\n<td>33 \u20ac<\/td>\n<td>5<\/td>\n<td>2<\/td>\n<\/tr>\n<tr>\n<td>Volkswagen Polo<\/td>\n<td>Schr\u00e4gheck<\/td>\n<td>26 \u20ac<\/td>\n<td>36 \u20ac<\/td>\n<td>5<\/td>\n<td>2<\/td>\n<\/tr>\n<tr>\n<td>Citro\u00ebn C-Elys\u00e9e<\/td>\n<td>Limousine<\/td>\n<td>27 \u20ac<\/td>\n<td>37 \u20ac<\/td>\n<td>5<\/td>\n<td>3<\/td>\n<\/tr>\n<tr>\n<td>Peugeot 301<\/td>\n<td>Limousine<\/td>\n<td>28 \u20ac<\/td>\n<td>38 \u20ac<\/td>\n<td>5<\/td>\n<td>3<\/td>\n<\/tr>\n<tr>\n<td>Dacia Duster<\/td>\n<td>GEL\u00c4NDEWAGEN<\/td>\n<td>35 \u20ac<\/td>\n<td>46 \u20ac<\/td>\n<td>5<\/td>\n<td>3<\/td>\n<\/tr>\n<tr>\n<td>Renault Kadjar<\/td>\n<td>SUV<\/td>\n<td>48 \u20ac<\/td>\n<td>60 \u20ac<\/td>\n<td>5<\/td>\n<td>4<\/td>\n<\/tr>\n<tr>\n<td>Peugeot 3008<\/td>\n<td>GEL\u00c4NDEWAGEN<\/td>\n<td>54 \u20ac<\/td>\n<td>68 \u20ac<\/td>\n<td>5<\/td>\n<td>4<\/td>\n<\/tr>\n<\/tbody>\n<\/table>\n        <div class=\"rpc-chart\">\n            <h3>Saisonale Ver\u00e4nderungen der Mietwagenpreise in Casablanca: \u00dcberblick auf Basis der best\u00e4tigten Buchungen<\/h3>\n            <div><p>In den vergangenen drei Jahren haben die Experten von roscar.ma den durchschnittlichen Preis eines Mietwagens in Casablanca systematisch analysiert. Die Daten basieren ausschlie\u00dflich auf realen Bestellungen, die \u00fcber unsere Plattform, die mit zuverl\u00e4ssigen lokalen Autovermietungen zusammenarbeitet, get\u00e4tigt wurden.<\/p>\n<p>Die \u00dcberwachung umfasst alle Fahrzeugkategorien: von kompakten Stadtmodellen bis hin zu SUVs, Cabrios und Gesch\u00e4ftswagen. So k\u00f6nnen wir saisonale Trends genau verfolgen und Preisschwankungen je nach Nachfrage und Reisezeit vorhersagen.<\/p>\n<p>Dank unserer langj\u00e4hrigen Erfahrung auf dem Gebiet der Autovermietung in Marokko aktualisieren wir die Informationen regelm\u00e4\u00dfig, um den Nutzern aktuelle und zuverl\u00e4ssige Daten zur Verf\u00fcgung zu stellen. Dies ist besonders wichtig f\u00fcr diejenigen, die eine Reise nach Casablanca planen und nach g\u00fcnstigen Konditionen f\u00fcr den Transport suchen.<\/p>\n<\/div>\n            <div class=\"rpc-chart-bars\">\n                                    <div class=\"rpc-chart-column\">\n                        <div class=\"rpc-chart-inner\" style=\"height: 30.188679245283%\">\n                            <div class=\"rpc-chart-column-value\">16 \u20ac<\/div>\n                            <div class=\"rpc-chart-month\">JAN<\/div>\n                        <\/div>\n                    <\/div>\n                                    <div class=\"rpc-chart-column\">\n                        <div class=\"rpc-chart-inner\" style=\"height: 28.301886792453%\">\n                            <div class=\"rpc-chart-column-value\">15 \u20ac<\/div>\n                            <div class=\"rpc-chart-month\">FEB<\/div>\n                        <\/div>\n                    <\/div>\n                                    <div class=\"rpc-chart-column\">\n                        <div class=\"rpc-chart-inner\" style=\"height: 30.188679245283%\">\n                            <div class=\"rpc-chart-column-value\">16 \u20ac<\/div>\n                            <div class=\"rpc-chart-month\">MAR<\/div>\n                        <\/div>\n                    <\/div>\n                                    <div class=\"rpc-chart-column\">\n                        <div class=\"rpc-chart-inner\" style=\"height: 39.622641509434%\">\n                            <div class=\"rpc-chart-column-value\">21 \u20ac<\/div>\n                            <div class=\"rpc-chart-month\">APR<\/div>\n                        <\/div>\n                    <\/div>\n                                    <div class=\"rpc-chart-column\">\n                        <div class=\"rpc-chart-inner\" style=\"height: 32.075471698113%\">\n                            <div class=\"rpc-chart-column-value\">17 \u20ac<\/div>\n                            <div class=\"rpc-chart-month\">MAY<\/div>\n                        <\/div>\n                    <\/div>\n                                    <div class=\"rpc-chart-column\">\n                        <div class=\"rpc-chart-inner\" style=\"height: 33.962264150943%\">\n                            <div class=\"rpc-chart-column-value\">18 \u20ac<\/div>\n                            <div class=\"rpc-chart-month\">JUN<\/div>\n                        <\/div>\n                    <\/div>\n                                    <div class=\"rpc-chart-column\">\n                        <div class=\"rpc-chart-inner\" style=\"height: 54.716981132075%\">\n                            <div class=\"rpc-chart-column-value\">29 \u20ac<\/div>\n                            <div class=\"rpc-chart-month\">JUL<\/div>\n                        <\/div>\n                    <\/div>\n                                    <div class=\"rpc-chart-column\">\n                        <div class=\"rpc-chart-inner\" style=\"height: 62.264150943396%\">\n                            <div class=\"rpc-chart-column-value\">33 \u20ac<\/div>\n                            <div class=\"rpc-chart-month\">AUG<\/div>\n                        <\/div>\n                    <\/div>\n                                    <div class=\"rpc-chart-column\">\n                        <div class=\"rpc-chart-inner\" style=\"height: 43.396226415094%\">\n                            <div class=\"rpc-chart-column-value\">23 \u20ac<\/div>\n                            <div class=\"rpc-chart-month\">SEP<\/div>\n                        <\/div>\n                    <\/div>\n                                    <div class=\"rpc-chart-column\">\n                        <div class=\"rpc-chart-inner\" style=\"height: 39.622641509434%\">\n                            <div class=\"rpc-chart-column-value\">21 \u20ac<\/div>\n                            <div class=\"rpc-chart-month\">OCT<\/div>\n                        <\/div>\n                    <\/div>\n                                    <div class=\"rpc-chart-column\">\n                        <div class=\"rpc-chart-inner\" style=\"height: 33.962264150943%\">\n                            <div class=\"rpc-chart-column-value\">18 \u20ac<\/div>\n                            <div class=\"rpc-chart-month\">NOV<\/div>\n                        <\/div>\n                    <\/div>\n                                    <div class=\"rpc-chart-column\">\n                        <div class=\"rpc-chart-inner\" style=\"height: 41.509433962264%\">\n                            <div class=\"rpc-chart-column-value\">22 \u20ac<\/div>\n                            <div class=\"rpc-chart-month\">DEC<\/div>\n                        <\/div>\n                    <\/div>\n                            <\/div>\n        <\/div>\n        \n<h2>Mietwagen Casablanca: Dokumente<\/h2>\n<p>Es gibt nur wenige Dokumente, die der Fahrer bei der Abholung seines Mietwagens vorlegen muss:<\/p>\n<ol>\n<li>F\u00fchrerschein<\/li>\n<li>Reisepass<\/li>\n<li>Kreditkarte (Kaution, Kredit- oder Identit\u00e4tspr\u00fcfung)<\/li>\n<li>Voucher (wir schicken Ihnen einen mit Ihrer Buchungsbest\u00e4tigung).<\/li>\n<\/ol>\n","protected":false},"excerpt":{"rendered":"<p>Mietwagen Casablanca von RosCar Die wichtigste wirtschaftliche und kulturelle Stadt Marokkos ist immer ein guter Start f\u00fcr eine Reise nach Nordafrika. Einzigartige arabische Kultur, jahrtausendealte Geschichte in moderner Architektur, Traditionen und k\u00f6stliches Essen stehen auf Ihrem Programm. Aber zuerst m\u00fcssen Sie in Casablanca ein Auto mieten, denn es gibt mehrere Gr\u00fcnde, die f\u00fcr eine Reise [&hellip;]<\/p>\n","protected":false},"author":1,"featured_media":150,"parent":0,"menu_order":0,"comment_status":"closed","ping_status":"closed","template":"","meta":{"footnotes":""},"class_list":["post-1102","page","type-page","status-publish","has-post-thumbnail",""],"_links":{"self":[{"href":"https:\/\/roscar.ma\/de\/wp-json\/wp\/v2\/pages\/1102","targetHints":{"allow":["GET"]}}],"collection":[{"href":"https:\/\/roscar.ma\/de\/wp-json\/wp\/v2\/pages"}],"about":[{"href":"https:\/\/roscar.ma\/de\/wp-json\/wp\/v2\/types\/page"}],"author":[{"embeddable":true,"href":"https:\/\/roscar.ma\/de\/wp-json\/wp\/v2\/users\/1"}],"replies":[{"embeddable":true,"href":"https:\/\/roscar.ma\/de\/wp-json\/wp\/v2\/comments?post=1102"}],"version-history":[{"count":3,"href":"https:\/\/roscar.ma\/de\/wp-json\/wp\/v2\/pages\/1102\/revisions"}],"predecessor-version":[{"id":1133,"href":"https:\/\/roscar.ma\/de\/wp-json\/wp\/v2\/pages\/1102\/revisions\/1133"}],"wp:featuredmedia":[{"embeddable":true,"href":"https:\/\/roscar.ma\/de\/wp-json\/wp\/v2\/media\/150"}],"wp:attachment":[{"href":"https:\/\/roscar.ma\/de\/wp-json\/wp\/v2\/media?parent=1102"}],"curies":[{"name":"wp","href":"https:\/\/api.w.org\/{rel}","templated":true}]}}