{"id":1048,"date":"2025-07-17T09:45:33","date_gmt":"2025-07-17T09:45:33","guid":{"rendered":"https:\/\/roscar.ma\/?page_id=1048"},"modified":"2025-07-22T13:15:38","modified_gmt":"2025-07-22T13:15:38","slug":"mietwagen-marokko","status":"publish","type":"page","link":"https:\/\/roscar.ma\/de\/","title":{"rendered":"Mietwagen Marokko"},"content":{"rendered":"<h2>Mietwagen Marokko von RosCar<\/h2>\n<p>Tausende von Jahren Geschichte und alte arabische Traditionen ziehen Millionen von Touristen wie ein Magnet an. Hier finden Sie die Ger\u00e4usche der gro\u00dfen Sahara und des Atlantischen Ozeans, moderne und pr\u00e4historische Kulturen sowie ausgezeichnete Bedingungen f\u00fcr jede Art von Reisen. Aber muss ich in Marokko ein Auto mieten? Das ist vielleicht nicht die einzige M\u00f6glichkeit, aber sie hat einige klare Vorteile:<\/p>\n<ul>\n<li>Freie Bewegung, wo immer Sie wollen<\/li>\n<li>Hoher Komfort und un\u00fcbertroffene Bequemlichkeit<\/li>\n<li>Gro\u00dfe Auswahl an Fahrzeugen<\/li>\n<li>Sie k\u00f6nnen ein Auto f\u00fcr kurze oder lange Zeit mieten.<\/li>\n<\/ul>\n<p>Sie wollen so schnell wie m\u00f6glich losfahren? Buchen Sie jetzt ein beliebiges Auto auf RosCar: ein paar Klicks, ein Standardformular ausf\u00fcllen und eine Vorauszahlung zur Best\u00e4tigung leisten.<\/p>\n<h2>Auf dem Weg zu einer Autovermietung in Marokko<\/h2>\n<p>Dies ist eine Aufgabe, die nicht \u00fcberst\u00fcrzt werden sollte, aber auch nicht auf morgen verschoben werden sollte. Lesen Sie daher einen kleinen vorbereitenden Leitfaden auf dem Weg zu einer Autovermietung in Marokko.<\/p>\n<h3>1. Finden Sie den richtigen Typ<\/h3>\n<p>Ein schlecht gew\u00e4hltes Fahrzeug wird Ihnen nicht das gew\u00fcnschte Vergn\u00fcgen oder den gew\u00fcnschten Komfort bringen. Werfen Sie einen Blick auf die Liste und \u00fcberlegen Sie, welcher dieser Typen f\u00fcr Sie in Frage kommt:<\/p>\n<ul>\n<li>Economy oder Mini (G\u00fcnstige Autovermietung in Marokko)<\/li>\n<li>Standard<\/li>\n<li>SUV oder Crossover<\/li>\n<li>Luxus<\/li>\n<li>Cabrio<\/li>\n<li>Van oder Minivan.<\/li>\n<\/ul>\n<h3>2. Zus\u00e4tzliche Leistungen<\/h3>\n<p>Nicht alle diese Zusatzleistungen sind kostenpflichtig, aber jede von ihnen ist eine gute Wahl:<\/p>\n<ul>\n<li>Kostenlose Stornierung: Diese Option muss rechtzeitig genutzt werden (bis zu 48 Stunden vor der Abreise).<\/li>\n<li>Keine Kaution: Das beste Merkmal f\u00fcr preisbewusste Reisende ist die Tatsache, dass keine Kaution auf Kreditkarten erhoben wird.<\/li>\n<li>Garantiertes Modell: Sie erhalten mindestens das, was Sie gebucht haben.<\/li>\n<li>Kindersitz: Gesetzlich vorgeschrieben bei Reisen mit Kindern bis 10 Jahren an Bord.<\/li>\n<li>Zus\u00e4tzliche Versicherung: Zahlen Sie einfach extra f\u00fcr Super CDW und Vollkasko, damit Sie sicher sind.<\/li>\n<li>SIM-Karte: Nehmen Sie eine mit, um Hochgeschwindigkeits-Internet zu genie\u00dfen.<\/li>\n<li>Zus\u00e4tzlicher Fahrer: Mehr Kilometer mit einem Freund am Steuer.<\/li>\n<li>Getriebe: Suchen Sie nach einem Automatikgetriebe f\u00fcr entspannte Fahrten.<\/li>\n<li>Unbegrenzte Kilometerleistung: Unbegrenzte Ausblicke, die sich hinter W\u00fcsten und Meereslandschaften verbergen.<\/li>\n<\/ul>\n<blockquote class=\"check\">\n<h3>RosCar Mietwagen Marokko im Detail<\/h3>\n<p>Nehmen Sie sich ein paar Minuten Zeit f\u00fcr die Autovermietung in Marokko:<\/p>\n<ol>\n<li>Legen Sie Abhol- und R\u00fcckgabeort fest.<\/li>\n<li>Geben Sie Start- und Enddatum an.<\/li>\n<li>Klicken Sie auf &#8222;Filter&#8220;, um die gew\u00fcnschten Zusatzleistungen auszuw\u00e4hlen.<\/li>\n<li>Klicken Sie auf &#8222;Anzeigen&#8220;, um eine Liste zu erhalten.<\/li>\n<li>Buchen Sie jetzt.<\/li>\n<li>F\u00fcllen Sie das Formular aus und zahlen Sie jetzt.<\/li>\n<\/ol>\n<p>Sobald Sie auf der Kassenseite sind, m\u00fcssen Sie eine Karte f\u00fcr eine 20%ige Vorauszahlung eingeben. Machen Sie sich keine Sorgen, Ihre Bankdaten sind sicher.<\/p><\/blockquote>\n<h2>Die Kosten f\u00fcr eine Autovermietung in Marokko<\/h2>\n<p>Hier sind einige Beispiele, die Ihnen helfen sollen, den Preis eines Mietwagens in Marokko zu verstehen:<\/p>\n<ul>\n<li>$20-30 f\u00fcr Mini oder Economy<\/li>\n<li>$45-55 f\u00fcr Standard oder Minivan<\/li>\n<li>$50-70 f\u00fcr SUV oder Crossover<\/li>\n<li>ab $80 f\u00fcr Luxus oder Cabrio.<\/li>\n<\/ul>\n<p>Aber Sie k\u00f6nnen versuchen, es billiger zu bekommen:<\/p>\n<ul>\n<li>Nehmen Sie eine langfristige Autovermietung (5 Tage oder mehr)<\/li>\n<li>Legen Sie das Startdatum auf die Mitte der Woche<\/li>\n<li>Vergleichen Sie nicht nur nach dem Preis, sondern auch nach der Ausstattung<\/li>\n<li>Buchen Sie rechtzeitig im Voraus online.<\/li>\n<\/ul>\n<p>Mehr \u00fcber Preisvergleiche:<\/p>\n<h3>Tabelle mit Preisen f\u00fcr Autovermietung in Marokko<\/h3>\n<table border=\"1\" cellspacing=\"0\" cellpadding=\"8\">\n<thead>\n<tr>\n<th>Auto-Modell<\/th>\n<th>Karosserie-Typ<\/th>\n<th>Preis pro Tag (Nebensaison)<\/th>\n<th>Preis pro Tag (Hochsaison)<\/th>\n<th>Passagiere<\/th>\n<th>Kapazit\u00e4t des Gep\u00e4cks<\/th>\n<\/tr>\n<\/thead>\n<tbody>\n<tr>\n<td>Dacia Logan<\/td>\n<td>Limousine<\/td>\n<td>23 \u20ac<\/td>\n<td>30 \u20ac<\/td>\n<td>5<\/td>\n<td>2<\/td>\n<\/tr>\n<tr>\n<td>Kia Picanto<\/td>\n<td>Schr\u00e4gheck<\/td>\n<td>20 \u20ac<\/td>\n<td>28 \u20ac<\/td>\n<td>4<\/td>\n<td>1<\/td>\n<\/tr>\n<tr>\n<td>Renault Clio<\/td>\n<td>Schr\u00e4gheck<\/td>\n<td>25 \u20ac<\/td>\n<td>35 \u20ac<\/td>\n<td>5<\/td>\n<td>2<\/td>\n<\/tr>\n<tr>\n<td>Dacia Duster<\/td>\n<td>GEL\u00c4NDEWAGEN<\/td>\n<td>35 \u20ac<\/td>\n<td>45 \u20ac<\/td>\n<td>5<\/td>\n<td>3<\/td>\n<\/tr>\n<tr>\n<td>Hyundai Tucson<\/td>\n<td>GEL\u00c4NDEWAGEN<\/td>\n<td>50 \u20ac<\/td>\n<td>65 \u20ac<\/td>\n<td>5<\/td>\n<td>4<\/td>\n<\/tr>\n<tr>\n<td>Peugeot 208<\/td>\n<td>Schr\u00e4gheck<\/td>\n<td>22 \u20ac<\/td>\n<td>32 \u20ac<\/td>\n<td>5<\/td>\n<td>2<\/td>\n<\/tr>\n<tr>\n<td>Volkswagen Polo<\/td>\n<td>Schr\u00e4gheck<\/td>\n<td>26 \u20ac<\/td>\n<td>36 \u20ac<\/td>\n<td>5<\/td>\n<td>2<\/td>\n<\/tr>\n<tr>\n<td>Citro\u00ebn C-Elys\u00e9e<\/td>\n<td>Limousine<\/td>\n<td>24 \u20ac<\/td>\n<td>34 \u20ac<\/td>\n<td>5<\/td>\n<td>3<\/td>\n<\/tr>\n<tr>\n<td>Fiat Tipo<\/td>\n<td>Limousine<\/td>\n<td>27 \u20ac<\/td>\n<td>37 \u20ac<\/td>\n<td>5<\/td>\n<td>3<\/td>\n<\/tr>\n<tr>\n<td>Renault Captur<\/td>\n<td>Crossover<\/td>\n<td>33 \u20ac<\/td>\n<td>43 \u20ac<\/td>\n<td>5<\/td>\n<td>3<\/td>\n<\/tr>\n<\/tbody>\n<\/table>\n        <div class=\"rpc-chart\">\n            <h3>Saisonale Autovermietungspreise in Marokko<\/h3>\n            <div><p>Die folgende Tabelle zeigt eine Analyse der Entwicklung der durchschnittlichen Mietpreise in Marokko in den letzten drei Jahren. Die Angaben beruhen auf tats\u00e4chlichen Buchungen \u00fcber roscar.ma, eine auf Autovermietung ohne Vermittler spezialisierte Website. Die Daten decken alle Fahrzeugklassen ab (von erschwinglichen City-Modellen bis hin zu SUVs, Cabrios und dem Premiumsegment).<\/p>\n<p>Dank unserer langj\u00e4hrigen Erfahrung in der Zusammenarbeit mit Reisenden und regelm\u00e4\u00dfiger Marktbeobachtung haben wir uns einen objektiven \u00dcberblick \u00fcber die saisonalen Schwankungen der Mietpreise verschafft. Unsere Analyse ist f\u00fcr jeden n\u00fctzlich, der eine Reise nach Marokko plant: Sie k\u00f6nnen im Voraus den Zeitraum ausw\u00e4hlen, in dem die Autovermietung am g\u00fcnstigsten ist.<\/p>\n<p>Wir empfehlen Ihnen, die gepr\u00fcften Informationen und praktischen Ratschl\u00e4ge von RosCar Marokko zu nutzen, um Ihre Reise bequem, sicher und wirtschaftlich zu gestalten.<\/p>\n<\/div>\n            <div class=\"rpc-chart-bars\">\n                                    <div class=\"rpc-chart-column\">\n                        <div class=\"rpc-chart-inner\" style=\"height: 28.846153846154%\">\n                            <div class=\"rpc-chart-column-value\">15 \u20ac<\/div>\n                            <div class=\"rpc-chart-month\">JAN<\/div>\n                        <\/div>\n                    <\/div>\n                                    <div class=\"rpc-chart-column\">\n                        <div class=\"rpc-chart-inner\" style=\"height: 28.846153846154%\">\n                            <div class=\"rpc-chart-column-value\">15 \u20ac<\/div>\n                            <div class=\"rpc-chart-month\">FEB<\/div>\n                        <\/div>\n                    <\/div>\n                                    <div class=\"rpc-chart-column\">\n                        <div class=\"rpc-chart-inner\" style=\"height: 32.692307692308%\">\n                            <div class=\"rpc-chart-column-value\">17 \u20ac<\/div>\n                            <div class=\"rpc-chart-month\">MAR<\/div>\n                        <\/div>\n                    <\/div>\n                                    <div class=\"rpc-chart-column\">\n                        <div class=\"rpc-chart-inner\" style=\"height: 42.307692307692%\">\n                            <div class=\"rpc-chart-column-value\">22 \u20ac<\/div>\n                            <div class=\"rpc-chart-month\">APR<\/div>\n                        <\/div>\n                    <\/div>\n                                    <div class=\"rpc-chart-column\">\n                        <div class=\"rpc-chart-inner\" style=\"height: 32.692307692308%\">\n                            <div class=\"rpc-chart-column-value\">17 \u20ac<\/div>\n                            <div class=\"rpc-chart-month\">MAY<\/div>\n                        <\/div>\n                    <\/div>\n                                    <div class=\"rpc-chart-column\">\n                        <div class=\"rpc-chart-inner\" style=\"height: 30.769230769231%\">\n                            <div class=\"rpc-chart-column-value\">16 \u20ac<\/div>\n                            <div class=\"rpc-chart-month\">JUN<\/div>\n                        <\/div>\n                    <\/div>\n                                    <div class=\"rpc-chart-column\">\n                        <div class=\"rpc-chart-inner\" style=\"height: 55.769230769231%\">\n                            <div class=\"rpc-chart-column-value\">29 \u20ac<\/div>\n                            <div class=\"rpc-chart-month\">JUL<\/div>\n                        <\/div>\n                    <\/div>\n                                    <div class=\"rpc-chart-column\">\n                        <div class=\"rpc-chart-inner\" style=\"height: 61.538461538462%\">\n                            <div class=\"rpc-chart-column-value\">32 \u20ac<\/div>\n                            <div class=\"rpc-chart-month\">AUG<\/div>\n                        <\/div>\n                    <\/div>\n                                    <div class=\"rpc-chart-column\">\n                        <div class=\"rpc-chart-inner\" style=\"height: 38.461538461538%\">\n                            <div class=\"rpc-chart-column-value\">20 \u20ac<\/div>\n                            <div class=\"rpc-chart-month\">SEP<\/div>\n                        <\/div>\n                    <\/div>\n                                    <div class=\"rpc-chart-column\">\n                        <div class=\"rpc-chart-inner\" style=\"height: 36.538461538462%\">\n                            <div class=\"rpc-chart-column-value\">19 \u20ac<\/div>\n                            <div class=\"rpc-chart-month\">OCT<\/div>\n                        <\/div>\n                    <\/div>\n                                    <div class=\"rpc-chart-column\">\n                        <div class=\"rpc-chart-inner\" style=\"height: 32.692307692308%\">\n                            <div class=\"rpc-chart-column-value\">17 \u20ac<\/div>\n                            <div class=\"rpc-chart-month\">NOV<\/div>\n                        <\/div>\n                    <\/div>\n                                    <div class=\"rpc-chart-column\">\n                        <div class=\"rpc-chart-inner\" style=\"height: 44.230769230769%\">\n                            <div class=\"rpc-chart-column-value\">23 \u20ac<\/div>\n                            <div class=\"rpc-chart-month\">DEC<\/div>\n                        <\/div>\n                    <\/div>\n                            <\/div>\n        <\/div>\n        \n<h2>Mietwagen Marokko: Dokumente<\/h2>\n<p>Sind Sie \u00fcber 21 (oder 25) Jahre alt und haben schon etwas Fahrpraxis? Dann brauchen Sie nur drei Dokumente, um ein Auto in Marokko zu mieten:<\/p>\n<ol>\n<li>Reisepass<\/li>\n<li>F\u00fchrerschein<\/li>\n<li>Kreditkarte (optional).<\/li>\n<\/ol>\n<p>Au\u00dferdem ben\u00f6tigen Sie einen Voucher (Reservierungsbescheinigung), den Sie jedoch sofort nach der Best\u00e4tigung Ihrer Buchung erhalten.<\/p>\n","protected":false},"excerpt":{"rendered":"<p>Mietwagen Marokko von RosCar Tausende von Jahren Geschichte und alte arabische Traditionen ziehen Millionen von Touristen wie ein Magnet an. Hier finden Sie die Ger\u00e4usche der gro\u00dfen Sahara und des Atlantischen Ozeans, moderne und pr\u00e4historische Kulturen sowie ausgezeichnete Bedingungen f\u00fcr jede Art von Reisen. Aber muss ich in Marokko ein Auto mieten? Das ist vielleicht [&hellip;]<\/p>\n","protected":false},"author":1,"featured_media":120,"parent":0,"menu_order":0,"comment_status":"closed","ping_status":"closed","template":"","meta":{"footnotes":""},"class_list":["post-1048","page","type-page","status-publish","has-post-thumbnail",""],"_links":{"self":[{"href":"https:\/\/roscar.ma\/de\/wp-json\/wp\/v2\/pages\/1048","targetHints":{"allow":["GET"]}}],"collection":[{"href":"https:\/\/roscar.ma\/de\/wp-json\/wp\/v2\/pages"}],"about":[{"href":"https:\/\/roscar.ma\/de\/wp-json\/wp\/v2\/types\/page"}],"author":[{"embeddable":true,"href":"https:\/\/roscar.ma\/de\/wp-json\/wp\/v2\/users\/1"}],"replies":[{"embeddable":true,"href":"https:\/\/roscar.ma\/de\/wp-json\/wp\/v2\/comments?post=1048"}],"version-history":[{"count":1,"href":"https:\/\/roscar.ma\/de\/wp-json\/wp\/v2\/pages\/1048\/revisions"}],"predecessor-version":[{"id":1049,"href":"https:\/\/roscar.ma\/de\/wp-json\/wp\/v2\/pages\/1048\/revisions\/1049"}],"wp:featuredmedia":[{"embeddable":true,"href":"https:\/\/roscar.ma\/de\/wp-json\/wp\/v2\/media\/120"}],"wp:attachment":[{"href":"https:\/\/roscar.ma\/de\/wp-json\/wp\/v2\/media?parent=1048"}],"curies":[{"name":"wp","href":"https:\/\/api.w.org\/{rel}","templated":true}]}}