{"id":2510,"date":"2025-07-17T11:33:38","date_gmt":"2025-07-17T11:33:38","guid":{"rendered":"https:\/\/roscar.ma\/?page_id=2510"},"modified":"2025-07-26T17:51:13","modified_gmt":"2025-07-26T17:51:13","slug":"billeje-tanger","status":"publish","type":"page","link":"https:\/\/roscar.ma\/da\/billeje-tanger\/","title":{"rendered":"Billeje Tanger"},"content":{"rendered":"<h2>Billeje Tanger fra RosCar<\/h2>\n<p>Det nordlige Marokko er der, hvor to kontinenter (Europa og Afrika) m\u00f8des, hvor klimaet er varmt 365 dage om \u00e5ret, og hvor der altid er lyse minder. Her kan du leje en bil i Tanger og tage din rejse til et helt nyt niveau:<\/p>\n<ul>\n<li>F\u00e6rre udgifter til offentlig transport eller taxa<\/li>\n<li>Frihed til at bev\u00e6ge dig, n\u00e5r du vil<\/li>\n<li>Nem afhentning og booking 24\/7<\/li>\n<li>Billige priser med h\u00f8j kvalitet.<\/li>\n<\/ul>\n<p>Leder du stadig efter den bedste v\u00e6rdi for hver dollar, du bruger? S\u00e5 s\u00f8g efter dit k\u00f8ret\u00f8j p\u00e5 RosCar, book og brug kortet til bekr\u00e6ftelse (op til 20% af bel\u00f8bet). Ja, s\u00e5 nemt er det.<\/p>\n<h2>Billeje Tanger: Guiden<\/h2>\n<p>At v\u00e6lge den rigtige lejebil i Tanger virker m\u00e5ske ikke som en nem opgave, n\u00e5r man t\u00e6nker p\u00e5 dit budget, din rejsestil og dine behov. Men to trin er nok til at f\u00e5 dig derhen, hvor du gerne vil.<\/p>\n<h3>1. Type af k\u00f8ret\u00f8j<\/h3>\n<p>Skal den v\u00e6re rummelig eller kompakt, billig eller dyr? Brug filtre til at v\u00e6lge din:<\/p>\n<ul>\n<li>\u00d8konomisk bil<\/li>\n<li>Kompakt bil<\/li>\n<li>SUV eller crossover<\/li>\n<li>Mini bil<\/li>\n<li>Standard bil<\/li>\n<li>Luksusbil<\/li>\n<li>Cabriolet<\/li>\n<li>Varevogn, minivan og meget mere.<\/li>\n<\/ul>\n<h3>2. Ekstra tjenester<\/h3>\n<p>Dette er m\u00e5ske den nemmeste og mest overkommelige m\u00e5de at forbedre kvaliteten af dine ture p\u00e5 med f\u00f8lgende funktioner:<\/p>\n<ul>\n<li>Gratis afbestilling: Denne mulighed kan kun bruges 48 timer f\u00f8r startdatoen.<\/li>\n<li>Intet kreditkort: Der er altid masser af k\u00f8ret\u00f8jer at v\u00e6lge imellem.<\/li>\n<li>SIM-kort: Alle har brug for hurtigt internet eller opkald, n\u00e5r de rejser.<\/li>\n<li>Ekstra chauff\u00f8r: Det er altid godt at have nogen, der er klar til at k\u00f8re for dig.<\/li>\n<li>Ubegr\u00e6nset kilometertal: En fantastisk tilf\u00f8jelse til en billig udlejningsbil i Tanger.<\/li>\n<li>Intet depositum: Kan v\u00e6re 10-15% dyrere, men kommer uden sp\u00e6rring af depositum p\u00e5 kreditkort.<\/li>\n<li>B\u00f8rnes\u00e6de: B\u00f8rn under 10 \u00e5r kan kun flyttes i en barnestol (bagerste r\u00e6kke).<\/li>\n<li>Ekstra forsikring: Ingen grund til at bekymre sig om \u00f8konomisk frihed med SuperCDW eller Full Coverage.<\/li>\n<li>Garanteret model: Har du bestilt en Toyota Corolla? Du f\u00e5r pr\u00e6cis den Toyota Corolla.<\/li>\n<li>Transmission: Manuel vs. automatisk. Billig vs. komfortabel.<\/li>\n<\/ul>\n<blockquote class=\"info\">\n<h2>Biludlejning i Tanger: Booking<\/h2>\n<p>Har du fem minutter? S\u00e5 kan du leje et hvilket som helst k\u00f8ret\u00f8j p\u00e5 RosCar p\u00e5 denne m\u00e5de:<\/p>\n<ol>\n<li>Angiv start- og slutdatoer samt steder.<\/li>\n<li>G\u00e5 til filtre og klik p\u00e5 dem, du finder \u00f8nskelige. F\u00e5 en liste.<\/li>\n<li>V\u00e6lg din bil via Book Now.<\/li>\n<li>V\u00e6lg betalingstype, forsikring og ekstraudstyr i formularen.<\/li>\n<li>Tilf\u00f8j andre oplysninger og bekr\u00e6ft.<\/li>\n<li>Betal nu.<\/li>\n<\/ol>\n<p>Biludlejning i Tanger kan bookes af alle med et k\u00f8rekort (over 21 \u00e5r) og et bankkort (op til 20% til bekr\u00e6ftelsesbetaling). 80% af det resterende bel\u00f8b betales p\u00e5 stedet med den metode, du har angivet i formularen.<\/p><\/blockquote>\n<h2>Lej en bil Tanger pris<\/h2>\n<p>I denne del af Marokko kan du finde ret lave priser p\u00e5 biludlejning i Tanger:<\/p>\n<ul>\n<li>$15-20 for Economy eller Mini<\/li>\n<li>$25-30 for Standard<\/li>\n<li>$35-50 for Minivan, SUV, 4&#215;4 eller Crossover<\/li>\n<li>$60+ for luksus eller cabriolet.<\/li>\n<\/ul>\n<p>Midt i turists\u00e6sonen kan priserne stige med op til 60 % eller endnu mere. Derfor b\u00f8r du tage hensyn til f\u00f8lgende livshacks for at f\u00e5 lavere omkostninger:<\/p>\n<ul>\n<li>Book s\u00e5 tidligt som muligt<\/li>\n<li>V\u00e6lg en type k\u00f8ret\u00f8j, der ikke truer dit budget<\/li>\n<li>Se efter gratis funktioner (intet depositum, intet kreditkort, ubegr\u00e6nset kilometertal osv.)<\/li>\n<li>Angiv startdatoen til midten af ugen.<\/li>\n<\/ul>\n<p>Du b\u00f8r ogs\u00e5 sammenligne prisen:<\/p>\n<h3>Tabel med priser p\u00e5 biludlejning i Tanger, Marokko<\/h3>\n<table>\n<thead>\n<tr>\n<th>Bilmodel<\/th>\n<th>Type karosseri<\/th>\n<th>Pris pr. dag (lavs\u00e6son)<\/th>\n<th>Pris pr. dag (h\u00f8js\u00e6son)<\/th>\n<th>Antal passagerer<\/th>\n<th>Bagagekapacitet<\/th>\n<\/tr>\n<\/thead>\n<tbody>\n<tr>\n<td>Fiat Panda<\/td>\n<td>Hatchback<\/td>\n<td>20 \u20ac<\/td>\n<td>27 \u20ac<\/td>\n<td>4<\/td>\n<td>1<\/td>\n<\/tr>\n<tr>\n<td>Kia Picanto<\/td>\n<td>Hatchback<\/td>\n<td>22 \u20ac<\/td>\n<td>29 \u20ac<\/td>\n<td>4<\/td>\n<td>1<\/td>\n<\/tr>\n<tr>\n<td>Dacia Logan<\/td>\n<td>Sedan<\/td>\n<td>24 \u20ac<\/td>\n<td>32 \u20ac<\/td>\n<td>5<\/td>\n<td>2<\/td>\n<\/tr>\n<tr>\n<td>Peugeot 208<\/td>\n<td>Hatchback<\/td>\n<td>26 \u20ac<\/td>\n<td>35 \u20ac<\/td>\n<td>5<\/td>\n<td>2<\/td>\n<\/tr>\n<tr>\n<td>Renault Clio<\/td>\n<td>Hatchback<\/td>\n<td>27 \u20ac<\/td>\n<td>36 \u20ac<\/td>\n<td>5<\/td>\n<td>2<\/td>\n<\/tr>\n<tr>\n<td>Citro\u00ebn C-Elys\u00e9e<\/td>\n<td>Sedan<\/td>\n<td>29 \u20ac<\/td>\n<td>39 \u20ac<\/td>\n<td>5<\/td>\n<td>3<\/td>\n<\/tr>\n<tr>\n<td>Hyundai i20<\/td>\n<td>Hatchback<\/td>\n<td>28 \u20ac<\/td>\n<td>38 \u20ac<\/td>\n<td>5<\/td>\n<td>2<\/td>\n<\/tr>\n<tr>\n<td>Dacia Duster<\/td>\n<td>SUV<\/td>\n<td>38 \u20ac<\/td>\n<td>49 \u20ac<\/td>\n<td>5<\/td>\n<td>3<\/td>\n<\/tr>\n<tr>\n<td>Renault Kadjar<\/td>\n<td>SUV<\/td>\n<td>50 \u20ac<\/td>\n<td>62 \u20ac<\/td>\n<td>5<\/td>\n<td>4<\/td>\n<\/tr>\n<tr>\n<td>Peugeot 3008<\/td>\n<td>SUV<\/td>\n<td>55 \u20ac<\/td>\n<td>70 \u20ac<\/td>\n<td>5<\/td>\n<td>4<\/td>\n<\/tr>\n<\/tbody>\n<\/table>\n        <div class=\"rpc-chart\">\n            <h3>Hvordan priserne p\u00e5 biludlejning \u00e6ndrer sig i Tanger: en oversigt baseret p\u00e5 rigtige bookinger<\/h3>\n            <div><p>I l\u00f8bet af de sidste tre \u00e5r har roscar.ma overv\u00e5get priserne p\u00e5 biludlejning i Tanger. Alle data, der pr\u00e6senteres her, er baseret p\u00e5 reelle bookinger, hvilket giver os mulighed for at danne os et p\u00e5lideligt billede af s\u00e6sonudsving i lejepriserne.<\/p>\n<p>Analysen omfatter forskellige kategorier af biler - fra kompakte modeller til SUV'er, cabrioleter og premium-biler. Det giver os mulighed for at se, hvordan turistaktiviteten og \u00e5rstiden p\u00e5virker priserne.<\/p>\n<p>RosCar Marokkos specialister har stor erfaring med kundeservice i Marokko og tilbyder verificerede oplysninger, som vil v\u00e6re nyttige for alle, der planl\u00e6gger en rejse til Tanger og \u00f8nsker at planl\u00e6gge deres transportomkostninger effektivt.<\/p>\n<\/div>\n            <div class=\"rpc-chart-bars\">\n                                    <div class=\"rpc-chart-column\">\n                        <div class=\"rpc-chart-inner\" style=\"height: 24.528301886792%\">\n                            <div class=\"rpc-chart-column-value\">13 \u20ac<\/div>\n                            <div class=\"rpc-chart-month\">JAN<\/div>\n                        <\/div>\n                    <\/div>\n                                    <div class=\"rpc-chart-column\">\n                        <div class=\"rpc-chart-inner\" style=\"height: 26.415094339623%\">\n                            <div class=\"rpc-chart-column-value\">14 \u20ac<\/div>\n                            <div class=\"rpc-chart-month\">FEB<\/div>\n                        <\/div>\n                    <\/div>\n                                    <div class=\"rpc-chart-column\">\n                        <div class=\"rpc-chart-inner\" style=\"height: 28.301886792453%\">\n                            <div class=\"rpc-chart-column-value\">15 \u20ac<\/div>\n                            <div class=\"rpc-chart-month\">MAR<\/div>\n                        <\/div>\n                    <\/div>\n                                    <div class=\"rpc-chart-column\">\n                        <div class=\"rpc-chart-inner\" style=\"height: 45.283018867925%\">\n                            <div class=\"rpc-chart-column-value\">24 \u20ac<\/div>\n                            <div class=\"rpc-chart-month\">APR<\/div>\n                        <\/div>\n                    <\/div>\n                                    <div class=\"rpc-chart-column\">\n                        <div class=\"rpc-chart-inner\" style=\"height: 32.075471698113%\">\n                            <div class=\"rpc-chart-column-value\">17 \u20ac<\/div>\n                            <div class=\"rpc-chart-month\">MAY<\/div>\n                        <\/div>\n                    <\/div>\n                                    <div class=\"rpc-chart-column\">\n                        <div class=\"rpc-chart-inner\" style=\"height: 30.188679245283%\">\n                            <div class=\"rpc-chart-column-value\">16 \u20ac<\/div>\n                            <div class=\"rpc-chart-month\">JUN<\/div>\n                        <\/div>\n                    <\/div>\n                                    <div class=\"rpc-chart-column\">\n                        <div class=\"rpc-chart-inner\" style=\"height: 52.830188679245%\">\n                            <div class=\"rpc-chart-column-value\">28 \u20ac<\/div>\n                            <div class=\"rpc-chart-month\">JUL<\/div>\n                        <\/div>\n                    <\/div>\n                                    <div class=\"rpc-chart-column\">\n                        <div class=\"rpc-chart-inner\" style=\"height: 62.264150943396%\">\n                            <div class=\"rpc-chart-column-value\">33 \u20ac<\/div>\n                            <div class=\"rpc-chart-month\">AUG<\/div>\n                        <\/div>\n                    <\/div>\n                                    <div class=\"rpc-chart-column\">\n                        <div class=\"rpc-chart-inner\" style=\"height: 39.622641509434%\">\n                            <div class=\"rpc-chart-column-value\">21 \u20ac<\/div>\n                            <div class=\"rpc-chart-month\">SEP<\/div>\n                        <\/div>\n                    <\/div>\n                                    <div class=\"rpc-chart-column\">\n                        <div class=\"rpc-chart-inner\" style=\"height: 35.849056603774%\">\n                            <div class=\"rpc-chart-column-value\">19 \u20ac<\/div>\n                            <div class=\"rpc-chart-month\">OCT<\/div>\n                        <\/div>\n                    <\/div>\n                                    <div class=\"rpc-chart-column\">\n                        <div class=\"rpc-chart-inner\" style=\"height: 32.075471698113%\">\n                            <div class=\"rpc-chart-column-value\">17 \u20ac<\/div>\n                            <div class=\"rpc-chart-month\">NOV<\/div>\n                        <\/div>\n                    <\/div>\n                                    <div class=\"rpc-chart-column\">\n                        <div class=\"rpc-chart-inner\" style=\"height: 41.509433962264%\">\n                            <div class=\"rpc-chart-column-value\">22 \u20ac<\/div>\n                            <div class=\"rpc-chart-month\">DEC<\/div>\n                        <\/div>\n                    <\/div>\n                            <\/div>\n        <\/div>\n        \n<h2>Billeje Tanger: Dokumenter<\/h2>\n<p>Marokko er et \u00e5bent land, som er tilg\u00e6ngeligt for turister fra hele verden. Derfor kr\u00e6ves der kun standarddokumenter for at leje:<\/p>\n<ol>\n<li>K\u00f8rekort (2 \u00e5rs erfaring er p\u00e5kr\u00e6vet)<\/li>\n<li>Pas eller ID-kort<\/li>\n<li>Voucher eller bookingcertifikat<\/li>\n<li>Kreditkort (valgfrit).<\/li>\n<\/ol>\n","protected":false},"excerpt":{"rendered":"<p>Billeje Tanger fra RosCar Det nordlige Marokko er der, hvor to kontinenter (Europa og Afrika) m\u00f8des, hvor klimaet er varmt 365 dage om \u00e5ret, og hvor der altid er lyse minder. Her kan du leje en bil i Tanger og tage din rejse til et helt nyt niveau: F\u00e6rre udgifter til offentlig transport eller taxa [&hellip;]<\/p>\n","protected":false},"author":1,"featured_media":280,"parent":0,"menu_order":0,"comment_status":"closed","ping_status":"closed","template":"","meta":{"footnotes":""},"class_list":["post-2510","page","type-page","status-publish","has-post-thumbnail",""],"_links":{"self":[{"href":"https:\/\/roscar.ma\/da\/wp-json\/wp\/v2\/pages\/2510","targetHints":{"allow":["GET"]}}],"collection":[{"href":"https:\/\/roscar.ma\/da\/wp-json\/wp\/v2\/pages"}],"about":[{"href":"https:\/\/roscar.ma\/da\/wp-json\/wp\/v2\/types\/page"}],"author":[{"embeddable":true,"href":"https:\/\/roscar.ma\/da\/wp-json\/wp\/v2\/users\/1"}],"replies":[{"embeddable":true,"href":"https:\/\/roscar.ma\/da\/wp-json\/wp\/v2\/comments?post=2510"}],"version-history":[{"count":1,"href":"https:\/\/roscar.ma\/da\/wp-json\/wp\/v2\/pages\/2510\/revisions"}],"predecessor-version":[{"id":2511,"href":"https:\/\/roscar.ma\/da\/wp-json\/wp\/v2\/pages\/2510\/revisions\/2511"}],"wp:featuredmedia":[{"embeddable":true,"href":"https:\/\/roscar.ma\/da\/wp-json\/wp\/v2\/media\/280"}],"wp:attachment":[{"href":"https:\/\/roscar.ma\/da\/wp-json\/wp\/v2\/media?parent=2510"}],"curies":[{"name":"wp","href":"https:\/\/api.w.org\/{rel}","templated":true}]}}