{"id":2139,"date":"2025-07-17T11:30:24","date_gmt":"2025-07-17T11:30:24","guid":{"rendered":"https:\/\/roscar.ma\/?page_id=2139"},"modified":"2025-07-26T11:02:00","modified_gmt":"2025-07-26T11:02:00","slug":"billeje-agadir","status":"publish","type":"page","link":"https:\/\/roscar.ma\/da\/billeje-agadir\/","title":{"rendered":"Billeje Agadir"},"content":{"rendered":"<h2>Billeje Agadir fra RosCar<\/h2>\n<p>Marokko er et land med en unik stemning, levende landskaber og dusinvis af uds\u00f8gte kystbyer. Det er det perfekte sted for dem, der s\u00f8ger noget mere end bare at slappe af p\u00e5 stranden. Og der er kun \u00e9n vej at g\u00e5, hvis du \u00f8nsker at f\u00e5 mest muligt ud af din rejse og f\u00e5 dit udbytte af levende fornemmelser: biludlejning i Agadir. Er du klar til at f\u00e5 din? S\u00e5 book nu med RosCar, og du vil v\u00e6re i stand til det:<\/p>\n<ul>\n<li>V\u00e6lge de bedste tilbud med win-win betingelser<\/li>\n<li>Udstyre bilen med ekstraudstyr, der g\u00f8r livet bedre og lettere<\/li>\n<li>Bev\u00e6ge dig langs din unikke sti uden at v\u00e6re bundet til andres tidsplan<\/li>\n<li>F\u00e5 lave priser p\u00e5 langtidsleje af bil.<\/li>\n<\/ul>\n<h2>Billeje Agadir: Guiden<\/h2>\n<p>F\u00f8r du trykker p\u00e5 knappen &#8220;Book nu&#8221;, foresl\u00e5r vi, at du l\u00e6ser en kort introduktion. Dette er vejen for tusindvis af aktive rejsende fra hele verden, som giver dig mulighed for at tage det, du ikke vil fortryde.<\/p>\n<h3>1. V\u00e6lg den type k\u00f8ret\u00f8j, der passer til dit budget og dine m\u00e5l<\/h3>\n<p>Billig biludlejning i Agadir er kun tilg\u00e6ngelig for dem, der v\u00e6lger den rigtige type:<\/p>\n<ul>\n<li>Standardbil (Bestseller i Marokko)<\/li>\n<li>Crossover eller SUV<\/li>\n<li>Minibil eller \u00f8konomibil<\/li>\n<li>Minivan eller varevogn<\/li>\n<li>Cabriolet, luksus eller andet.<\/li>\n<\/ul>\n<h3>2. Hvad med ekstra services?<\/h3>\n<p>Dette er den del af reservationen, som mange turister ofte springer over, men derefter fortryder, at de ikke var mere opm\u00e6rksomme p\u00e5 den. M\u00e5ske er der noget her, der vil g\u00f8re din biludlejning i Agadir bedre:<\/p>\n<ul>\n<li>Ekstra forsikring: De \u00f8konomiske risici bliver mindre, hvis du har betalt for en opgradering til Full Coverage eller SuperCDW.<\/li>\n<li>Gratis afbestilling: Hvis du ikke er 100% sikker p\u00e5 dine planer.<\/li>\n<li>Ubegr\u00e6nset antal kilometer: Ingen gebyrer for endel\u00f8se rejsemuligheder.<\/li>\n<li>Intet depositum: Ingen grund til at sk\u00e6re i dit budget, pr\u00f8v ingen indbetalingsblokeringer p\u00e5 kreditkort.<\/li>\n<li>Garanteret model: Den samme bil vil blive reserveret, ingen undtagelser.<\/li>\n<li>Transmission: Du vil ikke blive overrasket over at h\u00f8re, at vi anbefaler automatgear.<\/li>\n<li>Intet kreditkort: Mange gode k\u00f8ret\u00f8jer er tilg\u00e6ngelige med denne gratis funktion.<\/li>\n<li>SIM-kort: At rejse i 2025 er umuligt uden en stabil og billig internetforbindelse.<\/li>\n<li>Ekstra chauff\u00f8r: V\u00e6lg denne mulighed, hvis du gerne vil lade en ven k\u00f8re p\u00e5 vejen.<\/li>\n<li>B\u00f8rnes\u00e6de: B\u00f8rn under 10 \u00e5r skal sidde i en barnestol i Marokko.<\/li>\n<\/ul>\n<blockquote class=\"check\">\n<h2>Biludlejning i Agadir: Booking<\/h2>\n<p>Har du k\u00f8rekort og er over 21 \u00e5r gammel? S\u00e5 f\u00e5 Agadir biludlejning s\u00e5 hurtigt som muligt:<\/p>\n<ol>\n<li>Angiv steder og datoer.<\/li>\n<li>G\u00e5 til filtre for at tilpasse din s\u00f8gning.<\/li>\n<li>Fandt du det \u00f8nskede k\u00f8ret\u00f8j p\u00e5 listen? Book nu.<\/li>\n<li>Tilf\u00f8j yderligere tjenester eller forsikringstype (hvis du har brug for en opgradering).<\/li>\n<li>Udfyld din chauff\u00f8rs oplysninger.<\/li>\n<li>Bekr\u00e6ft.<\/li>\n<\/ol>\n<p>Bekr\u00e6ftelse af booking p\u00e5 RosCar udf\u00f8res via et bankkort, som kr\u00e6ver ca. en femtedel af lejebetalingen. Voucheren (bekr\u00e6ftelse af reservationen) vil blive sendt, s\u00e5 snart betalingen er krediteret.<\/p><\/blockquote>\n<h2>Lej en bil Agadir pris<\/h2>\n<p>Prisen for en dags k\u00f8rsel i et lejet k\u00f8ret\u00f8j er:<\/p>\n<ul>\n<li>$15-20 for Economy\/Mini<\/li>\n<li>$25-35 for Standard\/Compact<\/li>\n<li>$40-60 for Crossover\/SUV\/Minivan<\/li>\n<li>$80+ for luksus\/cabriolet.<\/li>\n<\/ul>\n<p>Dette er kun omtrentlige v\u00e6rdier i gennemsnit over \u00e5ret. Det vil v\u00e6re billigere at leje en bil i Agadir, hvis du:<\/p>\n<ul>\n<li>Holder dig v\u00e6k fra sidste-\u00f8jebliks-s\u00e6soner eller ferier<\/li>\n<li>Kigger efter langtidsleje af bil<\/li>\n<li>Afhenter i byen (lufthavn eller transfer er dyrere)<\/li>\n<li>Reserverer i god tid (10-20 dage f\u00f8r start).<\/li>\n<\/ul>\n<p>Vi anbefaler ogs\u00e5 at sammenligne prisen:<\/p>\n<h3>Tabel med priser for biludlejning i Agadir, Marokko<\/h3>\n<table border=\"1\" cellspacing=\"0\" cellpadding=\"0\">\n<thead>\n<tr>\n<th>Bilmodel<\/th>\n<th>Karosseritype<\/th>\n<th>Pris pr. dag (lavs\u00e6son)<\/th>\n<th>Pris pr. dag (h\u00f8js\u00e6son)<\/th>\n<th>Antal passagerer<\/th>\n<th>Bagagekapacitet<\/th>\n<\/tr>\n<\/thead>\n<tbody>\n<tr>\n<td>Fiat Panda<\/td>\n<td>Hatchback<\/td>\n<td>19 \u20ac<\/td>\n<td>25 \u20ac<\/td>\n<td>4<\/td>\n<td>1<\/td>\n<\/tr>\n<tr>\n<td>Kia Picanto<\/td>\n<td>Hatchback<\/td>\n<td>21 \u20ac<\/td>\n<td>28 \u20ac<\/td>\n<td>4<\/td>\n<td>1<\/td>\n<\/tr>\n<tr>\n<td>Dacia Logan<\/td>\n<td>Sedan<\/td>\n<td>23 \u20ac<\/td>\n<td>31 \u20ac<\/td>\n<td>5<\/td>\n<td>2<\/td>\n<\/tr>\n<tr>\n<td>Hyundai i20<\/td>\n<td>Hatchback<\/td>\n<td>25 \u20ac<\/td>\n<td>34 \u20ac<\/td>\n<td>5<\/td>\n<td>2<\/td>\n<\/tr>\n<tr>\n<td>Peugeot 208<\/td>\n<td>Hatchback<\/td>\n<td>26 \u20ac<\/td>\n<td>35 \u20ac<\/td>\n<td>5<\/td>\n<td>2<\/td>\n<\/tr>\n<tr>\n<td>Renault Clio<\/td>\n<td>Hatchback<\/td>\n<td>27 \u20ac<\/td>\n<td>37 \u20ac<\/td>\n<td>5<\/td>\n<td>2<\/td>\n<\/tr>\n<tr>\n<td>Citro\u00ebn C-Elys\u00e9e<\/td>\n<td>Sedan<\/td>\n<td>28 \u20ac<\/td>\n<td>38 \u20ac<\/td>\n<td>5<\/td>\n<td>3<\/td>\n<\/tr>\n<tr>\n<td>Renault Captur<\/td>\n<td>Crossover<\/td>\n<td>33 \u20ac<\/td>\n<td>44 \u20ac<\/td>\n<td>5<\/td>\n<td>3<\/td>\n<\/tr>\n<tr>\n<td>Dacia Duster<\/td>\n<td>SUV<\/td>\n<td>37 \u20ac<\/td>\n<td>48 \u20ac<\/td>\n<td>5<\/td>\n<td>3<\/td>\n<\/tr>\n<tr>\n<td>Peugeot 3008<\/td>\n<td>SUV<\/td>\n<td>54 \u20ac<\/td>\n<td>68 \u20ac<\/td>\n<td>5<\/td>\n<td>4<\/td>\n<\/tr>\n<\/tbody>\n<\/table>\n        <div class=\"rpc-chart\">\n            <h3>S\u00e6sonbestemte \u00e6ndringer i priserne p\u00e5 biludlejning i Agadir: faktiske analyser baseret p\u00e5 bookinger<\/h3>\n            <div><p>I l\u00f8bet af de sidste tre \u00e5r har roscar.ma-teamet indsamlet og analyseret data om de gennemsnitlige omkostninger ved at leje en bil i Agadir. Alle resultater er baseret p\u00e5 reelle bookinger foretaget via platformen, som udelukkende samarbejder med p\u00e5lidelige lokale partnere.<\/p>\n<p>Unders\u00f8gelsen tager h\u00f8jde for alle kategorier af biler - fra kompakte bymodeller til rummelige SUV'er, cabrioleter og business-class biler. Denne tilgang giver dig mulighed for at identificere n\u00f8jagtige s\u00e6sonbestemte pristendenser og give kunderne de mest nyttige oplysninger til planl\u00e6gning af deres rejse.<\/p>\n<p>RosCar Marokkos specialister har en dyb forst\u00e5else af biludlejningsmarkedet i Marokko og arbejder dagligt p\u00e5 at opdatere aktuelle statistikker. Det sikrer, at brugerne ikke bare f\u00e5r gennemsnitsv\u00e6rdier, men p\u00e5lidelige, praktiske oplysninger, der opfylder de reelle betingelser.<\/p>\n<\/div>\n            <div class=\"rpc-chart-bars\">\n                                    <div class=\"rpc-chart-column\">\n                        <div class=\"rpc-chart-inner\" style=\"height: 27.659574468085%\">\n                            <div class=\"rpc-chart-column-value\">13 \u20ac<\/div>\n                            <div class=\"rpc-chart-month\">JAN<\/div>\n                        <\/div>\n                    <\/div>\n                                    <div class=\"rpc-chart-column\">\n                        <div class=\"rpc-chart-inner\" style=\"height: 29.787234042553%\">\n                            <div class=\"rpc-chart-column-value\">14 \u20ac<\/div>\n                            <div class=\"rpc-chart-month\">FEB<\/div>\n                        <\/div>\n                    <\/div>\n                                    <div class=\"rpc-chart-column\">\n                        <div class=\"rpc-chart-inner\" style=\"height: 27.659574468085%\">\n                            <div class=\"rpc-chart-column-value\">13 \u20ac<\/div>\n                            <div class=\"rpc-chart-month\">MAR<\/div>\n                        <\/div>\n                    <\/div>\n                                    <div class=\"rpc-chart-column\">\n                        <div class=\"rpc-chart-inner\" style=\"height: 38.297872340426%\">\n                            <div class=\"rpc-chart-column-value\">18 \u20ac<\/div>\n                            <div class=\"rpc-chart-month\">APR<\/div>\n                        <\/div>\n                    <\/div>\n                                    <div class=\"rpc-chart-column\">\n                        <div class=\"rpc-chart-inner\" style=\"height: 29.787234042553%\">\n                            <div class=\"rpc-chart-column-value\">14 \u20ac<\/div>\n                            <div class=\"rpc-chart-month\">MAY<\/div>\n                        <\/div>\n                    <\/div>\n                                    <div class=\"rpc-chart-column\">\n                        <div class=\"rpc-chart-inner\" style=\"height: 27.659574468085%\">\n                            <div class=\"rpc-chart-column-value\">13 \u20ac<\/div>\n                            <div class=\"rpc-chart-month\">JUN<\/div>\n                        <\/div>\n                    <\/div>\n                                    <div class=\"rpc-chart-column\">\n                        <div class=\"rpc-chart-inner\" style=\"height: 46.808510638298%\">\n                            <div class=\"rpc-chart-column-value\">22 \u20ac<\/div>\n                            <div class=\"rpc-chart-month\">JUL<\/div>\n                        <\/div>\n                    <\/div>\n                                    <div class=\"rpc-chart-column\">\n                        <div class=\"rpc-chart-inner\" style=\"height: 57.446808510638%\">\n                            <div class=\"rpc-chart-column-value\">27 \u20ac<\/div>\n                            <div class=\"rpc-chart-month\">AUG<\/div>\n                        <\/div>\n                    <\/div>\n                                    <div class=\"rpc-chart-column\">\n                        <div class=\"rpc-chart-inner\" style=\"height: 31.914893617021%\">\n                            <div class=\"rpc-chart-column-value\">15 \u20ac<\/div>\n                            <div class=\"rpc-chart-month\">SEP<\/div>\n                        <\/div>\n                    <\/div>\n                                    <div class=\"rpc-chart-column\">\n                        <div class=\"rpc-chart-inner\" style=\"height: 38.297872340426%\">\n                            <div class=\"rpc-chart-column-value\">18 \u20ac<\/div>\n                            <div class=\"rpc-chart-month\">OCT<\/div>\n                        <\/div>\n                    <\/div>\n                                    <div class=\"rpc-chart-column\">\n                        <div class=\"rpc-chart-inner\" style=\"height: 31.914893617021%\">\n                            <div class=\"rpc-chart-column-value\">15 \u20ac<\/div>\n                            <div class=\"rpc-chart-month\">NOV<\/div>\n                        <\/div>\n                    <\/div>\n                                    <div class=\"rpc-chart-column\">\n                        <div class=\"rpc-chart-inner\" style=\"height: 40.425531914894%\">\n                            <div class=\"rpc-chart-column-value\">19 \u20ac<\/div>\n                            <div class=\"rpc-chart-month\">DEC<\/div>\n                        <\/div>\n                    <\/div>\n                            <\/div>\n        <\/div>\n        \n<h2>Leje af bil i Agadir: Dokumenter<\/h2>\n<p>21-25 \u00e5r, nogen k\u00f8reerfaring og f\u00f8lgende dokumenter er p\u00e5kr\u00e6vet for at leje en bil i Agadir:<\/p>\n<ol>\n<li>Kreditkort (valgfrit)<\/li>\n<li>Pas<\/li>\n<li>Voucher\/reservationsbevis<\/li>\n<li>K\u00f8rekort (eller IDP).<\/li>\n<\/ol>\n<p>Biludlejning i Agadir er en uundv\u00e6rlig service for turister, der ikke kun vil se Agadir, men hele Marokko.<\/p>\n","protected":false},"excerpt":{"rendered":"<p>Billeje Agadir fra RosCar Marokko er et land med en unik stemning, levende landskaber og dusinvis af uds\u00f8gte kystbyer. Det er det perfekte sted for dem, der s\u00f8ger noget mere end bare at slappe af p\u00e5 stranden. Og der er kun \u00e9n vej at g\u00e5, hvis du \u00f8nsker at f\u00e5 mest muligt ud af din [&hellip;]<\/p>\n","protected":false},"author":1,"featured_media":790,"parent":0,"menu_order":0,"comment_status":"closed","ping_status":"closed","template":"","meta":{"footnotes":""},"class_list":["post-2139","page","type-page","status-publish","has-post-thumbnail",""],"_links":{"self":[{"href":"https:\/\/roscar.ma\/da\/wp-json\/wp\/v2\/pages\/2139","targetHints":{"allow":["GET"]}}],"collection":[{"href":"https:\/\/roscar.ma\/da\/wp-json\/wp\/v2\/pages"}],"about":[{"href":"https:\/\/roscar.ma\/da\/wp-json\/wp\/v2\/types\/page"}],"author":[{"embeddable":true,"href":"https:\/\/roscar.ma\/da\/wp-json\/wp\/v2\/users\/1"}],"replies":[{"embeddable":true,"href":"https:\/\/roscar.ma\/da\/wp-json\/wp\/v2\/comments?post=2139"}],"version-history":[{"count":1,"href":"https:\/\/roscar.ma\/da\/wp-json\/wp\/v2\/pages\/2139\/revisions"}],"predecessor-version":[{"id":2140,"href":"https:\/\/roscar.ma\/da\/wp-json\/wp\/v2\/pages\/2139\/revisions\/2140"}],"wp:featuredmedia":[{"embeddable":true,"href":"https:\/\/roscar.ma\/da\/wp-json\/wp\/v2\/media\/790"}],"wp:attachment":[{"href":"https:\/\/roscar.ma\/da\/wp-json\/wp\/v2\/media?parent=2139"}],"curies":[{"name":"wp","href":"https:\/\/api.w.org\/{rel}","templated":true}]}}