{"id":2085,"date":"2025-07-17T11:14:56","date_gmt":"2025-07-17T11:14:56","guid":{"rendered":"https:\/\/roscar.ma\/?page_id=2085"},"modified":"2025-07-25T15:05:55","modified_gmt":"2025-07-25T15:05:55","slug":"billeje-fez-fes","status":"publish","type":"page","link":"https:\/\/roscar.ma\/da\/billeje-fez-fes\/","title":{"rendered":"Billeje Fez (Fes)"},"content":{"rendered":"<h2>Billeje Fez (Fes) fra RosCar<\/h2>\n<p>N\u00e6sten alle lande har en uofficiel hovedstad, som er centrum for det kulturelle liv i hele staten. Vil du finde denne smukke by i Marokko? S\u00e5 er du n\u00f8dt til at leje en bil i Fes:<\/p>\n<ul>\n<li>F\u00e5 den bedste k\u00f8reoplevelse til en lav pris<\/li>\n<li>V\u00e6lge det bedste k\u00f8ret\u00f8j med det ideelle udstyr<\/li>\n<li>Tage din rejse til et andet niveau af komfort<\/li>\n<li>Lad dig ikke begr\u00e6nse af dine rejsemuligheder.<\/li>\n<\/ul>\n<p>Lej en bil i Fez gennem RosCar, og du vil v\u00e6re i stand til at afd\u00e6kke alle hemmelighederne i denne fantastiske arabiske verden. Men f\u00f8rst skal du forberede dit kort til at bekr\u00e6fte reservationen, for der er ingen anden m\u00e5de at f\u00e5 dit k\u00f8ret\u00f8j p\u00e5. Book nu.<\/p>\n<h2>Billeje Fez (Fes): Guide<\/h2>\n<p>Nogle gange har selv erfarne rejsende brug for et godt r\u00e5d. Det er den slags tips, der giver dig mulighed for at betale mindre og f\u00e5 den bedste v\u00e6rdi p\u00e5 kortest mulig tid.<\/p>\n<h3>F\u00f8rste tip: Brug filtre efter type<\/h3>\n<p>Spild ikke tid p\u00e5 at s\u00f8ge efter k\u00f8ret\u00f8jer, du ikke er interesseret i. V\u00e6lg bare \u00e9n:<\/p>\n<ul>\n<li>\u00d8konomi<\/li>\n<li>Standard<\/li>\n<li>Mini<\/li>\n<li>Cabriolet<\/li>\n<li>SUV eller crossover<\/li>\n<li>Minivan eller varevogn<\/li>\n<li>Andet.<\/li>\n<\/ul>\n<h3>Tip to: Find ekstraudstyr<\/h3>\n<p>Ikke \u00e9n, men et dusin ekstraydelser, du kan f\u00e5 fra billig biludlejning i Fes:<\/p>\n<ul>\n<li>Intet kreditkort: Ethvert andet kreditkort eller kontanter fungerer.<\/li>\n<li>SIM-kort: Du skal bruge et til at navigere gennem Fez&#8217; mange attraktioner.<\/li>\n<li>Ekstra chauff\u00f8r: Enhver, der opfylder alderskravene for udlejning.<\/li>\n<li>B\u00f8rnes\u00e6de: Det skal v\u00e6re sikkert at rejse med b\u00f8rn.<\/li>\n<li>Gratis afbestilling: Bookingomkostningerne refunderes, hvis du afbestiller 48 timer i forvejen.<\/li>\n<li>Ubegr\u00e6nset antal kilometer: En uendelig m\u00e6ngde af utrolig arabisk sk\u00f8nhed.<\/li>\n<li>Intet depositum: Mindre stress involveret, n\u00e5r det er blokeringer uden indskud p\u00e5 kreditkort.<\/li>\n<li>Garanteret model: Afhentning er det samme k\u00f8ret\u00f8j, som du har bedt om.<\/li>\n<li>Transmission: Hvad foretr\u00e6kker du, manuelt eller automatisk?<\/li>\n<li>Ekstra forsikring: Super CDW eller Full Coverage er de bedste opgraderingsmuligheder.<\/li>\n<\/ul>\n<blockquote class=\"info\">\n<h2>Billeje Fez (Fes) i detaljer<\/h2>\n<p>RosCar har en enkel bookingprocedure, som enhver voksen (21 \u00e5r og \u00e6ldre) kan h\u00e5ndtere:<\/p>\n<ol>\n<li>Angiv datoer og steder.<\/li>\n<li>G\u00e5 til filtre, klik p\u00e5 de \u00f8nskede.<\/li>\n<li>Rul listen, og book nu, n\u00e5r du ser den bedste.<\/li>\n<li>V\u00e6lg forsikringstype (standard eller opgradering) samt yderligere muligheder.<\/li>\n<li>Udfyld de vigtigste oplysninger om f\u00f8reren.<\/li>\n<li>Bekr\u00e6ft<\/li>\n<\/ol>\n<p>Billeje i Fez kr\u00e6ver, at ethvert bankkort automatisk bekr\u00e6ftes. Betalingsbel\u00f8bet kan variere fra en femtedel til det fulde lejebel\u00f8b.<\/p><\/blockquote>\n<h2>Pris p\u00e5 biludlejning i Fes<\/h2>\n<p>Athens of Africa er n\u00e6ppe et billigt sted at rejse, men du kan altid finde et k\u00f8ret\u00f8j til ethvert budget:<\/p>\n<ul>\n<li>$20-30 for Mini eller Economy<\/li>\n<li>30-40 dollars for standard<\/li>\n<li>40-55 dollars for minivan, SUV eller crossover<\/li>\n<li>$70+ for luksus eller cabriolet.<\/li>\n<\/ul>\n<p>Bem\u00e6rk, at priserne m\u00e5ske ikke altid er, som de er. Den gennemsnitlige dagspris kan variere betydeligt afh\u00e6ngigt af flere faktorer:<\/p>\n<ul>\n<li>Lejem\u00e5lets varighed<\/li>\n<li>Afhentningsmetode (Fez by eller lufthavn)<\/li>\n<li>Antal ekstra muligheder<\/li>\n<li>Operat\u00f8rens arbejdsbyrde.<\/li>\n<\/ul>\n<p>S\u00e5dan sammenligner du prisen p\u00e5 biludlejning i Fez:<\/p>\n<h3>Tabel med priser p\u00e5 biludlejning i Fes, Marokko<\/h3>\n<table border=\"1\">\n<thead>\n<tr>\n<th>Bilmodel<\/th>\n<th>Type karosseri<\/th>\n<th>Pris pr. dag (lavs\u00e6son)<\/th>\n<th>Pris pr. dag (h\u00f8js\u00e6son)<\/th>\n<th>Antal passagerer<\/th>\n<th>Bagagekapacitet<\/th>\n<\/tr>\n<\/thead>\n<tbody>\n<tr>\n<td>Fiat Panda<\/td>\n<td>Hatchback<\/td>\n<td>19 \u20ac<\/td>\n<td>26 \u20ac<\/td>\n<td>4<\/td>\n<td>1<\/td>\n<\/tr>\n<tr>\n<td>Hyundai i10<\/td>\n<td>Hatchback<\/td>\n<td>21 \u20ac<\/td>\n<td>28 \u20ac<\/td>\n<td>4<\/td>\n<td>1<\/td>\n<\/tr>\n<tr>\n<td>Kia Picanto<\/td>\n<td>Hatchback<\/td>\n<td>22 \u20ac<\/td>\n<td>30 \u20ac<\/td>\n<td>4<\/td>\n<td>1<\/td>\n<\/tr>\n<tr>\n<td>Peugeot 208<\/td>\n<td>Hatchback<\/td>\n<td>24 \u20ac<\/td>\n<td>33 \u20ac<\/td>\n<td>5<\/td>\n<td>2<\/td>\n<\/tr>\n<tr>\n<td>Dacia Logan<\/td>\n<td>Sedan<\/td>\n<td>25 \u20ac<\/td>\n<td>34 \u20ac<\/td>\n<td>5<\/td>\n<td>2<\/td>\n<\/tr>\n<tr>\n<td>Renault Clio<\/td>\n<td>Hatchback<\/td>\n<td>27 \u20ac<\/td>\n<td>36 \u20ac<\/td>\n<td>5<\/td>\n<td>2<\/td>\n<\/tr>\n<tr>\n<td>Citro\u00ebn C-Elys\u00e9e<\/td>\n<td>Sedan<\/td>\n<td>28 \u20ac<\/td>\n<td>38 \u20ac<\/td>\n<td>5<\/td>\n<td>3<\/td>\n<\/tr>\n<tr>\n<td>Renault Captur<\/td>\n<td>Crossover<\/td>\n<td>32 \u20ac<\/td>\n<td>43 \u20ac<\/td>\n<td>5<\/td>\n<td>3<\/td>\n<\/tr>\n<tr>\n<td>Dacia Duster<\/td>\n<td>SUV<\/td>\n<td>36 \u20ac<\/td>\n<td>47 \u20ac<\/td>\n<td>5<\/td>\n<td>3<\/td>\n<\/tr>\n<tr>\n<td>Peugeot 3008<\/td>\n<td>SUV<\/td>\n<td>52 \u20ac<\/td>\n<td>66 \u20ac<\/td>\n<td>5<\/td>\n<td>4<\/td>\n<\/tr>\n<\/tbody>\n<\/table>\n        <div class=\"rpc-chart\">\n            <h3>Hvordan priserne p\u00e5 biludlejning i Fez \u00e6ndrer sig afh\u00e6ngigt af s\u00e6sonen: analyse baseret p\u00e5 reelle bookinger<\/h3>\n            <div><p>I l\u00f8bet af de resterende tre \u00e5r registrerede vi \u00e6ndringer i gennemsnitspriserne for biludlejning fra Fez, vikoryst og faktiske bookingdata foretaget via roscar.ma-platformen. Vi arbejder kun med verificerede lokale udlejningsselskaber, hvilket garanterer indsigt og p\u00e5lidelighed i udlejningsforholdene.<\/p>\n<p>Analysen d\u00e6kker hele spektret af transportk\u00f8ret\u00f8jer: fra billige hatchbacks til lokal pendling til nyttek\u00f8ret\u00f8jer, cabrioleter og biler i premiumklassen. Denne tilgang g\u00f8r det muligt at identificere karakteristiske s\u00e6sonm\u00e6ssige prisudsving og reagere \u00f8jeblikkeligt p\u00e5 pris\u00e6ndringer.<\/p>\n<p>Tjek vores information for at finde ud af, hvorn\u00e5r det er bedst at leje en bil. RosCar er din p\u00e5lidelige assistent i planl\u00e6gningen af en manuel og effektiv transport i Marokko.<\/p>\n<\/div>\n            <div class=\"rpc-chart-bars\">\n                                    <div class=\"rpc-chart-column\">\n                        <div class=\"rpc-chart-inner\" style=\"height: 25%\">\n                            <div class=\"rpc-chart-column-value\">12 \u20ac<\/div>\n                            <div class=\"rpc-chart-month\">JAN<\/div>\n                        <\/div>\n                    <\/div>\n                                    <div class=\"rpc-chart-column\">\n                        <div class=\"rpc-chart-inner\" style=\"height: 27.083333333333%\">\n                            <div class=\"rpc-chart-column-value\">13 \u20ac<\/div>\n                            <div class=\"rpc-chart-month\">FEB<\/div>\n                        <\/div>\n                    <\/div>\n                                    <div class=\"rpc-chart-column\">\n                        <div class=\"rpc-chart-inner\" style=\"height: 29.166666666667%\">\n                            <div class=\"rpc-chart-column-value\">14 \u20ac<\/div>\n                            <div class=\"rpc-chart-month\">MAR<\/div>\n                        <\/div>\n                    <\/div>\n                                    <div class=\"rpc-chart-column\">\n                        <div class=\"rpc-chart-inner\" style=\"height: 35.416666666667%\">\n                            <div class=\"rpc-chart-column-value\">17 \u20ac<\/div>\n                            <div class=\"rpc-chart-month\">APR<\/div>\n                        <\/div>\n                    <\/div>\n                                    <div class=\"rpc-chart-column\">\n                        <div class=\"rpc-chart-inner\" style=\"height: 37.5%\">\n                            <div class=\"rpc-chart-column-value\">18 \u20ac<\/div>\n                            <div class=\"rpc-chart-month\">MAY<\/div>\n                        <\/div>\n                    <\/div>\n                                    <div class=\"rpc-chart-column\">\n                        <div class=\"rpc-chart-inner\" style=\"height: 43.75%\">\n                            <div class=\"rpc-chart-column-value\">21 \u20ac<\/div>\n                            <div class=\"rpc-chart-month\">JUN<\/div>\n                        <\/div>\n                    <\/div>\n                                    <div class=\"rpc-chart-column\">\n                        <div class=\"rpc-chart-inner\" style=\"height: 52.083333333333%\">\n                            <div class=\"rpc-chart-column-value\">25 \u20ac<\/div>\n                            <div class=\"rpc-chart-month\">JUL<\/div>\n                        <\/div>\n                    <\/div>\n                                    <div class=\"rpc-chart-column\">\n                        <div class=\"rpc-chart-inner\" style=\"height: 58.333333333333%\">\n                            <div class=\"rpc-chart-column-value\">28 \u20ac<\/div>\n                            <div class=\"rpc-chart-month\">AUG<\/div>\n                        <\/div>\n                    <\/div>\n                                    <div class=\"rpc-chart-column\">\n                        <div class=\"rpc-chart-inner\" style=\"height: 39.583333333333%\">\n                            <div class=\"rpc-chart-column-value\">19 \u20ac<\/div>\n                            <div class=\"rpc-chart-month\">SEP<\/div>\n                        <\/div>\n                    <\/div>\n                                    <div class=\"rpc-chart-column\">\n                        <div class=\"rpc-chart-inner\" style=\"height: 35.416666666667%\">\n                            <div class=\"rpc-chart-column-value\">17 \u20ac<\/div>\n                            <div class=\"rpc-chart-month\">OCT<\/div>\n                        <\/div>\n                    <\/div>\n                                    <div class=\"rpc-chart-column\">\n                        <div class=\"rpc-chart-inner\" style=\"height: 27.083333333333%\">\n                            <div class=\"rpc-chart-column-value\">13 \u20ac<\/div>\n                            <div class=\"rpc-chart-month\">NOV<\/div>\n                        <\/div>\n                    <\/div>\n                                    <div class=\"rpc-chart-column\">\n                        <div class=\"rpc-chart-inner\" style=\"height: 39.583333333333%\">\n                            <div class=\"rpc-chart-column-value\">19 \u20ac<\/div>\n                            <div class=\"rpc-chart-month\">DEC<\/div>\n                        <\/div>\n                    <\/div>\n                            <\/div>\n        <\/div>\n        \n<h2>Billeje Fez (Fes): Dokumenter<\/h2>\n<p>Hvert udlejningsfirma kan have sine egne krav til alder (21-25) eller dokumenter. Du skal dog altid bruge:<\/p>\n<ol>\n<li>Pas<\/li>\n<li>Kreditkort (depositum eller sikkerhedscheck)<\/li>\n<li>K\u00f8rekort.<\/li>\n<\/ol>\n<p>Voucher (reservationsbekr\u00e6ftelse) er ikke obligatorisk, men sendes til din e-mail efter booking p\u00e5 RosCar. Billeje i Fez er din indgang til at udforske byens rige kultur og skjulte perler &#8211; reserver din bil i dag for at f\u00e5 en smidig og fleksibel rejseoplevelse.<\/p>\n","protected":false},"excerpt":{"rendered":"<p>Billeje Fez (Fes) fra RosCar N\u00e6sten alle lande har en uofficiel hovedstad, som er centrum for det kulturelle liv i hele staten. Vil du finde denne smukke by i Marokko? S\u00e5 er du n\u00f8dt til at leje en bil i Fes: F\u00e5 den bedste k\u00f8reoplevelse til en lav pris V\u00e6lge det bedste k\u00f8ret\u00f8j med det [&hellip;]<\/p>\n","protected":false},"author":1,"featured_media":237,"parent":0,"menu_order":0,"comment_status":"closed","ping_status":"closed","template":"","meta":{"footnotes":""},"class_list":["post-2085","page","type-page","status-publish","has-post-thumbnail",""],"_links":{"self":[{"href":"https:\/\/roscar.ma\/da\/wp-json\/wp\/v2\/pages\/2085","targetHints":{"allow":["GET"]}}],"collection":[{"href":"https:\/\/roscar.ma\/da\/wp-json\/wp\/v2\/pages"}],"about":[{"href":"https:\/\/roscar.ma\/da\/wp-json\/wp\/v2\/types\/page"}],"author":[{"embeddable":true,"href":"https:\/\/roscar.ma\/da\/wp-json\/wp\/v2\/users\/1"}],"replies":[{"embeddable":true,"href":"https:\/\/roscar.ma\/da\/wp-json\/wp\/v2\/comments?post=2085"}],"version-history":[{"count":1,"href":"https:\/\/roscar.ma\/da\/wp-json\/wp\/v2\/pages\/2085\/revisions"}],"predecessor-version":[{"id":2088,"href":"https:\/\/roscar.ma\/da\/wp-json\/wp\/v2\/pages\/2085\/revisions\/2088"}],"wp:featuredmedia":[{"embeddable":true,"href":"https:\/\/roscar.ma\/da\/wp-json\/wp\/v2\/media\/237"}],"wp:attachment":[{"href":"https:\/\/roscar.ma\/da\/wp-json\/wp\/v2\/media?parent=2085"}],"curies":[{"name":"wp","href":"https:\/\/api.w.org\/{rel}","templated":true}]}}