{"id":1885,"date":"2025-07-17T11:07:41","date_gmt":"2025-07-17T11:07:41","guid":{"rendered":"https:\/\/roscar.ma\/?page_id=1885"},"modified":"2025-07-24T10:56:24","modified_gmt":"2025-07-24T10:56:24","slug":"billeje-rabat","status":"publish","type":"page","link":"https:\/\/roscar.ma\/da\/billeje-rabat\/","title":{"rendered":"Billeje Rabat"},"content":{"rendered":"<h2>Billeje Rabat fra RosCar<\/h2>\n<p>Marokko er et land med en fantastisk kombination af \u00f8rkensk\u00f8nhed, havlandskaber og storsl\u00e5et arkitektur, som du ikke kan finde andre steder. S\u00e5 n\u00e5r du planl\u00e6gger en rejse til Nordafrika, m\u00e5 du hellere tage dig tid til at fordybe dig i det muslimske paradis. Men du skal ogs\u00e5 leje en bil i Rabat for at g\u00f8re dit eventyr mere bekvemt med:<\/p>\n<ul>\n<li>Et stort udvalg af k\u00f8ret\u00f8jer (enhver type, pris eller farve)<\/li>\n<li>Mange ekstraudstyr og funktioner kan findes<\/li>\n<li>Kort- og langtidsleje af biler<\/li>\n<li>24-timers reservationer med en brugervenlig gr\u00e6nseflade.<\/li>\n<\/ul>\n<p>Hvad er RosCar? Det er et websted med gode funktioner til sammenligning af priser, sortering efter de \u00f8nskede kriterier og hurtig booking. Book nu, og bekr\u00e6ft din reservation med kort (der kr\u00e6ves op til 20 % af ordrebel\u00f8bet).<\/p>\n<h2>RosCars guide til biludlejning i Rabat<\/h2>\n<p>Selvom dette land ikke ligner de europ\u00e6iske eller amerikanske gader, vi er vant til, vil den kommende rejseoplevelse v\u00e6re ret ens. Det samme g\u00e6lder for biludlejning i Rabat, bortset fra to finesser, som man hurtigt f\u00e5r styr p\u00e5.<\/p>\n<h3>1. Hvad er din type?<\/h3>\n<p>Book ikke det f\u00f8rste k\u00f8ret\u00f8j, du finder. Du m\u00e5 hellere sortere listen gennem s\u00f8gefiltrene efter tilg\u00e6ngelige typer:<\/p>\n<ul>\n<li>Standard eller kompakt<\/li>\n<li>SUV eller crossover<\/li>\n<li>Varevogn eller Minivan<\/li>\n<li>Mini eller Economy (Den rigtige til billig biludlejning i Rabat)<\/li>\n<li>Cabriolet eller Luksus.<\/li>\n<\/ul>\n<h3>2. Ekstraudstyr<\/h3>\n<p>Ekstra services er en god m\u00e5de at tilpasse din k\u00f8reoplevelse til dine unikke behov. Her er nogle f\u00e5 at v\u00e6lge imellem:<\/p>\n<ul>\n<li>Transmission: Vil du have en afslappet k\u00f8retur? V\u00e6lg en automatisk gearkasse.<\/li>\n<li>SIM-kort: Din smartphone har brug for et for at undg\u00e5 at betale for h\u00f8je roamingafgifter.<\/li>\n<li>B\u00f8rnes\u00e6de: Mindre\u00e5rige eller b\u00f8rn op til 10 \u00e5r har brug for et fastholdelsessystem.<\/li>\n<li>Ubegr\u00e6nset antal kilometer: Med denne funktion er hele Marokko \u00e5bent for dig.<\/li>\n<li>Intet kreditkort: Ligesom den traditionelle metode, men uden kreditkort.<\/li>\n<li>Garanteret model: Et must-have for dem, der har haft en d\u00e5rlig oplevelse.<\/li>\n<li>Gratis afbestilling: Skal bruges i tide (mindst 48 timer f\u00f8r startdatoen).<\/li>\n<li>Ekstra chauff\u00f8r: Lad din ven k\u00f8re.<\/li>\n<li>Intet depositum: Undg\u00e5 un\u00f8dvendige bankgebyrer ved ikke at sp\u00e6rre for depositum p\u00e5 kreditkort.<\/li>\n<li>Ekstra forsikring: En funktion, som alle uden undtagelse har brug for. Opgrader til Super CDW eller Fuld d\u00e6kning og slap af.<\/li>\n<\/ul>\n<blockquote class=\"check\">\n<h2>Rabat biludlejning: Guide<\/h2>\n<p>RosCar arbejder for at give dig fantastiske rejseoplevelser fra afhentning til aflevering. Derfor er det s\u00e5 let som ingenting at booke hos os:<\/p>\n<ol>\n<li>Indtast detaljer: Afhentning, aflevering og datoer.<\/li>\n<li>G\u00e5 til filtre og v\u00e6lg nogle f\u00e5, du finder attraktive, og f\u00e5 en liste.<\/li>\n<li>Book nu.<\/li>\n<li>Tilf\u00f8j info.<\/li>\n<li>Betal nu.<\/li>\n<\/ol>\n<p>Rabat biludlejning kan ikke bekr\u00e6ftes uden et bankkort. Efter sikkerhedsbetalingen (maksimalt 20% af bel\u00f8bet) vil du blive bel\u00f8nnet med et bookingbekr\u00e6ftelsescertifikat.<\/p><\/blockquote>\n<h2>Biludlejning i Rabat Pris<\/h2>\n<p>Priserne i Marokkos hovedstad vil ikke virke for dyre for dig, men de er stadig h\u00f8jere end det europ\u00e6iske gennemsnit:<\/p>\n<ul>\n<li>\u00d8konomi for $20-30\/dag<\/li>\n<li>Standard til $35-50\/dag<\/li>\n<li>SUV til $50-70\/dag<\/li>\n<li>Luksus til $80\/dag.<\/li>\n<\/ul>\n<p>Biludlejning i Rabat vil v\u00e6re billigere, hvis du:<\/p>\n<ul>\n<li>Undg\u00e5r korttidsleje af bil<\/li>\n<li>Indstiller startdatoen til midten af ugen<\/li>\n<li>Booker p\u00e5 forh\u00e5nd<\/li>\n<li>V\u00e6lger den rigtige type k\u00f8ret\u00f8j.<\/li>\n<\/ul>\n<p>Sammenlign prisen for at finde den bedste v\u00e6rdi:<\/p>\n<h3>Tabel med priser p\u00e5 biludlejning i Rabat, Marokko<\/h3>\n<table border=\"1\">\n<thead>\n<tr>\n<th>Bilmodel<\/th>\n<th>Type karosseri<\/th>\n<th>Pris pr. dag (lavs\u00e6son)<\/th>\n<th>Pris pr. dag (h\u00f8js\u00e6son)<\/th>\n<th>Antal passagerer<\/th>\n<th>Bagagekapacitet<\/th>\n<\/tr>\n<\/thead>\n<tbody>\n<tr>\n<td>Hyundai i10<\/td>\n<td>Hatchback<\/td>\n<td>21 \u20ac<\/td>\n<td>29 \u20ac<\/td>\n<td>4<\/td>\n<td>1<\/td>\n<\/tr>\n<tr>\n<td>Dacia Logan<\/td>\n<td>Sedan<\/td>\n<td>23 \u20ac<\/td>\n<td>32 \u20ac<\/td>\n<td>5<\/td>\n<td>2<\/td>\n<\/tr>\n<tr>\n<td>Peugeot 208<\/td>\n<td>Hatchback<\/td>\n<td>24 \u20ac<\/td>\n<td>34 \u20ac<\/td>\n<td>5<\/td>\n<td>2<\/td>\n<\/tr>\n<tr>\n<td>Renault Clio<\/td>\n<td>Hatchback<\/td>\n<td>26 \u20ac<\/td>\n<td>36 \u20ac<\/td>\n<td>5<\/td>\n<td>2<\/td>\n<\/tr>\n<tr>\n<td>Volkswagen Golf<\/td>\n<td>Hatchback<\/td>\n<td>30 \u20ac<\/td>\n<td>42 \u20ac<\/td>\n<td>5<\/td>\n<td>3<\/td>\n<\/tr>\n<tr>\n<td>Citro\u00ebn C-Elys\u00e9e<\/td>\n<td>Sedan<\/td>\n<td>25 \u20ac<\/td>\n<td>35 \u20ac<\/td>\n<td>5<\/td>\n<td>3<\/td>\n<\/tr>\n<tr>\n<td>Renault Captur<\/td>\n<td>Crossover<\/td>\n<td>32 \u20ac<\/td>\n<td>44 \u20ac<\/td>\n<td>5<\/td>\n<td>3<\/td>\n<\/tr>\n<tr>\n<td>Dacia Duster<\/td>\n<td>SUV<\/td>\n<td>36 \u20ac<\/td>\n<td>48 \u20ac<\/td>\n<td>5<\/td>\n<td>3<\/td>\n<\/tr>\n<tr>\n<td>Hyundai Tucson<\/td>\n<td>SUV<\/td>\n<td>52 \u20ac<\/td>\n<td>66 \u20ac<\/td>\n<td>5<\/td>\n<td>4<\/td>\n<\/tr>\n<tr>\n<td>Peugeot 3008<\/td>\n<td>SUV<\/td>\n<td>55 \u20ac<\/td>\n<td>70 \u20ac<\/td>\n<td>5<\/td>\n<td>4<\/td>\n<\/tr>\n<\/tbody>\n<\/table>\n        <div class=\"rpc-chart\">\n            <h3>S\u00e6sonudsving i priserne p\u00e5 biludlejning i Rabat: analyse baseret p\u00e5 reelle bookinger<\/h3>\n            <div><p>Tabellen nedenfor viser udviklingen i de gennemsnitlige priser p\u00e5 biludlejning i Rabat over de sidste tre \u00e5r. Oplysningerne stammer fra reelle ordrer afgivet via platformen roscar.ma, en tjeneste, der samler tilbud fra verificerede lokale udlejningsfirmaer uden mellemled.<\/p>\n<p>Analysen d\u00e6kker en bred vifte af k\u00f8ret\u00f8jer: fra kompakte bymodeller til komfortable SUV'er, cabrioleter og premium-biler. Denne tilgang giver et objektivt billede af, hvordan priserne \u00e6ndrer sig afh\u00e6ngigt af s\u00e6sonen og turistaktiviteten.<\/p>\n<p>Vi tr\u00e6kker p\u00e5 mange \u00e5rs erfaring med at arbejde med rejsende og opdaterer l\u00f8bende vores data baseret p\u00e5 markedstendenser. Dette giver brugerne praktisk og p\u00e5lidelig information, der hj\u00e6lper dem med at planl\u00e6gge deres budget og v\u00e6lge det mest fordelagtige tidspunkt at leje en bil i den marokkanske hovedstad.<\/p>\n<\/div>\n            <div class=\"rpc-chart-bars\">\n                                    <div class=\"rpc-chart-column\">\n                        <div class=\"rpc-chart-inner\" style=\"height: 28.301886792453%\">\n                            <div class=\"rpc-chart-column-value\">15 \u20ac<\/div>\n                            <div class=\"rpc-chart-month\">JAN<\/div>\n                        <\/div>\n                    <\/div>\n                                    <div class=\"rpc-chart-column\">\n                        <div class=\"rpc-chart-inner\" style=\"height: 26.415094339623%\">\n                            <div class=\"rpc-chart-column-value\">14 \u20ac<\/div>\n                            <div class=\"rpc-chart-month\">FEB<\/div>\n                        <\/div>\n                    <\/div>\n                                    <div class=\"rpc-chart-column\">\n                        <div class=\"rpc-chart-inner\" style=\"height: 24.528301886792%\">\n                            <div class=\"rpc-chart-column-value\">13 \u20ac<\/div>\n                            <div class=\"rpc-chart-month\">MAR<\/div>\n                        <\/div>\n                    <\/div>\n                                    <div class=\"rpc-chart-column\">\n                        <div class=\"rpc-chart-inner\" style=\"height: 39.622641509434%\">\n                            <div class=\"rpc-chart-column-value\">21 \u20ac<\/div>\n                            <div class=\"rpc-chart-month\">APR<\/div>\n                        <\/div>\n                    <\/div>\n                                    <div class=\"rpc-chart-column\">\n                        <div class=\"rpc-chart-inner\" style=\"height: 32.075471698113%\">\n                            <div class=\"rpc-chart-column-value\">17 \u20ac<\/div>\n                            <div class=\"rpc-chart-month\">MAY<\/div>\n                        <\/div>\n                    <\/div>\n                                    <div class=\"rpc-chart-column\">\n                        <div class=\"rpc-chart-inner\" style=\"height: 32.075471698113%\">\n                            <div class=\"rpc-chart-column-value\">17 \u20ac<\/div>\n                            <div class=\"rpc-chart-month\">JUN<\/div>\n                        <\/div>\n                    <\/div>\n                                    <div class=\"rpc-chart-column\">\n                        <div class=\"rpc-chart-inner\" style=\"height: 49.056603773585%\">\n                            <div class=\"rpc-chart-column-value\">26 \u20ac<\/div>\n                            <div class=\"rpc-chart-month\">JUL<\/div>\n                        <\/div>\n                    <\/div>\n                                    <div class=\"rpc-chart-column\">\n                        <div class=\"rpc-chart-inner\" style=\"height: 62.264150943396%\">\n                            <div class=\"rpc-chart-column-value\">33 \u20ac<\/div>\n                            <div class=\"rpc-chart-month\">AUG<\/div>\n                        <\/div>\n                    <\/div>\n                                    <div class=\"rpc-chart-column\">\n                        <div class=\"rpc-chart-inner\" style=\"height: 47.169811320755%\">\n                            <div class=\"rpc-chart-column-value\">25 \u20ac<\/div>\n                            <div class=\"rpc-chart-month\">SEP<\/div>\n                        <\/div>\n                    <\/div>\n                                    <div class=\"rpc-chart-column\">\n                        <div class=\"rpc-chart-inner\" style=\"height: 37.735849056604%\">\n                            <div class=\"rpc-chart-column-value\">20 \u20ac<\/div>\n                            <div class=\"rpc-chart-month\">OCT<\/div>\n                        <\/div>\n                    <\/div>\n                                    <div class=\"rpc-chart-column\">\n                        <div class=\"rpc-chart-inner\" style=\"height: 45.283018867925%\">\n                            <div class=\"rpc-chart-column-value\">24 \u20ac<\/div>\n                            <div class=\"rpc-chart-month\">NOV<\/div>\n                        <\/div>\n                    <\/div>\n                                    <div class=\"rpc-chart-column\">\n                        <div class=\"rpc-chart-inner\" style=\"height: 37.735849056604%\">\n                            <div class=\"rpc-chart-column-value\">20 \u20ac<\/div>\n                            <div class=\"rpc-chart-month\">DEC<\/div>\n                        <\/div>\n                    <\/div>\n                            <\/div>\n        <\/div>\n        \n<h2>Billeje Rabat: Dokumenter<\/h2>\n<p>For at underskrive aftalen og afhente dit k\u00f8ret\u00f8j skal du bruge flere dokumenter (med engelsk navn og 100% gyldige):<\/p>\n<ol>\n<li>K\u00f8rekort<\/li>\n<li>Pas<\/li>\n<li>Kreditkort (valgfrit).<\/li>\n<\/ol>\n<p>Biludlejning i Rabat er det ideelle valg for en behagelig og ubekymret rejse i Marokko.<\/p>\n","protected":false},"excerpt":{"rendered":"<p>Billeje Rabat fra RosCar Marokko er et land med en fantastisk kombination af \u00f8rkensk\u00f8nhed, havlandskaber og storsl\u00e5et arkitektur, som du ikke kan finde andre steder. S\u00e5 n\u00e5r du planl\u00e6gger en rejse til Nordafrika, m\u00e5 du hellere tage dig tid til at fordybe dig i det muslimske paradis. Men du skal ogs\u00e5 leje en bil i [&hellip;]<\/p>\n","protected":false},"author":1,"featured_media":208,"parent":0,"menu_order":0,"comment_status":"closed","ping_status":"closed","template":"","meta":{"footnotes":""},"class_list":["post-1885","page","type-page","status-publish","has-post-thumbnail",""],"_links":{"self":[{"href":"https:\/\/roscar.ma\/da\/wp-json\/wp\/v2\/pages\/1885","targetHints":{"allow":["GET"]}}],"collection":[{"href":"https:\/\/roscar.ma\/da\/wp-json\/wp\/v2\/pages"}],"about":[{"href":"https:\/\/roscar.ma\/da\/wp-json\/wp\/v2\/types\/page"}],"author":[{"embeddable":true,"href":"https:\/\/roscar.ma\/da\/wp-json\/wp\/v2\/users\/1"}],"replies":[{"embeddable":true,"href":"https:\/\/roscar.ma\/da\/wp-json\/wp\/v2\/comments?post=1885"}],"version-history":[{"count":1,"href":"https:\/\/roscar.ma\/da\/wp-json\/wp\/v2\/pages\/1885\/revisions"}],"predecessor-version":[{"id":1888,"href":"https:\/\/roscar.ma\/da\/wp-json\/wp\/v2\/pages\/1885\/revisions\/1888"}],"wp:featuredmedia":[{"embeddable":true,"href":"https:\/\/roscar.ma\/da\/wp-json\/wp\/v2\/media\/208"}],"wp:attachment":[{"href":"https:\/\/roscar.ma\/da\/wp-json\/wp\/v2\/media?parent=1885"}],"curies":[{"name":"wp","href":"https:\/\/api.w.org\/{rel}","templated":true}]}}