{"id":1640,"date":"2025-07-23T08:46:35","date_gmt":"2025-07-23T08:46:35","guid":{"rendered":"https:\/\/roscar.ma\/?page_id=1640"},"modified":"2025-07-23T21:20:02","modified_gmt":"2025-07-23T21:20:02","slug":"billeje-marokko-uden-depositum","status":"publish","type":"page","link":"https:\/\/roscar.ma\/da\/billeje-marokko-uden-depositum\/","title":{"rendered":"Billeje Marokko Uden Depositum"},"content":{"rendered":"<h2>Billeje Marokko Uden Depositum fra RosCar<\/h2>\n<p>I mods\u00e6tning til den traditionelle l\u00f8sning tilbyder biludlejning i Marokko uden depositum en r\u00e6kke fordele, der ikke b\u00f8r overses:<\/p>\n<ul>\n<li>Ingen risiko for fremtidige uenigheder (nogle firmaer fors\u00f8ger at opkr\u00e6ve penge for sm\u00e5 ridser, br\u00e6ndstof eller andre detaljer)<\/li>\n<li>Meget nemmere (og hurtigere) afhentning og aflevering<\/li>\n<li>Kr\u00e6ver f\u00e6rre penge<\/li>\n<li>Ingen blokering af depositum p\u00e5 kreditkort<\/li>\n<li>En stressfri oplevelse<\/li>\n<\/ul>\n<p>Dette er blot \u00e9n af de mange funktioner, du kan finde i RosCars filtre. Pr\u00f8v det og find din ideelle bil p\u00e5 f\u00e5 minutter. Book nu.<\/p>\n<blockquote class=\"check\">\n<h2>Hvordan lejer man en bil i Marokko uden depositum?<\/h2>\n<p>Enhver chauff\u00f8r i alderen 21-25 med de n\u00f8dvendige dokumenter (pas og k\u00f8rekort) kan leje en bil i Marokko uden depositum p\u00e5 f\u00f8lgende m\u00e5de:<\/p>\n<ol>\n<li>Klik p\u00e5 &#8220;<strong>Uden depositum<\/strong>&#8220;-filteret for at f\u00e5 vist tilbud.<\/li>\n<li>Gennemse tilbuddene, find det bedste og klik p\u00e5 Book nu.<\/li>\n<li>Tjek kravene og v\u00e6lg forsikringstype.<\/li>\n<li>V\u00e6lg eventuelle tilvalg og klik p\u00e5 &#8220;Forts\u00e6t&#8221;.<\/li>\n<li>Tilf\u00f8j f\u00f8rerens oplysninger.<\/li>\n<li>Bekr\u00e6ft.<\/li>\n<\/ol>\n<p>Uanset om du v\u00e6lger uden depositum eller en anden type leje, skal reservationen bekr\u00e6ftes med dit betalingskort. Der tr\u00e6kkes maksimalt 20 % som forskudsbetaling.<\/p><\/blockquote>\n<h3>Tabel over biludlejningspriser i Marokko uden depositum<\/h3>\n<table>\n<thead>\n<tr>\n<th>Bilmodel<\/th>\n<th>Karrosseritype<\/th>\n<th>Pris pr. dag (lavs\u00e6son)<\/th>\n<th>Pris pr. dag (h\u00f8js\u00e6son)<\/th>\n<th>Passagerer<\/th>\n<th>Bagagekapacitet<\/th>\n<\/tr>\n<\/thead>\n<tbody>\n<tr>\n<td>Chevrolet Spark<\/td>\n<td>Hatchback<\/td>\n<td>19 \u20ac<\/td>\n<td>26 \u20ac<\/td>\n<td>4<\/td>\n<td>1<\/td>\n<\/tr>\n<tr>\n<td>Hyundai Grand i10<\/td>\n<td>Hatchback<\/td>\n<td>21 \u20ac<\/td>\n<td>28 \u20ac<\/td>\n<td>4<\/td>\n<td>1<\/td>\n<\/tr>\n<tr>\n<td>Skoda Fabia<\/td>\n<td>Hatchback<\/td>\n<td>23 \u20ac<\/td>\n<td>31 \u20ac<\/td>\n<td>5<\/td>\n<td>2<\/td>\n<\/tr>\n<tr>\n<td>Peugeot 2008<\/td>\n<td>Crossover<\/td>\n<td>26 \u20ac<\/td>\n<td>35 \u20ac<\/td>\n<td>5<\/td>\n<td>2<\/td>\n<\/tr>\n<tr>\n<td>Volkswagen Golf<\/td>\n<td>Hatchback<\/td>\n<td>27 \u20ac<\/td>\n<td>36 \u20ac<\/td>\n<td>5<\/td>\n<td>2<\/td>\n<\/tr>\n<tr>\n<td>Toyota Yaris Sedan<\/td>\n<td>Sedan<\/td>\n<td>28 \u20ac<\/td>\n<td>37 \u20ac<\/td>\n<td>5<\/td>\n<td>3<\/td>\n<\/tr>\n<tr>\n<td>Nissan Sunny<\/td>\n<td>Sedan<\/td>\n<td>29 \u20ac<\/td>\n<td>38 \u20ac<\/td>\n<td>5<\/td>\n<td>3<\/td>\n<\/tr>\n<tr>\n<td>Renault Arkana<\/td>\n<td>Crossover<\/td>\n<td>35 \u20ac<\/td>\n<td>45 \u20ac<\/td>\n<td>5<\/td>\n<td>3<\/td>\n<\/tr>\n<tr>\n<td>MG ZS<\/td>\n<td>SUV<\/td>\n<td>39 \u20ac<\/td>\n<td>49 \u20ac<\/td>\n<td>5<\/td>\n<td>3<\/td>\n<\/tr>\n<tr>\n<td>Volkswagen Tiguan<\/td>\n<td>SUV<\/td>\n<td>55 \u20ac<\/td>\n<td>69 \u20ac<\/td>\n<td>5<\/td>\n<td>4<\/td>\n<\/tr>\n<\/tbody>\n<\/table>\n","protected":false},"excerpt":{"rendered":"<p>Billeje Marokko Uden Depositum fra RosCar I mods\u00e6tning til den traditionelle l\u00f8sning tilbyder biludlejning i Marokko uden depositum en r\u00e6kke fordele, der ikke b\u00f8r overses: Ingen risiko for fremtidige uenigheder (nogle firmaer fors\u00f8ger at opkr\u00e6ve penge for sm\u00e5 ridser, br\u00e6ndstof eller andre detaljer) Meget nemmere (og hurtigere) afhentning og aflevering Kr\u00e6ver f\u00e6rre penge Ingen blokering [&hellip;]<\/p>\n","protected":false},"author":1,"featured_media":1274,"parent":0,"menu_order":0,"comment_status":"closed","ping_status":"closed","template":"","meta":{"footnotes":""},"class_list":["post-1640","page","type-page","status-publish","has-post-thumbnail",""],"_links":{"self":[{"href":"https:\/\/roscar.ma\/da\/wp-json\/wp\/v2\/pages\/1640","targetHints":{"allow":["GET"]}}],"collection":[{"href":"https:\/\/roscar.ma\/da\/wp-json\/wp\/v2\/pages"}],"about":[{"href":"https:\/\/roscar.ma\/da\/wp-json\/wp\/v2\/types\/page"}],"author":[{"embeddable":true,"href":"https:\/\/roscar.ma\/da\/wp-json\/wp\/v2\/users\/1"}],"replies":[{"embeddable":true,"href":"https:\/\/roscar.ma\/da\/wp-json\/wp\/v2\/comments?post=1640"}],"version-history":[{"count":3,"href":"https:\/\/roscar.ma\/da\/wp-json\/wp\/v2\/pages\/1640\/revisions"}],"predecessor-version":[{"id":1648,"href":"https:\/\/roscar.ma\/da\/wp-json\/wp\/v2\/pages\/1640\/revisions\/1648"}],"wp:featuredmedia":[{"embeddable":true,"href":"https:\/\/roscar.ma\/da\/wp-json\/wp\/v2\/media\/1274"}],"wp:attachment":[{"href":"https:\/\/roscar.ma\/da\/wp-json\/wp\/v2\/media?parent=1640"}],"curies":[{"name":"wp","href":"https:\/\/api.w.org\/{rel}","templated":true}]}}