{"id":1501,"date":"2025-07-17T10:09:50","date_gmt":"2025-07-17T10:09:50","guid":{"rendered":"https:\/\/roscar.ma\/?page_id=1501"},"modified":"2025-07-23T18:23:29","modified_gmt":"2025-07-23T18:23:29","slug":"om-os","status":"publish","type":"page","link":"https:\/\/roscar.ma\/da\/om-os\/","title":{"rendered":"Om os"},"content":{"rendered":"<p>RosCar Morocco er en moderne biludlejningsservice i Marokko, der har v\u00e6ret i drift siden 2022. Vi er ikke et biludlejningsfirma, men snarere en praktisk online-aggregator, der samler de bedste tilbud fra lokale partnere over hele landet.<\/p>\n<p>P\u00e5 vores hjemmeside roscar.ma finder du mere end 200 gennempr\u00f8vede biler i forskellige klasser &#8211; fra kompakte bymodeller til komfortable SUV&#8217;er. Vi g\u00f8r bookingprocessen s\u00e5 enkel og overkommelig som muligt: du kan leje en bil uden depositum og uden kreditkort.<\/p>\n<p>Vores m\u00e5l er at give rejsende en fleksibel og omkostningseffektiv m\u00e5de at komme rundt i Marokko p\u00e5, baseret p\u00e5 lokale virksomheders erfaring og p\u00e5lidelighed. V\u00e6lg RosCar Morocco og tag p\u00e5 en behagelig rejse!<\/p>\n","protected":false},"excerpt":{"rendered":"<p>RosCar Morocco er en moderne biludlejningsservice i Marokko, der har v\u00e6ret i drift siden 2022. Vi er ikke et biludlejningsfirma, men snarere en praktisk online-aggregator, der samler de bedste tilbud fra lokale partnere over hele landet. P\u00e5 vores hjemmeside roscar.ma finder du mere end 200 gennempr\u00f8vede biler i forskellige klasser &#8211; fra kompakte bymodeller til [&hellip;]<\/p>\n","protected":false},"author":2,"featured_media":0,"parent":0,"menu_order":0,"comment_status":"closed","ping_status":"closed","template":"","meta":{"footnotes":""},"class_list":["post-1501","page","type-page","status-publish",""],"_links":{"self":[{"href":"https:\/\/roscar.ma\/da\/wp-json\/wp\/v2\/pages\/1501","targetHints":{"allow":["GET"]}}],"collection":[{"href":"https:\/\/roscar.ma\/da\/wp-json\/wp\/v2\/pages"}],"about":[{"href":"https:\/\/roscar.ma\/da\/wp-json\/wp\/v2\/types\/page"}],"author":[{"embeddable":true,"href":"https:\/\/roscar.ma\/da\/wp-json\/wp\/v2\/users\/2"}],"replies":[{"embeddable":true,"href":"https:\/\/roscar.ma\/da\/wp-json\/wp\/v2\/comments?post=1501"}],"version-history":[{"count":0,"href":"https:\/\/roscar.ma\/da\/wp-json\/wp\/v2\/pages\/1501\/revisions"}],"wp:attachment":[{"href":"https:\/\/roscar.ma\/da\/wp-json\/wp\/v2\/media?parent=1501"}],"curies":[{"name":"wp","href":"https:\/\/api.w.org\/{rel}","templated":true}]}}