{"id":1474,"date":"2025-07-17T11:01:21","date_gmt":"2025-07-17T11:01:21","guid":{"rendered":"https:\/\/roscar.ma\/?page_id=1474"},"modified":"2025-07-23T18:37:06","modified_gmt":"2025-07-23T18:37:06","slug":"billeje-marrakech","status":"publish","type":"page","link":"https:\/\/roscar.ma\/da\/billeje-marrakech\/","title":{"rendered":"Billeje Marrakech"},"content":{"rendered":"<h2>Billeje Marrakech fra RosCar<\/h2>\n<p>Landene i Nordafrika har en fantastisk evne til at fortrylle turister fra hele verden med deres skikke og farverige landskaber. M\u00e5ske er det kulturen, det unikke lokale k\u00f8kken eller sk\u00f8nheden i hverdagen. Men vi ved med sikkerhed, at du er n\u00f8dt til at leje en bil i Marrakech for at komme t\u00e6ttere p\u00e5 en fuld fordybelse i Marokko. Hvorfor skal du booke et k\u00f8ret\u00f8j gennem RosCar? Der er fire svar:<\/p>\n<ul>\n<li>Langtids- eller korttidsleje af bil<\/li>\n<li>Hver aftale er den bedste v\u00e6rdi, du kan finde<\/li>\n<li>Det er den eneste m\u00e5de at rejse komfortabelt p\u00e5<\/li>\n<li>Billige priser og mange muligheder at v\u00e6lge imellem.<\/li>\n<\/ul>\n<p>Vil du have en til dig selv? S\u00e5 book nu, og du vil modtage en klar reservation i l\u00f8bet af f\u00e5 minutter.<\/p>\n<h2>Billeje Marrakech: Guide<\/h2>\n<p>Du tror m\u00e5ske fejlagtigt, at biludlejning i Marrakech er en helt anden type service, der har en unik procedure, der kr\u00e6ver en vis viden. Men du har kun brug for to minutter til at forberede dig.<\/p>\n<h3>F\u00f8rste minut: V\u00e6lg k\u00f8ret\u00f8jstype<\/h3>\n<p>Blandt mange typer har du kun brug for \u00e9n, der kan l\u00f8se alle problemer i det kommende eventyr:<\/p>\n<ul>\n<li>Standardbil<\/li>\n<li>Cabriolet<\/li>\n<li>Luksusbil<\/li>\n<li>SUV eller crossover<\/li>\n<li>Mini\/Economy (billig biludlejning i Marrakesh)<\/li>\n<li>Minivan eller varevogn.<\/li>\n<\/ul>\n<h3>Andet minut: V\u00e6lg yderligere tjenester<\/h3>\n<p>Der er mange muligheder at v\u00e6lge imellem, men du har kun brug for \u00e9n (eller flere):<\/p>\n<ul>\n<li>Ubegr\u00e6nset kilometertal: Selv de mest afsidesliggende byer i Marokko kan udforskes.<\/li>\n<li>Intet depositum: Dit budget er friere, n\u00e5r det g\u00e6lder blokeringer uden depositum p\u00e5 kreditkort.<\/li>\n<li>Garanteret model: Har du bestilt en Volkswagen Passat? F\u00e5 Passat!<\/li>\n<li>Transmission: Ikke manuelt gear, men automatgear anbefales i alle situationer.<\/li>\n<li>Ekstra forsikring: Dette er den type opgradering, du ikke vil fortryde. Pr\u00f8v Full Coverage\/Super CDW, hvis den er tilg\u00e6ngelig.<\/li>\n<li>Intet kreditkort: Brug kontanter eller et andet bankkort.<\/li>\n<li>SIM-kort: En stabil forbindelse til en billig pris er hovedprioriteten ved rejser i 2025.<\/li>\n<li>Ekstra chauff\u00f8r: Forh\u00e5bentlig har din ven et k\u00f8rekort.<\/li>\n<li>Barnestol: Hver person under 10 \u00e5r skal have et.<\/li>\n<li>Gratis afbestilling: Det forudbetalte bel\u00f8b returneres til din konto. Virker kun 48 timer f\u00f8r datoen<\/li>\n<\/ul>\n<blockquote class=\"info\">\n<h2>Billeje Marrakech i detaljer<\/h2>\n<p>Har du allerede besluttet dig for k\u00f8ret\u00f8jstype og ekstra services? Biludlejning i Marrakesh kan nu bookes:<\/p>\n<ol>\n<li>Indstil datoer og steder p\u00e5 hovedsiden.<\/li>\n<li>Klik p\u00e5 Filtre, v\u00e6lg de \u00f8nskede.<\/li>\n<li>F\u00e5 listen, og find den bedste. Book nu.<\/li>\n<li>Pop-up-formularen skal udfyldes<\/li>\n<li>Betal nu.<\/li>\n<\/ol>\n<p>Hver RosCar-reservation kan kun bekr\u00e6ftes ved forudbetaling. Som regel er det kun en lille del af bel\u00f8bet, og det kan nemt g\u00f8res med et hvilket som helst kort.<\/p><\/blockquote>\n<h2>Biludlejning Marrakesh Pris<\/h2>\n<p>De gennemsnitlige priser, du kan finde online, er:<\/p>\n<ul>\n<li>$15-25\/dag for Economy eller Mini<\/li>\n<li>$30-40\/dag for Standard<\/li>\n<li>40-60 $\/dag for SUV, Crossover, Minivan eller 4&#215;4<\/li>\n<li>$80+\/dag for cabriolet eller luksus<\/li>\n<\/ul>\n<p>Biludlejning i Marrakech vil v\u00e6re billigere, hvis du:<\/p>\n<ul>\n<li>Form\u00e5r at lave en tidlig reservation<\/li>\n<li>Overv\u00e5ger RosCar-tilbud<\/li>\n<li>Booker midt p\u00e5 ugen<\/li>\n<li>Foretr\u00e6kker langtidsleje af bil<\/li>\n<li>V\u00e6lg den rigtige type til dine behov og dit budget.<\/li>\n<\/ul>\n<p>S\u00e5dan sammenligner du priser:<\/p>\n<h3>Tabel med priser p\u00e5 biludlejning i Marrakech, Marokko<\/h3>\n<table border=\"1\">\n<thead>\n<tr>\n<th>Bilmodel<\/th>\n<th>Type karosseri<\/th>\n<th>Pris pr. dag (lavs\u00e6son)<\/th>\n<th>Pris pr. dag (h\u00f8js\u00e6son)<\/th>\n<th>Antal passagerer<\/th>\n<th>Bagagekapacitet<\/th>\n<\/tr>\n<\/thead>\n<tbody>\n<tr>\n<td>Fiat Panda<\/td>\n<td>Hatchback<\/td>\n<td>20 \u20ac<\/td>\n<td>28 \u20ac<\/td>\n<td>4<\/td>\n<td>1<\/td>\n<\/tr>\n<tr>\n<td>Kia Picanto<\/td>\n<td>Hatchback<\/td>\n<td>22 \u20ac<\/td>\n<td>30 \u20ac<\/td>\n<td>4<\/td>\n<td>1<\/td>\n<\/tr>\n<tr>\n<td>Dacia Logan<\/td>\n<td>Sedan<\/td>\n<td>24 \u20ac<\/td>\n<td>34 \u20ac<\/td>\n<td>5<\/td>\n<td>2<\/td>\n<\/tr>\n<tr>\n<td>Peugeot 208<\/td>\n<td>Hatchback<\/td>\n<td>26 \u20ac<\/td>\n<td>36 \u20ac<\/td>\n<td>5<\/td>\n<td>2<\/td>\n<\/tr>\n<tr>\n<td>Renault Clio<\/td>\n<td>Hatchback<\/td>\n<td>27 \u20ac<\/td>\n<td>38 \u20ac<\/td>\n<td>5<\/td>\n<td>2<\/td>\n<\/tr>\n<tr>\n<td>Citro\u00ebn C-Elys\u00e9e<\/td>\n<td>Sedan<\/td>\n<td>28 \u20ac<\/td>\n<td>39 \u20ac<\/td>\n<td>5<\/td>\n<td>3<\/td>\n<\/tr>\n<tr>\n<td>Dacia Duster<\/td>\n<td>SUV<\/td>\n<td>37 \u20ac<\/td>\n<td>49 \u20ac<\/td>\n<td>5<\/td>\n<td>3<\/td>\n<\/tr>\n<tr>\n<td>Hyundai Kona<\/td>\n<td>Crossover<\/td>\n<td>40 \u20ac<\/td>\n<td>52 \u20ac<\/td>\n<td>5<\/td>\n<td>3<\/td>\n<\/tr>\n<tr>\n<td>Renault Kadjar<\/td>\n<td>SUV<\/td>\n<td>50 \u20ac<\/td>\n<td>65 \u20ac<\/td>\n<td>5<\/td>\n<td>4<\/td>\n<\/tr>\n<tr>\n<td>Peugeot 3008<\/td>\n<td>SUV<\/td>\n<td>55 \u20ac<\/td>\n<td>70 \u20ac<\/td>\n<td>5<\/td>\n<td>4<\/td>\n<\/tr>\n<\/tbody>\n<\/table>\n        <div class=\"rpc-chart\">\n            <h3>S\u00e6sonbestemte pris\u00e6ndringer for biludlejning i Marrakech: p\u00e5lidelige analyser baseret p\u00e5 faktiske bookinger<\/h3>\n            <div><p>Nedenfor er analytiske data om \u00e6ndringen i de gennemsnitlige omkostninger ved biludlejning i Marrakesh i l\u00f8bet af de resterende tre \u00e5r. Alle oplysninger er baseret p\u00e5 reelle transaktioner foretaget via roscar.ma-platformen.<\/p>\n<p>Unders\u00f8gelsen d\u00e6kker alle st\u00f8rre kategorier af biler - fra \u00f8konomiske modeller til SUV'er, cabrioleter og premium-klasse. En s\u00e5 bred d\u00e6kning g\u00f8r det muligt at formulere et komplet billede af \u00e6ndringer i velstand i l\u00f8bet af turists\u00e6soner og drikkevaner.<\/p>\n<p>Det er klart, at vi anbefaler, at du booker din bil i god tid, n\u00e5r priserne og omkostningerne er bedst. P\u00e5lidelig information fra RosCar Marokko er din guide til komfortabel og sikker transport i Marrakech.<\/p>\n<\/div>\n            <div class=\"rpc-chart-bars\">\n                                    <div class=\"rpc-chart-column\">\n                        <div class=\"rpc-chart-inner\" style=\"height: 30.769230769231%\">\n                            <div class=\"rpc-chart-column-value\">16 \u20ac<\/div>\n                            <div class=\"rpc-chart-month\">JAN<\/div>\n                        <\/div>\n                    <\/div>\n                                    <div class=\"rpc-chart-column\">\n                        <div class=\"rpc-chart-inner\" style=\"height: 28.846153846154%\">\n                            <div class=\"rpc-chart-column-value\">15 \u20ac<\/div>\n                            <div class=\"rpc-chart-month\">FEB<\/div>\n                        <\/div>\n                    <\/div>\n                                    <div class=\"rpc-chart-column\">\n                        <div class=\"rpc-chart-inner\" style=\"height: 26.923076923077%\">\n                            <div class=\"rpc-chart-column-value\">14 \u20ac<\/div>\n                            <div class=\"rpc-chart-month\">MAR<\/div>\n                        <\/div>\n                    <\/div>\n                                    <div class=\"rpc-chart-column\">\n                        <div class=\"rpc-chart-inner\" style=\"height: 42.307692307692%\">\n                            <div class=\"rpc-chart-column-value\">22 \u20ac<\/div>\n                            <div class=\"rpc-chart-month\">APR<\/div>\n                        <\/div>\n                    <\/div>\n                                    <div class=\"rpc-chart-column\">\n                        <div class=\"rpc-chart-inner\" style=\"height: 32.692307692308%\">\n                            <div class=\"rpc-chart-column-value\">17 \u20ac<\/div>\n                            <div class=\"rpc-chart-month\">MAY<\/div>\n                        <\/div>\n                    <\/div>\n                                    <div class=\"rpc-chart-column\">\n                        <div class=\"rpc-chart-inner\" style=\"height: 30.769230769231%\">\n                            <div class=\"rpc-chart-column-value\">16 \u20ac<\/div>\n                            <div class=\"rpc-chart-month\">JUN<\/div>\n                        <\/div>\n                    <\/div>\n                                    <div class=\"rpc-chart-column\">\n                        <div class=\"rpc-chart-inner\" style=\"height: 50%\">\n                            <div class=\"rpc-chart-column-value\">26 \u20ac<\/div>\n                            <div class=\"rpc-chart-month\">JUL<\/div>\n                        <\/div>\n                    <\/div>\n                                    <div class=\"rpc-chart-column\">\n                        <div class=\"rpc-chart-inner\" style=\"height: 61.538461538462%\">\n                            <div class=\"rpc-chart-column-value\">32 \u20ac<\/div>\n                            <div class=\"rpc-chart-month\">AUG<\/div>\n                        <\/div>\n                    <\/div>\n                                    <div class=\"rpc-chart-column\">\n                        <div class=\"rpc-chart-inner\" style=\"height: 42.307692307692%\">\n                            <div class=\"rpc-chart-column-value\">22 \u20ac<\/div>\n                            <div class=\"rpc-chart-month\">SEP<\/div>\n                        <\/div>\n                    <\/div>\n                                    <div class=\"rpc-chart-column\">\n                        <div class=\"rpc-chart-inner\" style=\"height: 36.538461538462%\">\n                            <div class=\"rpc-chart-column-value\">19 \u20ac<\/div>\n                            <div class=\"rpc-chart-month\">OCT<\/div>\n                        <\/div>\n                    <\/div>\n                                    <div class=\"rpc-chart-column\">\n                        <div class=\"rpc-chart-inner\" style=\"height: 32.692307692308%\">\n                            <div class=\"rpc-chart-column-value\">17 \u20ac<\/div>\n                            <div class=\"rpc-chart-month\">NOV<\/div>\n                        <\/div>\n                    <\/div>\n                                    <div class=\"rpc-chart-column\">\n                        <div class=\"rpc-chart-inner\" style=\"height: 44.230769230769%\">\n                            <div class=\"rpc-chart-column-value\">23 \u20ac<\/div>\n                            <div class=\"rpc-chart-month\">DEC<\/div>\n                        <\/div>\n                    <\/div>\n                            <\/div>\n        <\/div>\n        \n<h2>Leje af bil i Marrakesh: Dokumenter<\/h2>\n<p>N\u00e5r du skal hente din bil, kan du blive bedt om f\u00f8lgende dokumenter:<\/p>\n<ol>\n<li>Pas<\/li>\n<li>K\u00f8rekort<\/li>\n<li>Bookingbekr\u00e6ftelse eller Voucher (RosCar vil sende dig en)<\/li>\n<li>Kreditkort.<\/li>\n<\/ol>\n<p>Har du ikke et kreditkort? S\u00e5 brug filtrene til at finde den udlejningsmulighed, du har brug for. Biludlejning i Marrakech er en uundv\u00e6rlig service, der giver dig mulighed for at se ikke kun Marrakech, men ogs\u00e5 hele Marokko.<\/p>\n","protected":false},"excerpt":{"rendered":"<p>Billeje Marrakech fra RosCar Landene i Nordafrika har en fantastisk evne til at fortrylle turister fra hele verden med deres skikke og farverige landskaber. M\u00e5ske er det kulturen, det unikke lokale k\u00f8kken eller sk\u00f8nheden i hverdagen. Men vi ved med sikkerhed, at du er n\u00f8dt til at leje en bil i Marrakech for at komme [&hellip;]<\/p>\n","protected":false},"author":1,"featured_media":177,"parent":0,"menu_order":0,"comment_status":"closed","ping_status":"closed","template":"","meta":{"footnotes":""},"class_list":["post-1474","page","type-page","status-publish","has-post-thumbnail",""],"_links":{"self":[{"href":"https:\/\/roscar.ma\/da\/wp-json\/wp\/v2\/pages\/1474","targetHints":{"allow":["GET"]}}],"collection":[{"href":"https:\/\/roscar.ma\/da\/wp-json\/wp\/v2\/pages"}],"about":[{"href":"https:\/\/roscar.ma\/da\/wp-json\/wp\/v2\/types\/page"}],"author":[{"embeddable":true,"href":"https:\/\/roscar.ma\/da\/wp-json\/wp\/v2\/users\/1"}],"replies":[{"embeddable":true,"href":"https:\/\/roscar.ma\/da\/wp-json\/wp\/v2\/comments?post=1474"}],"version-history":[{"count":1,"href":"https:\/\/roscar.ma\/da\/wp-json\/wp\/v2\/pages\/1474\/revisions"}],"predecessor-version":[{"id":1616,"href":"https:\/\/roscar.ma\/da\/wp-json\/wp\/v2\/pages\/1474\/revisions\/1616"}],"wp:featuredmedia":[{"embeddable":true,"href":"https:\/\/roscar.ma\/da\/wp-json\/wp\/v2\/media\/177"}],"wp:attachment":[{"href":"https:\/\/roscar.ma\/da\/wp-json\/wp\/v2\/media?parent=1474"}],"curies":[{"name":"wp","href":"https:\/\/api.w.org\/{rel}","templated":true}]}}