{"id":1243,"date":"2025-07-17T10:56:33","date_gmt":"2025-07-17T10:56:33","guid":{"rendered":"https:\/\/roscar.ma\/?page_id=1243"},"modified":"2025-07-23T08:16:27","modified_gmt":"2025-07-23T08:16:27","slug":"billeje-casablanca","status":"publish","type":"page","link":"https:\/\/roscar.ma\/da\/billeje-casablanca\/","title":{"rendered":"Billeje Casablanca"},"content":{"rendered":"<h2>Billeje Casablanca fra RosCar<\/h2>\n<p>Den vigtigste \u00f8konomiske og kulturelle by i Marokko er altid en god start p\u00e5 en fantastisk rejse til Nordafrika. Unik arabisk kultur, tusindvis af \u00e5rs historie i moderne arkitektur, traditioner og l\u00e6kker mad er din handlingsplan. Men f\u00f8rst skal du leje en bil i Casablanca. Der er flere grunde til at v\u00e6lge bilferie her:<\/p>\n<ul>\n<li>Det er meget mere behageligt end offentlig transport<\/li>\n<li>Rabatter, billige priser og mange muligheder (nogle af dem er gratis)<\/li>\n<li>Let at finde den rigtige<\/li>\n<li>Fuldst\u00e6ndig bev\u00e6gelsesfrihed.<\/li>\n<\/ul>\n<p>RosCar har en overraskende enkel bookingprocedure. Bare book nu, tilf\u00f8j dit kort til betaling, og s\u00e5 er du f\u00e6rdig.<\/p>\n<h2>Billeje Casablanca: Guiden<\/h2>\n<p>Billig biludlejning i Casablanca er ikke fiktion, men virkelighed for alle, der kender nogle f\u00e5 regler. F\u00f8lg dem, og du vil komme til det \u00f8nskede resultat uden skuffelse.<\/p>\n<h3>1. V\u00e6lg den rigtige type<\/h3>\n<p>Ved at sl\u00e5 filtre til kan du nemt danne en liste over tilbud efter en af typerne:<\/p>\n<ul>\n<li>SUV eller Crossover<\/li>\n<li>Standard bil<\/li>\n<li>\u00d8konomisk bil<\/li>\n<li>Kompakt bil<\/li>\n<li>Mini bil<\/li>\n<li>Cabriolet<\/li>\n<li>Minivan, varevogn og andre.<\/li>\n<\/ul>\n<h3>2. Brug ekstra muligheder<\/h3>\n<p>Biludlejning i Casablanca kan komme med en eller flere ekstra tjenester (betalt eller gratis):<\/p>\n<ul>\n<li>Garanteret model: Ingen d\u00e5rlige overraskelser, n\u00e5r du henter dit k\u00f8ret\u00f8j.<\/li>\n<li>Transmission: T\u00e6nk dig ikke om to gange, f\u00e5 et automatgear.<\/li>\n<li>Ekstra forsikring: En betalt funktion, der fjerner \u00f8konomiske risici med Fuld d\u00e6kning eller SuperCDW.<\/li>\n<li>Ekstra f\u00f8rer: Vidste du, at du kan tilf\u00f8je en person til kontrakten?<\/li>\n<li>Barnestol: Der er op til fire typer sikkerhedsseler til b\u00f8rn i alle aldre.<\/li>\n<li>Gratis afbestilling: Du har mindst 48 timer til at annullere din ordre.<\/li>\n<li>Ubegr\u00e6nset antal kilometer: En gratis funktion med gratis miles.<\/li>\n<li>Ingen indbetaling: Alle elsker det, n\u00e5r der ikke er indbetalingssp\u00e6rringer p\u00e5 kreditkort.<\/li>\n<li>Intet kreditkort: Kan komme med yderligere krav til sikkerhedstjek.<\/li>\n<li>SIM-kort: H\u00f8jhastighedsinternet p\u00e5 mobilen altid ved h\u00e5nden.<\/li>\n<\/ul>\n<blockquote class=\"info\">\n<h2>Billeje i Casablanca: Booking via RosCar<\/h2>\n<p>Casablanca biludlejning kan virke som en af de enkleste rejsetjenester, du nogensinde har brugt:<\/p>\n<ol>\n<li>Indstil.<\/li>\n<li>steder og datoer.<\/li>\n<li>Indstil s\u00f8gefiltre (type, muligheder og mere).<\/li>\n<li>Book nu ethvert k\u00f8ret\u00f8j fra listen.<\/li>\n<li>Udfyld formularen med detaljer.<\/li>\n<li>Bekr\u00e6ft.<\/li>\n<\/ol>\n<p>Ans\u00f8gningen betragtes f\u00f8rst som bekr\u00e6ftet efter forudbetaling (14-20% af bel\u00f8bet) via Pay Now. Debet- eller kreditkort accepteres p\u00e5 RosCar.<\/p><\/blockquote>\n<h2>Billeje Casablanca pris<\/h2>\n<p>Her er de omtrentlige priser, du kan finde i denne by:<\/p>\n<ul>\n<li>$15-25 for Mini-Economy<\/li>\n<li>$30-40 for Compact-Standard<\/li>\n<li>40-60 $ for minivan, cabriolet, crossover eller SUV<\/li>\n<li>$70+ for luksus.<\/li>\n<\/ul>\n<p>Billeje i Casablanca kan v\u00e6re mere eller mindre dyrt op til 40% afh\u00e6ngigt af f\u00f8lgende faktorer:<\/p>\n<ul>\n<li>Antal reserverede dage (det er bedst at tage en langtidsleje)<\/li>\n<li>Afhentningssted (lufthavn, by eller levering)<\/li>\n<li>S\u00e6son og virksomhedens arbejdsbyrde<\/li>\n<li>Yderligere tjenester inkluderet.<\/li>\n<\/ul>\n<p>S\u00e5dan sammenligner du prisen:<\/p>\n<h3>Tabel med priser p\u00e5 biludlejning i Casablanca, Marokko<\/h3>\n<table border=\"1\">\n<thead>\n<tr>\n<th>Bilmodel<\/th>\n<th>Type karosseri<\/th>\n<th>Pris pr. dag (lavs\u00e6son)<\/th>\n<th>Pris pr. dag (h\u00f8js\u00e6son)<\/th>\n<th>Antal passagerer<\/th>\n<th>Bagagekapacitet<\/th>\n<\/tr>\n<\/thead>\n<tbody>\n<tr>\n<td>Kia Picanto<\/td>\n<td>Hatchback<\/td>\n<td>20 \u20ac<\/td>\n<td>27 \u20ac<\/td>\n<td>4<\/td>\n<td>1<\/td>\n<\/tr>\n<tr>\n<td>Dacia Logan<\/td>\n<td>Sedan<\/td>\n<td>22 \u20ac<\/td>\n<td>30 \u20ac<\/td>\n<td>5<\/td>\n<td>2<\/td>\n<\/tr>\n<tr>\n<td>Renault Clio<\/td>\n<td>Hatchback<\/td>\n<td>25 \u20ac<\/td>\n<td>34 \u20ac<\/td>\n<td>5<\/td>\n<td>2<\/td>\n<\/tr>\n<tr>\n<td>Hyundai i20<\/td>\n<td>Hatchback<\/td>\n<td>24 \u20ac<\/td>\n<td>33 \u20ac<\/td>\n<td>5<\/td>\n<td>2<\/td>\n<\/tr>\n<tr>\n<td>Volkswagen Polo<\/td>\n<td>Hatchback<\/td>\n<td>26 \u20ac<\/td>\n<td>36 \u20ac<\/td>\n<td>5<\/td>\n<td>2<\/td>\n<\/tr>\n<tr>\n<td>Citro\u00ebn C-Elys\u00e9e<\/td>\n<td>Sedan<\/td>\n<td>27 \u20ac<\/td>\n<td>37 \u20ac<\/td>\n<td>5<\/td>\n<td>3<\/td>\n<\/tr>\n<tr>\n<td>Peugeot 301<\/td>\n<td>Sedan<\/td>\n<td>28 \u20ac<\/td>\n<td>38 \u20ac<\/td>\n<td>5<\/td>\n<td>3<\/td>\n<\/tr>\n<tr>\n<td>Dacia Duster<\/td>\n<td>SUV<\/td>\n<td>35 \u20ac<\/td>\n<td>46 \u20ac<\/td>\n<td>5<\/td>\n<td>3<\/td>\n<\/tr>\n<tr>\n<td>Renault Kadjar<\/td>\n<td>SUV<\/td>\n<td>48 \u20ac<\/td>\n<td>60 \u20ac<\/td>\n<td>5<\/td>\n<td>4<\/td>\n<\/tr>\n<tr>\n<td>Peugeot 3008<\/td>\n<td>SUV<\/td>\n<td>54 \u20ac<\/td>\n<td>68 \u20ac<\/td>\n<td>5<\/td>\n<td>4<\/td>\n<\/tr>\n<\/tbody>\n<\/table>\n        <div class=\"rpc-chart\">\n            <h3>S\u00e6sonbestemte \u00e6ndringer i priserne p\u00e5 biludlejning i Casablanca: oversigt baseret p\u00e5 bekr\u00e6ftede reservationer<\/h3>\n            <div><p>I l\u00f8bet af de sidste tre \u00e5r har eksperter fra roscar.ma systematisk analyseret \u00e6ndringer i de gennemsnitlige omkostninger for biludlejning i Casablanca. Dataene er udelukkende baseret p\u00e5 rigtige ordrer, der er afgivet via vores platform, som samarbejder med p\u00e5lidelige lokale biludlejningsfirmaer.<\/p>\n<p>Overv\u00e5gningen d\u00e6kker alle kategorier af k\u00f8ret\u00f8jer: fra kompakte bymodeller til SUV'er, cabrioleter og direktionsbiler. Det giver os mulighed for n\u00f8jagtigt at spore s\u00e6sonm\u00e6ssige tendenser og forudsige prisudsving afh\u00e6ngigt af eftersp\u00f8rgsel og turistperioder.<\/p>\n<p>Med mange \u00e5rs erfaring inden for biludlejning i Marokko opdaterer vi regelm\u00e6ssigt oplysninger for at give brugerne opdaterede og p\u00e5lidelige data. Dette er is\u00e6r vigtigt for dem, der planl\u00e6gger en tur til Casablanca og leder efter gunstige betingelser for transport.<\/p>\n<\/div>\n            <div class=\"rpc-chart-bars\">\n                                    <div class=\"rpc-chart-column\">\n                        <div class=\"rpc-chart-inner\" style=\"height: 30.188679245283%\">\n                            <div class=\"rpc-chart-column-value\">16 \u20ac<\/div>\n                            <div class=\"rpc-chart-month\">JAN<\/div>\n                        <\/div>\n                    <\/div>\n                                    <div class=\"rpc-chart-column\">\n                        <div class=\"rpc-chart-inner\" style=\"height: 28.301886792453%\">\n                            <div class=\"rpc-chart-column-value\">15 \u20ac<\/div>\n                            <div class=\"rpc-chart-month\">FEB<\/div>\n                        <\/div>\n                    <\/div>\n                                    <div class=\"rpc-chart-column\">\n                        <div class=\"rpc-chart-inner\" style=\"height: 30.188679245283%\">\n                            <div class=\"rpc-chart-column-value\">16 \u20ac<\/div>\n                            <div class=\"rpc-chart-month\">MAR<\/div>\n                        <\/div>\n                    <\/div>\n                                    <div class=\"rpc-chart-column\">\n                        <div class=\"rpc-chart-inner\" style=\"height: 39.622641509434%\">\n                            <div class=\"rpc-chart-column-value\">21 \u20ac<\/div>\n                            <div class=\"rpc-chart-month\">APR<\/div>\n                        <\/div>\n                    <\/div>\n                                    <div class=\"rpc-chart-column\">\n                        <div class=\"rpc-chart-inner\" style=\"height: 32.075471698113%\">\n                            <div class=\"rpc-chart-column-value\">17 \u20ac<\/div>\n                            <div class=\"rpc-chart-month\">MAY<\/div>\n                        <\/div>\n                    <\/div>\n                                    <div class=\"rpc-chart-column\">\n                        <div class=\"rpc-chart-inner\" style=\"height: 33.962264150943%\">\n                            <div class=\"rpc-chart-column-value\">18 \u20ac<\/div>\n                            <div class=\"rpc-chart-month\">JUN<\/div>\n                        <\/div>\n                    <\/div>\n                                    <div class=\"rpc-chart-column\">\n                        <div class=\"rpc-chart-inner\" style=\"height: 54.716981132075%\">\n                            <div class=\"rpc-chart-column-value\">29 \u20ac<\/div>\n                            <div class=\"rpc-chart-month\">JUL<\/div>\n                        <\/div>\n                    <\/div>\n                                    <div class=\"rpc-chart-column\">\n                        <div class=\"rpc-chart-inner\" style=\"height: 62.264150943396%\">\n                            <div class=\"rpc-chart-column-value\">33 \u20ac<\/div>\n                            <div class=\"rpc-chart-month\">AUG<\/div>\n                        <\/div>\n                    <\/div>\n                                    <div class=\"rpc-chart-column\">\n                        <div class=\"rpc-chart-inner\" style=\"height: 43.396226415094%\">\n                            <div class=\"rpc-chart-column-value\">23 \u20ac<\/div>\n                            <div class=\"rpc-chart-month\">SEP<\/div>\n                        <\/div>\n                    <\/div>\n                                    <div class=\"rpc-chart-column\">\n                        <div class=\"rpc-chart-inner\" style=\"height: 39.622641509434%\">\n                            <div class=\"rpc-chart-column-value\">21 \u20ac<\/div>\n                            <div class=\"rpc-chart-month\">OCT<\/div>\n                        <\/div>\n                    <\/div>\n                                    <div class=\"rpc-chart-column\">\n                        <div class=\"rpc-chart-inner\" style=\"height: 33.962264150943%\">\n                            <div class=\"rpc-chart-column-value\">18 \u20ac<\/div>\n                            <div class=\"rpc-chart-month\">NOV<\/div>\n                        <\/div>\n                    <\/div>\n                                    <div class=\"rpc-chart-column\">\n                        <div class=\"rpc-chart-inner\" style=\"height: 41.509433962264%\">\n                            <div class=\"rpc-chart-column-value\">22 \u20ac<\/div>\n                            <div class=\"rpc-chart-month\">DEC<\/div>\n                        <\/div>\n                    <\/div>\n                            <\/div>\n        <\/div>\n        \n<h2>Billeje Casablanca: Dokumenter<\/h2>\n<p>Der er kun f\u00e5 dokumenter, som f\u00f8reren skal have for at afhente sin lejebil:<\/p>\n<ol>\n<li>K\u00f8rekort<\/li>\n<li>Passet<\/li>\n<li>Kreditkort (depositum, kredit- eller identitetskontrol)<\/li>\n<li>Voucher (vi sender dig en sammen med din bookingbekr\u00e6ftelse).<\/li>\n<\/ol>\n","protected":false},"excerpt":{"rendered":"<p>Billeje Casablanca fra RosCar Den vigtigste \u00f8konomiske og kulturelle by i Marokko er altid en god start p\u00e5 en fantastisk rejse til Nordafrika. Unik arabisk kultur, tusindvis af \u00e5rs historie i moderne arkitektur, traditioner og l\u00e6kker mad er din handlingsplan. Men f\u00f8rst skal du leje en bil i Casablanca. Der er flere grunde til at [&hellip;]<\/p>\n","protected":false},"author":1,"featured_media":146,"parent":0,"menu_order":0,"comment_status":"closed","ping_status":"closed","template":"","meta":{"footnotes":""},"class_list":["post-1243","page","type-page","status-publish","has-post-thumbnail",""],"_links":{"self":[{"href":"https:\/\/roscar.ma\/da\/wp-json\/wp\/v2\/pages\/1243","targetHints":{"allow":["GET"]}}],"collection":[{"href":"https:\/\/roscar.ma\/da\/wp-json\/wp\/v2\/pages"}],"about":[{"href":"https:\/\/roscar.ma\/da\/wp-json\/wp\/v2\/types\/page"}],"author":[{"embeddable":true,"href":"https:\/\/roscar.ma\/da\/wp-json\/wp\/v2\/users\/1"}],"replies":[{"embeddable":true,"href":"https:\/\/roscar.ma\/da\/wp-json\/wp\/v2\/comments?post=1243"}],"version-history":[{"count":1,"href":"https:\/\/roscar.ma\/da\/wp-json\/wp\/v2\/pages\/1243\/revisions"}],"predecessor-version":[{"id":1247,"href":"https:\/\/roscar.ma\/da\/wp-json\/wp\/v2\/pages\/1243\/revisions\/1247"}],"wp:featuredmedia":[{"embeddable":true,"href":"https:\/\/roscar.ma\/da\/wp-json\/wp\/v2\/media\/146"}],"wp:attachment":[{"href":"https:\/\/roscar.ma\/da\/wp-json\/wp\/v2\/media?parent=1243"}],"curies":[{"name":"wp","href":"https:\/\/api.w.org\/{rel}","templated":true}]}}