{"id":1087,"date":"2025-07-17T09:45:33","date_gmt":"2025-07-17T09:45:33","guid":{"rendered":"https:\/\/roscar.ma\/?page_id=1087"},"modified":"2025-07-22T18:37:34","modified_gmt":"2025-07-22T18:37:34","slug":"billeje-marokko","status":"publish","type":"page","link":"https:\/\/roscar.ma\/da\/","title":{"rendered":"Billeje Marokko"},"content":{"rendered":"<h2>Billeje Marokko fra RosCar<\/h2>\n<p>Tusindvis af \u00e5rs historie og gamle arabiske traditioner tiltr\u00e6kker millioner af turister som en magnet. Her kan du finde lyden af det store Sahara og Atlanterhavet samt moderne og forhistoriske kulturer sammen med fremragende betingelser for enhver form for rejse. Men er jeg n\u00f8dt til at leje en bil i Marokko? Det er m\u00e5ske ikke den eneste mulighed, men det er en mulighed med nogle klare fordele:<\/p>\n<ul>\n<li>Fri bev\u00e6gelighed, hvor du vil<\/li>\n<li>H\u00f8j komfort og uovertruffen bekvemmelighed<\/li>\n<li>Stort udvalg af k\u00f8ret\u00f8jer<\/li>\n<li>Der er mulighed for korttids- eller langtidsleje af bil.<\/li>\n<\/ul>\n<p>Vil du afsted s\u00e5 hurtigt som muligt? Book nu den bil, du \u00f8nsker, p\u00e5 RosCar: et par klik, udfyld en standardformular, og foretag en forudbetaling for bekr\u00e6ftelse.<\/p>\n<h2>P\u00e5 vej til biludlejning i Marokko<\/h2>\n<p>Det er en opgave, der ikke skal forhastes, men heller ikke udskydes til i morgen. L\u00e6s derfor en lille forberedende guide p\u00e5 vej til biludlejning i Marokko.<\/p>\n<h3>1. Find den rigtige type<\/h3>\n<p>Et d\u00e5rligt valgt k\u00f8ret\u00f8j vil ikke give dig den \u00f8nskede forn\u00f8jelse eller bekvemmelighed. Tag et kig p\u00e5 listen, og overvej, hvilken af disse typer der lyder som din l\u00f8sning:<\/p>\n<ul>\n<li>Economy eller Mini (Billig biludlejning i Marokko)<\/li>\n<li>Standard<\/li>\n<li>SUV eller crossover<\/li>\n<li>Luksus<\/li>\n<li>Cabriolet<\/li>\n<li>Varevogn eller minivan.<\/li>\n<\/ul>\n<h3>2. Ekstra tjenester<\/h3>\n<p>Det er ikke alle disse ekstrafunktioner, der betales for, men de er alle et godt valg:<\/p>\n<ul>\n<li>Gratis afbestilling: Denne mulighed skal bruges i tide (op til 48 timer f\u00f8r afrejse).<\/li>\n<li>Intet depositum: Den bedste funktion for budgetrejsende er, at den ikke har noget depositum p\u00e5 kreditkort.<\/li>\n<li>Garanteret model: F\u00e5 mindst det, du har bestilt.<\/li>\n<li>B\u00f8rnes\u00e6de: Et lovkrav for at rejse med b\u00f8rn p\u00e5 10 \u00e5r eller derunder om bord.<\/li>\n<li>Ekstra forsikring: Betal bare ekstra for Super CDW og Fuld d\u00e6kning for at f\u00e5 ro i sindet.<\/li>\n<li>SIM-kort: Tag et med for at nyde h\u00f8jhastighedsinternet.<\/li>\n<li>Ekstra chauff\u00f8r: Flere glade kilometer med en ven bag rattet.<\/li>\n<li>Transmission: Kig efter en automatisk for afslappede ture.<\/li>\n<li>Ubegr\u00e6nset kilometertal: Ubegr\u00e6nset udsigt gemt bag \u00f8rkener og havlandskaber.<\/li>\n<\/ul>\n<blockquote class=\"check\">\n<h3>RosCar Marokko biludlejning i detaljer<\/h3>\n<p>Find selv et par minutter til at tage Marokko biludlejning:<\/p>\n<ol>\n<li>Indstil afhentnings- og afleveringssteder.<\/li>\n<li>Angiv start- og slutdatoer.<\/li>\n<li>Klik p\u00e5 &#8220;Filtre&#8221; for at v\u00e6lge de \u00f8nskede tilf\u00f8jelser.<\/li>\n<li>Klik p\u00e5 &#8220;Vis&#8221; for at f\u00e5 en liste.<\/li>\n<li>Book nu.<\/li>\n<li>Udfyld formularen og betal nu.<\/li>\n<\/ol>\n<p>N\u00e5r du er p\u00e5 betalingssiden, skal du indtaste et kort til en 20% forudbetaling. Bare rolig, dine bankoplysninger er sikre.<\/p><\/blockquote>\n<h2>Omkostningerne ved biludlejning i Marokko<\/h2>\n<p>Her er nogle eksempler, der kan hj\u00e6lpe dig med at forst\u00e5 prisen p\u00e5 biludlejning i Marokko:<\/p>\n<ul>\n<li>$20-30 for Mini eller Economy<\/li>\n<li>$45-55 for Standard eller Minivan<\/li>\n<li>50-70 dollars for SUV eller crossover<\/li>\n<li>fra $80 for luksus eller cabriolet.<\/li>\n<\/ul>\n<p>Men du kan pr\u00f8ve at f\u00e5 det billigere:<\/p>\n<ul>\n<li>Tag en langtidsleje af bil (5 dage eller mere)<\/li>\n<li>Indstil startdatoen til midten af ugen<\/li>\n<li>Sammenlign ikke kun efter pris, men ogs\u00e5 efter udstyr<\/li>\n<li>Book online i god tid.<\/li>\n<\/ul>\n<p>Mere om prissammenligning:<\/p>\n<h3>Tabel med priser p\u00e5 biludlejning i Marokko<\/h3>\n<table border=\"1\" cellspacing=\"0\" cellpadding=\"8\">\n<thead>\n<tr>\n<th>Bilmodel<\/th>\n<th>Type karosseri<\/th>\n<th>Pris pr. dag (lavs\u00e6son)<\/th>\n<th>Pris pr. dag (h\u00f8js\u00e6son)<\/th>\n<th>Antal passagerer<\/th>\n<th>Bagagekapacitet<\/th>\n<\/tr>\n<\/thead>\n<tbody>\n<tr>\n<td>Dacia Logan<\/td>\n<td>Sedan<\/td>\n<td>23 \u20ac<\/td>\n<td>30 \u20ac<\/td>\n<td>5<\/td>\n<td>2<\/td>\n<\/tr>\n<tr>\n<td>Kia Picanto<\/td>\n<td>Hatchback<\/td>\n<td>20 \u20ac<\/td>\n<td>28 \u20ac<\/td>\n<td>4<\/td>\n<td>1<\/td>\n<\/tr>\n<tr>\n<td>Renault Clio<\/td>\n<td>Hatchback<\/td>\n<td>25 \u20ac<\/td>\n<td>35 \u20ac<\/td>\n<td>5<\/td>\n<td>2<\/td>\n<\/tr>\n<tr>\n<td>Dacia Duster<\/td>\n<td>SUV<\/td>\n<td>35 \u20ac<\/td>\n<td>45 \u20ac<\/td>\n<td>5<\/td>\n<td>3<\/td>\n<\/tr>\n<tr>\n<td>Hyundai Tucson<\/td>\n<td>SUV<\/td>\n<td>50 \u20ac<\/td>\n<td>65 \u20ac<\/td>\n<td>5<\/td>\n<td>4<\/td>\n<\/tr>\n<tr>\n<td>Peugeot 208<\/td>\n<td>Hatchback<\/td>\n<td>22 \u20ac<\/td>\n<td>32 \u20ac<\/td>\n<td>5<\/td>\n<td>2<\/td>\n<\/tr>\n<tr>\n<td>Volkswagen Polo<\/td>\n<td>Hatchback<\/td>\n<td>26 \u20ac<\/td>\n<td>36 \u20ac<\/td>\n<td>5<\/td>\n<td>2<\/td>\n<\/tr>\n<tr>\n<td>Citro\u00ebn C-Elys\u00e9e<\/td>\n<td>Sedan<\/td>\n<td>24 \u20ac<\/td>\n<td>34 \u20ac<\/td>\n<td>5<\/td>\n<td>3<\/td>\n<\/tr>\n<tr>\n<td>Fiat Tipo<\/td>\n<td>Sedan<\/td>\n<td>27 \u20ac<\/td>\n<td>37 \u20ac<\/td>\n<td>5<\/td>\n<td>3<\/td>\n<\/tr>\n<tr>\n<td>Renault Captur<\/td>\n<td>Crossover<\/td>\n<td>33 \u20ac<\/td>\n<td>43 \u20ac<\/td>\n<td>5<\/td>\n<td>3<\/td>\n<\/tr>\n<\/tbody>\n<\/table>\n        <div class=\"rpc-chart\">\n            <h3>S\u00e6sonbestemte priser p\u00e5 biludlejning i Marokko<\/h3>\n            <div><p>Tabellen nedenfor viser en analyse af \u00e6ndringer i de gennemsnitlige priser for biludlejning i Marokko i l\u00f8bet af de sidste tre \u00e5r. Oplysningerne er baseret p\u00e5 faktiske bookinger foretaget via roscar.ma, en hjemmeside med speciale i biludlejning uden mellemled. Dataene d\u00e6kker alle bilklasser (fra overkommelige bymodeller til SUV'er, cabrioleter og premium-segmentet).<\/p>\n<p>Takket v\u00e6re vores mange\u00e5rige erfaring med at arbejde med rejsende og regelm\u00e6ssig markedsoverv\u00e5gning har vi dannet os et objektivt billede af s\u00e6sonudsvingene i lejepriserne. Vores analyse vil v\u00e6re nyttig for alle, der planl\u00e6gger en rejse til Marokko: Du kan p\u00e5 forh\u00e5nd v\u00e6lge den periode, hvor billeje vil v\u00e6re mest fordelagtig.<\/p>\n<p>Vi anbefaler, at du bruger de verificerede oplysninger og praktiske r\u00e5d fra RosCar Marokko til at g\u00f8re din rejse behagelig, sikker og \u00f8konomisk.<\/p>\n<\/div>\n            <div class=\"rpc-chart-bars\">\n                                    <div class=\"rpc-chart-column\">\n                        <div class=\"rpc-chart-inner\" style=\"height: 28.846153846154%\">\n                            <div class=\"rpc-chart-column-value\">15 \u20ac<\/div>\n                            <div class=\"rpc-chart-month\">JAN<\/div>\n                        <\/div>\n                    <\/div>\n                                    <div class=\"rpc-chart-column\">\n                        <div class=\"rpc-chart-inner\" style=\"height: 28.846153846154%\">\n                            <div class=\"rpc-chart-column-value\">15 \u20ac<\/div>\n                            <div class=\"rpc-chart-month\">FEB<\/div>\n                        <\/div>\n                    <\/div>\n                                    <div class=\"rpc-chart-column\">\n                        <div class=\"rpc-chart-inner\" style=\"height: 32.692307692308%\">\n                            <div class=\"rpc-chart-column-value\">17 \u20ac<\/div>\n                            <div class=\"rpc-chart-month\">MAR<\/div>\n                        <\/div>\n                    <\/div>\n                                    <div class=\"rpc-chart-column\">\n                        <div class=\"rpc-chart-inner\" style=\"height: 42.307692307692%\">\n                            <div class=\"rpc-chart-column-value\">22 \u20ac<\/div>\n                            <div class=\"rpc-chart-month\">APR<\/div>\n                        <\/div>\n                    <\/div>\n                                    <div class=\"rpc-chart-column\">\n                        <div class=\"rpc-chart-inner\" style=\"height: 32.692307692308%\">\n                            <div class=\"rpc-chart-column-value\">17 \u20ac<\/div>\n                            <div class=\"rpc-chart-month\">MAY<\/div>\n                        <\/div>\n                    <\/div>\n                                    <div class=\"rpc-chart-column\">\n                        <div class=\"rpc-chart-inner\" style=\"height: 30.769230769231%\">\n                            <div class=\"rpc-chart-column-value\">16 \u20ac<\/div>\n                            <div class=\"rpc-chart-month\">JUN<\/div>\n                        <\/div>\n                    <\/div>\n                                    <div class=\"rpc-chart-column\">\n                        <div class=\"rpc-chart-inner\" style=\"height: 55.769230769231%\">\n                            <div class=\"rpc-chart-column-value\">29 \u20ac<\/div>\n                            <div class=\"rpc-chart-month\">JUL<\/div>\n                        <\/div>\n                    <\/div>\n                                    <div class=\"rpc-chart-column\">\n                        <div class=\"rpc-chart-inner\" style=\"height: 61.538461538462%\">\n                            <div class=\"rpc-chart-column-value\">32 \u20ac<\/div>\n                            <div class=\"rpc-chart-month\">AUG<\/div>\n                        <\/div>\n                    <\/div>\n                                    <div class=\"rpc-chart-column\">\n                        <div class=\"rpc-chart-inner\" style=\"height: 38.461538461538%\">\n                            <div class=\"rpc-chart-column-value\">20 \u20ac<\/div>\n                            <div class=\"rpc-chart-month\">SEP<\/div>\n                        <\/div>\n                    <\/div>\n                                    <div class=\"rpc-chart-column\">\n                        <div class=\"rpc-chart-inner\" style=\"height: 36.538461538462%\">\n                            <div class=\"rpc-chart-column-value\">19 \u20ac<\/div>\n                            <div class=\"rpc-chart-month\">OCT<\/div>\n                        <\/div>\n                    <\/div>\n                                    <div class=\"rpc-chart-column\">\n                        <div class=\"rpc-chart-inner\" style=\"height: 32.692307692308%\">\n                            <div class=\"rpc-chart-column-value\">17 \u20ac<\/div>\n                            <div class=\"rpc-chart-month\">NOV<\/div>\n                        <\/div>\n                    <\/div>\n                                    <div class=\"rpc-chart-column\">\n                        <div class=\"rpc-chart-inner\" style=\"height: 44.230769230769%\">\n                            <div class=\"rpc-chart-column-value\">23 \u20ac<\/div>\n                            <div class=\"rpc-chart-month\">DEC<\/div>\n                        <\/div>\n                    <\/div>\n                            <\/div>\n        <\/div>\n        \n<h2>Billeje Marokko: Dokumenter<\/h2>\n<p>Er du over 21 (eller 25) \u00e5r gammel og har noget k\u00f8reerfaring? S\u00e5 beh\u00f8ver du kun tre dokumenter for at leje en bil i Marokko:<\/p>\n<ol>\n<li>Pas<\/li>\n<li>K\u00f8rekort<\/li>\n<li>Kreditkort (valgfrit).<\/li>\n<\/ol>\n<p>Du skal ogs\u00e5 have en Voucher (reservationsbevis), men den f\u00e5r du umiddelbart efter, at din booking er bekr\u00e6ftet.<\/p>\n","protected":false},"excerpt":{"rendered":"<p>Billeje Marokko fra RosCar Tusindvis af \u00e5rs historie og gamle arabiske traditioner tiltr\u00e6kker millioner af turister som en magnet. Her kan du finde lyden af det store Sahara og Atlanterhavet samt moderne og forhistoriske kulturer sammen med fremragende betingelser for enhver form for rejse. Men er jeg n\u00f8dt til at leje en bil i Marokko? [&hellip;]<\/p>\n","protected":false},"author":1,"featured_media":116,"parent":0,"menu_order":0,"comment_status":"closed","ping_status":"closed","template":"","meta":{"footnotes":""},"class_list":["post-1087","page","type-page","status-publish","has-post-thumbnail",""],"_links":{"self":[{"href":"https:\/\/roscar.ma\/da\/wp-json\/wp\/v2\/pages\/1087","targetHints":{"allow":["GET"]}}],"collection":[{"href":"https:\/\/roscar.ma\/da\/wp-json\/wp\/v2\/pages"}],"about":[{"href":"https:\/\/roscar.ma\/da\/wp-json\/wp\/v2\/types\/page"}],"author":[{"embeddable":true,"href":"https:\/\/roscar.ma\/da\/wp-json\/wp\/v2\/users\/1"}],"replies":[{"embeddable":true,"href":"https:\/\/roscar.ma\/da\/wp-json\/wp\/v2\/comments?post=1087"}],"version-history":[{"count":1,"href":"https:\/\/roscar.ma\/da\/wp-json\/wp\/v2\/pages\/1087\/revisions"}],"predecessor-version":[{"id":1090,"href":"https:\/\/roscar.ma\/da\/wp-json\/wp\/v2\/pages\/1087\/revisions\/1090"}],"wp:featuredmedia":[{"embeddable":true,"href":"https:\/\/roscar.ma\/da\/wp-json\/wp\/v2\/media\/116"}],"wp:attachment":[{"href":"https:\/\/roscar.ma\/da\/wp-json\/wp\/v2\/media?parent=1087"}],"curies":[{"name":"wp","href":"https:\/\/api.w.org\/{rel}","templated":true}]}}