{"id":695,"date":"2025-07-17T09:45:33","date_gmt":"2025-07-17T09:45:33","guid":{"rendered":"https:\/\/roscar.ma\/?page_id=695"},"modified":"2025-07-21T11:48:41","modified_gmt":"2025-07-21T11:48:41","slug":"pujcovna-aut-maroko","status":"publish","type":"page","link":"https:\/\/roscar.ma\/cs\/","title":{"rendered":"P\u016fj\u010dovna aut Maroko"},"content":{"rendered":"<h2>P\u016fj\u010dovna aut Maroko od RosCar<\/h2>\n<p>Tis\u00edce let historie a starobyl\u00e9 arabsk\u00e9 tradice p\u0159itahuj\u00ed miliony turist\u016f jako magnet. Najdete zde zvuky velk\u00e9 Sahary a Atlantsk\u00e9ho oce\u00e1nu, stejn\u011b jako modern\u00ed a prehistorick\u00e9 kultury, spolu s vynikaj\u00edc\u00edmi podm\u00ednkami pro jak\u00fdkoli typ cestov\u00e1n\u00ed. Mus\u00edm si v\u0161ak v Maroku p\u016fj\u010dit auto? Nen\u00ed to sice jedin\u00e1 dostupn\u00e1 mo\u017enost, ale m\u00e1 jasn\u00e9 v\u00fdhody:<\/p>\n<ul>\n<li>Voln\u00fd pohyb, kamkoli budete cht\u00edt<\/li>\n<li>Vysok\u00fd komfort a bezkonkuren\u010dn\u00ed pohodl\u00ed<\/li>\n<li>Velk\u00fd v\u00fdb\u011br vozidel<\/li>\n<li>K dispozici jsou kr\u00e1tkodob\u00e9 i dlouhodob\u00e9 pron\u00e1jmy voz\u016f.<\/li>\n<\/ul>\n<p>Chcete vyrazit na cestu co nejd\u0159\u00edve? Zarezervujte si nyn\u00ed jak\u00fdkoli v\u016fz na RosCar: sta\u010d\u00ed p\u00e1r kliknut\u00ed, vyplnit standardn\u00ed formul\u00e1\u0159 a prov\u00e9st platbu p\u0159edem pro potvrzen\u00ed.<\/p>\n<h2>Na cest\u011b k pron\u00e1jmu auta Maroko<\/h2>\n<p>Jedn\u00e1 se o \u00fakol, kter\u00fd by se nem\u011bl usp\u011bchat, ale tak\u00e9 by se nem\u011bl odkl\u00e1dat na z\u00edt\u0159ek. Proto si p\u0159e\u010dt\u011bte mal\u00e9ho p\u0159\u00edpravn\u00e9ho pr\u016fvodce na cest\u011b k pron\u00e1jmu auta v Maroku.<\/p>\n<h3>1. Najd\u011bte si spr\u00e1vn\u00fd typ<\/h3>\n<p>\u0160patn\u011b vybran\u00e9 vozidlo v\u00e1m nep\u0159inese k\u00fd\u017een\u00e9 pot\u011b\u0161en\u00ed ani pohodl\u00ed. Pod\u00edvejte se na seznam a zamyslete se, kter\u00fd z t\u011bchto typ\u016f zn\u00ed jako va\u0161e \u0159e\u0161en\u00ed:<\/p>\n<ul>\n<li>(Levn\u00e1 p\u016fj\u010dovna aut v Maroku)<\/li>\n<li>Standardn\u00ed<\/li>\n<li>SUV nebo Crossover<\/li>\n<li>Luxusn\u00ed<\/li>\n<li>Kabriolet<\/li>\n<li>Dod\u00e1vka nebo minivan.<\/li>\n<\/ul>\n<h3>2. Dopl\u0148kov\u00e9 slu\u017eby<\/h3>\n<p>Ne v\u0161echny tyto p\u0159\u00edplatkov\u00e9 funkce jsou placen\u00e9, ale ka\u017ed\u00e1 z nich je skv\u011blou volbou:<\/p>\n<ul>\n<li>Bezplatn\u00e9 storno: Tuto mo\u017enost je t\u0159eba vyu\u017e\u00edt v\u010das (do 48 hodin p\u0159ed odjezdem).<\/li>\n<li>\u017d\u00e1dn\u00e1 z\u00e1loha: Nejlep\u0161\u00ed funkc\u00ed pro n\u00edzkorozpo\u010dtov\u00e9 cestovatele je, \u017ee nem\u00e1 \u017e\u00e1dn\u00e9 z\u00e1lohy na kreditn\u00edch kart\u00e1ch.<\/li>\n<li>Garantovan\u00fd model: V p\u0159\u00edpad\u011b, \u017ee se jedn\u00e1 o letenku, je mo\u017en\u00e9 ji vyu\u017e\u00edt k ubytov\u00e1n\u00ed: Z\u00edskejte alespo\u0148 tolik, kolik jste si rezervovali.<\/li>\n<li>D\u011btsk\u00e1 seda\u010dka: Z\u00e1konn\u00fd po\u017eadavek pro cestov\u00e1n\u00ed s d\u011btmi do 10 let na palub\u011b.<\/li>\n<li>Dopl\u0148kov\u00e9 poji\u0161t\u011bn\u00ed: Sta\u010d\u00ed si p\u0159iplatit za Super CDW a Full Coverage, abyste m\u011bli klid.<\/li>\n<li>SIM karta: Vezm\u011bte si ji, abyste mohli vyu\u017e\u00edvat vysokorychlostn\u00ed internet.<\/li>\n<li>Dal\u0161\u00ed \u0159idi\u010d: S p\u0159\u00edtelem za volantem ujedete v\u00edce kilometr\u016f.<\/li>\n<li>P\u0159evodovka: Hledejte automatickou p\u0159evodovku pro klidnou j\u00edzdu.<\/li>\n<li>Neomezen\u00fd po\u010det kilometr\u016f: Neomezen\u00e9 v\u00fdhledy skryt\u00e9 za pou\u0161t\u011bmi a mo\u0159sk\u00fdmi krajinami.<\/li>\n<\/ul>\n<blockquote class=\"check\">\n<h3>Podrobn\u00e9 informace o pron\u00e1jmu voz\u016f RosCar Maroko<\/h3>\n<p>Najd\u011bte si p\u00e1r minut na pron\u00e1jem voz\u016f Maroko:<\/p>\n<ol>\n<li>Nastavte m\u00edsta vyzvednut\u00ed a p\u0159ed\u00e1n\u00ed.<\/li>\n<li>Zadejte datum za\u010d\u00e1tku a konce.<\/li>\n<li>Klikn\u011bte na &#8222;Filtry&#8220; a vyberte po\u017eadovan\u00e9 dopl\u0148ky.<\/li>\n<li>Klikn\u011bte na &#8222;Zobrazit&#8220; a z\u00edskejte seznam.<\/li>\n<li>Rezervujte nyn\u00ed.<\/li>\n<li>Vypl\u0148te formul\u00e1\u0159 a zapla\u0165te nyn\u00ed.<\/li>\n<\/ol>\n<p>Jakmile jste na pokladn\u00ed str\u00e1nce, mus\u00edte zadat kartu pro 20% z\u00e1lohu. Nem\u011bjte obavy, va\u0161e bankovn\u00ed \u00fadaje jsou v bezpe\u010d\u00ed.<\/p><\/blockquote>\n<h2>N\u00e1klady na pron\u00e1jem vozu v Maroko<\/h2>\n<p>Zde je n\u011bkolik p\u0159\u00edklad\u016f, kter\u00e9 v\u00e1m pomohou pochopit cenu pron\u00e1jmu auta v Maroku:<\/p>\n<ul>\n<li>$20-30 za Mini nebo Economy<\/li>\n<li>45-55 USD za standardn\u00ed nebo minivan<\/li>\n<li>50-70 USD za SUV nebo Crossover<\/li>\n<li>od 80 USD za luxusn\u00ed v\u016fz nebo kabriolet.<\/li>\n<\/ul>\n<p>M\u016f\u017eete se v\u0161ak pokusit z\u00edskat ho levn\u011bji:<\/p>\n<ul>\n<li>Vezm\u011bte si dlouhodob\u00fd pron\u00e1jem auta (5 a v\u00edce dn\u00ed).<\/li>\n<li>Stanovte si datum za\u010d\u00e1tku pron\u00e1jmu na polovinu t\u00fddne.<\/li>\n<li>Porovn\u00e1vejte nejen podle ceny, ale tak\u00e9 podle v\u00fdbavy<\/li>\n<li>Rezervujte online s dostate\u010dn\u00fdm p\u0159edstihem.<\/li>\n<\/ul>\n<p>V\u00edce o porovn\u00e1v\u00e1n\u00ed cen:<\/p>\n<h3>V\u00edce informac\u00ed o srovn\u00e1v\u00e1n\u00ed cen: Tabulka s cenami za pron\u00e1jem auta v Maroko<\/h3>\n<table border=\"1\" cellspacing=\"0\" cellpadding=\"8\">\n<thead>\n<tr>\n<th>Model vozu<\/th>\n<th>Typ karoserie<\/th>\n<th>Cena za den (mimo sez\u00f3nu)<\/th>\n<th>Cena za den (hlavn\u00ed sez\u00f3na)<\/th>\n<th>Po\u010det cestuj\u00edc\u00edch<\/th>\n<th>Kapacita zavazadel<\/th>\n<\/tr>\n<\/thead>\n<tbody>\n<tr>\n<td>Dacia Logan<\/td>\n<td>Sedan<\/td>\n<td>23 \u20ac<\/td>\n<td>30 \u20ac<\/td>\n<td>5<\/td>\n<td>2<\/td>\n<\/tr>\n<tr>\n<td>Kia Picanto<\/td>\n<td>Hatchback<\/td>\n<td>20 \u20ac<\/td>\n<td>28 \u20ac<\/td>\n<td>4<\/td>\n<td>1<\/td>\n<\/tr>\n<tr>\n<td>Renault Clio<\/td>\n<td>Hatchback<\/td>\n<td>25 \u20ac<\/td>\n<td>35 \u20ac<\/td>\n<td>5<\/td>\n<td>2<\/td>\n<\/tr>\n<tr>\n<td>Dacia Duster<\/td>\n<td>SUV<\/td>\n<td>35 \u20ac<\/td>\n<td>45 \u20ac<\/td>\n<td>5<\/td>\n<td>3<\/td>\n<\/tr>\n<tr>\n<td>Hyundai Tucson<\/td>\n<td>SUV<\/td>\n<td>50 \u20ac<\/td>\n<td>65 \u20ac<\/td>\n<td>5<\/td>\n<td>4<\/td>\n<\/tr>\n<tr>\n<td>Peugeot 208<\/td>\n<td>Hatchback<\/td>\n<td>22 \u20ac<\/td>\n<td>32 \u20ac<\/td>\n<td>5<\/td>\n<td>2<\/td>\n<\/tr>\n<tr>\n<td>Volkswagen Polo<\/td>\n<td>Hatchback<\/td>\n<td>26 \u20ac<\/td>\n<td>36 \u20ac<\/td>\n<td>5<\/td>\n<td>2<\/td>\n<\/tr>\n<tr>\n<td>Citro\u00ebn C-Elys\u00e9e<\/td>\n<td>Sedan<\/td>\n<td>24 \u20ac<\/td>\n<td>34 \u20ac<\/td>\n<td>5<\/td>\n<td>3<\/td>\n<\/tr>\n<tr>\n<td>Fiat Tipo<\/td>\n<td>Sedan<\/td>\n<td>27 \u20ac<\/td>\n<td>37 \u20ac<\/td>\n<td>5<\/td>\n<td>3<\/td>\n<\/tr>\n<tr>\n<td>Renault Captur<\/td>\n<td>Crossover<\/td>\n<td>33 \u20ac<\/td>\n<td>43 \u20ac<\/td>\n<td>5<\/td>\n<td>3<\/td>\n<\/tr>\n<\/tbody>\n<\/table>\n        <div class=\"rpc-chart\">\n            <h3>Sez\u00f3nn\u00ed ceny pron\u00e1jmu aut v Maroko<\/h3>\n            <div><p>N\u00e1sleduj\u00edc\u00ed tabulka ukazuje anal\u00fdzu zm\u011bn pr\u016fm\u011brn\u00fdch cen pron\u00e1jmu voz\u016f v Maroku za posledn\u00ed t\u0159i roky. Informace jsou zalo\u017eeny na skute\u010dn\u00fdch rezervac\u00edch proveden\u00fdch prost\u0159ednictv\u00edm roscar.ma, webov\u00e9 str\u00e1nky specializuj\u00edc\u00ed se na pron\u00e1jem aut bez zprost\u0159edkovatel\u016f. \u00dadaje zahrnuj\u00ed v\u0161echny t\u0159\u00eddy automobil\u016f (od cenov\u011b dostupn\u00fdch m\u011bstsk\u00fdch model\u016f a\u017e po SUV, kabriolety a pr\u00e9miov\u00fd segment).<\/p>\n<p>D\u00edky na\u0161im dlouholet\u00fdm zku\u0161enostem s prac\u00ed s cestuj\u00edc\u00edmi a pravideln\u00e9mu sledov\u00e1n\u00ed trhu jsme si vytvo\u0159ili objektivn\u00ed pohled na sez\u00f3nn\u00ed v\u00fdkyvy cen pron\u00e1jm\u016f. Na\u0161e anal\u00fdza bude u\u017eite\u010dn\u00e1 pro ka\u017ed\u00e9ho, kdo pl\u00e1nuje cestu do Maroka: m\u016f\u017eete si p\u0159edem vybrat obdob\u00ed, kdy bude pron\u00e1jem auta nejv\u00fdhodn\u011bj\u0161\u00ed.<\/p>\n<p>Doporu\u010dujeme vyu\u017e\u00edt ov\u011b\u0159en\u00e9 informace a praktick\u00e9 rady RosCar Maroko, aby va\u0161e cesta byla pohodln\u00e1, bezpe\u010dn\u00e1 a ekonomick\u00e1.<\/p>\n<\/div>\n            <div class=\"rpc-chart-bars\">\n                                    <div class=\"rpc-chart-column\">\n                        <div class=\"rpc-chart-inner\" style=\"height: 28.846153846154%\">\n                            <div class=\"rpc-chart-column-value\">15 \u20ac<\/div>\n                            <div class=\"rpc-chart-month\">JAN<\/div>\n                        <\/div>\n                    <\/div>\n                                    <div class=\"rpc-chart-column\">\n                        <div class=\"rpc-chart-inner\" style=\"height: 28.846153846154%\">\n                            <div class=\"rpc-chart-column-value\">15 \u20ac<\/div>\n                            <div class=\"rpc-chart-month\">FEB<\/div>\n                        <\/div>\n                    <\/div>\n                                    <div class=\"rpc-chart-column\">\n                        <div class=\"rpc-chart-inner\" style=\"height: 32.692307692308%\">\n                            <div class=\"rpc-chart-column-value\">17 \u20ac<\/div>\n                            <div class=\"rpc-chart-month\">MAR<\/div>\n                        <\/div>\n                    <\/div>\n                                    <div class=\"rpc-chart-column\">\n                        <div class=\"rpc-chart-inner\" style=\"height: 42.307692307692%\">\n                            <div class=\"rpc-chart-column-value\">22 \u20ac<\/div>\n                            <div class=\"rpc-chart-month\">APR<\/div>\n                        <\/div>\n                    <\/div>\n                                    <div class=\"rpc-chart-column\">\n                        <div class=\"rpc-chart-inner\" style=\"height: 32.692307692308%\">\n                            <div class=\"rpc-chart-column-value\">17 \u20ac<\/div>\n                            <div class=\"rpc-chart-month\">MAY<\/div>\n                        <\/div>\n                    <\/div>\n                                    <div class=\"rpc-chart-column\">\n                        <div class=\"rpc-chart-inner\" style=\"height: 30.769230769231%\">\n                            <div class=\"rpc-chart-column-value\">16 \u20ac<\/div>\n                            <div class=\"rpc-chart-month\">JUN<\/div>\n                        <\/div>\n                    <\/div>\n                                    <div class=\"rpc-chart-column\">\n                        <div class=\"rpc-chart-inner\" style=\"height: 55.769230769231%\">\n                            <div class=\"rpc-chart-column-value\">29 \u20ac<\/div>\n                            <div class=\"rpc-chart-month\">JUL<\/div>\n                        <\/div>\n                    <\/div>\n                                    <div class=\"rpc-chart-column\">\n                        <div class=\"rpc-chart-inner\" style=\"height: 61.538461538462%\">\n                            <div class=\"rpc-chart-column-value\">32 \u20ac<\/div>\n                            <div class=\"rpc-chart-month\">AUG<\/div>\n                        <\/div>\n                    <\/div>\n                                    <div class=\"rpc-chart-column\">\n                        <div class=\"rpc-chart-inner\" style=\"height: 38.461538461538%\">\n                            <div class=\"rpc-chart-column-value\">20 \u20ac<\/div>\n                            <div class=\"rpc-chart-month\">SEP<\/div>\n                        <\/div>\n                    <\/div>\n                                    <div class=\"rpc-chart-column\">\n                        <div class=\"rpc-chart-inner\" style=\"height: 36.538461538462%\">\n                            <div class=\"rpc-chart-column-value\">19 \u20ac<\/div>\n                            <div class=\"rpc-chart-month\">OCT<\/div>\n                        <\/div>\n                    <\/div>\n                                    <div class=\"rpc-chart-column\">\n                        <div class=\"rpc-chart-inner\" style=\"height: 32.692307692308%\">\n                            <div class=\"rpc-chart-column-value\">17 \u20ac<\/div>\n                            <div class=\"rpc-chart-month\">NOV<\/div>\n                        <\/div>\n                    <\/div>\n                                    <div class=\"rpc-chart-column\">\n                        <div class=\"rpc-chart-inner\" style=\"height: 44.230769230769%\">\n                            <div class=\"rpc-chart-column-value\">23 \u20ac<\/div>\n                            <div class=\"rpc-chart-month\">DEC<\/div>\n                        <\/div>\n                    <\/div>\n                            <\/div>\n        <\/div>\n        \n<h2>Pron\u00e1jem auta v Maroku: Dokumenty<\/h2>\n<p>Je v\u00e1m v\u00edce ne\u017e 21 (nebo 25) let a m\u00e1te zku\u0161enosti s \u0159\u00edzen\u00edm? Pak k pron\u00e1jmu auta v Maroku pot\u0159ebujete pouze t\u0159i doklady:<\/p>\n<ol>\n<li>Pot\u0159ebujete: cestovn\u00ed pas<\/li>\n<li>\u0158idi\u010dsk\u00fd pr\u016fkaz<\/li>\n<li>Kreditn\u00ed karta (nepovinn\u00e9).<\/li>\n<\/ol>\n<p>Pot\u0159ebujete tak\u00e9 voucher (rezerva\u010dn\u00ed certifik\u00e1t), kter\u00fd v\u0161ak obdr\u017e\u00edte ihned po potvrzen\u00ed rezervace.<\/p>\n","protected":false},"excerpt":{"rendered":"<p>P\u016fj\u010dovna aut Maroko od RosCar Tis\u00edce let historie a starobyl\u00e9 arabsk\u00e9 tradice p\u0159itahuj\u00ed miliony turist\u016f jako magnet. Najdete zde zvuky velk\u00e9 Sahary a Atlantsk\u00e9ho oce\u00e1nu, stejn\u011b jako modern\u00ed a prehistorick\u00e9 kultury, spolu s vynikaj\u00edc\u00edmi podm\u00ednkami pro jak\u00fdkoli typ cestov\u00e1n\u00ed. Mus\u00edm si v\u0161ak v Maroku p\u016fj\u010dit auto? Nen\u00ed to sice jedin\u00e1 dostupn\u00e1 mo\u017enost, ale m\u00e1 jasn\u00e9 [&hellip;]<\/p>\n","protected":false},"author":1,"featured_media":115,"parent":0,"menu_order":0,"comment_status":"closed","ping_status":"closed","template":"","meta":{"footnotes":""},"class_list":["post-695","page","type-page","status-publish","has-post-thumbnail",""],"_links":{"self":[{"href":"https:\/\/roscar.ma\/cs\/wp-json\/wp\/v2\/pages\/695","targetHints":{"allow":["GET"]}}],"collection":[{"href":"https:\/\/roscar.ma\/cs\/wp-json\/wp\/v2\/pages"}],"about":[{"href":"https:\/\/roscar.ma\/cs\/wp-json\/wp\/v2\/types\/page"}],"author":[{"embeddable":true,"href":"https:\/\/roscar.ma\/cs\/wp-json\/wp\/v2\/users\/1"}],"replies":[{"embeddable":true,"href":"https:\/\/roscar.ma\/cs\/wp-json\/wp\/v2\/comments?post=695"}],"version-history":[{"count":0,"href":"https:\/\/roscar.ma\/cs\/wp-json\/wp\/v2\/pages\/695\/revisions"}],"wp:featuredmedia":[{"embeddable":true,"href":"https:\/\/roscar.ma\/cs\/wp-json\/wp\/v2\/media\/115"}],"wp:attachment":[{"href":"https:\/\/roscar.ma\/cs\/wp-json\/wp\/v2\/media?parent=695"}],"curies":[{"name":"wp","href":"https:\/\/api.w.org\/{rel}","templated":true}]}}