{"id":2504,"date":"2025-07-17T11:33:38","date_gmt":"2025-07-17T11:33:38","guid":{"rendered":"https:\/\/roscar.ma\/?page_id=2504"},"modified":"2025-07-26T17:43:42","modified_gmt":"2025-07-26T17:43:42","slug":"pujcovna-aut-tangier","status":"publish","type":"page","link":"https:\/\/roscar.ma\/cs\/pujcovna-aut-tangier\/","title":{"rendered":"P\u016fj\u010dovna Aut Tangier"},"content":{"rendered":"<h2>Pron\u00e1jem auta Tangier od RosCar<\/h2>\n<p>Severn\u00ed Maroko je m\u00edstem, kde se setk\u00e1vaj\u00ed dva kontinenty (Evropa a Afrika), kde je tepl\u00e9 klima 365 dn\u00ed v roce a v\u017edy jasn\u00e9 vzpom\u00ednky. Zde si m\u016f\u017eete pronajmout auto v Tangeru a posunout sv\u016fj v\u00fdlet na zcela novou \u00farove\u0148:<\/p>\n<ul>\n<li>m\u00e9n\u011b v\u00fddaj\u016f za ve\u0159ejnou dopravu nebo tax\u00edky<\/li>\n<li>Volnost pohybu, kdykoli se v\u00e1m zachce<\/li>\n<li>Snadn\u00e9 vyzvednut\u00ed a rezervace 24\/7<\/li>\n<li>Levn\u00e9 ceny s vysokou kvalitou.<\/li>\n<\/ul>\n<p>St\u00e1le hled\u00e1te nejlep\u0161\u00ed hodnotu za ka\u017ed\u00fd utracen\u00fd dolar? Pak si vyhledejte vozidlo na RosCar, rezervujte a pou\u017eijte kartu pro potvrzen\u00ed (a\u017e 20 % z \u010d\u00e1stky). Ano, je to tak snadn\u00e9.<\/p>\n<h2>Pron\u00e1jem auta Tanger: Tanger: Pr\u016fvodce<\/h2>\n<p>V\u00fdb\u011br spr\u00e1vn\u00e9 p\u016fj\u010dovny aut Tangier se nemus\u00ed zd\u00e1t jako snadn\u00fd \u00fakol s ohledem na v\u00e1\u0161 rozpo\u010det, styl cestov\u00e1n\u00ed a pot\u0159eby. Sta\u010d\u00ed v\u0161ak dva kroky, abyste se dostali tam, kam chcete.<\/p>\n<h3>1. Typ vozidla<\/h3>\n<p>M\u011blo by b\u00fdt prostorn\u00e9 nebo kompaktn\u00ed, levn\u00e9 nebo drah\u00e9? Pomoc\u00ed filtr\u016f si vyberte to sv\u00e9:<\/p>\n<ul>\n<li>Vyberte si: Ekonomick\u00fd v\u016fz<\/li>\n<li>Kompaktn\u00ed v\u016fz<\/li>\n<li>SUV nebo Crossover<\/li>\n<li>Mini v\u016fz<\/li>\n<li>Standardn\u00ed v\u016fz<\/li>\n<li>Luxusn\u00ed v\u016fz<\/li>\n<li>Kabriolet<\/li>\n<li>Dod\u00e1vka, minivan a dal\u0161\u00ed.<\/li>\n<\/ul>\n<h3>2. Dal\u0161\u00ed slu\u017eby<\/h3>\n<p>To m\u016f\u017ee b\u00fdt nejjednodu\u0161\u0161\u00ed a cenov\u011b nejdostupn\u011bj\u0161\u00ed zp\u016fsob, jak zlep\u0161it kvalitu va\u0161ich cest d\u00edky n\u00e1sleduj\u00edc\u00edm funkc\u00edm:<\/p>\n<ul>\n<li>Bezplatn\u00e9 storno: Tuto mo\u017enost lze vyu\u017e\u00edt pouze 48 hodin p\u0159ed datem zah\u00e1jen\u00ed.<\/li>\n<li>Bez kreditn\u00ed karty: V\u017edy je k dispozici dostatek vozidel na v\u00fdb\u011br.<\/li>\n<li>SIM karta: V p\u0159\u00edpad\u011b, \u017ee se v\u00e1m poda\u0159\u00ed z\u00edskat voln\u00fd v\u016fz, m\u016f\u017eete si po\u0159\u00eddit dal\u0161\u00ed: SIM karta: Ka\u017ed\u00fd na cest\u00e1ch pot\u0159ebuje rychl\u00fd internet nebo vol\u00e1n\u00ed.<\/li>\n<li>Dal\u0161\u00ed \u0159idi\u010d: V\u017edy je dobr\u00e9 m\u00edt n\u011bkoho, kdo je p\u0159ipraven \u0159\u00eddit za v\u00e1s.<\/li>\n<li>Neomezen\u00fd po\u010det ujet\u00fdch kilometr\u016f: K levn\u00e9mu pron\u00e1jmu vozu v Tangeru: Skv\u011bl\u00fd dopln\u011bk k levn\u00e9mu pron\u00e1jmu vozu v Tangeru.<\/li>\n<li>\u017d\u00e1dn\u00e1 kauce: Tanger: M\u016f\u017ee b\u00fdt o 10-15 % dra\u017e\u0161\u00ed, ale je bez blokace z\u00e1lohy na kreditn\u00edch kart\u00e1ch.<\/li>\n<li>D\u011btsk\u00e1 autoseda\u010dka: D\u011btsk\u00e1 autoseda\u010dka v Tangeru je k dispozici pouze pro d\u011bti: D\u011bti do 10 let lze p\u0159epravovat pouze v d\u011btsk\u00e9 seda\u010dce (zadn\u00ed \u0159ada).<\/li>\n<li>Dodate\u010dn\u00e9 poji\u0161t\u011bn\u00ed: S poji\u0161t\u011bn\u00edm SuperCDW nebo Full Coverage se nemus\u00edte ob\u00e1vat o finan\u010dn\u00ed svobodu.<\/li>\n<li>Zaru\u010den\u00fd model: V p\u0159\u00edpad\u011b, \u017ee se jedn\u00e1 o model, kter\u00fd je v z\u00e1ruce: Rezervovali jste si Toyotu Corollu? Dostanete p\u0159esn\u011b takovou Toyotu Corolla.<\/li>\n<li>P\u0159evodovka: V\u016fz Toyota Corolla se m\u016f\u017ee pochlubit novou generac\u00ed, kter\u00e1 se m\u016f\u017ee pochlubit novou generac\u00ed: Manu\u00e1ln\u00ed vs. automatick\u00e1 p\u0159evodovka. Levn\u00e1 vs. pohodln\u00e1.<\/li>\n<\/ul>\n<blockquote class=\"info\">\n<h2>Pron\u00e1jem vozu Tanger:<\/h2>\n<p>M\u00e1te p\u011bt minut? Pak si m\u016f\u017eete pronajmout libovoln\u00e9 vozidlo na RosCar t\u00edmto zp\u016fsobem:<\/p>\n<ol>\n<li>Zadejte datum za\u010d\u00e1tku a konce a tak\u00e9 m\u00edsta.<\/li>\n<li>P\u0159ejd\u011bte na filtry a klikn\u011bte na ty, kter\u00e9 pova\u017eujete za \u017e\u00e1douc\u00ed. Z\u00edskejte seznam.<\/li>\n<li>Vyberte si v\u016fz p\u0159es Book Now.<\/li>\n<li>Ve formul\u00e1\u0159i vyberte typ platby, poji\u0161t\u011bn\u00ed a dopl\u0148kov\u00e9 funkce.<\/li>\n<li>P\u0159idejte dal\u0161\u00ed informace a potvr\u010fte.<\/li>\n<li>Zapla\u0165te.<\/li>\n<\/ol>\n<p>Pron\u00e1jem vozu v Tangeru si m\u016f\u017ee rezervovat ka\u017ed\u00fd, kdo m\u00e1 \u0159idi\u010dsk\u00fd pr\u016fkaz (star\u0161\u00ed 21 let) a bankovn\u00ed kartu (a\u017e 20% pro potvrzovac\u00ed platbu). Zbyl\u00fdch 80 % se plat\u00ed na m\u00edst\u011b, a to jak\u00fdmkoli zp\u016fsobem, kter\u00fd jste uvedli ve formul\u00e1\u0159i.<\/p><\/blockquote>\n<h2>P\u016fj\u010dovna aut Tangier cena<\/h2>\n<p>V t\u00e9to \u010d\u00e1sti Maroka m\u016f\u017eete naj\u00edt pom\u011brn\u011b n\u00edzk\u00e9 ceny za pron\u00e1jem auta v Tangeru:<\/p>\n<ul>\n<li>dolar\u016f za Economy nebo Mini<\/li>\n<li>25-30 USD za standardn\u00ed<\/li>\n<li>35-50 USD za minivan, SUV, 4&#215;4 nebo crossover<\/li>\n<li>60+ USD za luxusn\u00ed v\u016fz nebo kabriolet.<\/li>\n<\/ul>\n<p>Uprost\u0159ed turistick\u00e9 sez\u00f3ny se ceny mohou zv\u00fd\u0161it a\u017e o 60 %, p\u0159\u00edpadn\u011b i v\u00edce. Proto byste m\u011bli vz\u00edt v \u00favahu n\u00e1sleduj\u00edc\u00ed \u017eivotn\u00ed tipy pro sn\u00ed\u017een\u00ed n\u00e1klad\u016f:<\/p>\n<ul>\n<li>Rezervujte si co nejd\u0159\u00edve<\/li>\n<li>Vyberte si typ vozidla, kter\u00fd neohroz\u00ed v\u00e1\u0161 rozpo\u010det<\/li>\n<li>Hledejte bezplatn\u00e9 funkce (bez kauce, bez kreditn\u00ed karty, s neomezen\u00fdm po\u010dtem ujet\u00fdch kilometr\u016f atd.)<\/li>\n<li>Ur\u010dete si datum n\u00e1stupu na polovinu t\u00fddne.<\/li>\n<\/ul>\n<p>M\u011bli byste tak\u00e9 porovnat cenu:<\/p>\n<h3>Tabulka s cenami za pron\u00e1jem auta v Tangier, Maroko<\/h3>\n<table>\n<thead>\n<tr>\n<th>Model vozu<\/th>\n<th>Typ karoserie<\/th>\n<th>Cena za den (mimo sez\u00f3nu)<\/th>\n<th>Cena za den (hlavn\u00ed sez\u00f3na)<\/th>\n<th>Po\u010det cestuj\u00edc\u00edch<\/th>\n<th>Kapacita zavazadel<\/th>\n<\/tr>\n<\/thead>\n<tbody>\n<tr>\n<td>Fiat Panda<\/td>\n<td>Hatchback<\/td>\n<td>20 \u20ac<\/td>\n<td>27 \u20ac<\/td>\n<td>4<\/td>\n<td>1<\/td>\n<\/tr>\n<tr>\n<td>Kia Picanto<\/td>\n<td>Hatchback<\/td>\n<td>22 \u20ac<\/td>\n<td>29 \u20ac<\/td>\n<td>4<\/td>\n<td>1<\/td>\n<\/tr>\n<tr>\n<td>Dacia Logan<\/td>\n<td>Sedan<\/td>\n<td>24 \u20ac<\/td>\n<td>32 \u20ac<\/td>\n<td>5<\/td>\n<td>2<\/td>\n<\/tr>\n<tr>\n<td>Peugeot 208<\/td>\n<td>Hatchback<\/td>\n<td>26 \u20ac<\/td>\n<td>35 \u20ac<\/td>\n<td>5<\/td>\n<td>2<\/td>\n<\/tr>\n<tr>\n<td>Renault Clio<\/td>\n<td>Hatchback<\/td>\n<td>27 \u20ac<\/td>\n<td>36 \u20ac<\/td>\n<td>5<\/td>\n<td>2<\/td>\n<\/tr>\n<tr>\n<td>Citro\u00ebn C-Elys\u00e9e<\/td>\n<td>Sedan<\/td>\n<td>29 \u20ac<\/td>\n<td>39 \u20ac<\/td>\n<td>5<\/td>\n<td>3<\/td>\n<\/tr>\n<tr>\n<td>Hyundai i20<\/td>\n<td>Hatchback<\/td>\n<td>28 \u20ac<\/td>\n<td>38 \u20ac<\/td>\n<td>5<\/td>\n<td>2<\/td>\n<\/tr>\n<tr>\n<td>Dacia Duster<\/td>\n<td>SUV<\/td>\n<td>38 \u20ac<\/td>\n<td>49 \u20ac<\/td>\n<td>5<\/td>\n<td>3<\/td>\n<\/tr>\n<tr>\n<td>Renault Kadjar<\/td>\n<td>SUV<\/td>\n<td>50 \u20ac<\/td>\n<td>62 \u20ac<\/td>\n<td>5<\/td>\n<td>4<\/td>\n<\/tr>\n<tr>\n<td>Peugeot 3008<\/td>\n<td>SUV<\/td>\n<td>55 \u20ac<\/td>\n<td>70 \u20ac<\/td>\n<td>5<\/td>\n<td>4<\/td>\n<\/tr>\n<\/tbody>\n<\/table>\n        <div class=\"rpc-chart\">\n            <h3>Jak se m\u011bn\u00ed ceny pron\u00e1jm\u016f aut v Tangeru: p\u0159ehled zalo\u017een\u00fd na skute\u010dn\u00fdch rezervac\u00edch<\/h3>\n            <div><p>V posledn\u00edch t\u0159ech letech roscar.ma sledoval ceny pron\u00e1jmu aut v Tangeru. V\u0161echny zde uveden\u00e9 \u00fadaje jsou zalo\u017eeny na skute\u010dn\u00fdch rezervac\u00edch, co\u017e n\u00e1m umo\u017e\u0148uje vytvo\u0159it si spolehliv\u00fd obr\u00e1zek o sez\u00f3nn\u00edch v\u00fdkyvech cen pron\u00e1jm\u016f.<\/p>\n<p>Anal\u00fdza zahrnuje r\u016fzn\u00e9 kategorie voz\u016f - od kompaktn\u00edch model\u016f po SUV, kabriolety a pr\u00e9miov\u00e9 vozy. To n\u00e1m umo\u017e\u0148uje zjistit, jak turistick\u00e1 aktivita a ro\u010dn\u00ed obdob\u00ed ovliv\u0148uj\u00ed ceny.<\/p>\n<p>Specialist\u00e9 RosCar Maroko maj\u00ed bohat\u00e9 zku\u0161enosti s obsluhou z\u00e1kazn\u00edk\u016f v Maroku a nab\u00edzej\u00ed ov\u011b\u0159en\u00e9 informace, kter\u00e9 budou u\u017eite\u010dn\u00e9 pro ka\u017ed\u00e9ho, kdo pl\u00e1nuje cestu do Tangeru a chce efektivn\u011b pl\u00e1novat sv\u00e9 n\u00e1klady na dopravu.<\/p>\n<\/div>\n            <div class=\"rpc-chart-bars\">\n                                    <div class=\"rpc-chart-column\">\n                        <div class=\"rpc-chart-inner\" style=\"height: 24.528301886792%\">\n                            <div class=\"rpc-chart-column-value\">13 \u20ac<\/div>\n                            <div class=\"rpc-chart-month\">JAN<\/div>\n                        <\/div>\n                    <\/div>\n                                    <div class=\"rpc-chart-column\">\n                        <div class=\"rpc-chart-inner\" style=\"height: 26.415094339623%\">\n                            <div class=\"rpc-chart-column-value\">14 \u20ac<\/div>\n                            <div class=\"rpc-chart-month\">FEB<\/div>\n                        <\/div>\n                    <\/div>\n                                    <div class=\"rpc-chart-column\">\n                        <div class=\"rpc-chart-inner\" style=\"height: 28.301886792453%\">\n                            <div class=\"rpc-chart-column-value\">15 \u20ac<\/div>\n                            <div class=\"rpc-chart-month\">MAR<\/div>\n                        <\/div>\n                    <\/div>\n                                    <div class=\"rpc-chart-column\">\n                        <div class=\"rpc-chart-inner\" style=\"height: 45.283018867925%\">\n                            <div class=\"rpc-chart-column-value\">24 \u20ac<\/div>\n                            <div class=\"rpc-chart-month\">APR<\/div>\n                        <\/div>\n                    <\/div>\n                                    <div class=\"rpc-chart-column\">\n                        <div class=\"rpc-chart-inner\" style=\"height: 32.075471698113%\">\n                            <div class=\"rpc-chart-column-value\">17 \u20ac<\/div>\n                            <div class=\"rpc-chart-month\">MAY<\/div>\n                        <\/div>\n                    <\/div>\n                                    <div class=\"rpc-chart-column\">\n                        <div class=\"rpc-chart-inner\" style=\"height: 30.188679245283%\">\n                            <div class=\"rpc-chart-column-value\">16 \u20ac<\/div>\n                            <div class=\"rpc-chart-month\">JUN<\/div>\n                        <\/div>\n                    <\/div>\n                                    <div class=\"rpc-chart-column\">\n                        <div class=\"rpc-chart-inner\" style=\"height: 52.830188679245%\">\n                            <div class=\"rpc-chart-column-value\">28 \u20ac<\/div>\n                            <div class=\"rpc-chart-month\">JUL<\/div>\n                        <\/div>\n                    <\/div>\n                                    <div class=\"rpc-chart-column\">\n                        <div class=\"rpc-chart-inner\" style=\"height: 62.264150943396%\">\n                            <div class=\"rpc-chart-column-value\">33 \u20ac<\/div>\n                            <div class=\"rpc-chart-month\">AUG<\/div>\n                        <\/div>\n                    <\/div>\n                                    <div class=\"rpc-chart-column\">\n                        <div class=\"rpc-chart-inner\" style=\"height: 39.622641509434%\">\n                            <div class=\"rpc-chart-column-value\">21 \u20ac<\/div>\n                            <div class=\"rpc-chart-month\">SEP<\/div>\n                        <\/div>\n                    <\/div>\n                                    <div class=\"rpc-chart-column\">\n                        <div class=\"rpc-chart-inner\" style=\"height: 35.849056603774%\">\n                            <div class=\"rpc-chart-column-value\">19 \u20ac<\/div>\n                            <div class=\"rpc-chart-month\">OCT<\/div>\n                        <\/div>\n                    <\/div>\n                                    <div class=\"rpc-chart-column\">\n                        <div class=\"rpc-chart-inner\" style=\"height: 32.075471698113%\">\n                            <div class=\"rpc-chart-column-value\">17 \u20ac<\/div>\n                            <div class=\"rpc-chart-month\">NOV<\/div>\n                        <\/div>\n                    <\/div>\n                                    <div class=\"rpc-chart-column\">\n                        <div class=\"rpc-chart-inner\" style=\"height: 41.509433962264%\">\n                            <div class=\"rpc-chart-column-value\">22 \u20ac<\/div>\n                            <div class=\"rpc-chart-month\">DEC<\/div>\n                        <\/div>\n                    <\/div>\n                            <\/div>\n        <\/div>\n        \n<h2>Pron\u00e1jem auta v Tangeru: Dokumenty<\/h2>\n<p>Maroko je otev\u0159en\u00e1 zem\u011b, kter\u00e1 je p\u0159\u00edstupn\u00e1 turist\u016fm z cel\u00e9ho sv\u011bta. Proto jsou k pron\u00e1jmu vy\u017eadov\u00e1ny pouze standardn\u00ed doklady:<\/p>\n<ol>\n<li>\u0158idi\u010dsk\u00fd pr\u016fkaz (vy\u017eaduje se 2 roky praxe)<\/li>\n<li>Cestovn\u00ed pas nebo ob\u010dansk\u00fd pr\u016fkaz<\/li>\n<li>Voucher nebo rezerva\u010dn\u00ed certifik\u00e1t<\/li>\n<li>Kreditn\u00ed karta (nepovinn\u00e9).<\/li>\n<\/ol>\n","protected":false},"excerpt":{"rendered":"<p>Pron\u00e1jem auta Tangier od RosCar Severn\u00ed Maroko je m\u00edstem, kde se setk\u00e1vaj\u00ed dva kontinenty (Evropa a Afrika), kde je tepl\u00e9 klima 365 dn\u00ed v roce a v\u017edy jasn\u00e9 vzpom\u00ednky. Zde si m\u016f\u017eete pronajmout auto v Tangeru a posunout sv\u016fj v\u00fdlet na zcela novou \u00farove\u0148: m\u00e9n\u011b v\u00fddaj\u016f za ve\u0159ejnou dopravu nebo tax\u00edky Volnost pohybu, kdykoli se [&hellip;]<\/p>\n","protected":false},"author":1,"featured_media":279,"parent":0,"menu_order":0,"comment_status":"closed","ping_status":"closed","template":"","meta":{"footnotes":""},"class_list":["post-2504","page","type-page","status-publish","has-post-thumbnail",""],"_links":{"self":[{"href":"https:\/\/roscar.ma\/cs\/wp-json\/wp\/v2\/pages\/2504","targetHints":{"allow":["GET"]}}],"collection":[{"href":"https:\/\/roscar.ma\/cs\/wp-json\/wp\/v2\/pages"}],"about":[{"href":"https:\/\/roscar.ma\/cs\/wp-json\/wp\/v2\/types\/page"}],"author":[{"embeddable":true,"href":"https:\/\/roscar.ma\/cs\/wp-json\/wp\/v2\/users\/1"}],"replies":[{"embeddable":true,"href":"https:\/\/roscar.ma\/cs\/wp-json\/wp\/v2\/comments?post=2504"}],"version-history":[{"count":2,"href":"https:\/\/roscar.ma\/cs\/wp-json\/wp\/v2\/pages\/2504\/revisions"}],"predecessor-version":[{"id":2506,"href":"https:\/\/roscar.ma\/cs\/wp-json\/wp\/v2\/pages\/2504\/revisions\/2506"}],"wp:featuredmedia":[{"embeddable":true,"href":"https:\/\/roscar.ma\/cs\/wp-json\/wp\/v2\/media\/279"}],"wp:attachment":[{"href":"https:\/\/roscar.ma\/cs\/wp-json\/wp\/v2\/media?parent=2504"}],"curies":[{"name":"wp","href":"https:\/\/api.w.org\/{rel}","templated":true}]}}