{"id":2137,"date":"2025-07-17T11:30:24","date_gmt":"2025-07-17T11:30:24","guid":{"rendered":"https:\/\/roscar.ma\/?page_id=2137"},"modified":"2025-07-26T10:44:16","modified_gmt":"2025-07-26T10:44:16","slug":"pujcovna-aut-agadir","status":"publish","type":"page","link":"https:\/\/roscar.ma\/cs\/pujcovna-aut-agadir\/","title":{"rendered":"P\u016fj\u010dovna Aut Agadir"},"content":{"rendered":"<h2>P\u016fj\u010dovna Aut Agadir od RosCar<\/h2>\n<p>Maroko je zem\u011b s jedine\u010dnou atmosf\u00e9rou, \u017eivou krajinou a des\u00edtkami n\u00e1dhern\u00fdch pob\u0159e\u017en\u00edch letovisek. Je to ide\u00e1ln\u00ed m\u00edsto pro ty, kte\u0159\u00ed hledaj\u00ed n\u011bco v\u00edc ne\u017e jen odpo\u010dinek na pl\u00e1\u017ei. A pokud si chcete z cesty odn\u00e9st maximum a nasytit se \u017eiv\u00fdmi vjemy, existuje jen jedna cesta: pron\u00e1jem auta Agadir. Jste p\u0159ipraveni si ho po\u0159\u00eddit? Pak si jej nyn\u00ed rezervujte u RosCar a budete moci:<\/p>\n<ul>\n<li>Vybrat si ty nejlep\u0161\u00ed nab\u00eddky s v\u00fdhodn\u00fdmi podm\u00ednkami<\/li>\n<li>Vybavit se dal\u0161\u00edmi mo\u017enostmi, kter\u00e9 v\u00e1m zlep\u0161\u00ed a usnadn\u00ed \u017eivot<\/li>\n<li>Pohybovat se po sv\u00e9 jedine\u010dn\u00e9 cest\u011b, ani\u017e byste byli v\u00e1z\u00e1ni harmonogramem n\u011bkoho jin\u00e9ho<\/li>\n<li>Vyu\u017e\u00edt n\u00edzk\u00e9 ceny za dlouhodob\u00fd pron\u00e1jem vozu.<\/li>\n<\/ul>\n<h2>P\u016fj\u010dovna Aut Agadir: pr\u016fvodce<\/h2>\n<p>Ne\u017e stisknete tla\u010d\u00edtko &#8222;Rezervovat nyn\u00ed&#8220;, doporu\u010dujeme v\u00e1m p\u0159e\u010d\u00edst si kr\u00e1tk\u00fd \u00favod. Je to cesta tis\u00edc\u016f aktivn\u00edch cestovatel\u016f z cel\u00e9ho sv\u011bta, kter\u00e1 v\u00e1m umo\u017en\u00ed vz\u00edt si to, \u010deho nebudete litovat.<\/p>\n<h3>1. Vyberte si typ vozidla, kter\u00fd vyhovuje va\u0161emu rozpo\u010dtu a c\u00edl\u016fm<\/h3>\n<p>Levn\u00fd pron\u00e1jem auta v Agadiru je k dispozici pouze t\u011bm, kte\u0159\u00ed si vyberou spr\u00e1vn\u00fd typ:<\/p>\n<ul>\n<li>(Nejprod\u00e1van\u011bj\u0161\u00ed v\u016fz v Maroku)<\/li>\n<li>Crossover nebo SUV<\/li>\n<li>Mini v\u016fz nebo ekonomick\u00fd v\u016fz<\/li>\n<li>Minivan nebo dod\u00e1vka<\/li>\n<li>Kabriolet, Luxusn\u00ed v\u016fz nebo jin\u00e9.<\/li>\n<\/ul>\n<h3>2. Co dal\u0161\u00ed slu\u017eby?<\/h3>\n<p>Tuto \u010d\u00e1st rezervace mnoho turist\u016f \u010dasto vynech\u00e1v\u00e1, ale pak lituj\u00ed, \u017ee j\u00ed nev\u011bnovali v\u011bt\u0161\u00ed pozornost. Mo\u017en\u00e1 je zde n\u011bco, co v\u00e1\u0161 pron\u00e1jem auta v Agadiru vylep\u0161\u00ed:<\/p>\n<ul>\n<li>Poji\u0161t\u011bn\u00ed nav\u00edc: Finan\u010dn\u00ed rizika budou ni\u017e\u0161\u00ed, pokud jste si zaplatili roz\u0161\u00ed\u0159en\u00ed poji\u0161t\u011bn\u00ed na Full Coverage nebo SuperCDW.<\/li>\n<li>Bezplatn\u00e9 zru\u0161en\u00ed rezervace: V p\u0159\u00edpad\u011b, \u017ee si nejste stoprocentn\u011b jisti sv\u00fdmi pl\u00e1ny.<\/li>\n<li>Neomezen\u00fd po\u010det ujet\u00fdch kilometr\u016f: Nulov\u00e9 off poplatky pro nekone\u010dn\u00e9 mo\u017enosti cestov\u00e1n\u00ed.<\/li>\n<li>\u017d\u00e1dn\u00e1 z\u00e1loha: Vyzkou\u0161ejte bezz\u00e1lohov\u00e9 blokace na kreditn\u00edch kart\u00e1ch: Nemus\u00edte omezovat sv\u016fj rozpo\u010det.<\/li>\n<li>Zaru\u010den\u00fd model: Vychyt\u00e1vky, kter\u00e9 v\u00e1m pomohou s v\u00fdb\u011brem j\u00edzdenky: Stejn\u00fd v\u016fz bude rezervov\u00e1n bez v\u00fdjimky.<\/li>\n<li>P\u0159evodovka: V\u016fz je vybaven speci\u00e1ln\u00ed p\u0159evodovkou, kter\u00e1 je ur\u010dena pro v\u0161echny typy voz\u016f: Jist\u011b v\u00e1s nep\u0159ekvap\u00ed, \u017ee doporu\u010dujeme automatickou p\u0159evodovku.<\/li>\n<li>\u017d\u00e1dn\u00e1 kreditn\u00ed karta: Mnoho dobr\u00fdch voz\u016f je k dispozici s touto bezplatnou funkc\u00ed.<\/li>\n<li>SIM karta: V p\u0159\u00edpad\u011b, \u017ee se v\u00e1m nepoda\u0159ilo z\u00edskat kreditn\u00ed kartu, m\u016f\u017eete si ji vz\u00edt s sebou: Cestov\u00e1n\u00ed v roce 2025 se neobejde bez stabiln\u00edho a levn\u00e9ho internetov\u00e9ho p\u0159ipojen\u00ed.<\/li>\n<li>Dal\u0161\u00ed \u0159idi\u010d: Pokud chcete nechat na cest\u011b \u0159\u00eddit kamar\u00e1da, vyberte tuto mo\u017enost.<\/li>\n<li>D\u011btsk\u00e1 autoseda\u010dka: D\u011bti do 10 let mus\u00ed b\u00fdt v Maroku p\u0159ipout\u00e1ny v d\u011btsk\u00e9 autoseda\u010dce.<\/li>\n<\/ul>\n<blockquote class=\"check\">\n<h2>Pron\u00e1jem vozu Agadir:<\/h2>\n<p>M\u00e1te \u0159idi\u010dsk\u00fd pr\u016fkaz a je v\u00e1m v\u00edce ne\u017e 21 let? Pak si jd\u011bte p\u016fj\u010dit auto Agadir co nejd\u0159\u00edve:<\/p>\n<ol>\n<li>Zadejte m\u00edsta a data.<\/li>\n<li>P\u0159ejd\u011bte na filtry a p\u0159izp\u016fsobte si vyhled\u00e1v\u00e1n\u00ed.<\/li>\n<li>Na\u0161li jste v seznamu po\u017eadovan\u00e9 vozidlo? Rezervujte nyn\u00ed.<\/li>\n<li>P\u0159idejte dal\u0161\u00ed slu\u017eby nebo typ poji\u0161t\u011bn\u00ed (pokud pot\u0159ebujete upgrade).<\/li>\n<li>Vypl\u0148te \u00fadaje o \u0159idi\u010di.<\/li>\n<li>Potvr\u010fte.<\/li>\n<\/ol>\n<p>Potvrzen\u00ed rezervace na RosCar se prov\u00e1d\u00ed prost\u0159ednictv\u00edm bankovn\u00ed karty, co\u017e vy\u017eaduje p\u0159ibli\u017en\u011b p\u011btinu platby za pron\u00e1jem. Voucher (potvrzen\u00ed rezervace) v\u00e1m bude zasl\u00e1n ihned po p\u0159ips\u00e1n\u00ed platby na \u00fa\u010det.<\/p><\/blockquote>\n<h2>P\u016fj\u010dovna Aut Agadir cena<\/h2>\n<p>Cena za jeden den j\u00edzdy pronajat\u00fdm vozidlem \u010din\u00ed:<\/p>\n<ul>\n<li>15-20 USD za Economy\/Mini<\/li>\n<li>25-35 USD za standardn\u00ed\/kompaktn\u00ed<\/li>\n<li>40-60 USD za Crossover\/SUV\/Minivan<\/li>\n<li>80 USD a v\u00edce za luxusn\u00ed\/kabriolet.<\/li>\n<\/ul>\n<p>Jedn\u00e1 se pouze o p\u0159ibli\u017en\u00e9 hodnoty zpr\u016fm\u011brovan\u00e9 za cel\u00fd rok. P\u016fj\u010den\u00ed auta v Agadiru bude levn\u011bj\u0161\u00ed, pokud:<\/p>\n<ul>\n<li>se vyhnete obdob\u00ed last minute nebo sv\u00e1tk\u016fm<\/li>\n<li>Hled\u00e1te dlouhodob\u00fd pron\u00e1jem auta<\/li>\n<li>Vyzvednete si auto ve m\u011bst\u011b (leti\u0161t\u011b nebo transfer je dra\u017e\u0161\u00ed).<\/li>\n<li>Provedete rezervaci v\u010das (10-20 dn\u00ed p\u0159ed za\u010d\u00e1tkem).<\/li>\n<\/ul>\n<p>Doporu\u010dujeme tak\u00e9 porovnat ceny:<\/p>\n<h3>Doporu\u010dujeme: Tabulka s cenami pron\u00e1jmu aut v Agadir, Maroko<\/h3>\n<table border=\"1\" cellspacing=\"0\" cellpadding=\"0\">\n<thead>\n<tr>\n<th>Model vozu<\/th>\n<th>Typ karoserie<\/th>\n<th>Cena za den (mimo sez\u00f3nu)<\/th>\n<th>Cena za den (hlavn\u00ed sez\u00f3na)<\/th>\n<th>Po\u010det cestuj\u00edc\u00edch<\/th>\n<th>Kapacita zavazadel<\/th>\n<\/tr>\n<\/thead>\n<tbody>\n<tr>\n<td>Fiat Panda<\/td>\n<td>Hatchback<\/td>\n<td>19 \u20ac<\/td>\n<td>25 \u20ac<\/td>\n<td>4<\/td>\n<td>1<\/td>\n<\/tr>\n<tr>\n<td>Kia Picanto<\/td>\n<td>Hatchback<\/td>\n<td>21 \u20ac<\/td>\n<td>28 \u20ac<\/td>\n<td>4<\/td>\n<td>1<\/td>\n<\/tr>\n<tr>\n<td>Dacia Logan<\/td>\n<td>Sedan<\/td>\n<td>23 \u20ac<\/td>\n<td>31 \u20ac<\/td>\n<td>5<\/td>\n<td>2<\/td>\n<\/tr>\n<tr>\n<td>Hyundai i20<\/td>\n<td>Hatchback<\/td>\n<td>25 \u20ac<\/td>\n<td>34 \u20ac<\/td>\n<td>5<\/td>\n<td>2<\/td>\n<\/tr>\n<tr>\n<td>Peugeot 208<\/td>\n<td>Hatchback<\/td>\n<td>26 \u20ac<\/td>\n<td>35 \u20ac<\/td>\n<td>5<\/td>\n<td>2<\/td>\n<\/tr>\n<tr>\n<td>Renault Clio<\/td>\n<td>Hatchback<\/td>\n<td>27 \u20ac<\/td>\n<td>37 \u20ac<\/td>\n<td>5<\/td>\n<td>2<\/td>\n<\/tr>\n<tr>\n<td>Citro\u00ebn C-Elys\u00e9e<\/td>\n<td>Sedan<\/td>\n<td>28 \u20ac<\/td>\n<td>38 \u20ac<\/td>\n<td>5<\/td>\n<td>3<\/td>\n<\/tr>\n<tr>\n<td>Renault Captur<\/td>\n<td>Crossover<\/td>\n<td>33 \u20ac<\/td>\n<td>44 \u20ac<\/td>\n<td>5<\/td>\n<td>3<\/td>\n<\/tr>\n<tr>\n<td>Dacia Duster<\/td>\n<td>SUV<\/td>\n<td>37 \u20ac<\/td>\n<td>48 \u20ac<\/td>\n<td>5<\/td>\n<td>3<\/td>\n<\/tr>\n<tr>\n<td>Peugeot 3008<\/td>\n<td>SUV<\/td>\n<td>54 \u20ac<\/td>\n<td>68 \u20ac<\/td>\n<td>5<\/td>\n<td>4<\/td>\n<\/tr>\n<\/tbody>\n<\/table>\n<p>[PRICEDMODULE]<\/p>\n<h2>P\u016fj\u010dovna Aut Agadir: Dokumenty<\/h2>\n<p>Pro pron\u00e1jem auta v Agadiru je vy\u017eadov\u00e1n v\u011bk 21-25 let, ur\u010dit\u00e1 praxe v \u0159\u00edzen\u00ed a n\u00e1sleduj\u00edc\u00ed doklady:<\/p>\n<ol>\n<li>Kreditn\u00ed karta (nepovinn\u00e9)<\/li>\n<li>Cestovn\u00ed pas<\/li>\n<li>Voucher\/rezerva\u010dn\u00ed certifik\u00e1t<\/li>\n<li>\u0158idi\u010dsk\u00fd pr\u016fkaz (nebo IDP).<\/li>\n<\/ol>\n<p>Pron\u00e1jem auta Agadir je nepostradatelnou slu\u017ebou pro turisty, kte\u0159\u00ed cht\u011bj\u00ed vid\u011bt nejen Agadir, ale cel\u00e9 Maroko.<\/p>\n","protected":false},"excerpt":{"rendered":"<p>P\u016fj\u010dovna Aut Agadir od RosCar Maroko je zem\u011b s jedine\u010dnou atmosf\u00e9rou, \u017eivou krajinou a des\u00edtkami n\u00e1dhern\u00fdch pob\u0159e\u017en\u00edch letovisek. Je to ide\u00e1ln\u00ed m\u00edsto pro ty, kte\u0159\u00ed hledaj\u00ed n\u011bco v\u00edc ne\u017e jen odpo\u010dinek na pl\u00e1\u017ei. A pokud si chcete z cesty odn\u00e9st maximum a nasytit se \u017eiv\u00fdmi vjemy, existuje jen jedna cesta: pron\u00e1jem auta Agadir. Jste p\u0159ipraveni [&hellip;]<\/p>\n","protected":false},"author":1,"featured_media":789,"parent":0,"menu_order":0,"comment_status":"closed","ping_status":"closed","template":"","meta":{"footnotes":""},"class_list":["post-2137","page","type-page","status-publish","has-post-thumbnail",""],"_links":{"self":[{"href":"https:\/\/roscar.ma\/cs\/wp-json\/wp\/v2\/pages\/2137","targetHints":{"allow":["GET"]}}],"collection":[{"href":"https:\/\/roscar.ma\/cs\/wp-json\/wp\/v2\/pages"}],"about":[{"href":"https:\/\/roscar.ma\/cs\/wp-json\/wp\/v2\/types\/page"}],"author":[{"embeddable":true,"href":"https:\/\/roscar.ma\/cs\/wp-json\/wp\/v2\/users\/1"}],"replies":[{"embeddable":true,"href":"https:\/\/roscar.ma\/cs\/wp-json\/wp\/v2\/comments?post=2137"}],"version-history":[{"count":1,"href":"https:\/\/roscar.ma\/cs\/wp-json\/wp\/v2\/pages\/2137\/revisions"}],"predecessor-version":[{"id":2138,"href":"https:\/\/roscar.ma\/cs\/wp-json\/wp\/v2\/pages\/2137\/revisions\/2138"}],"wp:featuredmedia":[{"embeddable":true,"href":"https:\/\/roscar.ma\/cs\/wp-json\/wp\/v2\/media\/789"}],"wp:attachment":[{"href":"https:\/\/roscar.ma\/cs\/wp-json\/wp\/v2\/media?parent=2137"}],"curies":[{"name":"wp","href":"https:\/\/api.w.org\/{rel}","templated":true}]}}