{"id":2082,"date":"2025-07-17T11:14:56","date_gmt":"2025-07-17T11:14:56","guid":{"rendered":"https:\/\/roscar.ma\/?page_id=2082"},"modified":"2025-07-25T15:04:15","modified_gmt":"2025-07-25T15:04:15","slug":"pujcovna-aut-fez","status":"publish","type":"page","link":"https:\/\/roscar.ma\/cs\/pujcovna-aut-fez\/","title":{"rendered":"P\u016fj\u010dovna Aut Fes (Fez)"},"content":{"rendered":"<h2>P\u016fj\u010dovna Aut Fes (Fez) od RosCar<\/h2>\n<p>T\u00e9m\u011b\u0159 ka\u017ed\u00e1 zem\u011b m\u00e1 neofici\u00e1ln\u00ed hlavn\u00ed m\u011bsto, kter\u00e9 je centrem kulturn\u00edho \u017eivota cel\u00e9ho st\u00e1tu. Chcete naj\u00edt toto kr\u00e1sn\u00e9 m\u011bsto v Maroku? Pak si mus\u00edte pronajmout auto ve Fesu na:<\/p>\n<ul>\n<li>Z\u00edskejte ten nejlep\u0161\u00ed z\u00e1\u017eitek z j\u00edzdy za n\u00edzkou cenu<\/li>\n<li>Vybrat si nejlep\u0161\u00ed vozidlo s ide\u00e1ln\u00edmi dopl\u0148ky<\/li>\n<li>Posunout svou cestu na jinou \u00farove\u0148 pohodl\u00ed<\/li>\n<li>Nenechte se omezovat v mo\u017enostech cestov\u00e1n\u00ed.<\/li>\n<\/ul>\n<p>Pronajm\u011bte si auto ve Fezu prost\u0159ednictv\u00edm RosCar a budete moci odhalit v\u0161echna tajemstv\u00ed tohoto \u00fa\u017easn\u00e9ho arabsk\u00e9ho sv\u011bta. Nejprve si v\u0161ak p\u0159ipravte kartu pro potvrzen\u00ed rezervace, proto\u017ee jin\u00fd zp\u016fsob, jak z\u00edskat vozidlo, neexistuje. Rezervujte nyn\u00ed.<\/p>\n<h2>P\u016fj\u010dovna Aut Fes (Fez): Pr\u016fvodce:<\/h2>\n<p>N\u011bkdy i zku\u0161en\u00ed cestovatel\u00e9 pot\u0159ebuj\u00ed dobrou radu. Jedn\u00e1 se o typy rad, kter\u00e9 v\u00e1m umo\u017en\u00ed zaplatit m\u00e9n\u011b a z\u00edskat nejlep\u0161\u00ed hodnotu v co nejkrat\u0161\u00edm \u010dase.<\/p>\n<h3>Prvn\u00ed rada: Vezm\u011bte si na starost, jak si zajistit ubytov\u00e1n\u00ed v autobazaru F\u00e9s: Pou\u017eijte filtry podle typu<\/h3>\n<p>Neztr\u00e1cejte \u010das hled\u00e1n\u00edm vozidel, o kter\u00e1 nem\u00e1te z\u00e1jem. Sta\u010d\u00ed si vybrat jedno:<\/p>\n<ul>\n<li>Economy .<\/li>\n<li>Standard<\/li>\n<li>Mini<\/li>\n<li>Kabriolet<\/li>\n<li>SUV nebo Crossover<\/li>\n<li>Minivan nebo dod\u00e1vka<\/li>\n<li>Ostatn\u00ed.<\/li>\n<\/ul>\n<h3>Druh\u00fd tip: Najd\u011bte si dopl\u0148ky<\/h3>\n<p>Ne jeden, ale tucet dopl\u0148k\u016f m\u016f\u017eete z\u00edskat od levn\u00e9ho pron\u00e1jmu auta ve Fesu:<\/p>\n<ul>\n<li>Kreditn\u00ed karta nen\u00ed nutn\u00e1: Jak\u00e1koli jin\u00e1 kreditn\u00ed karta nebo hotovost bude fungovat.<\/li>\n<li>SIM karta: Pro navigaci po mnoha atrakc\u00edch Fezu ji budete pot\u0159ebovat.<\/li>\n<li>Dal\u0161\u00ed \u0159idi\u010d: Kdokoli, kdo spl\u0148uje po\u017eadavky na v\u011bk pronaj\u00edmatele.<\/li>\n<li>D\u011btsk\u00e1 autoseda\u010dka: Cestov\u00e1n\u00ed s d\u011btmi by m\u011blo b\u00fdt bezpe\u010dn\u00e9.<\/li>\n<li>Bezplatn\u00e9 zru\u0161en\u00ed rezervace: Pokud rezervaci zru\u0161\u00edte 48 hodin p\u0159edem, budou v\u00e1m n\u00e1klady vr\u00e1ceny.<\/li>\n<li>Neomezen\u00fd po\u010det kilometr\u016f: Nekone\u010dn\u00e9 mno\u017estv\u00ed neuv\u011b\u0159iteln\u00fdch arabsk\u00fdch kr\u00e1s.<\/li>\n<li>\u017d\u00e1dn\u00e1 z\u00e1loha: V\u0161ichni cestuj\u00edc\u00ed se mohou spolehnout na to, \u017ee se jim poda\u0159ilo vycestovat do zahrani\u010d\u00ed: M\u00e9n\u011b stresu, kdy\u017e se jedn\u00e1 o bezz\u00e1lohov\u00e9 blokace na kreditn\u00edch kart\u00e1ch.<\/li>\n<li>Zaru\u010den\u00fd model: V\u0161ichni cestuj\u00edc\u00ed se mohou spolehnout na to, \u017ee se jim poda\u0159\u00ed z\u00edskat letenku: Vyzvednut\u00ed stejn\u00e9ho vozidla, jak\u00e9 jste si vy\u017e\u00e1dali.<\/li>\n<li>P\u0159evodovka: Kter\u00e9mu d\u00e1v\u00e1te p\u0159ednost, manu\u00e1ln\u00edmu nebo automatick\u00e9mu?<\/li>\n<li>Dopl\u0148kov\u00e9 poji\u0161t\u011bn\u00ed: Nejvhodn\u011bj\u0161\u00ed mo\u017enosti roz\u0161\u00ed\u0159en\u00ed: Super CDW nebo Full Coverage.<\/li>\n<\/ul>\n<blockquote class=\"info\">\n<h2>Podrobn\u00e9 informace o pron\u00e1jmu vozu Fez<\/h2>\n<p>RosCar m\u00e1 jednoduch\u00fd postup rezervace, kter\u00fd zvl\u00e1dne ka\u017ed\u00e1 dosp\u011bl\u00e1 osoba (od 21 let):<\/p>\n<ol>\n<li>Zadejte datum a m\u00edsto.<\/li>\n<li>P\u0159ejd\u011bte na filtry, klikn\u011bte na po\u017eadovan\u00e9.<\/li>\n<li>Projd\u011bte seznam a rezervujte, jakmile uvid\u00edte ten nejlep\u0161\u00ed.<\/li>\n<li>Vyberte typ poji\u0161t\u011bn\u00ed (Standardn\u00ed nebo Upgrade), stejn\u011b jako dal\u0161\u00ed mo\u017enosti.<\/li>\n<li>Vypl\u0148te hlavn\u00ed \u00fadaje o \u0159idi\u010di.<\/li>\n<li>Potvr\u010fte.<\/li>\n<\/ol>\n<p>Pron\u00e1jem vozu Fes vy\u017eaduje automatick\u00e9 potvrzen\u00ed jakoukoli bankovn\u00ed kartou. V\u00fd\u0161e platby se m\u016f\u017ee pohybovat od p\u011btiny a\u017e po celou \u010d\u00e1stku pron\u00e1jmu.<\/p><\/blockquote>\n<h2>P\u016fj\u010dovna Aut Fes (Fez) Cena<\/h2>\n<p>Africk\u00e9 At\u00e9ny jsou st\u011b\u017e\u00ed levn\u00fdm m\u00edstem pro cestov\u00e1n\u00ed, ale v\u017edy m\u016f\u017eete naj\u00edt vozidlo pro jak\u00fdkoli rozpo\u010det:<\/p>\n<ul>\n<li>$20-30 za Mini nebo Economy<\/li>\n<li>30-40 USD za standardn\u00ed<\/li>\n<li>40-55 USD za minivan, SUV nebo crossover<\/li>\n<li>70 a v\u00edce dolar\u016f za luxusn\u00ed v\u016fz nebo kabriolet.<\/li>\n<\/ul>\n<p>Upozor\u0148ujeme, \u017ee ceny nemus\u00ed b\u00fdt v\u017edy takov\u00e9, jak\u00e9 jsou. Pr\u016fm\u011brn\u00e1 denn\u00ed cena se m\u016f\u017ee v\u00fdrazn\u011b li\u0161it v z\u00e1vislosti na n\u011bkolika faktorech:<\/p>\n<ul>\n<li>D\u00e9lky pron\u00e1jmu<\/li>\n<li>Zp\u016fsobu vyzvednut\u00ed (m\u011bsto Fez nebo leti\u0161t\u011b)<\/li>\n<li>Po\u010det dal\u0161\u00edch mo\u017enost\u00ed<\/li>\n<li>Vyt\u00ed\u017een\u00ed provozovatele.<\/li>\n<\/ul>\n<p>Zde je n\u00e1vod, jak porovnat cenu za pron\u00e1jem auta ve Fezu:<\/p>\n<h3>Tabulka s cenami za pron\u00e1jem auta ve Fezu, Maroko<\/h3>\n<table border=\"1\">\n<thead>\n<tr>\n<th>Model vozu<\/th>\n<th>Typ karoserie<\/th>\n<th>Cena za den (mimo sez\u00f3nu)<\/th>\n<th>Cena za den (hlavn\u00ed sez\u00f3na)<\/th>\n<th>Po\u010det cestuj\u00edc\u00edch<\/th>\n<th>Kapacita zavazadel<\/th>\n<\/tr>\n<\/thead>\n<tbody>\n<tr>\n<td>Fiat Panda<\/td>\n<td>Hatchback<\/td>\n<td>19 \u20ac<\/td>\n<td>26 \u20ac<\/td>\n<td>4<\/td>\n<td>1<\/td>\n<\/tr>\n<tr>\n<td>Hyundai i10<\/td>\n<td>Hatchback<\/td>\n<td>21 \u20ac<\/td>\n<td>28 \u20ac<\/td>\n<td>4<\/td>\n<td>1<\/td>\n<\/tr>\n<tr>\n<td>Kia Picanto<\/td>\n<td>Hatchback<\/td>\n<td>22 \u20ac<\/td>\n<td>30 \u20ac<\/td>\n<td>4<\/td>\n<td>1<\/td>\n<\/tr>\n<tr>\n<td>Peugeot 208<\/td>\n<td>Hatchback<\/td>\n<td>24 \u20ac<\/td>\n<td>33 \u20ac<\/td>\n<td>5<\/td>\n<td>2<\/td>\n<\/tr>\n<tr>\n<td>Dacia Logan<\/td>\n<td>Sedan<\/td>\n<td>25 \u20ac<\/td>\n<td>34 \u20ac<\/td>\n<td>5<\/td>\n<td>2<\/td>\n<\/tr>\n<tr>\n<td>Renault Clio<\/td>\n<td>Hatchback<\/td>\n<td>27 \u20ac<\/td>\n<td>36 \u20ac<\/td>\n<td>5<\/td>\n<td>2<\/td>\n<\/tr>\n<tr>\n<td>Citro\u00ebn C-Elys\u00e9e<\/td>\n<td>Sedan<\/td>\n<td>28 \u20ac<\/td>\n<td>38 \u20ac<\/td>\n<td>5<\/td>\n<td>3<\/td>\n<\/tr>\n<tr>\n<td>Renault Captur<\/td>\n<td>Crossover<\/td>\n<td>32 \u20ac<\/td>\n<td>43 \u20ac<\/td>\n<td>5<\/td>\n<td>3<\/td>\n<\/tr>\n<tr>\n<td>Dacia Duster<\/td>\n<td>SUV<\/td>\n<td>36 \u20ac<\/td>\n<td>47 \u20ac<\/td>\n<td>5<\/td>\n<td>3<\/td>\n<\/tr>\n<tr>\n<td>Peugeot 3008<\/td>\n<td>SUV<\/td>\n<td>52 \u20ac<\/td>\n<td>66 \u20ac<\/td>\n<td>5<\/td>\n<td>4<\/td>\n<\/tr>\n<\/tbody>\n<\/table>\n        <div class=\"rpc-chart\">\n            <h3>Jak se m\u011bn\u00ed ceny pron\u00e1jm\u016f aut ve Fezu v z\u00e1vislosti na sez\u00f3n\u011b: anal\u00fdza zalo\u017een\u00e1 na skute\u010dn\u00fdch rezervac\u00edch<\/h3>\n            <div><p>V pr\u016fb\u011bhu zb\u00fdvaj\u00edc\u00edch t\u0159\u00ed let jsme zaznamenali zm\u011bny pr\u016fm\u011brn\u00fdch cen za pron\u00e1jem voz\u016f z Fezu, vikoryst a skute\u010dn\u00e9 \u00fadaje o rezervac\u00edch proveden\u00fdch prost\u0159ednictv\u00edm platformy roscar.ma. Spolupracujeme pouze s ov\u011b\u0159en\u00fdmi m\u00edstn\u00edmi p\u016fj\u010dovnami, co\u017e zaru\u010duje p\u0159ehled a spolehlivost my\u0161lenek pron\u00e1jmu.<\/p>\n<p>Anal\u00fdza pokr\u00fdv\u00e1 celou \u0161k\u00e1lu dopravn\u00edch prost\u0159edk\u016f: od levn\u00fdch hatchback\u016f pro m\u00edstn\u00ed doj\u00ed\u017ed\u011bn\u00ed a\u017e po u\u017eitkov\u00e9 vozy, kabriolety a vozy pr\u00e9miov\u00e9 t\u0159\u00eddy. Tento p\u0159\u00edstup umo\u017e\u0148uje identifikovat charakteristick\u00e9 sez\u00f3nn\u00ed v\u00fdkyvy cen a okam\u017eit\u011b reagovat na jejich zm\u011bny.<\/p>\n<p>Pod\u00edvejte se na na\u0161e informace a zjist\u011bte, kdy je nejlep\u0161\u00ed si pronajmout auto. RosCar je va\u0161\u00edm spolehliv\u00fdm pomocn\u00edkem p\u0159i pl\u00e1nov\u00e1n\u00ed manu\u00e1ln\u00edho a efektivn\u00edho transferu v Maroku.<\/p>\n<\/div>\n            <div class=\"rpc-chart-bars\">\n                                    <div class=\"rpc-chart-column\">\n                        <div class=\"rpc-chart-inner\" style=\"height: 25%\">\n                            <div class=\"rpc-chart-column-value\">12 \u20ac<\/div>\n                            <div class=\"rpc-chart-month\">JAN<\/div>\n                        <\/div>\n                    <\/div>\n                                    <div class=\"rpc-chart-column\">\n                        <div class=\"rpc-chart-inner\" style=\"height: 27.083333333333%\">\n                            <div class=\"rpc-chart-column-value\">13 \u20ac<\/div>\n                            <div class=\"rpc-chart-month\">FEB<\/div>\n                        <\/div>\n                    <\/div>\n                                    <div class=\"rpc-chart-column\">\n                        <div class=\"rpc-chart-inner\" style=\"height: 29.166666666667%\">\n                            <div class=\"rpc-chart-column-value\">14 \u20ac<\/div>\n                            <div class=\"rpc-chart-month\">MAR<\/div>\n                        <\/div>\n                    <\/div>\n                                    <div class=\"rpc-chart-column\">\n                        <div class=\"rpc-chart-inner\" style=\"height: 35.416666666667%\">\n                            <div class=\"rpc-chart-column-value\">17 \u20ac<\/div>\n                            <div class=\"rpc-chart-month\">APR<\/div>\n                        <\/div>\n                    <\/div>\n                                    <div class=\"rpc-chart-column\">\n                        <div class=\"rpc-chart-inner\" style=\"height: 37.5%\">\n                            <div class=\"rpc-chart-column-value\">18 \u20ac<\/div>\n                            <div class=\"rpc-chart-month\">MAY<\/div>\n                        <\/div>\n                    <\/div>\n                                    <div class=\"rpc-chart-column\">\n                        <div class=\"rpc-chart-inner\" style=\"height: 43.75%\">\n                            <div class=\"rpc-chart-column-value\">21 \u20ac<\/div>\n                            <div class=\"rpc-chart-month\">JUN<\/div>\n                        <\/div>\n                    <\/div>\n                                    <div class=\"rpc-chart-column\">\n                        <div class=\"rpc-chart-inner\" style=\"height: 52.083333333333%\">\n                            <div class=\"rpc-chart-column-value\">25 \u20ac<\/div>\n                            <div class=\"rpc-chart-month\">JUL<\/div>\n                        <\/div>\n                    <\/div>\n                                    <div class=\"rpc-chart-column\">\n                        <div class=\"rpc-chart-inner\" style=\"height: 58.333333333333%\">\n                            <div class=\"rpc-chart-column-value\">28 \u20ac<\/div>\n                            <div class=\"rpc-chart-month\">AUG<\/div>\n                        <\/div>\n                    <\/div>\n                                    <div class=\"rpc-chart-column\">\n                        <div class=\"rpc-chart-inner\" style=\"height: 39.583333333333%\">\n                            <div class=\"rpc-chart-column-value\">19 \u20ac<\/div>\n                            <div class=\"rpc-chart-month\">SEP<\/div>\n                        <\/div>\n                    <\/div>\n                                    <div class=\"rpc-chart-column\">\n                        <div class=\"rpc-chart-inner\" style=\"height: 35.416666666667%\">\n                            <div class=\"rpc-chart-column-value\">17 \u20ac<\/div>\n                            <div class=\"rpc-chart-month\">OCT<\/div>\n                        <\/div>\n                    <\/div>\n                                    <div class=\"rpc-chart-column\">\n                        <div class=\"rpc-chart-inner\" style=\"height: 27.083333333333%\">\n                            <div class=\"rpc-chart-column-value\">13 \u20ac<\/div>\n                            <div class=\"rpc-chart-month\">NOV<\/div>\n                        <\/div>\n                    <\/div>\n                                    <div class=\"rpc-chart-column\">\n                        <div class=\"rpc-chart-inner\" style=\"height: 39.583333333333%\">\n                            <div class=\"rpc-chart-column-value\">19 \u20ac<\/div>\n                            <div class=\"rpc-chart-month\">DEC<\/div>\n                        <\/div>\n                    <\/div>\n                            <\/div>\n        <\/div>\n        \n<h2>P\u016fj\u010dovna Aut Fes (Fez): Dokumenty<\/h2>\n<p>Ka\u017ed\u00e1 p\u016fj\u010dovna m\u016f\u017ee m\u00edt sv\u00e9 po\u017eadavky na v\u011bk (21-25 let) nebo doklady. V\u017edy v\u0161ak budete pot\u0159ebovat:<\/p>\n<ol>\n<li>V p\u0159\u00edpad\u011b pot\u0159eby budete pot\u0159ebovat: cestovn\u00ed pas<\/li>\n<li>Kreditn\u00ed kartu (z\u00e1lohu nebo bezpe\u010dnostn\u00ed \u0161ek)<\/li>\n<li>\u0158idi\u010dsk\u00fd pr\u016fkaz.<\/li>\n<\/ol>\n<p>Voucher (potvrzen\u00ed rezervace) nen\u00ed povinn\u00fd, ale je zasl\u00e1n na v\u00e1\u0161 e-mail po rezervaci na RosCar. P\u016fj\u010dovna aut Fez je va\u0161\u00ed vstupn\u00ed branou k pozn\u00e1v\u00e1n\u00ed bohat\u00e9 kultury a skryt\u00fdch klenot\u016f m\u011bsta &#8211; rezervujte si auto je\u0161t\u011b dnes pro hladk\u00fd a flexibiln\u00ed z\u00e1\u017eitek z cestov\u00e1n\u00ed.<\/p>\n","protected":false},"excerpt":{"rendered":"<p>P\u016fj\u010dovna Aut Fes (Fez) od RosCar T\u00e9m\u011b\u0159 ka\u017ed\u00e1 zem\u011b m\u00e1 neofici\u00e1ln\u00ed hlavn\u00ed m\u011bsto, kter\u00e9 je centrem kulturn\u00edho \u017eivota cel\u00e9ho st\u00e1tu. Chcete naj\u00edt toto kr\u00e1sn\u00e9 m\u011bsto v Maroku? Pak si mus\u00edte pronajmout auto ve Fesu na: Z\u00edskejte ten nejlep\u0161\u00ed z\u00e1\u017eitek z j\u00edzdy za n\u00edzkou cenu Vybrat si nejlep\u0161\u00ed vozidlo s ide\u00e1ln\u00edmi dopl\u0148ky Posunout svou cestu na [&hellip;]<\/p>\n","protected":false},"author":1,"featured_media":236,"parent":0,"menu_order":0,"comment_status":"closed","ping_status":"closed","template":"","meta":{"footnotes":""},"class_list":["post-2082","page","type-page","status-publish","has-post-thumbnail",""],"_links":{"self":[{"href":"https:\/\/roscar.ma\/cs\/wp-json\/wp\/v2\/pages\/2082","targetHints":{"allow":["GET"]}}],"collection":[{"href":"https:\/\/roscar.ma\/cs\/wp-json\/wp\/v2\/pages"}],"about":[{"href":"https:\/\/roscar.ma\/cs\/wp-json\/wp\/v2\/types\/page"}],"author":[{"embeddable":true,"href":"https:\/\/roscar.ma\/cs\/wp-json\/wp\/v2\/users\/1"}],"replies":[{"embeddable":true,"href":"https:\/\/roscar.ma\/cs\/wp-json\/wp\/v2\/comments?post=2082"}],"version-history":[{"count":4,"href":"https:\/\/roscar.ma\/cs\/wp-json\/wp\/v2\/pages\/2082\/revisions"}],"predecessor-version":[{"id":2087,"href":"https:\/\/roscar.ma\/cs\/wp-json\/wp\/v2\/pages\/2082\/revisions\/2087"}],"wp:featuredmedia":[{"embeddable":true,"href":"https:\/\/roscar.ma\/cs\/wp-json\/wp\/v2\/media\/236"}],"wp:attachment":[{"href":"https:\/\/roscar.ma\/cs\/wp-json\/wp\/v2\/media?parent=2082"}],"curies":[{"name":"wp","href":"https:\/\/api.w.org\/{rel}","templated":true}]}}