{"id":1882,"date":"2025-07-17T11:07:41","date_gmt":"2025-07-17T11:07:41","guid":{"rendered":"https:\/\/roscar.ma\/?page_id=1882"},"modified":"2025-07-24T10:46:09","modified_gmt":"2025-07-24T10:46:09","slug":"pujcovna-aut-rabat","status":"publish","type":"page","link":"https:\/\/roscar.ma\/cs\/pujcovna-aut-rabat\/","title":{"rendered":"P\u016fj\u010dovna Aut Rabat"},"content":{"rendered":"<h2>P\u016fj\u010dovna Aut Rabat od RosCar<\/h2>\n<p>Maroko je zem\u011b s \u00fa\u017easnou kombinac\u00ed pou\u0161tn\u00ed kr\u00e1sy, mo\u0159sk\u00e9 krajiny a n\u00e1dhern\u00e9 architektury, kterou nikde jinde nenajdete. Tak\u017ee kdy\u017e pl\u00e1nujete cestu do severn\u00ed Afriky, rad\u011bji si ud\u011blejte \u010das, abyste se pln\u011b pono\u0159ili do muslimsk\u00e9ho r\u00e1je. Ale tak\u00e9 si mus\u00edte pronajmout auto v Rabatu, abyste si sv\u00e9 dobrodru\u017estv\u00ed zp\u0159\u00edjemnili s:<\/p>\n<ul>\n<li>Velk\u00fd v\u00fdb\u011br vozidel (libovoln\u00fd typ, cena nebo barva)<\/li>\n<li>Mnoho dopl\u0148k\u016f a funkc\u00ed, kter\u00e9 lze nal\u00e9zt<\/li>\n<li>Kr\u00e1tkodob\u00e9 a dlouhodob\u00e9 pron\u00e1jmy aut<\/li>\n<li>Rezervace 24 hodin denn\u011b s u\u017eivatelsky p\u0159\u00edv\u011btiv\u00fdm rozhran\u00edm.<\/li>\n<\/ul>\n<p>Co je RosCar? Je to str\u00e1nka se skv\u011bl\u00fdmi funkcemi pro porovn\u00e1v\u00e1n\u00ed cen, t\u0159\u00edd\u011bn\u00ed podle po\u017eadovan\u00fdch krit\u00e9ri\u00ed a rychlou rezervaci. Rezervujte nyn\u00ed a potvr\u010fte svou rezervaci kartou (je t\u0159eba uhradit a\u017e 20 % z \u010d\u00e1stky objedn\u00e1vky).<\/p>\n<h2>Pr\u016fvodce RosCar p\u016fj\u010dovnami aut v Rabatu<\/h2>\n<p>A\u010dkoli tato zem\u011b nevypad\u00e1 jako evropsk\u00e9 nebo americk\u00e9 ulice, na kter\u00e9 jsme zvykl\u00ed, nadch\u00e1zej\u00edc\u00ed z\u00e1\u017eitky z cestov\u00e1n\u00ed budou docela podobn\u00e9. Tot\u00e9\u017e plat\u00ed i pro pron\u00e1jem auta v Rabatu, a\u017e na dv\u011b jemnosti, kter\u00e9 se rychle vy\u0159e\u0161\u00ed.<\/p>\n<h3>1. Jak\u00fd je v\u00e1\u0161 typ?<\/h3>\n<p>Neobjedn\u00e1vejte si prvn\u00ed vozidlo, kter\u00e9 najdete. Rad\u011bji si seznam se\u0159a\u010fte p\u0159es filtry vyhled\u00e1v\u00e1n\u00ed podle dostupn\u00fdch typ\u016f:<\/p>\n<ul>\n<li>Standardn\u00ed nebo Kompaktn\u00ed<\/li>\n<li>SUV nebo Crossover<\/li>\n<li>Dod\u00e1vka nebo minivan<\/li>\n<li>Mini nebo Economy (Ten prav\u00fd pro levn\u00fd pron\u00e1jem auta v Rabat)<\/li>\n<li>Kabriolet nebo Luxusn\u00ed.<\/li>\n<\/ul>\n<h3>2. P\u0159\u00edplatky<\/h3>\n<p>Dopl\u0148kov\u00e9 slu\u017eby jsou dobr\u00fdm zp\u016fsobem, jak p\u0159izp\u016fsobit z\u00e1\u017eitek z j\u00edzdy va\u0161im jedine\u010dn\u00fdm pot\u0159eb\u00e1m. Zde je n\u011bkolik mo\u017enost\u00ed, z nich\u017e si m\u016f\u017eete vybrat:<\/p>\n<ul>\n<li>P\u0159evodovka: Chcete si u\u017e\u00edt pohodovou j\u00edzdu? Vyberte si automatickou p\u0159evodovku.<\/li>\n<li>SIM karta: V\u00e1\u0161 smartphone ji pot\u0159ebuje, abyste nemuseli platit p\u0159\u00edli\u0161 vysok\u00e9 poplatky za roaming.<\/li>\n<li>D\u011btsk\u00e1 seda\u010dka: D\u011bti do 10 let pot\u0159ebuj\u00ed z\u00e1dr\u017en\u00fd syst\u00e9m.<\/li>\n<li>Neomezen\u00fd po\u010det ujet\u00fdch kilometr\u016f: S touto funkc\u00ed m\u00e1te k dispozici cel\u00e9 Maroko.<\/li>\n<li>\u017d\u00e1dn\u00e1 kreditn\u00ed karta: Stejn\u011b jako tradi\u010dn\u00ed zp\u016fsob, ale bez kreditn\u00ed karty.<\/li>\n<li>Garantovan\u00fd model: V p\u0159\u00edpad\u011b, \u017ee se jedn\u00e1 o model, kter\u00fd je v provozu, m\u016f\u017eete si vybrat, zda chcete jet na dovolenou nebo ne: Nezbytn\u00e1 mo\u017enost pro ty, kte\u0159\u00ed maj\u00ed \u0161patn\u00e9 zku\u0161enosti.<\/li>\n<li>Bezplatn\u00e9 zru\u0161en\u00ed rezervace: Mus\u00ed b\u00fdt vyu\u017eito v\u010das (alespo\u0148 48 hodin p\u0159ed datem zah\u00e1jen\u00ed).<\/li>\n<li>Dal\u0161\u00ed \u0159idi\u010d: V p\u0159\u00edpad\u011b, \u017ee se v\u00e1m poda\u0159\u00ed vy\u0159\u00eddit objedn\u00e1vku, m\u016f\u017eete si vybrat z n\u011bkolika mo\u017enost\u00ed: Nechte \u0159\u00eddit sv\u00e9ho p\u0159\u00edtele.<\/li>\n<li>Bez z\u00e1lohy: Vyhn\u011bte se zbyte\u010dn\u00fdm bankovn\u00edm poplatk\u016fm d\u00edky tomu, \u017ee na kreditn\u00edch kart\u00e1ch nen\u00ed blokov\u00e1na \u017e\u00e1dn\u00e1 z\u00e1loha.<\/li>\n<li>Dodate\u010dn\u00e9 poji\u0161t\u011bn\u00ed: Funkce, kterou pot\u0159ebuje ka\u017ed\u00fd bez v\u00fdjimky. Upgradujte na Super CDW nebo Full Coverage a bu\u010fte v pohod\u011b.<\/li>\n<\/ul>\n<blockquote class=\"check\">\n<h2>P\u016fj\u010dovny aut v Rabatu: Pr\u016fvodce<\/h2>\n<p>RosCar pracuje na tom, aby v\u00e1m poskytl \u00fa\u017easn\u00e9 z\u00e1\u017eitky z cestov\u00e1n\u00ed od vyzvednut\u00ed a\u017e po p\u0159ed\u00e1n\u00ed. Proto je rezervace u n\u00e1s tak snadn\u00e1, jak jen m\u016f\u017ee b\u00fdt:<\/p>\n<ol>\n<li>Zadejte \u00fadaje:<\/li>\n<li>P\u0159ejd\u011bte na filtry a vyberte n\u011bkolik, kter\u00e9 se v\u00e1m zdaj\u00ed atraktivn\u00ed, a z\u00edskejte seznam.<\/li>\n<li>Rezervace.<\/li>\n<li>P\u0159idat informace.<\/li>\n<li>Platit nyn\u00ed.<\/li>\n<\/ol>\n<p>Po zaplacen\u00ed jistoty (maxim\u00e1ln\u011b 20 % z \u010d\u00e1stky) budete odm\u011bn\u011bni certifik\u00e1tem o potvrzen\u00ed rezervace.<\/p><\/blockquote>\n<h2>P\u016fj\u010dovna Aut Rabat Cena<\/h2>\n<p>Ceny v hlavn\u00edm m\u011bst\u011b Maroka v\u00e1m nebudou p\u0159ipadat p\u0159\u00edli\u0161 drah\u00e9, ale p\u0159esto jsou vy\u0161\u0161\u00ed ne\u017e evropsk\u00fd pr\u016fm\u011br:<\/p>\n<ul>\n<li>USD\/den, v ekonomick\u00e9 t\u0159\u00edd\u011b za 20-30 USD<\/li>\n<li>Standard za 35-50 USD\/den<\/li>\n<li>SUV za 50-70 USD\/den<\/li>\n<li>Luxusn\u00ed za 80 USD\/den.<\/li>\n<\/ul>\n<p>P\u016fj\u010den\u00ed auta v Rabatu bude levn\u011bj\u0161\u00ed, pokud:<\/p>\n<ul>\n<li>se vyhnete kr\u00e1tkodob\u00e9mu pron\u00e1jmu auta<\/li>\n<li>Stanov\u00edte datum zah\u00e1jen\u00ed pron\u00e1jmu na polovinu t\u00fddne<\/li>\n<li>Rezervujte si v\u016fz s p\u0159edstihem<\/li>\n<li>Zvol\u00edte spr\u00e1vn\u00fd typ vozidla.<\/li>\n<\/ul>\n<p>Porovnejte cenu, abyste na\u0161li nejv\u00fdhodn\u011bj\u0161\u00ed nab\u00eddku:<\/p>\n<h3>Tabulka s cenami za pron\u00e1jem auta v Rabat, Maroko<\/h3>\n<table border=\"1\">\n<thead>\n<tr>\n<th>Model vozu<\/th>\n<th>Typ karoserie<\/th>\n<th>Cena za den (mimo sez\u00f3nu)<\/th>\n<th>Cena za den (hlavn\u00ed sez\u00f3na)<\/th>\n<th>Po\u010det cestuj\u00edc\u00edch<\/th>\n<th>Kapacita zavazadel<\/th>\n<\/tr>\n<\/thead>\n<tbody>\n<tr>\n<td>Hyundai i10<\/td>\n<td>Hatchback<\/td>\n<td>21 \u20ac<\/td>\n<td>29 \u20ac<\/td>\n<td>4<\/td>\n<td>1<\/td>\n<\/tr>\n<tr>\n<td>Dacia Logan<\/td>\n<td>Sedan<\/td>\n<td>23 \u20ac<\/td>\n<td>32 \u20ac<\/td>\n<td>5<\/td>\n<td>2<\/td>\n<\/tr>\n<tr>\n<td>Peugeot 208<\/td>\n<td>Hatchback<\/td>\n<td>24 \u20ac<\/td>\n<td>34 \u20ac<\/td>\n<td>5<\/td>\n<td>2<\/td>\n<\/tr>\n<tr>\n<td>Renault Clio<\/td>\n<td>Hatchback<\/td>\n<td>26 \u20ac<\/td>\n<td>36 \u20ac<\/td>\n<td>5<\/td>\n<td>2<\/td>\n<\/tr>\n<tr>\n<td>Volkswagen Golf<\/td>\n<td>Hatchback<\/td>\n<td>30 \u20ac<\/td>\n<td>42 \u20ac<\/td>\n<td>5<\/td>\n<td>3<\/td>\n<\/tr>\n<tr>\n<td>Citro\u00ebn C-Elys\u00e9e<\/td>\n<td>Sedan<\/td>\n<td>25 \u20ac<\/td>\n<td>35 \u20ac<\/td>\n<td>5<\/td>\n<td>3<\/td>\n<\/tr>\n<tr>\n<td>Renault Captur<\/td>\n<td>Crossover<\/td>\n<td>32 \u20ac<\/td>\n<td>44 \u20ac<\/td>\n<td>5<\/td>\n<td>3<\/td>\n<\/tr>\n<tr>\n<td>Dacia Duster<\/td>\n<td>SUV<\/td>\n<td>36 \u20ac<\/td>\n<td>48 \u20ac<\/td>\n<td>5<\/td>\n<td>3<\/td>\n<\/tr>\n<tr>\n<td>Hyundai Tucson<\/td>\n<td>SUV<\/td>\n<td>52 \u20ac<\/td>\n<td>66 \u20ac<\/td>\n<td>5<\/td>\n<td>4<\/td>\n<\/tr>\n<tr>\n<td>Peugeot 3008<\/td>\n<td>SUV<\/td>\n<td>55 \u20ac<\/td>\n<td>70 \u20ac<\/td>\n<td>5<\/td>\n<td>4<\/td>\n<\/tr>\n<\/tbody>\n<\/table>\n        <div class=\"rpc-chart\">\n            <h3>Sez\u00f3nn\u00ed v\u00fdkyvy cen pron\u00e1jmu aut v Rabat: anal\u00fdza zalo\u017een\u00e1 na skute\u010dn\u00fdch rezervac\u00edch<\/h3>\n            <div><p>N\u00e1sleduj\u00edc\u00ed tabulka ukazuje dynamiku zm\u011bn pr\u016fm\u011brn\u00fdch cen pron\u00e1jmu aut v Rabatu za posledn\u00ed t\u0159i roky. Zdrojem informac\u00ed jsou re\u00e1ln\u00e9 objedn\u00e1vky zadan\u00e9 prost\u0159ednictv\u00edm platformy roscar.ma, slu\u017eby, kter\u00e1 sdru\u017euje nab\u00eddky ov\u011b\u0159en\u00fdch m\u00edstn\u00edch p\u016fj\u010doven bez zprost\u0159edkovatel\u016f.<\/p>\n<p>Anal\u00fdza zahrnuje \u0161irokou \u0161k\u00e1lu vozidel: od kompaktn\u00edch m\u011bstsk\u00fdch model\u016f po komfortn\u00ed SUV, kabriolety a pr\u00e9miov\u00e9 vozy. Tento p\u0159\u00edstup poskytuje objektivn\u00ed obraz o tom, jak se ceny m\u011bn\u00ed v z\u00e1vislosti na sez\u00f3n\u011b a turistick\u00e9 aktivit\u011b.<\/p>\n<p>Vych\u00e1z\u00edme z dlouholet\u00fdch zku\u0161enost\u00ed s prac\u00ed s cestovateli a na\u0161e \u00fadaje neust\u00e1le aktualizujeme na z\u00e1klad\u011b trend\u016f na trhu. U\u017eivatel\u00e9 tak maj\u00ed k dispozici praktick\u00e9 a spolehliv\u00e9 informace, kter\u00e9 jim pomohou napl\u00e1novat rozpo\u010det a vybrat nejv\u00fdhodn\u011bj\u0161\u00ed dobu pro pron\u00e1jem vozu v marock\u00e9m hlavn\u00edm m\u011bst\u011b.<\/p>\n<\/div>\n            <div class=\"rpc-chart-bars\">\n                                    <div class=\"rpc-chart-column\">\n                        <div class=\"rpc-chart-inner\" style=\"height: 28.301886792453%\">\n                            <div class=\"rpc-chart-column-value\">15 \u20ac<\/div>\n                            <div class=\"rpc-chart-month\">JAN<\/div>\n                        <\/div>\n                    <\/div>\n                                    <div class=\"rpc-chart-column\">\n                        <div class=\"rpc-chart-inner\" style=\"height: 26.415094339623%\">\n                            <div class=\"rpc-chart-column-value\">14 \u20ac<\/div>\n                            <div class=\"rpc-chart-month\">FEB<\/div>\n                        <\/div>\n                    <\/div>\n                                    <div class=\"rpc-chart-column\">\n                        <div class=\"rpc-chart-inner\" style=\"height: 24.528301886792%\">\n                            <div class=\"rpc-chart-column-value\">13 \u20ac<\/div>\n                            <div class=\"rpc-chart-month\">MAR<\/div>\n                        <\/div>\n                    <\/div>\n                                    <div class=\"rpc-chart-column\">\n                        <div class=\"rpc-chart-inner\" style=\"height: 39.622641509434%\">\n                            <div class=\"rpc-chart-column-value\">21 \u20ac<\/div>\n                            <div class=\"rpc-chart-month\">APR<\/div>\n                        <\/div>\n                    <\/div>\n                                    <div class=\"rpc-chart-column\">\n                        <div class=\"rpc-chart-inner\" style=\"height: 32.075471698113%\">\n                            <div class=\"rpc-chart-column-value\">17 \u20ac<\/div>\n                            <div class=\"rpc-chart-month\">MAY<\/div>\n                        <\/div>\n                    <\/div>\n                                    <div class=\"rpc-chart-column\">\n                        <div class=\"rpc-chart-inner\" style=\"height: 32.075471698113%\">\n                            <div class=\"rpc-chart-column-value\">17 \u20ac<\/div>\n                            <div class=\"rpc-chart-month\">JUN<\/div>\n                        <\/div>\n                    <\/div>\n                                    <div class=\"rpc-chart-column\">\n                        <div class=\"rpc-chart-inner\" style=\"height: 49.056603773585%\">\n                            <div class=\"rpc-chart-column-value\">26 \u20ac<\/div>\n                            <div class=\"rpc-chart-month\">JUL<\/div>\n                        <\/div>\n                    <\/div>\n                                    <div class=\"rpc-chart-column\">\n                        <div class=\"rpc-chart-inner\" style=\"height: 62.264150943396%\">\n                            <div class=\"rpc-chart-column-value\">33 \u20ac<\/div>\n                            <div class=\"rpc-chart-month\">AUG<\/div>\n                        <\/div>\n                    <\/div>\n                                    <div class=\"rpc-chart-column\">\n                        <div class=\"rpc-chart-inner\" style=\"height: 47.169811320755%\">\n                            <div class=\"rpc-chart-column-value\">25 \u20ac<\/div>\n                            <div class=\"rpc-chart-month\">SEP<\/div>\n                        <\/div>\n                    <\/div>\n                                    <div class=\"rpc-chart-column\">\n                        <div class=\"rpc-chart-inner\" style=\"height: 37.735849056604%\">\n                            <div class=\"rpc-chart-column-value\">20 \u20ac<\/div>\n                            <div class=\"rpc-chart-month\">OCT<\/div>\n                        <\/div>\n                    <\/div>\n                                    <div class=\"rpc-chart-column\">\n                        <div class=\"rpc-chart-inner\" style=\"height: 45.283018867925%\">\n                            <div class=\"rpc-chart-column-value\">24 \u20ac<\/div>\n                            <div class=\"rpc-chart-month\">NOV<\/div>\n                        <\/div>\n                    <\/div>\n                                    <div class=\"rpc-chart-column\">\n                        <div class=\"rpc-chart-inner\" style=\"height: 37.735849056604%\">\n                            <div class=\"rpc-chart-column-value\">20 \u20ac<\/div>\n                            <div class=\"rpc-chart-month\">DEC<\/div>\n                        <\/div>\n                    <\/div>\n                            <\/div>\n        <\/div>\n        \n<h2>P\u016fj\u010dovna Aut Rabat: Dokumenty<\/h2>\n<p>K podpisu smlouvy a vyzvednut\u00ed vozidla budete pot\u0159ebovat n\u011bkolik dokument\u016f (anglicky pojmenovan\u00fdch a 100% platn\u00fdch):<\/p>\n<ol>\n<li>\u0158idi\u010dsk\u00fd pr\u016fkaz<\/li>\n<li>Cestovn\u00ed pas<\/li>\n<li>Kreditn\u00ed kartu (nepovinn\u00e9).<\/li>\n<\/ol>\n<p>P\u016fj\u010dovna aut Rabat je ide\u00e1ln\u00ed volbou pro pohodlnou a bezstarostnou cestu po Maroku.<\/p>\n","protected":false},"excerpt":{"rendered":"<p>P\u016fj\u010dovna Aut Rabat od RosCar Maroko je zem\u011b s \u00fa\u017easnou kombinac\u00ed pou\u0161tn\u00ed kr\u00e1sy, mo\u0159sk\u00e9 krajiny a n\u00e1dhern\u00e9 architektury, kterou nikde jinde nenajdete. Tak\u017ee kdy\u017e pl\u00e1nujete cestu do severn\u00ed Afriky, rad\u011bji si ud\u011blejte \u010das, abyste se pln\u011b pono\u0159ili do muslimsk\u00e9ho r\u00e1je. Ale tak\u00e9 si mus\u00edte pronajmout auto v Rabatu, abyste si sv\u00e9 dobrodru\u017estv\u00ed zp\u0159\u00edjemnili s: Velk\u00fd [&hellip;]<\/p>\n","protected":false},"author":1,"featured_media":207,"parent":0,"menu_order":0,"comment_status":"closed","ping_status":"closed","template":"","meta":{"footnotes":""},"class_list":["post-1882","page","type-page","status-publish","has-post-thumbnail",""],"_links":{"self":[{"href":"https:\/\/roscar.ma\/cs\/wp-json\/wp\/v2\/pages\/1882","targetHints":{"allow":["GET"]}}],"collection":[{"href":"https:\/\/roscar.ma\/cs\/wp-json\/wp\/v2\/pages"}],"about":[{"href":"https:\/\/roscar.ma\/cs\/wp-json\/wp\/v2\/types\/page"}],"author":[{"embeddable":true,"href":"https:\/\/roscar.ma\/cs\/wp-json\/wp\/v2\/users\/1"}],"replies":[{"embeddable":true,"href":"https:\/\/roscar.ma\/cs\/wp-json\/wp\/v2\/comments?post=1882"}],"version-history":[{"count":3,"href":"https:\/\/roscar.ma\/cs\/wp-json\/wp\/v2\/pages\/1882\/revisions"}],"predecessor-version":[{"id":1887,"href":"https:\/\/roscar.ma\/cs\/wp-json\/wp\/v2\/pages\/1882\/revisions\/1887"}],"wp:featuredmedia":[{"embeddable":true,"href":"https:\/\/roscar.ma\/cs\/wp-json\/wp\/v2\/media\/207"}],"wp:attachment":[{"href":"https:\/\/roscar.ma\/cs\/wp-json\/wp\/v2\/media?parent=1882"}],"curies":[{"name":"wp","href":"https:\/\/api.w.org\/{rel}","templated":true}]}}