{"id":1629,"date":"2025-07-23T08:46:35","date_gmt":"2025-07-23T08:46:35","guid":{"rendered":"https:\/\/roscar.ma\/?page_id=1629"},"modified":"2025-07-23T20:48:34","modified_gmt":"2025-07-23T20:48:34","slug":"pujcovna-aut-maroko-bez-zalohy","status":"publish","type":"page","link":"https:\/\/roscar.ma\/cs\/pujcovna-aut-maroko-bez-zalohy\/","title":{"rendered":"P\u016fj\u010dovna Aut Maroko Bez Z\u00e1lohy"},"content":{"rendered":"<h2>P\u016fj\u010dovna Aut Maroko Bez Z\u00e1lohy od RosCar<\/h2>\n<p>Na rozd\u00edl od tradi\u010dn\u00edho pron\u00e1jmu nab\u00edz\u00ed p\u016fj\u010den\u00ed auta v Maroku bez z\u00e1lohy \u0159adu v\u00fdhod, kter\u00e9 se nevyplat\u00ed ignorovat:<\/p>\n<ul>\n<li>\u017d\u00e1dn\u00e9 riziko budouc\u00edch spor\u016f (n\u011bkter\u00e9 spole\u010dnosti se sna\u017e\u00ed \u00fa\u010dtovat poplatky za drobn\u00e9 \u0161kr\u00e1bance, palivo nebo jin\u00e9 detaily)<\/li>\n<li>Mnohem jednodu\u0161\u0161\u00ed (a rychlej\u0161\u00ed) p\u0159evzet\u00ed i vr\u00e1cen\u00ed<\/li>\n<li>Vy\u017eaduje m\u00e9n\u011b pen\u011bz<\/li>\n<li>Nedoch\u00e1z\u00ed k blokaci z\u00e1lohy na kreditn\u00ed kart\u011b<\/li>\n<li>P\u016fj\u010den\u00ed bez stresu<\/li>\n<\/ul>\n<p>To je jen jedna z mnoha funkc\u00ed, kter\u00e9 najdete ve filtrech RosCar. Vyzkou\u0161ejte to a najd\u011bte ide\u00e1ln\u00ed vozidlo b\u011bhem n\u011bkolika minut. Rezervujte nyn\u00ed.<\/p>\n<blockquote class=\"check\">\n<h2>Jak si p\u016fj\u010dit auto v Maroku bez z\u00e1lohy?<\/h2>\n<p>Ka\u017ed\u00fd \u0159idi\u010d ve v\u011bku od 21 do 25 let s platn\u00fdmi dokumenty (pas a \u0159idi\u010dsk\u00fd pr\u016fkaz) si m\u016f\u017ee p\u016fj\u010dit auto v Maroku bez z\u00e1lohy n\u00e1sleduj\u00edc\u00edm zp\u016fsobem:<\/p>\n<ol>\n<li>Klikn\u011bte na filtr &#8222;<strong>Bez z\u00e1lohy<\/strong>&#8220; pro zobrazen\u00ed nab\u00eddek.<\/li>\n<li>Projd\u011bte si nab\u00eddky, vyberte tu nejlep\u0161\u00ed a klikn\u011bte na Rezervovat.<\/li>\n<li>Zkontrolujte po\u017eadavky a zvolte typ poji\u0161t\u011bn\u00ed.<\/li>\n<li>Vyberte dopl\u0148kov\u00e9 slu\u017eby a klikn\u011bte na &#8222;Pokra\u010dovat&#8220;.<\/li>\n<li>Zadejte \u00fadaje o \u0159idi\u010di.<\/li>\n<li>Potvr\u010fte.<\/li>\n<\/ol>\n<p>Rezervace bez z\u00e1lohy nebo jin\u00e9ho typu p\u016fj\u010den\u00ed mus\u00ed b\u00fdt potvrzena prost\u0159ednictv\u00edm va\u0161\u00ed bankovn\u00ed karty. Nebude str\u017eeno v\u00edce ne\u017e 20 % jako z\u00e1loha.<\/p><\/blockquote>\n<h3>Tabulka cen pron\u00e1jmu aut v Maroku bez z\u00e1lohy<\/h3>\n<table>\n<thead>\n<tr>\n<th>Model auta<\/th>\n<th>Typ karoserie<\/th>\n<th>Cena za den (mimo sez\u00f3nu)<\/th>\n<th>Cena za den (v sez\u00f3n\u011b)<\/th>\n<th>Po\u010det cestuj\u00edc\u00edch<\/th>\n<th>Kapacita zavazadel<\/th>\n<\/tr>\n<\/thead>\n<tbody>\n<tr>\n<td>Chevrolet Spark<\/td>\n<td>Hatchback<\/td>\n<td>19 \u20ac<\/td>\n<td>26 \u20ac<\/td>\n<td>4<\/td>\n<td>1<\/td>\n<\/tr>\n<tr>\n<td>Hyundai Grand i10<\/td>\n<td>Hatchback<\/td>\n<td>21 \u20ac<\/td>\n<td>28 \u20ac<\/td>\n<td>4<\/td>\n<td>1<\/td>\n<\/tr>\n<tr>\n<td>\u0160koda Fabia<\/td>\n<td>Hatchback<\/td>\n<td>23 \u20ac<\/td>\n<td>31 \u20ac<\/td>\n<td>5<\/td>\n<td>2<\/td>\n<\/tr>\n<tr>\n<td>Peugeot 2008<\/td>\n<td>Crossover<\/td>\n<td>26 \u20ac<\/td>\n<td>35 \u20ac<\/td>\n<td>5<\/td>\n<td>2<\/td>\n<\/tr>\n<tr>\n<td>Volkswagen Golf<\/td>\n<td>Hatchback<\/td>\n<td>27 \u20ac<\/td>\n<td>36 \u20ac<\/td>\n<td>5<\/td>\n<td>2<\/td>\n<\/tr>\n<tr>\n<td>Toyota Yaris Sedan<\/td>\n<td>Sedan<\/td>\n<td>28 \u20ac<\/td>\n<td>37 \u20ac<\/td>\n<td>5<\/td>\n<td>3<\/td>\n<\/tr>\n<tr>\n<td>Nissan Sunny<\/td>\n<td>Sedan<\/td>\n<td>29 \u20ac<\/td>\n<td>38 \u20ac<\/td>\n<td>5<\/td>\n<td>3<\/td>\n<\/tr>\n<tr>\n<td>Renault Arkana<\/td>\n<td>Crossover<\/td>\n<td>35 \u20ac<\/td>\n<td>45 \u20ac<\/td>\n<td>5<\/td>\n<td>3<\/td>\n<\/tr>\n<tr>\n<td>MG ZS<\/td>\n<td>SUV<\/td>\n<td>39 \u20ac<\/td>\n<td>49 \u20ac<\/td>\n<td>5<\/td>\n<td>3<\/td>\n<\/tr>\n<tr>\n<td>Volkswagen Tiguan<\/td>\n<td>SUV<\/td>\n<td>55 \u20ac<\/td>\n<td>69 \u20ac<\/td>\n<td>5<\/td>\n<td>4<\/td>\n<\/tr>\n<\/tbody>\n<\/table>\n","protected":false},"excerpt":{"rendered":"<p>P\u016fj\u010dovna Aut Maroko Bez Z\u00e1lohy od RosCar Na rozd\u00edl od tradi\u010dn\u00edho pron\u00e1jmu nab\u00edz\u00ed p\u016fj\u010den\u00ed auta v Maroku bez z\u00e1lohy \u0159adu v\u00fdhod, kter\u00e9 se nevyplat\u00ed ignorovat: \u017d\u00e1dn\u00e9 riziko budouc\u00edch spor\u016f (n\u011bkter\u00e9 spole\u010dnosti se sna\u017e\u00ed \u00fa\u010dtovat poplatky za drobn\u00e9 \u0161kr\u00e1bance, palivo nebo jin\u00e9 detaily) Mnohem jednodu\u0161\u0161\u00ed (a rychlej\u0161\u00ed) p\u0159evzet\u00ed i vr\u00e1cen\u00ed Vy\u017eaduje m\u00e9n\u011b pen\u011bz Nedoch\u00e1z\u00ed k blokaci [&hellip;]<\/p>\n","protected":false},"author":1,"featured_media":1273,"parent":0,"menu_order":0,"comment_status":"closed","ping_status":"closed","template":"","meta":{"footnotes":""},"class_list":["post-1629","page","type-page","status-publish","has-post-thumbnail",""],"_links":{"self":[{"href":"https:\/\/roscar.ma\/cs\/wp-json\/wp\/v2\/pages\/1629","targetHints":{"allow":["GET"]}}],"collection":[{"href":"https:\/\/roscar.ma\/cs\/wp-json\/wp\/v2\/pages"}],"about":[{"href":"https:\/\/roscar.ma\/cs\/wp-json\/wp\/v2\/types\/page"}],"author":[{"embeddable":true,"href":"https:\/\/roscar.ma\/cs\/wp-json\/wp\/v2\/users\/1"}],"replies":[{"embeddable":true,"href":"https:\/\/roscar.ma\/cs\/wp-json\/wp\/v2\/comments?post=1629"}],"version-history":[{"count":2,"href":"https:\/\/roscar.ma\/cs\/wp-json\/wp\/v2\/pages\/1629\/revisions"}],"predecessor-version":[{"id":1636,"href":"https:\/\/roscar.ma\/cs\/wp-json\/wp\/v2\/pages\/1629\/revisions\/1636"}],"wp:featuredmedia":[{"embeddable":true,"href":"https:\/\/roscar.ma\/cs\/wp-json\/wp\/v2\/media\/1273"}],"wp:attachment":[{"href":"https:\/\/roscar.ma\/cs\/wp-json\/wp\/v2\/media?parent=1629"}],"curies":[{"name":"wp","href":"https:\/\/api.w.org\/{rel}","templated":true}]}}