{"id":1495,"date":"2025-07-17T10:09:50","date_gmt":"2025-07-17T10:09:50","guid":{"rendered":"https:\/\/roscar.ma\/?page_id=1495"},"modified":"2025-07-23T18:23:03","modified_gmt":"2025-07-23T18:23:03","slug":"o-nas","status":"publish","type":"page","link":"https:\/\/roscar.ma\/cs\/o-nas\/","title":{"rendered":"O n\u00e1s"},"content":{"rendered":"<p>RosCar Morocco je modern\u00ed autop\u016fj\u010dovna v Maroku, kter\u00e1 p\u016fsob\u00ed od roku 2022. Nejsme autop\u016fj\u010dovna, ale sp\u00ed\u0161e pohodln\u00fd online agreg\u00e1tor, kter\u00fd sdru\u017euje nejlep\u0161\u00ed nab\u00eddky od m\u00edstn\u00edch partner\u016f z cel\u00e9 zem\u011b.<\/p>\n<p>Na na\u0161em webu roscar.ma najdete v\u00edce ne\u017e 200 prov\u011b\u0159en\u00fdch voz\u016f r\u016fzn\u00fdch t\u0159\u00edd \u2013 od kompaktn\u00edch m\u011bstsk\u00fdch model\u016f po pohodln\u00e1 SUV. Proces rezervace je u n\u00e1s co nejjednodu\u0161\u0161\u00ed a nejdostupn\u011bj\u0161\u00ed: auto si m\u016f\u017eete pronajmout bez z\u00e1lohy a bez kreditn\u00ed karty.<\/p>\n<p>Na\u0161\u00edm c\u00edlem je poskytnout cestovatel\u016fm flexibiln\u00ed a cenov\u011b v\u00fdhodn\u00fd zp\u016fsob cestov\u00e1n\u00ed po Maroku, p\u0159i\u010dem\u017e se op\u00edr\u00e1me o zku\u0161enosti a spolehlivost m\u00edstn\u00edch spole\u010dnost\u00ed. Vyberte si RosCar Morocco a vydejte se na cestu v pohodl\u00ed!<\/p>\n","protected":false},"excerpt":{"rendered":"<p>RosCar Morocco je modern\u00ed autop\u016fj\u010dovna v Maroku, kter\u00e1 p\u016fsob\u00ed od roku 2022. Nejsme autop\u016fj\u010dovna, ale sp\u00ed\u0161e pohodln\u00fd online agreg\u00e1tor, kter\u00fd sdru\u017euje nejlep\u0161\u00ed nab\u00eddky od m\u00edstn\u00edch partner\u016f z cel\u00e9 zem\u011b. Na na\u0161em webu roscar.ma najdete v\u00edce ne\u017e 200 prov\u011b\u0159en\u00fdch voz\u016f r\u016fzn\u00fdch t\u0159\u00edd \u2013 od kompaktn\u00edch m\u011bstsk\u00fdch model\u016f po pohodln\u00e1 SUV. Proces rezervace je u n\u00e1s co [&hellip;]<\/p>\n","protected":false},"author":2,"featured_media":0,"parent":0,"menu_order":0,"comment_status":"closed","ping_status":"closed","template":"","meta":{"footnotes":""},"class_list":["post-1495","page","type-page","status-publish",""],"_links":{"self":[{"href":"https:\/\/roscar.ma\/cs\/wp-json\/wp\/v2\/pages\/1495","targetHints":{"allow":["GET"]}}],"collection":[{"href":"https:\/\/roscar.ma\/cs\/wp-json\/wp\/v2\/pages"}],"about":[{"href":"https:\/\/roscar.ma\/cs\/wp-json\/wp\/v2\/types\/page"}],"author":[{"embeddable":true,"href":"https:\/\/roscar.ma\/cs\/wp-json\/wp\/v2\/users\/2"}],"replies":[{"embeddable":true,"href":"https:\/\/roscar.ma\/cs\/wp-json\/wp\/v2\/comments?post=1495"}],"version-history":[{"count":0,"href":"https:\/\/roscar.ma\/cs\/wp-json\/wp\/v2\/pages\/1495\/revisions"}],"wp:attachment":[{"href":"https:\/\/roscar.ma\/cs\/wp-json\/wp\/v2\/media?parent=1495"}],"curies":[{"name":"wp","href":"https:\/\/api.w.org\/{rel}","templated":true}]}}