{"id":1471,"date":"2025-07-17T11:01:21","date_gmt":"2025-07-17T11:01:21","guid":{"rendered":"https:\/\/roscar.ma\/?page_id=1471"},"modified":"2025-07-23T16:17:09","modified_gmt":"2025-07-23T16:17:09","slug":"pujcovna-aut-marrakes","status":"publish","type":"page","link":"https:\/\/roscar.ma\/cs\/pujcovna-aut-marrakes\/","title":{"rendered":"P\u016fj\u010dovna Aut Marr\u00e1ke\u0161"},"content":{"rendered":"<h2>P\u016fj\u010dovna aut Marr\u00e1ke\u0161 od RosCar<\/h2>\n<p>Zem\u011b severn\u00ed Afriky maj\u00ed \u00fa\u017easnou schopnost okouzlit turisty z cel\u00e9ho sv\u011bta sv\u00fdmi zvyky a pestrou krajinou. Mo\u017en\u00e1 je to kulturou, jedine\u010dnou m\u00edstn\u00ed kuchyn\u00ed nebo kr\u00e1sou v ka\u017edodenn\u00edm \u017eivot\u011b. S jistotou v\u0161ak v\u00edme, \u017ee abyste se p\u0159ibl\u00ed\u017eili \u00fapln\u00e9mu pono\u0159en\u00ed do Maroka, mus\u00edte si v Marr\u00e1ke\u0161i pronajmout auto. Pro\u010d byste si m\u011bli rezervovat vozidlo prost\u0159ednictv\u00edm RosCar? Odpov\u011bdi jsou \u010dty\u0159i:<\/p>\n<ul>\n<li>Dlouhodob\u00fd nebo kr\u00e1tkodob\u00fd pron\u00e1jem auta<\/li>\n<li>Ka\u017ed\u00e1 nab\u00eddka je nejv\u00fdhodn\u011bj\u0161\u00ed, jakou m\u016f\u017eete naj\u00edt<\/li>\n<li>Je to jedin\u00fd zp\u016fsob, jak cestovat v pohodl\u00ed<\/li>\n<li>Levn\u00e9 ceny a mnoho mo\u017enost\u00ed v\u00fdb\u011bru.<\/li>\n<\/ul>\n<p>Chcete si ho po\u0159\u00eddit pro sebe? Pak rezervujte nyn\u00ed a b\u011bhem n\u011bkolika minut obdr\u017e\u00edte hotovou rezervaci.<\/p>\n<h2>P\u016fj\u010dovna Aut Marr\u00e1ke\u0161: Pr\u016fvodce:<\/h2>\n<p>Mo\u017en\u00e1 se myln\u011b domn\u00edv\u00e1te, \u017ee p\u016fj\u010dovna aut v Marr\u00e1ke\u0161i je zcela jin\u00fd typ slu\u017eby, kter\u00e1 m\u00e1 jedine\u010dn\u00fd postup vy\u017eaduj\u00edc\u00ed ur\u010dit\u00e9 znalosti. Na p\u0159\u00edpravu v\u0161ak pot\u0159ebujete pouze dv\u011b minuty.<\/p>\n<h3>Prvn\u00ed minuta: Prvn\u00ed minuta: Vyberte si typ vozidla<\/h3>\n<p>Z mnoha typ\u016f pot\u0159ebujete pouze jeden, kter\u00fd vy\u0159e\u0161\u00ed v\u0161echny probl\u00e9my p\u0159i nadch\u00e1zej\u00edc\u00edm dobrodru\u017estv\u00ed:<\/p>\n<ul>\n<li>Standardn\u00ed v\u016fz<\/li>\n<li>Kabriolet<\/li>\n<li>Luxusn\u00ed v\u016fz<\/li>\n<li>SUV nebo Crossover<\/li>\n<li>Mini\/Economy (Levn\u00fd pron\u00e1jem auta v Marr\u00e1ke\u0161i)<\/li>\n<li>Minivan nebo dod\u00e1vka.<\/li>\n<\/ul>\n<h3>Druh\u00e1 minuta: Druh\u00e1 (druh\u00e1): Vyberte si dopl\u0148kov\u00e9 slu\u017eby<\/h3>\n<p>Na v\u00fdb\u011br je zde mnoho mo\u017enost\u00ed, ale sta\u010d\u00ed v\u00e1m pouze jedna (nebo n\u011bkolik):<\/p>\n<ul>\n<li>Neomezen\u00fd po\u010det ujet\u00fdch kilometr\u016f: I ta nejodlehlej\u0161\u00ed m\u011bsta Maroka lze prozkoumat.<\/li>\n<li>Bez z\u00e1lohy: V\u00e1\u0161 rozpo\u010det je voln\u011bj\u0161\u00ed, pokud jde o bezz\u00e1lohov\u00e9 blokace na kreditn\u00edch kart\u00e1ch.<\/li>\n<li>Zaru\u010den\u00fd model: V p\u0159\u00edpad\u011b, \u017ee se v\u00e1m poda\u0159\u00ed vy\u0159\u00eddit v\u0161echny va\u0161e po\u017eadavky, m\u016f\u017eete si vybrat z n\u011bkolika model\u016f: Rezervujete si Volkswagen Passat? Z\u00edskejte Passat!<\/li>\n<li>P\u0159evodovka: V p\u0159\u00edpad\u011b, \u017ee se v\u00e1m poda\u0159\u00ed z\u00edskat nov\u00fd v\u016fz, m\u016f\u017eete se spolehnout, \u017ee se v\u00e1m poda\u0159\u00ed z\u00edskat nov\u00fd v\u016fz: Ne manu\u00e1l, ale automat se doporu\u010duje v ka\u017ed\u00e9 situaci.<\/li>\n<li>Dopl\u0148kov\u00e9 poji\u0161t\u011bn\u00ed: To je typ roz\u0161\u00ed\u0159en\u00ed, kter\u00e9ho nebudete litovat. Zkuste poji\u0161t\u011bn\u00ed Full Coverage\/Super CDW, pokud je k dispozici.<\/li>\n<li>Bez kreditn\u00ed karty: Pou\u017eijte hotovost nebo jakoukoli jinou bankovn\u00ed kartu.<\/li>\n<li>SIM karta: V p\u0159\u00edpad\u011b, \u017ee m\u00e1te k dispozici kreditn\u00ed kartu, m\u016f\u017eete si po\u0159\u00eddit SIM kartu: Stabiln\u00ed p\u0159ipojen\u00ed za n\u00edzkou cenu je hlavn\u00ed prioritou cestov\u00e1n\u00ed v roce 2025.<\/li>\n<li>Dal\u0161\u00ed \u0159idi\u010d: Doufejme, \u017ee v\u00e1\u0161 p\u0159\u00edtel m\u00e1 \u0159idi\u010dsk\u00fd pr\u016fkaz.<\/li>\n<li>D\u011btsk\u00e1 seda\u010dka: Ka\u017ed\u00e1 osoba mlad\u0161\u00ed 10 let ji mus\u00ed m\u00edt.<\/li>\n<li>Bezplatn\u00e9 zru\u0161en\u00ed rezervace: P\u0159edem zaplacen\u00e1 \u010d\u00e1stka bude vr\u00e1cena na v\u00e1\u0161 \u00fa\u010det. Funguje pouze 48 hodin p\u0159ed datem<\/li>\n<\/ul>\n<blockquote class=\"info\">\n<h2>Podrobn\u00e9 informace o pron\u00e1jmu vozu v Marr\u00e1ke\u0161i<\/h2>\n<p>U\u017e jste se rozhodli pro typ vozidla a dopl\u0148kov\u00e9 slu\u017eby? Pron\u00e1jem vozu v Marr\u00e1ke\u0161i si nyn\u00ed m\u016f\u017eete rezervovat:<\/p>\n<ol>\n<li>Na hlavn\u00ed str\u00e1nce nastavte datum a lokalitu.<\/li>\n<li>Klikn\u011bte na Filtry, vyberte po\u017eadovan\u00e9.<\/li>\n<li>Zobrazte si seznam a najd\u011bte to nejlep\u0161\u00ed. Rezervujte nyn\u00ed.<\/li>\n<li>Vyskakovac\u00ed formul\u00e1\u0159 je t\u0159eba vyplnit<\/li>\n<li>Zapla\u0165te nyn\u00ed.<\/li>\n<\/ol>\n<p>Ka\u017edou rezervaci RosCar lze potvrdit pouze platbou p\u0159edem. Zpravidla se jedn\u00e1 pouze o malou \u010d\u00e1st \u010d\u00e1stky a lze ji snadno prov\u00e9st jakoukoli kartou.<\/p><\/blockquote>\n<h2>P\u016fj\u010dovna Aut Marr\u00e1ke\u0161 Cena<\/h2>\n<p>Pr\u016fm\u011brn\u00e9 ceny, kter\u00e9 m\u016f\u017eete naj\u00edt online, jsou n\u00e1sleduj\u00edc\u00ed:<\/p>\n<ul>\n<li>15-25 USD\/den za ekonomickou t\u0159\u00eddu nebo t\u0159\u00eddu Mini<\/li>\n<li>30-40 USD\/den za standardn\u00ed<\/li>\n<li>40-60 USD\/den za SUV, Crossover, minivan nebo 4&#215;4<\/li>\n<li>V\u00edce ne\u017e 80 USD\/den za kabriolet nebo luxusn\u00ed v\u016fz<\/li>\n<\/ul>\n<p>P\u016fj\u010den\u00ed auta v Marr\u00e1ke\u0161i bude levn\u011bj\u0161\u00ed, pokud:<\/p>\n<ul>\n<li>Poda\u0159ilo se v\u00e1m prov\u00e9st v\u010dasnou rezervaci<\/li>\n<li>Sledovat nab\u00eddky RosCar<\/li>\n<li>Rezervujete uprost\u0159ed t\u00fddne<\/li>\n<li>Preferujete dlouhodob\u00fd pron\u00e1jem vozu<\/li>\n<li>Vyberte si spr\u00e1vn\u00fd typ pro sv\u00e9 pot\u0159eby a rozpo\u010det.<\/li>\n<\/ul>\n<p>Zde je n\u00e1vod, jak porovnat ceny:<\/p>\n<h3>Tabulka s cenami za pron\u00e1jem auta v Marr\u00e1ke\u0161, Maroko<\/h3>\n<table border=\"1\">\n<thead>\n<tr>\n<th>Model vozu<\/th>\n<th>Typ karoserie<\/th>\n<th>Cena za den (mimo sez\u00f3nu)<\/th>\n<th>Cena za den (hlavn\u00ed sez\u00f3na)<\/th>\n<th>Po\u010det cestuj\u00edc\u00edch<\/th>\n<th>Kapacita zavazadel<\/th>\n<\/tr>\n<\/thead>\n<tbody>\n<tr>\n<td>Fiat Panda<\/td>\n<td>Hatchback<\/td>\n<td>20 \u20ac<\/td>\n<td>28 \u20ac<\/td>\n<td>4<\/td>\n<td>1<\/td>\n<\/tr>\n<tr>\n<td>Kia Picanto<\/td>\n<td>Hatchback<\/td>\n<td>22 \u20ac<\/td>\n<td>30 \u20ac<\/td>\n<td>4<\/td>\n<td>1<\/td>\n<\/tr>\n<tr>\n<td>Dacia Logan<\/td>\n<td>Sedan<\/td>\n<td>24 \u20ac<\/td>\n<td>34 \u20ac<\/td>\n<td>5<\/td>\n<td>2<\/td>\n<\/tr>\n<tr>\n<td>Peugeot 208<\/td>\n<td>Hatchback<\/td>\n<td>26 \u20ac<\/td>\n<td>36 \u20ac<\/td>\n<td>5<\/td>\n<td>2<\/td>\n<\/tr>\n<tr>\n<td>Renault Clio<\/td>\n<td>Hatchback<\/td>\n<td>27 \u20ac<\/td>\n<td>38 \u20ac<\/td>\n<td>5<\/td>\n<td>2<\/td>\n<\/tr>\n<tr>\n<td>Citro\u00ebn C-Elys\u00e9e<\/td>\n<td>Sedan<\/td>\n<td>28 \u20ac<\/td>\n<td>39 \u20ac<\/td>\n<td>5<\/td>\n<td>3<\/td>\n<\/tr>\n<tr>\n<td>Dacia Duster<\/td>\n<td>SUV<\/td>\n<td>37 \u20ac<\/td>\n<td>49 \u20ac<\/td>\n<td>5<\/td>\n<td>3<\/td>\n<\/tr>\n<tr>\n<td>Hyundai Kona<\/td>\n<td>Crossover<\/td>\n<td>40 \u20ac<\/td>\n<td>52 \u20ac<\/td>\n<td>5<\/td>\n<td>3<\/td>\n<\/tr>\n<tr>\n<td>Renault Kadjar<\/td>\n<td>SUV<\/td>\n<td>50 \u20ac<\/td>\n<td>65 \u20ac<\/td>\n<td>5<\/td>\n<td>4<\/td>\n<\/tr>\n<tr>\n<td>Peugeot 3008<\/td>\n<td>SUV<\/td>\n<td>55 \u20ac<\/td>\n<td>70 \u20ac<\/td>\n<td>5<\/td>\n<td>4<\/td>\n<\/tr>\n<\/tbody>\n<\/table>\n        <div class=\"rpc-chart\">\n            <h3>Sez\u00f3nn\u00ed zm\u011bny cen pron\u00e1jmu aut v Marr\u00e1ke\u0161: spolehliv\u00e1 anal\u00fdza zalo\u017een\u00e1 na skute\u010dn\u00fdch rezervac\u00edch<\/h3>\n            <div><p>N\u00ed\u017ee jsou uvedeny analytick\u00e9 \u00fadaje o zm\u011bn\u011b pr\u016fm\u011brn\u00e9 ceny pron\u00e1jmu auta v Marr\u00e1ke\u0161i za zb\u00fdvaj\u00edc\u00ed t\u0159i roky. V\u0161echny informace vych\u00e1zej\u00ed ze skute\u010dn\u00fdch transakc\u00ed uskute\u010dn\u011bn\u00fdch prost\u0159ednictv\u00edm platformy roscar.ma.<\/p>\n<p>V\u00fdzkum zahrnuje v\u0161echny hlavn\u00ed kategorie voz\u016f - od ekonomick\u00fdch model\u016f a\u017e po SUV, kabriolety a pr\u00e9miovou t\u0159\u00eddu. Takto \u0161irok\u00fd z\u00e1b\u011br umo\u017e\u0148uje formulovat ucelen\u00fd obraz zm\u011bn bohatstv\u00ed v pr\u016fb\u011bhu turistick\u00fdch sez\u00f3n a pitn\u00e9ho re\u017eimu.<\/p>\n<p>Je z\u0159ejm\u00e9, \u017ee doporu\u010dujeme rezervovat si v\u016fz s p\u0159edstihem, kdy jsou ceny a n\u00e1klady nejlep\u0161\u00ed. Spolehliv\u00e9 informace od RosCar Maroko jsou va\u0161\u00edm pr\u016fvodcem pro pohodln\u00fd a bezpe\u010dn\u00fd transfer v Marr\u00e1ke\u0161i.<\/p>\n<\/div>\n            <div class=\"rpc-chart-bars\">\n                                    <div class=\"rpc-chart-column\">\n                        <div class=\"rpc-chart-inner\" style=\"height: 30.769230769231%\">\n                            <div class=\"rpc-chart-column-value\">16 \u20ac<\/div>\n                            <div class=\"rpc-chart-month\">JAN<\/div>\n                        <\/div>\n                    <\/div>\n                                    <div class=\"rpc-chart-column\">\n                        <div class=\"rpc-chart-inner\" style=\"height: 28.846153846154%\">\n                            <div class=\"rpc-chart-column-value\">15 \u20ac<\/div>\n                            <div class=\"rpc-chart-month\">FEB<\/div>\n                        <\/div>\n                    <\/div>\n                                    <div class=\"rpc-chart-column\">\n                        <div class=\"rpc-chart-inner\" style=\"height: 26.923076923077%\">\n                            <div class=\"rpc-chart-column-value\">14 \u20ac<\/div>\n                            <div class=\"rpc-chart-month\">MAR<\/div>\n                        <\/div>\n                    <\/div>\n                                    <div class=\"rpc-chart-column\">\n                        <div class=\"rpc-chart-inner\" style=\"height: 42.307692307692%\">\n                            <div class=\"rpc-chart-column-value\">22 \u20ac<\/div>\n                            <div class=\"rpc-chart-month\">APR<\/div>\n                        <\/div>\n                    <\/div>\n                                    <div class=\"rpc-chart-column\">\n                        <div class=\"rpc-chart-inner\" style=\"height: 32.692307692308%\">\n                            <div class=\"rpc-chart-column-value\">17 \u20ac<\/div>\n                            <div class=\"rpc-chart-month\">MAY<\/div>\n                        <\/div>\n                    <\/div>\n                                    <div class=\"rpc-chart-column\">\n                        <div class=\"rpc-chart-inner\" style=\"height: 30.769230769231%\">\n                            <div class=\"rpc-chart-column-value\">16 \u20ac<\/div>\n                            <div class=\"rpc-chart-month\">JUN<\/div>\n                        <\/div>\n                    <\/div>\n                                    <div class=\"rpc-chart-column\">\n                        <div class=\"rpc-chart-inner\" style=\"height: 50%\">\n                            <div class=\"rpc-chart-column-value\">26 \u20ac<\/div>\n                            <div class=\"rpc-chart-month\">JUL<\/div>\n                        <\/div>\n                    <\/div>\n                                    <div class=\"rpc-chart-column\">\n                        <div class=\"rpc-chart-inner\" style=\"height: 61.538461538462%\">\n                            <div class=\"rpc-chart-column-value\">32 \u20ac<\/div>\n                            <div class=\"rpc-chart-month\">AUG<\/div>\n                        <\/div>\n                    <\/div>\n                                    <div class=\"rpc-chart-column\">\n                        <div class=\"rpc-chart-inner\" style=\"height: 42.307692307692%\">\n                            <div class=\"rpc-chart-column-value\">22 \u20ac<\/div>\n                            <div class=\"rpc-chart-month\">SEP<\/div>\n                        <\/div>\n                    <\/div>\n                                    <div class=\"rpc-chart-column\">\n                        <div class=\"rpc-chart-inner\" style=\"height: 36.538461538462%\">\n                            <div class=\"rpc-chart-column-value\">19 \u20ac<\/div>\n                            <div class=\"rpc-chart-month\">OCT<\/div>\n                        <\/div>\n                    <\/div>\n                                    <div class=\"rpc-chart-column\">\n                        <div class=\"rpc-chart-inner\" style=\"height: 32.692307692308%\">\n                            <div class=\"rpc-chart-column-value\">17 \u20ac<\/div>\n                            <div class=\"rpc-chart-month\">NOV<\/div>\n                        <\/div>\n                    <\/div>\n                                    <div class=\"rpc-chart-column\">\n                        <div class=\"rpc-chart-inner\" style=\"height: 44.230769230769%\">\n                            <div class=\"rpc-chart-column-value\">23 \u20ac<\/div>\n                            <div class=\"rpc-chart-month\">DEC<\/div>\n                        <\/div>\n                    <\/div>\n                            <\/div>\n        <\/div>\n        \n<h2>P\u016fj\u010dovna Aut Marr\u00e1ke\u0161: Dokumenty<\/h2>\n<p>P\u0159i vyzvednut\u00ed vozidla m\u016f\u017eete b\u00fdt po\u017e\u00e1d\u00e1ni o n\u00e1sleduj\u00edc\u00ed doklady:<\/p>\n<ol>\n<li>Cestovn\u00ed pas:<\/li>\n<li>\u0158idi\u010dsk\u00fd pr\u016fkaz<\/li>\n<li>Potvrzen\u00ed rezervace nebo poukaz (RosCar v\u00e1m jej za\u0161le).<\/li>\n<li>Kreditn\u00ed karta.<\/li>\n<\/ol>\n<p>Nem\u00e1te kreditn\u00ed kartu? Pak pou\u017eijte filtry a najd\u011bte mo\u017enost pron\u00e1jmu, kterou pot\u0159ebujete. Pron\u00e1jem auta Marr\u00e1ke\u0161 je nepostradateln\u00e1 slu\u017eba, kter\u00e1 v\u00e1m umo\u017en\u00ed vid\u011bt nejen Marr\u00e1ke\u0161, ale i cel\u00e9 Maroko.<\/p>\n","protected":false},"excerpt":{"rendered":"<p>P\u016fj\u010dovna aut Marr\u00e1ke\u0161 od RosCar Zem\u011b severn\u00ed Afriky maj\u00ed \u00fa\u017easnou schopnost okouzlit turisty z cel\u00e9ho sv\u011bta sv\u00fdmi zvyky a pestrou krajinou. Mo\u017en\u00e1 je to kulturou, jedine\u010dnou m\u00edstn\u00ed kuchyn\u00ed nebo kr\u00e1sou v ka\u017edodenn\u00edm \u017eivot\u011b. S jistotou v\u0161ak v\u00edme, \u017ee abyste se p\u0159ibl\u00ed\u017eili \u00fapln\u00e9mu pono\u0159en\u00ed do Maroka, mus\u00edte si v Marr\u00e1ke\u0161i pronajmout auto. Pro\u010d byste si m\u011bli [&hellip;]<\/p>\n","protected":false},"author":1,"featured_media":176,"parent":0,"menu_order":0,"comment_status":"closed","ping_status":"closed","template":"","meta":{"footnotes":""},"class_list":["post-1471","page","type-page","status-publish","has-post-thumbnail",""],"_links":{"self":[{"href":"https:\/\/roscar.ma\/cs\/wp-json\/wp\/v2\/pages\/1471","targetHints":{"allow":["GET"]}}],"collection":[{"href":"https:\/\/roscar.ma\/cs\/wp-json\/wp\/v2\/pages"}],"about":[{"href":"https:\/\/roscar.ma\/cs\/wp-json\/wp\/v2\/types\/page"}],"author":[{"embeddable":true,"href":"https:\/\/roscar.ma\/cs\/wp-json\/wp\/v2\/users\/1"}],"replies":[{"embeddable":true,"href":"https:\/\/roscar.ma\/cs\/wp-json\/wp\/v2\/comments?post=1471"}],"version-history":[{"count":0,"href":"https:\/\/roscar.ma\/cs\/wp-json\/wp\/v2\/pages\/1471\/revisions"}],"wp:featuredmedia":[{"embeddable":true,"href":"https:\/\/roscar.ma\/cs\/wp-json\/wp\/v2\/media\/176"}],"wp:attachment":[{"href":"https:\/\/roscar.ma\/cs\/wp-json\/wp\/v2\/media?parent=1471"}],"curies":[{"name":"wp","href":"https:\/\/api.w.org\/{rel}","templated":true}]}}