{"id":1217,"date":"2025-07-17T10:56:33","date_gmt":"2025-07-17T10:56:33","guid":{"rendered":"https:\/\/roscar.ma\/?page_id=1217"},"modified":"2025-07-23T08:11:09","modified_gmt":"2025-07-23T08:11:09","slug":"pujcovna-aut-casablanca","status":"publish","type":"page","link":"https:\/\/roscar.ma\/cs\/pujcovna-aut-casablanca\/","title":{"rendered":"P\u016fj\u010dovna Aut Casablanca"},"content":{"rendered":"<h2>P\u016fj\u010dovna Aut Casablanca od RosCar<\/h2>\n<p>Hlavn\u00ed hospod\u00e1\u0159sk\u00e9 a kulturn\u00ed m\u011bsto Maroka je v\u017edy dobr\u00fdm za\u010d\u00e1tkem pro skv\u011bl\u00fd v\u00fdlet do severn\u00ed Afriky. Jedine\u010dn\u00e1 arabsk\u00e1 kultura, tis\u00edcilet\u00e1 historie v modern\u00ed architektu\u0159e, tradice a vynikaj\u00edc\u00ed j\u00eddlo jsou va\u0161\u00edm ak\u010dn\u00edm pl\u00e1nem. Nejprve si v\u0161ak mus\u00edte v Casablance pronajmout auto. Existuje n\u011bkolik d\u016fvod\u016f, pro\u010d si zde vybrat cestu autem:<\/p>\n<ul>\n<li>Je mnohem pohodln\u011bj\u0161\u00ed ne\u017e ve\u0159ejn\u00e1 doprava<\/li>\n<li>Slevy, n\u00edzk\u00e9 ceny a mnoho mo\u017enost\u00ed (n\u011bkter\u00e9 z nich jsou zdarma).<\/li>\n<li>Snadn\u00e9 nalezen\u00ed toho spr\u00e1vn\u00e9ho<\/li>\n<li>Naprost\u00e1 svoboda pohybu.<\/li>\n<\/ul>\n<p>RosCar m\u00e1 p\u0159ekvapiv\u011b jednoduch\u00fd postup rezervace. Sta\u010d\u00ed rezervovat, p\u0159idat kartu k platb\u011b a je hotovo.<\/p>\n<h2>P\u016fj\u010dovna aut Casablanca: Pr\u016fvodce<\/h2>\n<p>Levn\u00e1 p\u016fj\u010dovna aut v Casablance nen\u00ed fikce, ale realita ka\u017ed\u00e9ho \u010dlov\u011bka, kter\u00fd zn\u00e1 p\u00e1r pravidel. \u0158i\u010fte se jimi a dojdete ke k\u00fd\u017een\u00e9mu v\u00fdsledku bez zklam\u00e1n\u00ed.<\/p>\n<h3>1. Vyberte si spr\u00e1vn\u00fd typ<\/h3>\n<p>Zapnut\u00edm filtr\u016f si m\u016f\u017eete snadno vytvo\u0159it seznam nab\u00eddek podle jednoho z typ\u016f:<\/p>\n<ul>\n<li>SUV nebo Crossover<\/li>\n<li>Standardn\u00ed v\u016fz<\/li>\n<li>Ekonomick\u00fd v\u016fz<\/li>\n<li>Kompaktn\u00ed v\u016fz<\/li>\n<li>Mini v\u016fz<\/li>\n<li>Kabriolet<\/li>\n<li>Minivan, dod\u00e1vka a dal\u0161\u00ed.<\/li>\n<\/ul>\n<h3>2. Pou\u017eijte dal\u0161\u00ed mo\u017enosti<\/h3>\n<p>Pron\u00e1jem auta v Casablance m\u016f\u017ee b\u00fdt spojen s jednou nebo v\u00edce dopl\u0148kov\u00fdmi slu\u017ebami (placen\u00fdmi nebo bezplatn\u00fdmi):<\/p>\n<ul>\n<li>Garantovan\u00fd model: \u017d\u00e1dn\u00e1 \u0161patn\u00e1 p\u0159ekvapen\u00ed p\u0159i vyzvednut\u00ed vozidla.<\/li>\n<li>P\u0159evodovka: V p\u0159\u00edpad\u011b, \u017ee se jedn\u00e1 o vozidlo, kter\u00e9 se nach\u00e1z\u00ed v autobazaru, m\u016f\u017eete si vybrat, zda se jedn\u00e1 o vozidlo, kter\u00e9 se nach\u00e1z\u00ed v autobazaru, nebo o vozidlo, kter\u00e9 se nach\u00e1z\u00ed v autobazaru: Nev\u00e1hejte a po\u0159i\u010fte si automatickou p\u0159evodovku.<\/li>\n<li>Dodate\u010dn\u00e9 poji\u0161t\u011bn\u00ed: Pln\u00e9 kryt\u00ed nebo SuperCDW: Placen\u00e1 funkce, kter\u00e1 odstra\u0148uje finan\u010dn\u00ed rizika.<\/li>\n<li>P\u0159\u00edplatkov\u00fd \u0159idi\u010d: V\u00edte, \u017ee si m\u016f\u017eete do smlouvy p\u0159idat jednu osobu?<\/li>\n<li>D\u011btsk\u00e1 autoseda\u010dka: D\u011btsk\u00e1 autoseda\u010dka je sou\u010d\u00e1st\u00ed povinn\u00e9ho ru\u010den\u00ed: V nab\u00eddce jsou a\u017e \u010dty\u0159i typy z\u00e1dr\u017en\u00fdch syst\u00e9m\u016f pro d\u011bti jak\u00e9hokoli v\u011bku.<\/li>\n<li>Bezplatn\u00e9 zru\u0161en\u00ed smlouvy: Na zru\u0161en\u00ed objedn\u00e1vky m\u00e1te nejm\u00e9n\u011b 48 hodin.<\/li>\n<li>Neomezen\u00fd po\u010det ujet\u00fdch kilometr\u016f: Bezplatn\u00e1 funkce s voln\u00fdmi m\u00edlemi.<\/li>\n<li>\u017d\u00e1dn\u00e1 z\u00e1loha: V\u0161ichni miluj\u00ed, kdy\u017e se jedn\u00e1 o kreditn\u00ed karty bez blokace vkladu.<\/li>\n<li>\u017d\u00e1dn\u00e1 kreditn\u00ed karta: M\u016f\u017ee b\u00fdt spojeno s dal\u0161\u00edmi po\u017eadavky na bezpe\u010dnostn\u00ed kontroly.<\/li>\n<li>SIM karta: Vysokorychlostn\u00ed mobiln\u00ed internet v\u017edy po ruce.<\/li>\n<\/ul>\n<blockquote class=\"info\">\n<h2>P\u016fj\u010dovny aut v Casablance: Rezervace p\u0159es RosCar<\/h2>\n<p>Casablanca pron\u00e1jmy aut se m\u016f\u017ee zd\u00e1t jako jedna z nejjednodu\u0161\u0161\u00edch cestovn\u00edch slu\u017eeb, kter\u00e9 jste kdy vyu\u017eili:<\/p>\n<ol>\n<li>Nastavte m\u00edsta a data.<\/li>\n<li>Nastavte filtry vyhled\u00e1v\u00e1n\u00ed (typ, mo\u017enosti a dal\u0161\u00ed)<\/li>\n<li>Rezervujte nyn\u00ed libovoln\u00e9 vozidlo ze seznamu. Vypl\u0148te<\/li>\n<li>formul\u00e1\u0159 s podrobnostmi.<\/li>\n<li>Potvr\u010fte.<\/li>\n<\/ol>\n<p>\u017d\u00e1dost bude pova\u017eov\u00e1na za potvrzenou a\u017e po zaplacen\u00ed z\u00e1lohy (14-20 % z \u010d\u00e1stky) prost\u0159ednictv\u00edm Pay Now. Debetn\u00ed nebo kreditn\u00ed karty jsou p\u0159ij\u00edm\u00e1ny na RosCar.<\/p><\/blockquote>\n<h2>P\u016fj\u010dovna Aut Casablanca cena<\/h2>\n<p>Zde jsou uvedeny p\u0159ibli\u017en\u00e9 ceny, kter\u00e9 m\u016f\u017eete naj\u00edt v tomto m\u011bst\u011b:<\/p>\n<ul>\n<li>$15-25 za Mini-Economy<\/li>\n<li>30-40 USD za Compact-Standard<\/li>\n<li>40-60 USD za minivan, kabriolet, crossover nebo SUV<\/li>\n<li>V\u00edce ne\u017e 70 USD za luxusn\u00ed v\u016fz.<\/li>\n<\/ul>\n<p>Pron\u00e1jem auta v Casablance m\u016f\u017ee b\u00fdt dra\u017e\u0161\u00ed nebo levn\u011bj\u0161\u00ed a\u017e o 40 % v z\u00e1vislosti na n\u00e1sleduj\u00edc\u00edch faktorech:<\/p>\n<ul>\n<li>Po\u010det rezervovan\u00fdch dn\u00ed (rad\u011bji si vezm\u011bte dlouhodob\u00fd pron\u00e1jem vozu)<\/li>\n<li>M\u00edsto vyzvednut\u00ed (leti\u0161t\u011b, m\u011bsto nebo doru\u010den\u00ed)<\/li>\n<li>Sez\u00f3na a vyt\u00ed\u017een\u00ed spole\u010dnosti<\/li>\n<li>Dodate\u010dn\u00e9 slu\u017eby v cen\u011b.<\/li>\n<\/ul>\n<p>Zde je n\u00e1vod, jak porovnat cenu:<\/p>\n<h3>Tabulka s cenami za pron\u00e1jem auta v Casablanca, Maroko<\/h3>\n<table border=\"1\">\n<thead>\n<tr>\n<th>Model vozu<\/th>\n<th>Typ karoserie<\/th>\n<th>Cena za den (mimo sez\u00f3nu)<\/th>\n<th>Cena za den (hlavn\u00ed sez\u00f3na)<\/th>\n<th>Po\u010det cestuj\u00edc\u00edch<\/th>\n<th>Kapacita zavazadel<\/th>\n<\/tr>\n<\/thead>\n<tbody>\n<tr>\n<td>Kia Picanto<\/td>\n<td>Hatchback<\/td>\n<td>20 \u20ac<\/td>\n<td>27 \u20ac<\/td>\n<td>4<\/td>\n<td>1<\/td>\n<\/tr>\n<tr>\n<td>Dacia Logan<\/td>\n<td>Sedan<\/td>\n<td>22 \u20ac<\/td>\n<td>30 \u20ac<\/td>\n<td>5<\/td>\n<td>2<\/td>\n<\/tr>\n<tr>\n<td>Renault Clio<\/td>\n<td>Hatchback<\/td>\n<td>25 \u20ac<\/td>\n<td>34 \u20ac<\/td>\n<td>5<\/td>\n<td>2<\/td>\n<\/tr>\n<tr>\n<td>Hyundai i20<\/td>\n<td>Hatchback<\/td>\n<td>24 \u20ac<\/td>\n<td>33 \u20ac<\/td>\n<td>5<\/td>\n<td>2<\/td>\n<\/tr>\n<tr>\n<td>Volkswagen Polo<\/td>\n<td>Hatchback<\/td>\n<td>26 \u20ac<\/td>\n<td>36 \u20ac<\/td>\n<td>5<\/td>\n<td>2<\/td>\n<\/tr>\n<tr>\n<td>Citro\u00ebn C-Elys\u00e9e<\/td>\n<td>Sedan<\/td>\n<td>27 \u20ac<\/td>\n<td>37 \u20ac<\/td>\n<td>5<\/td>\n<td>3<\/td>\n<\/tr>\n<tr>\n<td>Peugeot 301<\/td>\n<td>Sedan<\/td>\n<td>28 \u20ac<\/td>\n<td>38 \u20ac<\/td>\n<td>5<\/td>\n<td>3<\/td>\n<\/tr>\n<tr>\n<td>Dacia Duster<\/td>\n<td>SUV<\/td>\n<td>35 \u20ac<\/td>\n<td>46 \u20ac<\/td>\n<td>5<\/td>\n<td>3<\/td>\n<\/tr>\n<tr>\n<td>Renault Kadjar<\/td>\n<td>SUV<\/td>\n<td>48 \u20ac<\/td>\n<td>60 \u20ac<\/td>\n<td>5<\/td>\n<td>4<\/td>\n<\/tr>\n<tr>\n<td>Peugeot 3008<\/td>\n<td>SUV<\/td>\n<td>54 \u20ac<\/td>\n<td>68 \u20ac<\/td>\n<td>5<\/td>\n<td>4<\/td>\n<\/tr>\n<\/tbody>\n<\/table>\n        <div class=\"rpc-chart\">\n            <h3>Sez\u00f3nn\u00ed zm\u011bny cen pron\u00e1jm\u016f aut v Casablance: p\u0159ehled na z\u00e1klad\u011b potvrzen\u00fdch rezervac\u00ed<\/h3>\n            <div><p>Za posledn\u00ed t\u0159i roky odborn\u00edci roscar.ma systematicky analyzovali zm\u011bny pr\u016fm\u011brn\u00e9 ceny pron\u00e1jmu auta v Casablance. \u00dadaje vych\u00e1zej\u00ed v\u00fdhradn\u011b ze skute\u010dn\u00fdch objedn\u00e1vek zadan\u00fdch prost\u0159ednictv\u00edm na\u0161\u00ed platformy, kter\u00e1 spolupracuje se spolehliv\u00fdmi m\u00edstn\u00edmi autop\u016fj\u010dovnami.<\/p>\n<p>Sledov\u00e1n\u00ed zahrnuje v\u0161echny kategorie vozidel: od kompaktn\u00edch m\u011bstsk\u00fdch model\u016f a\u017e po SUV, kabriolety a mana\u017eersk\u00e9 vozy. To n\u00e1m umo\u017e\u0148uje p\u0159esn\u011b sledovat sez\u00f3nn\u00ed trendy a p\u0159edv\u00eddat v\u00fdkyvy cen v z\u00e1vislosti na popt\u00e1vce a turistick\u00fdch obdob\u00edch.<\/p>\n<p>D\u00edky dlouholet\u00fdm zku\u0161enostem v oblasti pron\u00e1jmu aut v Maroku pravideln\u011b aktualizujeme informace, abychom u\u017eivatel\u016fm poskytli aktu\u00e1ln\u00ed a spolehliv\u00e9 \u00fadaje. To je d\u016fle\u017eit\u00e9 zejm\u00e9na pro ty, kte\u0159\u00ed pl\u00e1nuj\u00ed cestu do Casablanky a hledaj\u00ed p\u0159\u00edzniv\u00e9 podm\u00ednky pro p\u0159epravu.<\/p>\n<\/div>\n            <div class=\"rpc-chart-bars\">\n                                    <div class=\"rpc-chart-column\">\n                        <div class=\"rpc-chart-inner\" style=\"height: 30.188679245283%\">\n                            <div class=\"rpc-chart-column-value\">16 \u20ac<\/div>\n                            <div class=\"rpc-chart-month\">JAN<\/div>\n                        <\/div>\n                    <\/div>\n                                    <div class=\"rpc-chart-column\">\n                        <div class=\"rpc-chart-inner\" style=\"height: 28.301886792453%\">\n                            <div class=\"rpc-chart-column-value\">15 \u20ac<\/div>\n                            <div class=\"rpc-chart-month\">FEB<\/div>\n                        <\/div>\n                    <\/div>\n                                    <div class=\"rpc-chart-column\">\n                        <div class=\"rpc-chart-inner\" style=\"height: 30.188679245283%\">\n                            <div class=\"rpc-chart-column-value\">16 \u20ac<\/div>\n                            <div class=\"rpc-chart-month\">MAR<\/div>\n                        <\/div>\n                    <\/div>\n                                    <div class=\"rpc-chart-column\">\n                        <div class=\"rpc-chart-inner\" style=\"height: 39.622641509434%\">\n                            <div class=\"rpc-chart-column-value\">21 \u20ac<\/div>\n                            <div class=\"rpc-chart-month\">APR<\/div>\n                        <\/div>\n                    <\/div>\n                                    <div class=\"rpc-chart-column\">\n                        <div class=\"rpc-chart-inner\" style=\"height: 32.075471698113%\">\n                            <div class=\"rpc-chart-column-value\">17 \u20ac<\/div>\n                            <div class=\"rpc-chart-month\">MAY<\/div>\n                        <\/div>\n                    <\/div>\n                                    <div class=\"rpc-chart-column\">\n                        <div class=\"rpc-chart-inner\" style=\"height: 33.962264150943%\">\n                            <div class=\"rpc-chart-column-value\">18 \u20ac<\/div>\n                            <div class=\"rpc-chart-month\">JUN<\/div>\n                        <\/div>\n                    <\/div>\n                                    <div class=\"rpc-chart-column\">\n                        <div class=\"rpc-chart-inner\" style=\"height: 54.716981132075%\">\n                            <div class=\"rpc-chart-column-value\">29 \u20ac<\/div>\n                            <div class=\"rpc-chart-month\">JUL<\/div>\n                        <\/div>\n                    <\/div>\n                                    <div class=\"rpc-chart-column\">\n                        <div class=\"rpc-chart-inner\" style=\"height: 62.264150943396%\">\n                            <div class=\"rpc-chart-column-value\">33 \u20ac<\/div>\n                            <div class=\"rpc-chart-month\">AUG<\/div>\n                        <\/div>\n                    <\/div>\n                                    <div class=\"rpc-chart-column\">\n                        <div class=\"rpc-chart-inner\" style=\"height: 43.396226415094%\">\n                            <div class=\"rpc-chart-column-value\">23 \u20ac<\/div>\n                            <div class=\"rpc-chart-month\">SEP<\/div>\n                        <\/div>\n                    <\/div>\n                                    <div class=\"rpc-chart-column\">\n                        <div class=\"rpc-chart-inner\" style=\"height: 39.622641509434%\">\n                            <div class=\"rpc-chart-column-value\">21 \u20ac<\/div>\n                            <div class=\"rpc-chart-month\">OCT<\/div>\n                        <\/div>\n                    <\/div>\n                                    <div class=\"rpc-chart-column\">\n                        <div class=\"rpc-chart-inner\" style=\"height: 33.962264150943%\">\n                            <div class=\"rpc-chart-column-value\">18 \u20ac<\/div>\n                            <div class=\"rpc-chart-month\">NOV<\/div>\n                        <\/div>\n                    <\/div>\n                                    <div class=\"rpc-chart-column\">\n                        <div class=\"rpc-chart-inner\" style=\"height: 41.509433962264%\">\n                            <div class=\"rpc-chart-column-value\">22 \u20ac<\/div>\n                            <div class=\"rpc-chart-month\">DEC<\/div>\n                        <\/div>\n                    <\/div>\n                            <\/div>\n        <\/div>\n        \n<h2>P\u016fj\u010dovna Aut Casablanca: Dokumenty<\/h2>\n<p>Pouze n\u011bkolik dokument\u016f, kter\u00e9 mus\u00ed m\u00edt \u0159idi\u010d k vyzvednut\u00ed pronajat\u00e9ho vozu:<\/p>\n<ol>\n<li>\u0158idi\u010dsk\u00fd pr\u016fkaz<\/li>\n<li>Cestovn\u00ed pas<\/li>\n<li>Kreditn\u00ed karta (z\u00e1loha, kontrola kreditu nebo toto\u017enosti)<\/li>\n<li>Voucher (za\u0161leme v\u00e1m ho spolu s potvrzen\u00edm rezervace).<\/li>\n<\/ol>\n","protected":false},"excerpt":{"rendered":"<p>P\u016fj\u010dovna Aut Casablanca od RosCar Hlavn\u00ed hospod\u00e1\u0159sk\u00e9 a kulturn\u00ed m\u011bsto Maroka je v\u017edy dobr\u00fdm za\u010d\u00e1tkem pro skv\u011bl\u00fd v\u00fdlet do severn\u00ed Afriky. Jedine\u010dn\u00e1 arabsk\u00e1 kultura, tis\u00edcilet\u00e1 historie v modern\u00ed architektu\u0159e, tradice a vynikaj\u00edc\u00ed j\u00eddlo jsou va\u0161\u00edm ak\u010dn\u00edm pl\u00e1nem. Nejprve si v\u0161ak mus\u00edte v Casablance pronajmout auto. Existuje n\u011bkolik d\u016fvod\u016f, pro\u010d si zde vybrat cestu autem: Je [&hellip;]<\/p>\n","protected":false},"author":1,"featured_media":145,"parent":0,"menu_order":0,"comment_status":"closed","ping_status":"closed","template":"","meta":{"footnotes":""},"class_list":["post-1217","page","type-page","status-publish","has-post-thumbnail",""],"_links":{"self":[{"href":"https:\/\/roscar.ma\/cs\/wp-json\/wp\/v2\/pages\/1217","targetHints":{"allow":["GET"]}}],"collection":[{"href":"https:\/\/roscar.ma\/cs\/wp-json\/wp\/v2\/pages"}],"about":[{"href":"https:\/\/roscar.ma\/cs\/wp-json\/wp\/v2\/types\/page"}],"author":[{"embeddable":true,"href":"https:\/\/roscar.ma\/cs\/wp-json\/wp\/v2\/users\/1"}],"replies":[{"embeddable":true,"href":"https:\/\/roscar.ma\/cs\/wp-json\/wp\/v2\/comments?post=1217"}],"version-history":[{"count":1,"href":"https:\/\/roscar.ma\/cs\/wp-json\/wp\/v2\/pages\/1217\/revisions"}],"predecessor-version":[{"id":1242,"href":"https:\/\/roscar.ma\/cs\/wp-json\/wp\/v2\/pages\/1217\/revisions\/1242"}],"wp:featuredmedia":[{"embeddable":true,"href":"https:\/\/roscar.ma\/cs\/wp-json\/wp\/v2\/media\/145"}],"wp:attachment":[{"href":"https:\/\/roscar.ma\/cs\/wp-json\/wp\/v2\/media?parent=1217"}],"curies":[{"name":"wp","href":"https:\/\/api.w.org\/{rel}","templated":true}]}}